{"id":1291,"date":"2024-10-27T11:53:51","date_gmt":"2024-10-27T08:53:51","guid":{"rendered":"https:\/\/wristbandfactory.eu\/toode\/cord-lanyards-with-pvc-slider\/"},"modified":"2026-04-01T21:52:36","modified_gmt":"2026-04-01T18:52:36","slug":"custom-round-cord-lanyards-with-pvc-slider-metal-carabiner","status":"publish","type":"product","link":"https:\/\/displayproducts.eu\/et\/p\/custom-round-cord-lanyards-with-pvc-slider-metal-carabiner\/","title":{"rendered":"Logoga \u00fcmarad kaelapaelad PVC slaideri ja karabiiniga"},"content":{"rendered":"<div class=\"mx-12 md:mx-24 lg:mx-48\">\n<div class=\"container my-8 svelte-zlsknf\">\n<div class=\"my-24 rounded-lg border-0 border-gray-700 bg-gray-100 px-16 py-24\">\n<div class=\"mt-11 !text-gray-500\">\n<p data-path-to-node=\"12\">Sujuvamaks muutke oma ettev\u00f5tte identifitseerimist ja \u00fcrituste turvalisust meie abil <b>Eridisainiga \u00fcmmargused paelast kaelapaelad<\/b>. See minimalistlikku, kuid vastupidavat ID-lahendust vajavatele professionaalidele m\u00f5eldud kaelapael pakub keerukat alternatiivi lamedatele paeltele, muutes selle ideaalseks valikuks igap\u00e4evaseks kontorikasutuseks, konverentsidele ja messide t\u00f6\u00f6tajatele.<\/p>\n<p data-path-to-node=\"13\">Kvaliteetsest ja vastupidavast pol\u00fcestrist valmistatud \u00fcmar paelprofiil on loodud mugavuse tagamiseks pikaajalisel kandmisel, hoides \u00e4ra \u00e4rritust kaelapiirkonnas. Erinevalt tavalistest lamedatest kaelapaeltest pakub k\u00f6iestiil esmaklassilist ja diskreetset v\u00e4limust, mis t\u00e4iendab \u00e4rir\u00f5ivastust.<\/p>\n<p data-path-to-node=\"14\">Selle mudeli iseloomulikuks tunnuseks on funktsionaalsus <b>PVC-liugur<\/b>. Kuigi standardvarustuses on see elegantne ja l\u00e4bipaistev, pakume hulgitellimuste puhul ka eriv\u00e4rvides tootmist, mis v\u00f5imaldab teil riistvara t\u00e4pselt oma ettev\u00f5tte kaubam\u00e4rgi identiteediga joondada. Iga kaelapael on viimistletud vastupidava... <b>metallist karabiin<\/b>, pakkudes usaldusv\u00e4\u00e4rset ja h\u00f5lpsasti kasutatavat kinnituspunkti ID-kaartidele, ligip\u00e4\u00e4sukaartidele v\u00f5i v\u00f5tmetele. See vastupidavuse ja professionaalse esteetika kombinatsioon teeb sellest eelistatud valiku organisatsioonidele, kes otsivad tipptasemel ID-dokumentide hoidmise lahendust.<\/p>\n<p data-path-to-node=\"15\"><b>Peamised omadused:<\/b><\/p>\n<ul data-path-to-node=\"16\">\n<li>\n<p data-path-to-node=\"16,0,0\"><b>Vastupidav pol\u00fcesterpael:<\/b> \u00dcmmargune k\u00f6ieprofiil sobib ideaalselt mugavaks ja terveks p\u00e4evaks kandmiseks ilma narmendamata.<\/p>\n<\/li>\n<li>\n<p data-path-to-node=\"16,1,0\"><b>Reguleeritav PVC-liugur:<\/b> Standardne l\u00e4bipaistev viimistlus pakub moodsat v\u00e4limust; eritellimusel on saadaval ka eriv\u00e4rvid.<\/p>\n<\/li>\n<li>\n<p data-path-to-node=\"16,2,0\"><b>Br\u00e4ndi joondamine:<\/b> V\u00f5imalus sobitada liuguri v\u00e4rv teie br\u00e4ndi identiteediga, et kvalifitseeritud hulgikogused oleksid saadaval.<\/p>\n<\/li>\n<li>\n<p data-path-to-node=\"16,3,0\"><b>Tugevdatud lisaseade:<\/b> Sisaldab turvalist metallist karabiiniklambrit volikirjade turvalisuse tagamiseks.<\/p>\n<\/li>\n<li>\n<p data-path-to-node=\"16,4,0\"><b>Mitmek\u00fclgne rakendus:<\/b> Praktiline ja tipptasemel lahendus VIP-\u00fcritusteks, t\u00f6\u00f6tajate identifitseerimiseks ja ettev\u00f5ttekeskkondadesse.<\/p>\n<\/li>\n<\/ul>\n<\/div>\n<\/div>\n<\/div>\n<\/div>","protected":false},"excerpt":{"rendered":"<ul>\n<li>\n<p data-path-to-node=\"10,0,0\"><b>Professionaalne profiil:<\/b> Minimalistlik 5 mm \u00fcmmarguse juhtme disain sobib ideaalselt kontorikeskkondadesse ja VIP-\u00fcritustele.<\/p>\n<\/li>\n<li>\n<p data-path-to-node=\"10,1,0\"><b>Eridisainiga riistvara:<\/b> Sisaldab br\u00e4ndingu joondamiseks PVC-liugurit (saadaval kohandatavad v\u00e4rvid).<\/p>\n<\/li>\n<li>\n<p data-path-to-node=\"10,2,0\"><b>Turvaline manus:<\/b> Tugev metallist karabiin tagab ID-kaartide ja v\u00f5tmete turvalisuse.<\/p>\n<\/li>\n<li>\n<p data-path-to-node=\"10,3,0\"><b>Vastupidav mugavus:<\/b> Pehme pol\u00fcesterk\u00f6is hoiab \u00e4ra kaela\u00e4rrituse kogu p\u00e4eva jooksul kandes.<\/p>\n<\/li>\n<\/ul>","protected":false},"featured_media":6691,"comment_status":"closed","ping_status":"closed","template":"","meta":[],"product_brand":[],"product_cat":[125],"product_tag":[],"class_list":{"0":"post-1291","1":"product","2":"type-product","3":"status-publish","4":"has-post-thumbnail","6":"product_cat-cord-lanyards","8":"first","9":"instock","10":"shipping-taxable","11":"purchasable","12":"product-type-simple"},"_links":{"self":[{"href":"https:\/\/displayproducts.eu\/et\/wp-json\/wp\/v2\/product\/1291","targetHints":{"allow":["GET"]}}],"collection":[{"href":"https:\/\/displayproducts.eu\/et\/wp-json\/wp\/v2\/product"}],"about":[{"href":"https:\/\/displayproducts.eu\/et\/wp-json\/wp\/v2\/types\/product"}],"replies":[{"embeddable":true,"href":"https:\/\/displayproducts.eu\/et\/wp-json\/wp\/v2\/comments?post=1291"}],"wp:featuredmedia":[{"embeddable":true,"href":"https:\/\/displayproducts.eu\/et\/wp-json\/wp\/v2\/media\/6691"}],"wp:attachment":[{"href":"https:\/\/displayproducts.eu\/et\/wp-json\/wp\/v2\/media?parent=1291"}],"wp:term":[{"taxonomy":"product_brand","embeddable":true,"href":"https:\/\/displayproducts.eu\/et\/wp-json\/wp\/v2\/product_brand?post=1291"},{"taxonomy":"product_cat","embeddable":true,"href":"https:\/\/displayproducts.eu\/et\/wp-json\/wp\/v2\/product_cat?post=1291"},{"taxonomy":"product_tag","embeddable":true,"href":"https:\/\/displayproducts.eu\/et\/wp-json\/wp\/v2\/product_tag?post=1291"}],"curies":[{"name":"wp","href":"https:\/\/api.w.org\/{rel}","templated":true}]}}