{"id":1288,"date":"2024-10-27T11:53:51","date_gmt":"2024-10-27T08:53:51","guid":{"rendered":"https:\/\/wristbandfactory.eu\/toode\/full-colour-cord-lanyards-with-woven-label\/"},"modified":"2026-04-01T21:52:36","modified_gmt":"2026-04-01T18:52:36","slug":"sublimation-cord-lanyards-with-woven-label","status":"publish","type":"product","link":"https:\/\/displayproducts.eu\/et\/p\/sublimation-cord-lanyards-with-woven-label\/","title":{"rendered":"Sublimatsioonipaela kaelapaelad kootud sildiga"},"content":{"rendered":"<div class=\"mx-12 md:mx-24 lg:mx-48\">\n<div class=\"container my-8 svelte-zlsknf\">\n<div class=\"my-24 rounded-lg border-0 border-gray-700 bg-gray-100 px-16 py-24\">\n<div class=\"mt-11 !text-gray-500\">\n<p>Saavuta maksimaalne br\u00e4ndim\u00f5ju meie esmaklassiliste sublimatsioonipaelaga kaelapaeltega. See mudel \u00fchendab endas kaks kvaliteetset br\u00e4ndingumeetodit: erksav\u00e4rvilise sublimatsioonitr\u00fcki paelal ja vastupidava neljav\u00e4rvilise kootud sildi sinu peamise logo jaoks.<\/p>\n<p>90 cm pikkune pol\u00fcesterpael on algselt valge ja sellele tr\u00fckitakse teie kujundus t\u00e4ielikult sublimatsiooni teel. See meetod sobib ideaalselt keerukate, t\u00e4isv\u00e4rviliste mustrite v\u00f5i korduvate logode jaoks, kuigi pidage meeles, et logo t\u00e4pset paigutust paelal ei saa garanteerida.<\/p>\n<p>K\u00f5rglahutusega neljav\u00e4rviline kootud silt annab teie br\u00e4ndile terava ja professionaalse fookuspunkti, mis ei tuhmu ega kriimustu. See tipptasemel kaelapael on suurep\u00e4rane valik firma\u00fcritusteks, t\u00f6\u00f6tajate identifitseerimiseks v\u00f5i esmaklassilisteks konverentsip\u00e4\u00e4smeteks, kus on vaja vastupidavat ja stiilset br\u00e4ndiesitlust. Iga kaelapaela standardvarustuses on metallist karabiin, saadaval on ka muud karabiini v\u00f5imalused.<\/p>\n<p><b>Peamised omadused:<\/b><\/p>\n<ul>\n<li><b>Kahekordne br\u00e4nding:<\/b> Kombineerib t\u00e4isv\u00e4rvilise sublimatsiooniga tr\u00fckitud paela ja esmaklassilise neljav\u00e4rvilise kootud sildi.<\/li>\n<li><b>Elav sublimatsioon:<\/b> 90 cm pikkune valge pol\u00fcesterpael sobib ideaalselt t\u00e4isv\u00e4rviliste mustrite kordamiseks.<\/li>\n<li><b>Premium kootud silt:<\/b> Pakub vastupidavat ja k\u00f5rglahutusega logo (kuni 4 v\u00e4rvi).<\/li>\n<li><b>Metallist karabiin:<\/b> Sisaldab tugevat metallkarabiinhaakes, saadaval on ka muud kinnitusv\u00f5imalused.<\/li>\n<li><b>Suure m\u00f5juga ID:<\/b> Tipptasemel lahendus ettev\u00f5tte br\u00e4ndingu, t\u00f6\u00f6tajate ID ja premium-\u00fcrituste jaoks.<\/li>\n<\/ul>\n<\/div>\n<\/div>\n<\/div>\n<\/div>","protected":false},"excerpt":{"rendered":"<ul>\n<li>T\u00e4isv\u00e4rvilise sublimatsiooniga tr\u00fckitud paelaga saab luua erksad ja korduvad mustrid.<\/li>\n<li>Sisaldab kvaliteetset neljav\u00e4rvilist kootud silti vastupidava logo loomiseks.<\/li>\n<li>Vastupidav 90 cm pol\u00fcesterpael tavalise metallkarabiiniga.<\/li>\n<li>Ideaalne firma\u00fcritusteks, t\u00f6\u00f6tajate isikutunnistuste ja messide jaoks.<\/li>\n<\/ul>","protected":false},"featured_media":6794,"comment_status":"closed","ping_status":"closed","template":"","meta":[],"product_brand":[],"product_cat":[43],"product_tag":[],"class_list":{"0":"post-1288","1":"product","2":"type-product","3":"status-publish","4":"has-post-thumbnail","6":"product_cat-lanyards","8":"first","9":"instock","10":"shipping-taxable","11":"purchasable","12":"product-type-simple"},"_links":{"self":[{"href":"https:\/\/displayproducts.eu\/et\/wp-json\/wp\/v2\/product\/1288","targetHints":{"allow":["GET"]}}],"collection":[{"href":"https:\/\/displayproducts.eu\/et\/wp-json\/wp\/v2\/product"}],"about":[{"href":"https:\/\/displayproducts.eu\/et\/wp-json\/wp\/v2\/types\/product"}],"replies":[{"embeddable":true,"href":"https:\/\/displayproducts.eu\/et\/wp-json\/wp\/v2\/comments?post=1288"}],"wp:featuredmedia":[{"embeddable":true,"href":"https:\/\/displayproducts.eu\/et\/wp-json\/wp\/v2\/media\/6794"}],"wp:attachment":[{"href":"https:\/\/displayproducts.eu\/et\/wp-json\/wp\/v2\/media?parent=1288"}],"wp:term":[{"taxonomy":"product_brand","embeddable":true,"href":"https:\/\/displayproducts.eu\/et\/wp-json\/wp\/v2\/product_brand?post=1288"},{"taxonomy":"product_cat","embeddable":true,"href":"https:\/\/displayproducts.eu\/et\/wp-json\/wp\/v2\/product_cat?post=1288"},{"taxonomy":"product_tag","embeddable":true,"href":"https:\/\/displayproducts.eu\/et\/wp-json\/wp\/v2\/product_tag?post=1288"}],"curies":[{"name":"wp","href":"https:\/\/api.w.org\/{rel}","templated":true}]}}