{"id":1287,"date":"2024-10-27T11:53:51","date_gmt":"2024-10-27T08:53:51","guid":{"rendered":"https:\/\/wristbandfactory.eu\/toode\/3-in-1-charging-cable-lanyards\/"},"modified":"2026-04-01T21:52:04","modified_gmt":"2026-04-01T18:52:04","slug":"sublimation-3-in-1-charging-lanyards","status":"publish","type":"product","link":"https:\/\/displayproducts.eu\/et\/p\/sublimation-3-in-1-charging-lanyards\/","title":{"rendered":"Sublimatsiooniga 3-\u00fches laadimispaelad"},"content":{"rendered":"<p>Paku oma \u00fcrituse k\u00fclastajatele reklaamtoodet, mida nad ka p\u00e4riselt kasutavad. Meie sublimatsiooniga 3-\u00fches laadimiskaabli kaelapaelad \u00fchendavad \u00fcrituse passihoidja funktsiooni ja mitme pistikuga laadimiskaabli kasulikkuse, tagades br\u00e4ndi maksimaalse n\u00e4htavuse.<\/p>\n<p>Need kaelapaelad on valmistatud vastupidavast pol\u00fcestrist ja neil on m\u00f5lemal k\u00fcljel erksav\u00e4rviline sublimatsioonitr\u00fckk, mis pakub suurt pinda keerukate logode ja \u00fcrituste br\u00e4ndingu jaoks. Integreeritud kaabel sisaldab USB-A, Micro-B ja Type-C pistikuid, pakkudes mugavat laadimislahendust enamikule kaasaegsetele seadmetele.<\/p>\n<p>Need kaelapaelad sobivad ideaalselt tehnoloogiakonverentsidele, messidele v\u00f5i funktsionaalseks kingituseks t\u00f6\u00f6tajatele ning on loodud... <b>ainult laadimise eesm\u00e4rgil (mitte andmeedastuse eesm\u00e4rgil)<\/b>. Iga kaelapael on eraldi kilekotis, et seda oleks lihtne jagada, ja see on saadaval kolmes erinevas pikkuses, et see vastaks teie konkreetsetele vajadustele.<\/p>\n<p><b>Peamised omadused:<\/b><\/p>\n<ul>\n<li><b>3-\u00fches laadimispistikud:<\/b> Mugavaks laadimiseks (mitte andmeedastuseks) on USB-A, Micro-B ja Type-C pistikud.<\/li>\n<li><b>Kahepoolne sublimatsioon:<\/b> Erksad, t\u00e4isv\u00e4rvilised, servast servani ulatuvad tr\u00fckid m\u00f5lemal k\u00fcljel br\u00e4ndi maksimaalse n\u00e4htavuse tagamiseks.<\/li>\n<li><b>Vastupidav pol\u00fcestermaterjal:<\/b> Tugev ja mugav rihm, mis sobib ideaalselt mitmep\u00e4evasteks konverentsideks ja messidele.<\/li>\n<li><b>Funktsionaalne reklaamtoode:<\/b> V\u00e4ga praktiline kaelapael osalejatele, mis tagab suure kasulikkuse ja br\u00e4ndi p\u00fcsivuse.<\/li>\n<li><b>Levitamiseks valmis:<\/b> Iga kaelapael on eraldi pol\u00fckotis ja saadaval kolmes erinevas pikkuses.<\/li>\n<\/ul>","protected":false},"excerpt":{"rendered":"<ul>\n<li>Kuva oma logo erksav\u00e4rvilise kahepoolse sublimatsiooniga.<\/li>\n<li>3-\u00fches laadimispistikud: USB-A - Micro-B ja Type-C.<\/li>\n<li>V\u00e4ga praktiline reklaammaterjal tehnoloogiakonverentside ja messide jaoks.<\/li>\n<li>(M\u00e4rkus: M\u00f5eldud ainult laadimiseks, mitte andmeedastuseks).<\/li>\n<\/ul>","protected":false},"featured_media":6789,"comment_status":"closed","ping_status":"closed","template":"","meta":[],"product_brand":[],"product_cat":[43],"product_tag":[],"class_list":{"0":"post-1287","1":"product","2":"type-product","3":"status-publish","4":"has-post-thumbnail","6":"product_cat-lanyards","8":"first","9":"instock","10":"shipping-taxable","11":"purchasable","12":"product-type-simple"},"_links":{"self":[{"href":"https:\/\/displayproducts.eu\/et\/wp-json\/wp\/v2\/product\/1287","targetHints":{"allow":["GET"]}}],"collection":[{"href":"https:\/\/displayproducts.eu\/et\/wp-json\/wp\/v2\/product"}],"about":[{"href":"https:\/\/displayproducts.eu\/et\/wp-json\/wp\/v2\/types\/product"}],"replies":[{"embeddable":true,"href":"https:\/\/displayproducts.eu\/et\/wp-json\/wp\/v2\/comments?post=1287"}],"wp:featuredmedia":[{"embeddable":true,"href":"https:\/\/displayproducts.eu\/et\/wp-json\/wp\/v2\/media\/6789"}],"wp:attachment":[{"href":"https:\/\/displayproducts.eu\/et\/wp-json\/wp\/v2\/media?parent=1287"}],"wp:term":[{"taxonomy":"product_brand","embeddable":true,"href":"https:\/\/displayproducts.eu\/et\/wp-json\/wp\/v2\/product_brand?post=1287"},{"taxonomy":"product_cat","embeddable":true,"href":"https:\/\/displayproducts.eu\/et\/wp-json\/wp\/v2\/product_cat?post=1287"},{"taxonomy":"product_tag","embeddable":true,"href":"https:\/\/displayproducts.eu\/et\/wp-json\/wp\/v2\/product_tag?post=1287"}],"curies":[{"name":"wp","href":"https:\/\/api.w.org\/{rel}","templated":true}]}}