{"id":1279,"date":"2024-10-27T11:53:51","date_gmt":"2024-10-27T08:53:51","guid":{"rendered":"https:\/\/wristbandfactory.eu\/toode\/glitter-lanyards\/"},"modified":"2026-04-01T21:52:36","modified_gmt":"2026-04-01T18:52:36","slug":"printed-glitter-lanyards-vip-gala-events","status":"publish","type":"product","link":"https:\/\/displayproducts.eu\/et\/p\/printed-glitter-lanyards-vip-gala-events\/","title":{"rendered":"S\u00e4delevad kaelapaelad logoga (Glitter)"},"content":{"rendered":"<div class=\"mx-12 md:mx-24 lg:mx-48\">\n<div class=\"container my-8 svelte-zlsknf\">\n<div class=\"my-24 rounded-lg border-0 border-gray-700 bg-gray-100 px-16 py-24\">\n<div class=\"mt-11 !text-gray-500\">\n<p data-path-to-node=\"11\">Pange oma br\u00e4nd s\u00e4rama ja tagage k\u00fclalistele eksklusiivsus meie abil. <b>Eridisainiga tr\u00fckitud s\u00e4delevad kaelapaelad<\/b>. See kaelapael on parim valik auhinnatseremooniateks, VIP-galadeks, muusikafestivalideks ja firma\u00fcritusteks, kus tavalised kaelapaelad lihtsalt sulanduvad taustaga.<\/p>\n<p data-path-to-node=\"12\">Kael on valmistatud vastupidavast 90 cm pikkusest pol\u00fcesterlindist, mille peale on kantud selgelt eristuv... <b>k\u00f5rgl\u00e4ikeline s\u00e4delev materjal<\/b>. See loob ainulaadse ja s\u00e4rava l\u00f5uendi, mis p\u00fc\u00fcab kinni toimumiskoha valgustuse ja tagab hea n\u00e4htavuse isegi h\u00e4maras keskkonnas. See on suurep\u00e4rane t\u00f6\u00f6riist turva- ja k\u00fclalislahkusmeeskondadele VIP-ide, lavataguste t\u00f6\u00f6tajate v\u00f5i k\u00f5rgetasemeliste sponsorite kiireks tuvastamiseks.<\/p>\n<p data-path-to-node=\"13\">Tr\u00fckime teie logo s\u00e4deleva pinna \u00fchele k\u00fcljele, kasutades <b>t\u00e4pne Pantone v\u00e4rvide sobitamine<\/b>. S\u00e4deleva tekstuuri t\u00f5ttu soovitame parima loetavuse tagamiseks kasutada julgeid ja lihtsaid logosid. Iga kaelapaelaga on standardvarustuses vastupidav <b>metallist karabiin<\/b>, lisades tootele professionaalse kaalu ja tunde, kuigi saadaval on ka muud kinnitusv\u00f5imalused, mis vastavad teie konkreetsetele ID-kaardi n\u00f5uetele.<\/p>\n<p data-path-to-node=\"14\"><b>Peamised omadused:<\/b><\/p>\n<ul data-path-to-node=\"15\">\n<li>\n<p data-path-to-node=\"15,0,0\"><b>Materjal:<\/b> Pol\u00fcesteralus sulatatud l\u00e4ikiva s\u00e4deleva kattekihiga.<\/p>\n<\/li>\n<li>\n<p data-path-to-node=\"15,1,0\"><b>Visuaalne efekt:<\/b> S\u00e4delev viimistlus pakub tipptasemel \u00fcrituste jaoks esmaklassilist esteetikat.<\/p>\n<\/li>\n<li>\n<p data-path-to-node=\"15,2,0\"><b>Tr\u00fckkimine:<\/b> \u00dchepoolne eridisainiga siiditr\u00fckk Pantone&#039;i v\u00e4rvitoonidega (parim rasvaste logode jaoks).<\/p>\n<\/li>\n<li>\n<p data-path-to-node=\"15,3,0\"><b>Rakendus:<\/b> Ideaalne VIP-k\u00fclaliste, esinejate ja t\u00f6\u00f6tajate eristamiseks pidudel ja gala\u00fcritustel.<\/p>\n<\/li>\n<li>\n<p data-path-to-node=\"15,4,0\"><b>Riistvara:<\/b> Sisaldab tugevat metallkarabiinkinnitust m\u00e4rgi turvaliseks kinnitamiseks.<\/p>\n<\/li>\n<\/ul>\n<\/div>\n<\/div>\n<\/div>\n<\/div>","protected":false},"excerpt":{"rendered":"<ul>\n<li>\n<p data-path-to-node=\"9,0,0\"><b>Suure m\u00f5juga s\u00e4de:<\/b> Kvaliteetne s\u00e4delev pealiskiht loob s\u00e4deleva ja pilkup\u00fc\u00fcdva viimistluse, mis sobib ideaalselt \u00f5htusteks \u00fcritusteks.<\/p>\n<\/li>\n<li>\n<p data-path-to-node=\"9,1,0\"><b>VIP-eristumine:<\/b> Eristuv visuaalne v\u00e4limus eristab koheselt erilisi k\u00fclalisi, t\u00f6\u00f6tajaid v\u00f5i auhinnasaajaid.<\/p>\n<\/li>\n<li>\n<p data-path-to-node=\"9,2,0\"><b>Eridisainiga br\u00e4nding:<\/b> Teie logo tr\u00fckitakse siiditr\u00fcki abil \u00fchev\u00e4rvilisena (Pantone&#039;i v\u00e4rvitoonidega sobitatud) otse s\u00e4delevale pinnale.<\/p>\n<\/li>\n<li>\n<p data-path-to-node=\"9,3,0\"><b>Vastupidav mugavus:<\/b> Ehitatud tugevale 90 cm pol\u00fcesteralusele, mis tagab vastupidavuse, ilma et see kahjustaks stiili.<\/p>\n<\/li>\n<\/ul>","protected":false},"featured_media":6741,"comment_status":"closed","ping_status":"closed","template":"","meta":[],"product_brand":[],"product_cat":[104],"product_tag":[],"class_list":{"0":"post-1279","1":"product","2":"type-product","3":"status-publish","4":"has-post-thumbnail","6":"product_cat-custom-printed-lanyards","8":"first","9":"instock","10":"shipping-taxable","11":"purchasable","12":"product-type-simple"},"_links":{"self":[{"href":"https:\/\/displayproducts.eu\/et\/wp-json\/wp\/v2\/product\/1279","targetHints":{"allow":["GET"]}}],"collection":[{"href":"https:\/\/displayproducts.eu\/et\/wp-json\/wp\/v2\/product"}],"about":[{"href":"https:\/\/displayproducts.eu\/et\/wp-json\/wp\/v2\/types\/product"}],"replies":[{"embeddable":true,"href":"https:\/\/displayproducts.eu\/et\/wp-json\/wp\/v2\/comments?post=1279"}],"wp:featuredmedia":[{"embeddable":true,"href":"https:\/\/displayproducts.eu\/et\/wp-json\/wp\/v2\/media\/6741"}],"wp:attachment":[{"href":"https:\/\/displayproducts.eu\/et\/wp-json\/wp\/v2\/media?parent=1279"}],"wp:term":[{"taxonomy":"product_brand","embeddable":true,"href":"https:\/\/displayproducts.eu\/et\/wp-json\/wp\/v2\/product_brand?post=1279"},{"taxonomy":"product_cat","embeddable":true,"href":"https:\/\/displayproducts.eu\/et\/wp-json\/wp\/v2\/product_cat?post=1279"},{"taxonomy":"product_tag","embeddable":true,"href":"https:\/\/displayproducts.eu\/et\/wp-json\/wp\/v2\/product_tag?post=1279"}],"curies":[{"name":"wp","href":"https:\/\/api.w.org\/{rel}","templated":true}]}}