{"id":1276,"date":"2024-10-27T11:53:51","date_gmt":"2024-10-27T08:53:51","guid":{"rendered":"https:\/\/wristbandfactory.eu\/toode\/round-lanyard-with-domed-slider\/"},"modified":"2026-04-01T21:52:36","modified_gmt":"2026-04-01T18:52:36","slug":"round-cord-lanyards-with-dome-logo-slider-epoxy-3d","status":"publish","type":"product","link":"https:\/\/displayproducts.eu\/et\/p\/round-cord-lanyards-with-dome-logo-slider-epoxy-3d\/","title":{"rendered":"\u00dcmmargused paelast kaelapaelad kuplikujulise logoga liuguriga (epoks\u00fc 3D)"},"content":{"rendered":"<div class=\"mx-12 md:mx-24 lg:mx-48\">\n<div class=\"container my-8 svelte-zlsknf\">\n<div class=\"my-24 rounded-lg border-0 border-gray-700 bg-gray-100 px-16 py-24\">\n<div class=\"mt-11 !text-gray-500\">\n<p data-path-to-node=\"7\">Pakkuge meie \u00fcmarate paeladega kaelapaeladega, millel on kuplikujuline logo, elegantne, moodne ja tipptasemel viis identifitseerimiseks. See minimalistlik disain on eelistatud tehnoloogiaettev\u00f5tete, idufirmade ja premium-konverentside korraldajate seas, kes soovivad loobuda traditsioonilistest laiadest reklaamtahvli-kujulistest kaelapaeladest.<\/p>\n<p data-path-to-node=\"8\"><b>&quot;Kupli&quot; eelis<\/b> Selle toote silmapaistev omadus on br\u00e4ndingu liugur. Erinevalt tavalisest lametr\u00fckkimisest on teie logo kaetud l\u00e4bipaistva epoks\u00fcvaigu kihiga (kupliga). See loob suurendava efekti. <b>3D-efekt<\/b> mis muudab v\u00e4rvid erksamaks ja annab br\u00e4ndingule ehtelaadse, kvaliteetse viimistluse. Vaik kaitseb logo ka kriimustuste, pleekimise ja veekahjustuste eest, tagades teie br\u00e4ndi laitmatu v\u00e4limuse pikaajalise kasutamise ajal.<\/p>\n<p data-path-to-node=\"9\"><b>Mugavus ja vastupidavus<\/b> Vastupidavast pol\u00fcesterpaelast (paksusega ~5 mm) valmistatud kaelapael on kerge ja kaelas mugav. Standardvarustuses on sellel kvaliteetne metallkarabiin ID-kaartide, v\u00f5tmete v\u00f5i ligip\u00e4\u00e4suhoidjate turvaliseks hoidmiseks. Kuigi liuguri korpus on standardvarustuses must, saame seda suuremate tellimuste korral toota ka eritellimusel valmistatud br\u00e4ndiv\u00e4rvides, tagades ideaalse sobivuse teie ettev\u00f5tte identiteediga.<\/p>\n<p data-path-to-node=\"10\"><b>Peamised omadused:<\/b><\/p>\n<ul data-path-to-node=\"11\">\n<li>\n<p data-path-to-node=\"11,0,0\"><b>Epoks\u00fckupli liugur:<\/b> Vaiguga kaetud br\u00e4ndiala loob esmaklassilise ja kriimustuskindla 3D-ilme.<\/p>\n<\/li>\n<li>\n<p data-path-to-node=\"11,1,0\"><b>\u00dcmmargune pol\u00fcesterpael:<\/b> Vastupidav ja mugav alternatiiv lamedatele kaelapaeltele.<\/p>\n<\/li>\n<li>\n<p data-path-to-node=\"11,2,0\"><b>Elav br\u00e4nding:<\/b> Ideaalne v\u00e4rviliste logode jaoks, mis peavad silma paistma.<\/p>\n<\/li>\n<li>\n<p data-path-to-node=\"11,3,0\"><b>Metallist karabiin:<\/b> Tugev klamber tagab m\u00e4rkide ja v\u00f5tmete turvalise kinnituse.<\/p>\n<\/li>\n<li>\n<p data-path-to-node=\"11,4,0\"><b>Professionaalne esteetika:<\/b> Minimalistlik disain sobib VIP-idele ja ettev\u00f5tete t\u00f6\u00f6tajatele.<\/p>\n<\/li>\n<\/ul>\n<\/div>\n<\/div>\n<\/div>\n<\/div>","protected":false},"excerpt":{"rendered":"<ul>\n<li>\n<p data-path-to-node=\"6,0,0\"><b>Premium-br\u00e4nding:<\/b> Libistataval logokettal on kristallselge epoks\u00fcvaigukate (kuplikujuline kuju), mis loob 3D-efekti.<\/p>\n<\/li>\n<li>\n<p data-path-to-node=\"6,1,0\"><b>T\u00e4isv\u00e4rviline tr\u00fckk:<\/b> V\u00f5imaldab luua erksaid ja detailseid logosid, mis on kaitstud kriimustuste ja pleekimise eest.<\/p>\n<\/li>\n<li>\n<p data-path-to-node=\"6,2,0\"><b>Elegantne disain:<\/b> 90 cm pikkune \u00fcmmargune pol\u00fcesterpael pakub moodsat ja minimalistlikku alternatiivi lamedatele paeltele.<\/p>\n<\/li>\n<li>\n<p data-path-to-node=\"6,3,0\"><b>Turvaline manus:<\/b> Standardvarustuses on kaasas vastupidav metallkarabiin ID-kaartide jaoks.<\/p>\n<\/li>\n<li><\/li>\n<\/ul>","protected":false},"featured_media":6765,"comment_status":"closed","ping_status":"closed","template":"","meta":[],"product_brand":[],"product_cat":[43,125,104],"product_tag":[],"class_list":{"0":"post-1276","1":"product","2":"type-product","3":"status-publish","4":"has-post-thumbnail","6":"product_cat-lanyards","7":"product_cat-cord-lanyards","8":"product_cat-custom-printed-lanyards","10":"first","11":"instock","12":"shipping-taxable","13":"purchasable","14":"product-type-simple"},"_links":{"self":[{"href":"https:\/\/displayproducts.eu\/et\/wp-json\/wp\/v2\/product\/1276","targetHints":{"allow":["GET"]}}],"collection":[{"href":"https:\/\/displayproducts.eu\/et\/wp-json\/wp\/v2\/product"}],"about":[{"href":"https:\/\/displayproducts.eu\/et\/wp-json\/wp\/v2\/types\/product"}],"replies":[{"embeddable":true,"href":"https:\/\/displayproducts.eu\/et\/wp-json\/wp\/v2\/comments?post=1276"}],"wp:featuredmedia":[{"embeddable":true,"href":"https:\/\/displayproducts.eu\/et\/wp-json\/wp\/v2\/media\/6765"}],"wp:attachment":[{"href":"https:\/\/displayproducts.eu\/et\/wp-json\/wp\/v2\/media?parent=1276"}],"wp:term":[{"taxonomy":"product_brand","embeddable":true,"href":"https:\/\/displayproducts.eu\/et\/wp-json\/wp\/v2\/product_brand?post=1276"},{"taxonomy":"product_cat","embeddable":true,"href":"https:\/\/displayproducts.eu\/et\/wp-json\/wp\/v2\/product_cat?post=1276"},{"taxonomy":"product_tag","embeddable":true,"href":"https:\/\/displayproducts.eu\/et\/wp-json\/wp\/v2\/product_tag?post=1276"}],"curies":[{"name":"wp","href":"https:\/\/api.w.org\/{rel}","templated":true}]}}