{"id":1271,"date":"2024-10-27T11:53:52","date_gmt":"2024-10-27T08:53:52","guid":{"rendered":"https:\/\/wristbandfactory.eu\/toode\/fine-polyester-lanyards-with-metallic-foil-stamped-design\/"},"modified":"2026-04-01T21:52:36","modified_gmt":"2026-04-01T18:52:36","slug":"metallic-foil-printed-lanyards-premium-vip-branding","status":"publish","type":"product","link":"https:\/\/displayproducts.eu\/et\/p\/metallic-foil-printed-lanyards-premium-vip-branding\/","title":{"rendered":"Metalliktr\u00fckiga kaelapaelad (Kuld\/H\u00f5be foolium)"},"content":{"rendered":"<div class=\"mx-12 md:mx-24 lg:mx-48\">\n<div class=\"container my-8 svelte-zlsknf\">\n<div class=\"my-24 rounded-lg border-0 border-gray-700 bg-gray-100 px-16 py-24\">\n<div class=\"mt-11 !text-gray-500\">\n<p data-path-to-node=\"11\">T\u00f5sta oma br\u00e4ndi identiteeti ja erista oma k\u00f5ige olulisemaid k\u00fclalisi meie toodetega <b>Metallist fooliumiga tr\u00fckitud kaelapaelad<\/b>. Need kaelapaelad on spetsiaalselt loodud k\u00f5rgetasemeliste \u00fcrituste, auhinnatseremooniate ja VIP-ligip\u00e4\u00e4sukontrolli jaoks ning pakuvad elegantsi, millele tavaline siiditr\u00fckk ei suuda vastu astuda.<\/p>\n<p data-path-to-node=\"12\">Selle toote m\u00e4\u00e4ravaks omaduseks on <b>metallfooliumi stantsimise protsess<\/b>. Traditsioonilise tindi asemel tembeldame teie logo otse lindile kuumpressimise tehnikas erksate metallikfooliumidega (tavaliselt kuldsete v\u00f5i h\u00f5bedaste). See loob terava ja h\u00e4sti peegeldava viimistluse, mis s\u00e4tendab \u00fcrituse valguses, t\u00f5mmates koheselt t\u00e4helepanu teie br\u00e4ndile. See on \u00fclim lahendus kategoriseerimiseks. <b>VIP-k\u00fclalised, sponsorid ja \u00fcrituse t\u00f6\u00f6tajad<\/b> kes peavad massist silma paistma.<\/p>\n<p data-path-to-node=\"13\">Valmistatud a-st <b>kvaliteetne peen pol\u00fcester<\/b>, kaelapael on erakordselt sile ja pehme, tagades mugavuse kogu p\u00e4evaks ametliku riietusega kandmiseks. Iga seade on standardvarustuses varustatud usaldusv\u00e4\u00e4rse <b>metallist karabiin<\/b>, mis r\u00f5hutab esmaklassilist v\u00e4limust ja tunnetust. Korraldajatele, kes otsivad t\u00f5eliselt luksuslikku ID-lahendust, on see kindel valik.<\/p>\n<p data-path-to-node=\"14\"><b>Peamised omadused:<\/b><\/p>\n<ul data-path-to-node=\"15\">\n<li>\n<p data-path-to-node=\"15,0,0\"><b>Printimismeetod:<\/b> Kvaliteetne metallikfooliumtr\u00fckk loob l\u00e4ikiva, peegeldava ja luksusliku logoviimistluse.<\/p>\n<\/li>\n<li>\n<p data-path-to-node=\"15,1,0\"><b>Materjal:<\/b> Peenkoeline sile pol\u00fcester pakub tavaliste soonikkoes kaelapaeltega v\u00f5rreldes paremat kombatavust.<\/p>\n<\/li>\n<li>\n<p data-path-to-node=\"15,2,0\"><b>Sihtr\u00fchm:<\/b> Ideaalne VIP-idele, ettev\u00f5tete juhtidele, k\u00f5rgetasemelistele sponsoritele ja \u00f5htustele galadele.<\/p>\n<\/li>\n<li>\n<p data-path-to-node=\"15,3,0\"><b>Visuaalne m\u00f5ju:<\/b> Helkurtr\u00fckk tagab, et logo on n\u00e4htav ja pilkup\u00fc\u00fcdev ka h\u00e4maras valguses.<\/p>\n<\/li>\n<\/ul>\n<\/div>\n<\/div>\n<\/div>\n<\/div>","protected":false},"excerpt":{"rendered":"<ul>\n<li>\n<p data-path-to-node=\"9,0,0\"><b>Eksklusiivne viimistlus:<\/b> Tipptasemel metallikfooliumtr\u00fckk (kuld, h\u00f5be jne) loob vapustava helkurefekti.<\/p>\n<\/li>\n<li>\n<p data-path-to-node=\"9,1,0\"><b>VIP-\u00fcleskutse:<\/b> Ideaalne valik sponsoritele, esinejatele ja VIP-k\u00fclalistele, kes vajavad selget identifitseerimist.<\/p>\n<\/li>\n<li>\n<p data-path-to-node=\"9,2,0\"><b>Kvaliteetne materjal:<\/b> Valmistatud siledast, peene koega pol\u00fcestrist, mis tundub naha vastas luksuslik ja mugav.<\/p>\n<\/li>\n<li>\n<p data-path-to-node=\"9,3,0\"><b>Hea n\u00e4htavus:<\/b> S\u00e4delev tr\u00fckis p\u00fc\u00fcab valgust, tagades, et teie br\u00e4nd paistab silma igas valgustingimustes.<\/p>\n<\/li>\n<li><\/li>\n<\/ul>","protected":false},"featured_media":6716,"comment_status":"closed","ping_status":"closed","template":"","meta":[],"product_brand":[],"product_cat":[43,104],"product_tag":[],"class_list":{"0":"post-1271","1":"product","2":"type-product","3":"status-publish","4":"has-post-thumbnail","6":"product_cat-lanyards","7":"product_cat-custom-printed-lanyards","9":"first","10":"instock","11":"shipping-taxable","12":"purchasable","13":"product-type-simple"},"_links":{"self":[{"href":"https:\/\/displayproducts.eu\/et\/wp-json\/wp\/v2\/product\/1271","targetHints":{"allow":["GET"]}}],"collection":[{"href":"https:\/\/displayproducts.eu\/et\/wp-json\/wp\/v2\/product"}],"about":[{"href":"https:\/\/displayproducts.eu\/et\/wp-json\/wp\/v2\/types\/product"}],"replies":[{"embeddable":true,"href":"https:\/\/displayproducts.eu\/et\/wp-json\/wp\/v2\/comments?post=1271"}],"wp:featuredmedia":[{"embeddable":true,"href":"https:\/\/displayproducts.eu\/et\/wp-json\/wp\/v2\/media\/6716"}],"wp:attachment":[{"href":"https:\/\/displayproducts.eu\/et\/wp-json\/wp\/v2\/media?parent=1271"}],"wp:term":[{"taxonomy":"product_brand","embeddable":true,"href":"https:\/\/displayproducts.eu\/et\/wp-json\/wp\/v2\/product_brand?post=1271"},{"taxonomy":"product_cat","embeddable":true,"href":"https:\/\/displayproducts.eu\/et\/wp-json\/wp\/v2\/product_cat?post=1271"},{"taxonomy":"product_tag","embeddable":true,"href":"https:\/\/displayproducts.eu\/et\/wp-json\/wp\/v2\/product_tag?post=1271"}],"curies":[{"name":"wp","href":"https:\/\/api.w.org\/{rel}","templated":true}]}}