{"id":1212,"date":"2024-10-27T11:54:36","date_gmt":"2024-10-27T08:54:36","guid":{"rendered":"https:\/\/wristbandfactory.eu\/toode\/safety-wristbands-for-children\/"},"modified":"2026-04-01T21:52:36","modified_gmt":"2026-04-01T18:52:36","slug":"safety-wristbands-for-children","status":"publish","type":"product","link":"https:\/\/displayproducts.eu\/et\/p\/safety-wristbands-for-children\/","title":{"rendered":"Laste turvapaelad \/ \"Eksinud lapse\" k\u00e4epaelad"},"content":{"rendered":"<div class=\"wpb_text_column wpb_content_element\">\n<div class=\"wpb_wrapper\">\n<p>K\u00e4epaeld on lapse tervisele ja nahale t\u00e4iesti ohutud, mida t\u00f5endavad vastavad sertifikaadid. Teeme koost\u00f6\u00f6d k\u00f5ige kogenumate materjalitootjatega, et tagada meie klientidele t\u00e4iesti ohutu toode.<\/p>\n<\/div>\n<\/div>\n<p>sertifitseeritud<br \/>\nPoola Riikliku H\u00fcgieeniinstituudi poolt heaks kiidetud<\/p>\n<p>materjal<br \/>\nspetsiaalne materjal, mis on lapse nahale \u00f5rn<\/p>\n<p>h\u00fcpoallergeenne<br \/>\nei sisalda allergeenseid \u00fchendeid<\/p>\n<p>h\u00fcpoallergeenne<br \/>\nSoodsad partnerlustingimused<\/p>\n<p>\u00fcle 300 tk<br \/>\nv\u00f5imalikud v\u00e4ikesed tootmiskogused<\/p>\n<p>aeg<br \/>\nl\u00fchike tootmisaeg<br \/>\nvastupidavus<br \/>\nmaterjal on \u00fchtaegu painduv, \u00f5rn ja vastupidav<\/p>\n<p>korduvkasutatav<br \/>\nrihma klambrid, mis on loodud rihma mitmekordseks kasutamiseks<\/p>\n<p>v\u00e4rv<br \/>\nluku v\u00e4rv muutub tugeva UV-kiirguse k\u00e4es<\/p>","protected":false},"excerpt":{"rendered":"<div>\n<p class=\"text-gray-500\">Lai valik v\u00e4rvilisi ja ainulaadseid mustreid, mille on kujundanud illustraator ja koolitaja. Lisaks saab klient ise luua mis tahes kujunduse ja asetada selle k\u00e4epaelale. See on ideaalne lahendus ettev\u00f5tetele, kes otsivad ainulaadset reklaamikandjat, uuenduslikku ja kujutlusv\u00f5imelist vidinat v\u00f5i kasulikku kingitust oma t\u00f6\u00f6tajatele ja klientidele. Reklaamgraafika v\u00f5ib katta kogu k\u00e4epaela pinna (v\u00e4lja arvatud kinnitus).<\/p>\n<\/div>","protected":false},"featured_media":6439,"comment_status":"closed","ping_status":"closed","template":"","meta":[],"product_brand":[],"product_cat":[66,68],"product_tag":[],"class_list":{"0":"post-1212","1":"product","2":"type-product","3":"status-publish","4":"has-post-thumbnail","6":"product_cat-wristbands","7":"product_cat-event-supplies","9":"first","10":"instock","11":"shipping-taxable","12":"purchasable","13":"product-type-simple"},"_links":{"self":[{"href":"https:\/\/displayproducts.eu\/et\/wp-json\/wp\/v2\/product\/1212","targetHints":{"allow":["GET"]}}],"collection":[{"href":"https:\/\/displayproducts.eu\/et\/wp-json\/wp\/v2\/product"}],"about":[{"href":"https:\/\/displayproducts.eu\/et\/wp-json\/wp\/v2\/types\/product"}],"replies":[{"embeddable":true,"href":"https:\/\/displayproducts.eu\/et\/wp-json\/wp\/v2\/comments?post=1212"}],"wp:featuredmedia":[{"embeddable":true,"href":"https:\/\/displayproducts.eu\/et\/wp-json\/wp\/v2\/media\/6439"}],"wp:attachment":[{"href":"https:\/\/displayproducts.eu\/et\/wp-json\/wp\/v2\/media?parent=1212"}],"wp:term":[{"taxonomy":"product_brand","embeddable":true,"href":"https:\/\/displayproducts.eu\/et\/wp-json\/wp\/v2\/product_brand?post=1212"},{"taxonomy":"product_cat","embeddable":true,"href":"https:\/\/displayproducts.eu\/et\/wp-json\/wp\/v2\/product_cat?post=1212"},{"taxonomy":"product_tag","embeddable":true,"href":"https:\/\/displayproducts.eu\/et\/wp-json\/wp\/v2\/product_tag?post=1212"}],"curies":[{"name":"wp","href":"https:\/\/api.w.org\/{rel}","templated":true}]}}