{"id":1208,"date":"2024-10-27T11:54:37","date_gmt":"2024-10-27T08:54:37","guid":{"rendered":"https:\/\/wristbandfactory.eu\/toode\/faux-leather-wristbands\/"},"modified":"2026-04-01T21:52:36","modified_gmt":"2026-04-01T18:52:36","slug":"faux-leather-wristbands","status":"publish","type":"product","link":"https:\/\/displayproducts.eu\/et\/p\/faux-leather-wristbands\/","title":{"rendered":"Kunstnahast k\u00e4epaelad"},"content":{"rendered":"<p>Autentse ilme saavutamiseks vali graveeritud nahast k\u00e4epaelad. Sinu tekst on k\u00e4epaelale pressitud, just nagu ehtsad nahat\u00f6\u00f6lised teevad. Sel viisil on tekst k\u00e4epaelaga sama v\u00e4rvi.<\/p>\n<p>Pakume kahte t\u00fc\u00fcpi sulgureid: plastklambrit ja metallklambrit.<\/p>\n<p>Plastklambriga sulgur sarnaneb vin\u00fc\u00fclk\u00e4epaelte sulguriga. K\u00e4epaelal on augud, mis v\u00f5imaldavad selle isikup\u00e4rast sobivust. P\u00e4rast kl\u00f5psamist ei saa sulgurit avada ilma seda kahjustamata, kuna seal v\u00f5ivad olla rikkumise j\u00e4ljed. See hoiab \u00e4ra pettused.<\/p>\n<p>Metallkinnitus on ka kangast festivalik\u00e4epaelte standardkinnitus. Selle sulgemiseks on vaja krimpsut\u00f6\u00f6riista. K\u00e4epaela ei saa p\u00e4rast krimpsutamist eemaldada ilma rikkumisj\u00e4lgi n\u00e4itamata, mis hoiab \u00e4ra pettuse.<\/p>","protected":false},"excerpt":{"rendered":"<div>\n<p class=\"text-gray-500\">Kunstnahast v\u00f5i kunstnahast k\u00e4epaeltega saate oma \u00fcritusele valida turvalise ja ainulaadse ilmega ligip\u00e4\u00e4sukontrolli. Teil on valida nelja erineva v\u00e4rvi kunstnaha vahel, millele saab tr\u00fckkida \u00fche- v\u00f5i kahev\u00e4rvilises toonis v\u00f5i graveerida. K\u00e4epaelte kinnitamiseks pakume kahte v\u00f5imalust: metallkinnitust v\u00f5i plasttr\u00fckkkinnitust.<\/p>\n<\/div>","protected":false},"featured_media":6410,"comment_status":"closed","ping_status":"closed","template":"","meta":[],"product_brand":[],"product_cat":[66,117],"product_tag":[],"class_list":{"0":"post-1208","1":"product","2":"type-product","3":"status-publish","4":"has-post-thumbnail","6":"product_cat-wristbands","7":"product_cat-leather-wristbands","9":"first","10":"instock","11":"shipping-taxable","12":"purchasable","13":"product-type-simple"},"_links":{"self":[{"href":"https:\/\/displayproducts.eu\/et\/wp-json\/wp\/v2\/product\/1208","targetHints":{"allow":["GET"]}}],"collection":[{"href":"https:\/\/displayproducts.eu\/et\/wp-json\/wp\/v2\/product"}],"about":[{"href":"https:\/\/displayproducts.eu\/et\/wp-json\/wp\/v2\/types\/product"}],"replies":[{"embeddable":true,"href":"https:\/\/displayproducts.eu\/et\/wp-json\/wp\/v2\/comments?post=1208"}],"wp:featuredmedia":[{"embeddable":true,"href":"https:\/\/displayproducts.eu\/et\/wp-json\/wp\/v2\/media\/6410"}],"wp:attachment":[{"href":"https:\/\/displayproducts.eu\/et\/wp-json\/wp\/v2\/media?parent=1208"}],"wp:term":[{"taxonomy":"product_brand","embeddable":true,"href":"https:\/\/displayproducts.eu\/et\/wp-json\/wp\/v2\/product_brand?post=1208"},{"taxonomy":"product_cat","embeddable":true,"href":"https:\/\/displayproducts.eu\/et\/wp-json\/wp\/v2\/product_cat?post=1208"},{"taxonomy":"product_tag","embeddable":true,"href":"https:\/\/displayproducts.eu\/et\/wp-json\/wp\/v2\/product_tag?post=1208"}],"curies":[{"name":"wp","href":"https:\/\/api.w.org\/{rel}","templated":true}]}}