{"id":1183,"date":"2024-07-16T18:07:16","date_gmt":"2024-07-16T15:07:16","guid":{"rendered":"https:\/\/wristbandfactory.eu\/toode\/uv-neverloseme-wristbands\/"},"modified":"2026-04-01T21:52:04","modified_gmt":"2026-04-01T18:52:04","slug":"uv-sensor-safety-wristbands","status":"publish","type":"product","link":"https:\/\/displayproducts.eu\/et\/p\/uv-sensor-safety-wristbands\/","title":{"rendered":"UV-anduriga turvak\u00e4epaelad"},"content":{"rendered":"<p>N\u00e4idake oma organisatsiooni p\u00fchendumust ohutusele UV-anduriga turvak\u00e4epaelaga. See funktsionaalne reklaamtoode sobib ideaalselt ettev\u00f5tete perep\u00e4evadeks, v\u00e4likonverentsideks v\u00f5i tervisele keskendunud turunduskampaaniateks, pakkudes osalejatele t\u00f5elist kasulikkust.<\/p>\n<p>K\u00e4epaelal on spetsiaalne korduvkasutatav pannal, mis j\u00e4lgib aktiivselt p\u00e4ikese k\u00e4es viibimist. Pannal muutub v\u00e4rv valgest intensiivpunaseks, kui UVA- v\u00f5i UVB-kiirguse tase muutub ohtlikuks, andes kasutajatele selge visuaalse hoiatuse.<\/p>\n<p>Rihm ise on valmistatud spetsiaalsest h\u00fcpoallergeensest materjalist, mis on nii vastupidav kui ka nahale \u00f5rn, ja see on <b>sertifitseeritud Riikliku H\u00fcgieeniinstituudi poolt<\/b>. Kogu b\u00e4ndi pinda saab t\u00e4ielikult kohandada teie t\u00e4isv\u00e4rvilise ettev\u00f5tte logo, \u00fcrituse br\u00e4ndingu v\u00f5i ohutuslausega, luues seel\u00e4bi h\u00e4sti n\u00e4htava ja meeldej\u00e4\u00e4va reklaamvahendi.<\/p>\n<p>See k\u00e4epael seob teie br\u00e4ndi sotsiaalse vastutuse ja kaasaegse ohutusteadlikkusega, luues positiivse seose, mis kestab kaua p\u00e4rast \u00fcritust.<\/p>\n<p><b>Peamised omadused:<\/b><\/p>\n<ul>\n<li><b>UV-anduri kinnitus:<\/b> Korduvkasutatav pannal muudab aktiivselt v\u00e4rvi punaseks, et hoiatada k\u00f5rge UVA\/UVB kiirguse taseme eest.<\/li>\n<li><b>T\u00e4isv\u00e4rviline kohandamine:<\/b> Kogu riba pinnale saab tr\u00fckkida teie unikaalse logo v\u00f5i s\u00f5numi.<\/li>\n<li><b>Lapses\u00f5bralik sertifitseeritud materjal:<\/b> H\u00fcpoallergeenne, painduv ja vastupidav materjal, sertifitseeritud Riikliku H\u00fcgieeniinstituudi poolt.<\/li>\n<li><b>Korduvkasutatav disain:<\/b> Lukk on loodud mitmekordseks kasutamiseks, pikendades teie reklaamtoote eluiga.<\/li>\n<li><b>Ettev\u00f5tte sotsiaalse vastutuse t\u00f6\u00f6riist:<\/b> Ainulaadne vidin, mis demonstreerib teie br\u00e4ndi p\u00fchendumust tervisele ja ohutusele.<\/li>\n<\/ul>","protected":false},"excerpt":{"rendered":"<ul>\n<li>UV-kiirgusele reageeriv pannal, mis muudab ohtliku p\u00e4ikesevalguse k\u00e4es v\u00e4rvi punaseks.<\/li>\n<li>H\u00fcpoallergeenne, vastupidav ja korduvkasutatav materjal, sertifitseeritud lasteohutuse tagamiseks.<\/li>\n<li>T\u00e4ielikult kohandatav pael teie t\u00e4isv\u00e4rvilise logo v\u00f5i ohutuss\u00f5numiga.<\/li>\n<li>Esmaklassiline reklaamtoode perekeskseteks \u00fcritusteks ja ettev\u00f5tte vastutustundlikkuse toetamiseks.<\/li>\n<\/ul>\n<p>&nbsp;<\/p>","protected":false},"featured_media":6254,"comment_status":"closed","ping_status":"closed","template":"","meta":[],"product_brand":[],"product_cat":[66,88,68],"product_tag":[],"class_list":{"0":"post-1183","1":"product","2":"type-product","3":"status-publish","4":"has-post-thumbnail","6":"product_cat-wristbands","7":"product_cat-smart-wristbands","8":"product_cat-event-supplies","10":"first","11":"instock","12":"shipping-taxable","13":"purchasable","14":"product-type-simple"},"_links":{"self":[{"href":"https:\/\/displayproducts.eu\/et\/wp-json\/wp\/v2\/product\/1183","targetHints":{"allow":["GET"]}}],"collection":[{"href":"https:\/\/displayproducts.eu\/et\/wp-json\/wp\/v2\/product"}],"about":[{"href":"https:\/\/displayproducts.eu\/et\/wp-json\/wp\/v2\/types\/product"}],"replies":[{"embeddable":true,"href":"https:\/\/displayproducts.eu\/et\/wp-json\/wp\/v2\/comments?post=1183"}],"wp:featuredmedia":[{"embeddable":true,"href":"https:\/\/displayproducts.eu\/et\/wp-json\/wp\/v2\/media\/6254"}],"wp:attachment":[{"href":"https:\/\/displayproducts.eu\/et\/wp-json\/wp\/v2\/media?parent=1183"}],"wp:term":[{"taxonomy":"product_brand","embeddable":true,"href":"https:\/\/displayproducts.eu\/et\/wp-json\/wp\/v2\/product_brand?post=1183"},{"taxonomy":"product_cat","embeddable":true,"href":"https:\/\/displayproducts.eu\/et\/wp-json\/wp\/v2\/product_cat?post=1183"},{"taxonomy":"product_tag","embeddable":true,"href":"https:\/\/displayproducts.eu\/et\/wp-json\/wp\/v2\/product_tag?post=1183"}],"curies":[{"name":"wp","href":"https:\/\/api.w.org\/{rel}","templated":true}]}}