{"id":4413,"date":"2025-08-21T18:02:19","date_gmt":"2025-08-21T15:02:19","guid":{"rendered":"https:\/\/wristbandfactory.eu\/?page_id=4413"},"modified":"2026-04-15T15:49:12","modified_gmt":"2026-04-15T12:49:12","slug":"teenused","status":"publish","type":"page","link":"https:\/\/displayproducts.eu\/et\/teenused\/","title":{"rendered":"Teenused"},"content":{"rendered":"<div data-elementor-type=\"wp-page\" data-elementor-id=\"4413\" class=\"elementor elementor-4413\" data-elementor-post-type=\"page\">\n\t\t\t\t<div class=\"elementor-element elementor-element-badef8d e-flex e-con-boxed e-con e-parent\" data-id=\"badef8d\" data-element_type=\"container\" data-settings=\"{&quot;background_background&quot;:&quot;classic&quot;,&quot;shape_divider_bottom&quot;:&quot;opacity-tilt&quot;}\">\n\t\t\t\t\t<div class=\"e-con-inner\">\n\t\t\t\t<div class=\"elementor-shape elementor-shape-bottom\" aria-hidden=\"true\" data-negative=\"false\">\n\t\t\t<svg xmlns=\"http:\/\/www.w3.org\/2000\/svg\" viewbox=\"0 0 2600 131.1\" preserveaspectratio=\"none\">\n\t<path class=\"elementor-shape-fill\" d=\"M0 0L2600 0 2600 69.1 0 0z\"\/>\n\t<path class=\"elementor-shape-fill\" style=\"opacity:0.5\" d=\"M0 0L2600 0 2600 69.1 0 69.1z\"\/>\n\t<path class=\"elementor-shape-fill\" style=\"opacity:0.25\" d=\"M2600 0L0 0 0 130.1 2600 69.1z\"\/>\n<\/svg>\t\t<\/div>\n\t\t<div class=\"elementor-element elementor-element-2f0b096 e-con-full e-flex e-con e-child\" data-id=\"2f0b096\" data-element_type=\"container\">\n\t\t\t\t<div class=\"elementor-element elementor-element-c95ef32 elementor-widget elementor-widget-heading\" data-id=\"c95ef32\" data-element_type=\"widget\" data-widget_type=\"heading.default\">\n\t\t\t\t<div class=\"elementor-widget-container\">\n\t\t\t\t\t<h1 class=\"elementor-heading-title elementor-size-default\">Teenused<\/h1>\t\t\t\t<\/div>\n\t\t\t\t<\/div>\n\t\t\t\t<\/div>\n\t\t\t\t\t<\/div>\n\t\t\t\t<\/div>\n\t\t<div class=\"elementor-element elementor-element-fbb97f2 e-flex e-con-boxed e-con e-parent\" data-id=\"fbb97f2\" data-element_type=\"container\">\n\t\t\t\t\t<div class=\"e-con-inner\">\n\t\t\t\t<div class=\"elementor-element elementor-element-9050270 elementor-grid-1 elementor-posts--thumbnail-right elementor-widget__width-initial elementor-hidden-mobile elementor-widget-tablet__width-inherit elementor-hidden-tablet elementor-grid-tablet-2 elementor-grid-mobile-1 elementor-widget elementor-widget-posts\" data-id=\"9050270\" data-element_type=\"widget\" data-settings=\"{&quot;classic_columns&quot;:&quot;1&quot;,&quot;classic_row_gap&quot;:{&quot;unit&quot;:&quot;px&quot;,&quot;size&quot;:30,&quot;sizes&quot;:[]},&quot;classic_columns_tablet&quot;:&quot;2&quot;,&quot;classic_columns_mobile&quot;:&quot;1&quot;,&quot;classic_row_gap_tablet&quot;:{&quot;unit&quot;:&quot;px&quot;,&quot;size&quot;:&quot;&quot;,&quot;sizes&quot;:[]},&quot;classic_row_gap_mobile&quot;:{&quot;unit&quot;:&quot;px&quot;,&quot;size&quot;:&quot;&quot;,&quot;sizes&quot;:[]}}\" data-widget_type=\"posts.classic\">\n\t\t\t\t<div class=\"elementor-widget-container\">\n\t\t\t\t\t\t\t<div class=\"elementor-posts-container elementor-posts elementor-posts--skin-classic elementor-grid\">\n\t\t\t\t<article class=\"elementor-post elementor-grid-item post-10104 post type-post status-publish format-standard has-post-thumbnail hentry category-display-services\">\n\t\t\t\t<a class=\"elementor-post__thumbnail__link\" href=\"https:\/\/displayproducts.eu\/et\/custom-banners-tailored-to-your-exact-requirements\/\" tabindex=\"-1\" >\n\t\t\t<div class=\"elementor-post__thumbnail\"><img fetchpriority=\"high\" decoding=\"async\" width=\"1220\" height=\"767\" src=\"https:\/\/displayproducts.eu\/wp-content\/uploads\/2026\/04\/Gemini_Generated_Image_afb9n9afb9n9afb9-2-e1776328405729.png\" class=\"attachment-medium size-medium wp-image-10158\" alt=\"\" srcset=\"https:\/\/displayproducts.eu\/wp-content\/uploads\/2026\/04\/Gemini_Generated_Image_afb9n9afb9n9afb9-2-e1776328405729.png 1220w, https:\/\/displayproducts.eu\/wp-content\/uploads\/2026\/04\/Gemini_Generated_Image_afb9n9afb9n9afb9-2-e1776328405729-768x483.png 768w, https:\/\/displayproducts.eu\/wp-content\/uploads\/2026\/04\/Gemini_Generated_Image_afb9n9afb9n9afb9-2-e1776328405729-18x12.png 18w, https:\/\/displayproducts.eu\/wp-content\/uploads\/2026\/04\/Gemini_Generated_Image_afb9n9afb9n9afb9-2-e1776328405729-24x15.png 24w, https:\/\/displayproducts.eu\/wp-content\/uploads\/2026\/04\/Gemini_Generated_Image_afb9n9afb9n9afb9-2-e1776328405729-36x23.png 36w, https:\/\/displayproducts.eu\/wp-content\/uploads\/2026\/04\/Gemini_Generated_Image_afb9n9afb9n9afb9-2-e1776328405729-48x30.png 48w, https:\/\/displayproducts.eu\/wp-content\/uploads\/2026\/04\/Gemini_Generated_Image_afb9n9afb9n9afb9-2-e1776328405729-600x377.png 600w, https:\/\/displayproducts.eu\/wp-content\/uploads\/2026\/04\/Gemini_Generated_Image_afb9n9afb9n9afb9-2-e1776328405729-64x40.png 64w\" sizes=\"(max-width: 1220px) 100vw, 1220px\" \/><\/div>\n\t\t<\/a>\n\t\t\t\t<div class=\"elementor-post__text\">\n\t\t\t\t<h3 class=\"elementor-post__title\">\n\t\t\t<a href=\"https:\/\/displayproducts.eu\/et\/custom-banners-tailored-to-your-exact-requirements\/\" >\n\t\t\t\tEridisainiga b\u00e4nnerid: T\u00e4pselt teie vajadustele eridisainiga\t\t\t<\/a>\n\t\t<\/h3>\n\t\t\t\t<div class=\"elementor-post__excerpt\">\n\t\t\t<p>Kui standardsuurused ja valmiskujundused ei sobi teie ruumi, br\u00e4ndi v\u00f5i visiooniga, annavad eridisainiga b\u00e4nnerid teile t\u00e4ieliku kontrolli. Olenemata sellest, kas vajate ebatavaliselt suurt tausta, spetsiifilist materjali keerulise keskkonna jaoks v\u00f5i graafikat, mis on loodud t\u00e4pselt br\u00e4ndi spetsifikatsioonide j\u00e4rgi, tagab eridisainiga tr\u00fckkimine, et teie v\u00e4ljapanek t\u00f6\u00f6tab t\u00e4pselt etten\u00e4htud viisil. Miks valida eridisainiga b\u00e4nnerid? Standardsed b\u00e4nnerivormingud h\u00f5lmavad enamikku levinumaid rakendusi, kuid m\u00f5ned projektid n\u00f5uavad enamat. Eridisainiga b\u00e4nnerid v\u00f5imaldavad teil m\u00e4\u00e4rata t\u00e4psed m\u00f5\u00f5tmed, valida sobivad materjalid<\/p>\n\t\t<\/div>\n\t\t\t\t<\/div>\n\t\t\t\t<\/article>\n\t\t\t\t<article class=\"elementor-post elementor-grid-item post-10205 post type-post status-publish format-standard has-post-thumbnail hentry category-display-services\">\n\t\t\t\t<a class=\"elementor-post__thumbnail__link\" href=\"https:\/\/displayproducts.eu\/et\/bulk-wholesale-orders\/\" tabindex=\"-1\" >\n\t\t\t<div class=\"elementor-post__thumbnail\"><img decoding=\"async\" width=\"1220\" height=\"767\" src=\"https:\/\/displayproducts.eu\/wp-content\/uploads\/2026\/04\/Gemini_Generated_Image_rxpq55rxpq55rxpq-2-e1776328466782.png\" class=\"attachment-medium size-medium wp-image-10160\" alt=\"\" srcset=\"https:\/\/displayproducts.eu\/wp-content\/uploads\/2026\/04\/Gemini_Generated_Image_rxpq55rxpq55rxpq-2-e1776328466782.png 1220w, https:\/\/displayproducts.eu\/wp-content\/uploads\/2026\/04\/Gemini_Generated_Image_rxpq55rxpq55rxpq-2-e1776328466782-768x483.png 768w, https:\/\/displayproducts.eu\/wp-content\/uploads\/2026\/04\/Gemini_Generated_Image_rxpq55rxpq55rxpq-2-e1776328466782-18x12.png 18w, https:\/\/displayproducts.eu\/wp-content\/uploads\/2026\/04\/Gemini_Generated_Image_rxpq55rxpq55rxpq-2-e1776328466782-24x15.png 24w, https:\/\/displayproducts.eu\/wp-content\/uploads\/2026\/04\/Gemini_Generated_Image_rxpq55rxpq55rxpq-2-e1776328466782-36x23.png 36w, https:\/\/displayproducts.eu\/wp-content\/uploads\/2026\/04\/Gemini_Generated_Image_rxpq55rxpq55rxpq-2-e1776328466782-48x30.png 48w, https:\/\/displayproducts.eu\/wp-content\/uploads\/2026\/04\/Gemini_Generated_Image_rxpq55rxpq55rxpq-2-e1776328466782-600x377.png 600w, https:\/\/displayproducts.eu\/wp-content\/uploads\/2026\/04\/Gemini_Generated_Image_rxpq55rxpq55rxpq-2-e1776328466782-64x40.png 64w\" sizes=\"(max-width: 1220px) 100vw, 1220px\" \/><\/div>\n\t\t<\/a>\n\t\t\t\t<div class=\"elementor-post__text\">\n\t\t\t\t<h3 class=\"elementor-post__title\">\n\t\t\t<a href=\"https:\/\/displayproducts.eu\/et\/bulk-wholesale-orders\/\" >\n\t\t\t\tHulgim\u00fc\u00fcgitellimused: mahuhinnad kogu Euroopas\t\t\t<\/a>\n\t\t<\/h3>\n\t\t\t\t<div class=\"elementor-post__excerpt\">\n\t\t\t<p>Olenemata sellest, kas olete edasim\u00fc\u00fcja, \u00fcrituste korraldaja v\u00f5i mitut asukohta haldav ettev\u00f5te, pakuvad hulgi- ja hulgitellimused teile paremaid hindu, sujuvamat logistikat ja \u00fchtlasemat kvaliteeti suurte koguste puhul. Tarnime klientidele kogu Euroopas hulgim\u00fc\u00fcgis eksponeeritud tooteid \u2013 alates \u00fche toote hulgipartiidest kuni segatellimusteni, mis h\u00f5lmavad mitut kategooriat. Miks tellida hulgi? Hulgitellimused v\u00e4hendavad \u00fchikuhinda, lihtsustavad hankimist ja tagavad visuaalse j\u00e4rjepidevuse kampaaniate, \u00fcrituste v\u00f5i jaem\u00fc\u00fcgiv\u00f5rkude vahel. Hulgitellimused<\/p>\n\t\t<\/div>\n\t\t\t\t<\/div>\n\t\t\t\t<\/article>\n\t\t\t\t<article class=\"elementor-post elementor-grid-item post-10209 post type-post status-publish format-standard has-post-thumbnail hentry category-display-services\">\n\t\t\t\t<a class=\"elementor-post__thumbnail__link\" href=\"https:\/\/displayproducts.eu\/et\/budget-cheap-displays\/\" tabindex=\"-1\" >\n\t\t\t<div class=\"elementor-post__thumbnail\"><img decoding=\"async\" width=\"1280\" height=\"767\" src=\"https:\/\/displayproducts.eu\/wp-content\/uploads\/2026\/04\/Gemini_Generated_Image_s20ik6s20ik6s20i-2-e1776336497211.png\" class=\"attachment-medium size-medium wp-image-10210\" alt=\"\" srcset=\"https:\/\/displayproducts.eu\/wp-content\/uploads\/2026\/04\/Gemini_Generated_Image_s20ik6s20ik6s20i-2-e1776336497211.png 1280w, https:\/\/displayproducts.eu\/wp-content\/uploads\/2026\/04\/Gemini_Generated_Image_s20ik6s20ik6s20i-2-e1776336497211-768x460.png 768w, https:\/\/displayproducts.eu\/wp-content\/uploads\/2026\/04\/Gemini_Generated_Image_s20ik6s20ik6s20i-2-e1776336497211-18x12.png 18w, https:\/\/displayproducts.eu\/wp-content\/uploads\/2026\/04\/Gemini_Generated_Image_s20ik6s20ik6s20i-2-e1776336497211-24x14.png 24w, https:\/\/displayproducts.eu\/wp-content\/uploads\/2026\/04\/Gemini_Generated_Image_s20ik6s20ik6s20i-2-e1776336497211-36x22.png 36w, https:\/\/displayproducts.eu\/wp-content\/uploads\/2026\/04\/Gemini_Generated_Image_s20ik6s20ik6s20i-2-e1776336497211-48x29.png 48w, https:\/\/displayproducts.eu\/wp-content\/uploads\/2026\/04\/Gemini_Generated_Image_s20ik6s20ik6s20i-2-e1776336497211-600x360.png 600w, https:\/\/displayproducts.eu\/wp-content\/uploads\/2026\/04\/Gemini_Generated_Image_s20ik6s20ik6s20i-2-e1776336497211-64x38.png 64w\" sizes=\"(max-width: 1280px) 100vw, 1280px\" \/><\/div>\n\t\t<\/a>\n\t\t\t\t<div class=\"elementor-post__text\">\n\t\t\t\t<h3 class=\"elementor-post__title\">\n\t\t\t<a href=\"https:\/\/displayproducts.eu\/et\/budget-cheap-displays\/\" >\n\t\t\t\tEelarve ja odavad v\u00e4ljapanekud\t\t\t<\/a>\n\t\t<\/h3>\n\t\t\t\t<div class=\"elementor-post__excerpt\">\n\t\t\t<p>T\u00f5husad v\u00e4ljapanekud ei vaja piiramatuid eelarveid. Olenemata sellest, kas olete idufirma, kes osaleb oma esimesel messil, v\u00e4ike jaem\u00fc\u00fcja, kes haldab v\u00e4ikeseid marginaale, v\u00f5i \u00fcrituste korraldaja, kes t\u00f6\u00f6tab rangete kulupiirangute raames, on olemas t\u00f5estatud v\u00e4ljapanekulahendusi, mis pakuvad professionaalseid tulemusi ilma k\u00f5rgema hinna eest. Eelarves\u00f5bralik ei t\u00e4henda madalat kvaliteeti. Kulut\u00f5husate v\u00e4ljapanekute valimine t\u00e4hendab investeeringu nutikat tegemist \u2013 \u00f5igete vormingute eelistamist vastavalt oma vajadustele, ebavajalike funktsioonide v\u00e4ltimist ja vastupidavate toodete valimist, mis toimivad h\u00e4sti.<\/p>\n\t\t<\/div>\n\t\t\t\t<\/div>\n\t\t\t\t<\/article>\n\t\t\t\t<\/div>\n\t\t\n\t\t\t\t\t\t<\/div>\n\t\t\t\t<\/div>\n\t\t\t\t\t<\/div>\n\t\t\t\t<\/div>\n\t\t<div class=\"elementor-element elementor-element-14c0266 e-flex e-con-boxed e-con e-parent\" data-id=\"14c0266\" data-element_type=\"container\">\n\t\t\t\t\t<div class=\"e-con-inner\">\n\t\t\t\t<div class=\"elementor-element elementor-element-3a05dfd elementor-grid-1 elementor-widget__width-initial elementor-widget-mobile__width-inherit elementor-hidden-desktop elementor-widget-tablet__width-inherit elementor-grid-tablet-2 elementor-grid-mobile-1 elementor-posts--thumbnail-top elementor-widget elementor-widget-posts\" data-id=\"3a05dfd\" data-element_type=\"widget\" data-settings=\"{&quot;classic_columns&quot;:&quot;1&quot;,&quot;classic_row_gap&quot;:{&quot;unit&quot;:&quot;px&quot;,&quot;size&quot;:30,&quot;sizes&quot;:[]},&quot;classic_columns_tablet&quot;:&quot;2&quot;,&quot;classic_columns_mobile&quot;:&quot;1&quot;,&quot;classic_row_gap_tablet&quot;:{&quot;unit&quot;:&quot;px&quot;,&quot;size&quot;:&quot;&quot;,&quot;sizes&quot;:[]},&quot;classic_row_gap_mobile&quot;:{&quot;unit&quot;:&quot;px&quot;,&quot;size&quot;:&quot;&quot;,&quot;sizes&quot;:[]}}\" data-widget_type=\"posts.classic\">\n\t\t\t\t<div class=\"elementor-widget-container\">\n\t\t\t\t\t\t\t<div class=\"elementor-posts-container elementor-posts elementor-posts--skin-classic elementor-grid\">\n\t\t\t\t<article class=\"elementor-post elementor-grid-item post-10104 post type-post status-publish format-standard has-post-thumbnail hentry category-display-services\">\n\t\t\t\t<a class=\"elementor-post__thumbnail__link\" href=\"https:\/\/displayproducts.eu\/et\/custom-banners-tailored-to-your-exact-requirements\/\" tabindex=\"-1\" >\n\t\t\t<div class=\"elementor-post__thumbnail\"><img loading=\"lazy\" decoding=\"async\" width=\"768\" height=\"483\" src=\"https:\/\/displayproducts.eu\/wp-content\/uploads\/2026\/04\/Gemini_Generated_Image_afb9n9afb9n9afb9-2-e1776328405729-768x483.png\" class=\"attachment-medium_large size-medium_large wp-image-10158\" alt=\"\" srcset=\"https:\/\/displayproducts.eu\/wp-content\/uploads\/2026\/04\/Gemini_Generated_Image_afb9n9afb9n9afb9-2-e1776328405729-768x483.png 768w, https:\/\/displayproducts.eu\/wp-content\/uploads\/2026\/04\/Gemini_Generated_Image_afb9n9afb9n9afb9-2-e1776328405729-18x12.png 18w, https:\/\/displayproducts.eu\/wp-content\/uploads\/2026\/04\/Gemini_Generated_Image_afb9n9afb9n9afb9-2-e1776328405729-24x15.png 24w, https:\/\/displayproducts.eu\/wp-content\/uploads\/2026\/04\/Gemini_Generated_Image_afb9n9afb9n9afb9-2-e1776328405729-36x23.png 36w, https:\/\/displayproducts.eu\/wp-content\/uploads\/2026\/04\/Gemini_Generated_Image_afb9n9afb9n9afb9-2-e1776328405729-48x30.png 48w, https:\/\/displayproducts.eu\/wp-content\/uploads\/2026\/04\/Gemini_Generated_Image_afb9n9afb9n9afb9-2-e1776328405729-600x377.png 600w, https:\/\/displayproducts.eu\/wp-content\/uploads\/2026\/04\/Gemini_Generated_Image_afb9n9afb9n9afb9-2-e1776328405729-64x40.png 64w, https:\/\/displayproducts.eu\/wp-content\/uploads\/2026\/04\/Gemini_Generated_Image_afb9n9afb9n9afb9-2-e1776328405729.png 1220w\" sizes=\"(max-width: 768px) 100vw, 768px\" \/><\/div>\n\t\t<\/a>\n\t\t\t\t<div class=\"elementor-post__text\">\n\t\t\t\t<h3 class=\"elementor-post__title\">\n\t\t\t<a href=\"https:\/\/displayproducts.eu\/et\/custom-banners-tailored-to-your-exact-requirements\/\" >\n\t\t\t\tEridisainiga b\u00e4nnerid: T\u00e4pselt teie vajadustele eridisainiga\t\t\t<\/a>\n\t\t<\/h3>\n\t\t\t\t<div class=\"elementor-post__excerpt\">\n\t\t\t<p>Kui standardsuurused ja valmiskujundused ei sobi teie ruumi, br\u00e4ndi v\u00f5i visiooniga, annavad eridisainiga b\u00e4nnerid teile t\u00e4ieliku kontrolli. Olenemata sellest, kas vajate ebatavaliselt suurt tausta, spetsiifilist materjali keerulise keskkonna jaoks v\u00f5i graafikat, mis on loodud t\u00e4pselt br\u00e4ndi spetsifikatsioonide j\u00e4rgi, tagab eridisainiga tr\u00fckkimine, et teie v\u00e4ljapanek t\u00f6\u00f6tab t\u00e4pselt etten\u00e4htud viisil. Miks valida eridisainiga b\u00e4nnerid? Standardsed b\u00e4nnerivormingud h\u00f5lmavad enamikku levinumaid rakendusi, kuid m\u00f5ned projektid n\u00f5uavad enamat. Eridisainiga b\u00e4nnerid v\u00f5imaldavad teil m\u00e4\u00e4rata t\u00e4psed m\u00f5\u00f5tmed, valida sobivad materjalid<\/p>\n\t\t<\/div>\n\t\t\t\t<\/div>\n\t\t\t\t<\/article>\n\t\t\t\t<article class=\"elementor-post elementor-grid-item post-10205 post type-post status-publish format-standard has-post-thumbnail hentry category-display-services\">\n\t\t\t\t<a class=\"elementor-post__thumbnail__link\" href=\"https:\/\/displayproducts.eu\/et\/bulk-wholesale-orders\/\" tabindex=\"-1\" >\n\t\t\t<div class=\"elementor-post__thumbnail\"><img loading=\"lazy\" decoding=\"async\" width=\"768\" height=\"483\" src=\"https:\/\/displayproducts.eu\/wp-content\/uploads\/2026\/04\/Gemini_Generated_Image_rxpq55rxpq55rxpq-2-e1776328466782-768x483.png\" class=\"attachment-medium_large size-medium_large wp-image-10160\" alt=\"\" srcset=\"https:\/\/displayproducts.eu\/wp-content\/uploads\/2026\/04\/Gemini_Generated_Image_rxpq55rxpq55rxpq-2-e1776328466782-768x483.png 768w, https:\/\/displayproducts.eu\/wp-content\/uploads\/2026\/04\/Gemini_Generated_Image_rxpq55rxpq55rxpq-2-e1776328466782-18x12.png 18w, https:\/\/displayproducts.eu\/wp-content\/uploads\/2026\/04\/Gemini_Generated_Image_rxpq55rxpq55rxpq-2-e1776328466782-24x15.png 24w, https:\/\/displayproducts.eu\/wp-content\/uploads\/2026\/04\/Gemini_Generated_Image_rxpq55rxpq55rxpq-2-e1776328466782-36x23.png 36w, https:\/\/displayproducts.eu\/wp-content\/uploads\/2026\/04\/Gemini_Generated_Image_rxpq55rxpq55rxpq-2-e1776328466782-48x30.png 48w, https:\/\/displayproducts.eu\/wp-content\/uploads\/2026\/04\/Gemini_Generated_Image_rxpq55rxpq55rxpq-2-e1776328466782-600x377.png 600w, https:\/\/displayproducts.eu\/wp-content\/uploads\/2026\/04\/Gemini_Generated_Image_rxpq55rxpq55rxpq-2-e1776328466782-64x40.png 64w, https:\/\/displayproducts.eu\/wp-content\/uploads\/2026\/04\/Gemini_Generated_Image_rxpq55rxpq55rxpq-2-e1776328466782.png 1220w\" sizes=\"(max-width: 768px) 100vw, 768px\" \/><\/div>\n\t\t<\/a>\n\t\t\t\t<div class=\"elementor-post__text\">\n\t\t\t\t<h3 class=\"elementor-post__title\">\n\t\t\t<a href=\"https:\/\/displayproducts.eu\/et\/bulk-wholesale-orders\/\" >\n\t\t\t\tHulgim\u00fc\u00fcgitellimused: mahuhinnad kogu Euroopas\t\t\t<\/a>\n\t\t<\/h3>\n\t\t\t\t<div class=\"elementor-post__excerpt\">\n\t\t\t<p>Olenemata sellest, kas olete edasim\u00fc\u00fcja, \u00fcrituste korraldaja v\u00f5i mitut asukohta haldav ettev\u00f5te, pakuvad hulgi- ja hulgitellimused teile paremaid hindu, sujuvamat logistikat ja \u00fchtlasemat kvaliteeti suurte koguste puhul. Tarnime klientidele kogu Euroopas hulgim\u00fc\u00fcgis eksponeeritud tooteid \u2013 alates \u00fche toote hulgipartiidest kuni segatellimusteni, mis h\u00f5lmavad mitut kategooriat. Miks tellida hulgi? Hulgitellimused v\u00e4hendavad \u00fchikuhinda, lihtsustavad hankimist ja tagavad visuaalse j\u00e4rjepidevuse kampaaniate, \u00fcrituste v\u00f5i jaem\u00fc\u00fcgiv\u00f5rkude vahel. Hulgitellimused<\/p>\n\t\t<\/div>\n\t\t\t\t<\/div>\n\t\t\t\t<\/article>\n\t\t\t\t<article class=\"elementor-post elementor-grid-item post-10209 post type-post status-publish format-standard has-post-thumbnail hentry category-display-services\">\n\t\t\t\t<a class=\"elementor-post__thumbnail__link\" href=\"https:\/\/displayproducts.eu\/et\/budget-cheap-displays\/\" tabindex=\"-1\" >\n\t\t\t<div class=\"elementor-post__thumbnail\"><img loading=\"lazy\" decoding=\"async\" width=\"768\" height=\"460\" src=\"https:\/\/displayproducts.eu\/wp-content\/uploads\/2026\/04\/Gemini_Generated_Image_s20ik6s20ik6s20i-2-e1776336497211-768x460.png\" class=\"attachment-medium_large size-medium_large wp-image-10210\" alt=\"\" srcset=\"https:\/\/displayproducts.eu\/wp-content\/uploads\/2026\/04\/Gemini_Generated_Image_s20ik6s20ik6s20i-2-e1776336497211-768x460.png 768w, https:\/\/displayproducts.eu\/wp-content\/uploads\/2026\/04\/Gemini_Generated_Image_s20ik6s20ik6s20i-2-e1776336497211-18x12.png 18w, https:\/\/displayproducts.eu\/wp-content\/uploads\/2026\/04\/Gemini_Generated_Image_s20ik6s20ik6s20i-2-e1776336497211-24x14.png 24w, https:\/\/displayproducts.eu\/wp-content\/uploads\/2026\/04\/Gemini_Generated_Image_s20ik6s20ik6s20i-2-e1776336497211-36x22.png 36w, https:\/\/displayproducts.eu\/wp-content\/uploads\/2026\/04\/Gemini_Generated_Image_s20ik6s20ik6s20i-2-e1776336497211-48x29.png 48w, https:\/\/displayproducts.eu\/wp-content\/uploads\/2026\/04\/Gemini_Generated_Image_s20ik6s20ik6s20i-2-e1776336497211-600x360.png 600w, https:\/\/displayproducts.eu\/wp-content\/uploads\/2026\/04\/Gemini_Generated_Image_s20ik6s20ik6s20i-2-e1776336497211-64x38.png 64w, https:\/\/displayproducts.eu\/wp-content\/uploads\/2026\/04\/Gemini_Generated_Image_s20ik6s20ik6s20i-2-e1776336497211.png 1280w\" sizes=\"(max-width: 768px) 100vw, 768px\" \/><\/div>\n\t\t<\/a>\n\t\t\t\t<div class=\"elementor-post__text\">\n\t\t\t\t<h3 class=\"elementor-post__title\">\n\t\t\t<a href=\"https:\/\/displayproducts.eu\/et\/budget-cheap-displays\/\" >\n\t\t\t\tEelarve ja odavad v\u00e4ljapanekud\t\t\t<\/a>\n\t\t<\/h3>\n\t\t\t\t<div class=\"elementor-post__excerpt\">\n\t\t\t<p>T\u00f5husad v\u00e4ljapanekud ei vaja piiramatuid eelarveid. Olenemata sellest, kas olete idufirma, kes osaleb oma esimesel messil, v\u00e4ike jaem\u00fc\u00fcja, kes haldab v\u00e4ikeseid marginaale, v\u00f5i \u00fcrituste korraldaja, kes t\u00f6\u00f6tab rangete kulupiirangute raames, on olemas t\u00f5estatud v\u00e4ljapanekulahendusi, mis pakuvad professionaalseid tulemusi ilma k\u00f5rgema hinna eest. Eelarves\u00f5bralik ei t\u00e4henda madalat kvaliteeti. Kulut\u00f5husate v\u00e4ljapanekute valimine t\u00e4hendab investeeringu nutikat tegemist \u2013 \u00f5igete vormingute eelistamist vastavalt oma vajadustele, ebavajalike funktsioonide v\u00e4ltimist ja vastupidavate toodete valimist, mis toimivad h\u00e4sti.<\/p>\n\t\t<\/div>\n\t\t\t\t<\/div>\n\t\t\t\t<\/article>\n\t\t\t\t<\/div>\n\t\t\n\t\t\t\t\t\t<\/div>\n\t\t\t\t<\/div>\n\t\t\t\t\t<\/div>\n\t\t\t\t<\/div>\n\t\t\t\t<\/div>","protected":false},"excerpt":{"rendered":"<p>Teenused<\/p>","protected":false},"author":7,"featured_media":0,"parent":0,"menu_order":0,"comment_status":"closed","ping_status":"closed","template":"elementor_header_footer","meta":{"footnotes":""},"class_list":["post-4413","page","type-page","status-publish","hentry"],"_links":{"self":[{"href":"https:\/\/displayproducts.eu\/et\/wp-json\/wp\/v2\/pages\/4413","targetHints":{"allow":["GET"]}}],"collection":[{"href":"https:\/\/displayproducts.eu\/et\/wp-json\/wp\/v2\/pages"}],"about":[{"href":"https:\/\/displayproducts.eu\/et\/wp-json\/wp\/v2\/types\/page"}],"author":[{"embeddable":true,"href":"https:\/\/displayproducts.eu\/et\/wp-json\/wp\/v2\/users\/7"}],"replies":[{"embeddable":true,"href":"https:\/\/displayproducts.eu\/et\/wp-json\/wp\/v2\/comments?post=4413"}],"version-history":[{"count":40,"href":"https:\/\/displayproducts.eu\/et\/wp-json\/wp\/v2\/pages\/4413\/revisions"}],"predecessor-version":[{"id":10151,"href":"https:\/\/displayproducts.eu\/et\/wp-json\/wp\/v2\/pages\/4413\/revisions\/10151"}],"wp:attachment":[{"href":"https:\/\/displayproducts.eu\/et\/wp-json\/wp\/v2\/media?parent=4413"}],"curies":[{"name":"wp","href":"https:\/\/api.w.org\/{rel}","templated":true}]}}