{"id":6853,"date":"2026-01-15T15:29:17","date_gmt":"2026-01-15T12:29:17","guid":{"rendered":"https:\/\/wristbandfactory.eu\/?post_type=product&#038;p=6853"},"modified":"2026-04-01T21:52:34","modified_gmt":"2026-04-01T18:52:34","slug":"custom-printed-eco-friendly-yoga-mats-cork-microfiber-coconut","status":"publish","type":"product","link":"https:\/\/displayproducts.eu\/es\/p\/custom-printed-eco-friendly-yoga-mats-cork-microfiber-coconut\/","title":{"rendered":"Esterillas de yoga personalizadas (corcho y microfibra)"},"content":{"rendered":"<p data-path-to-node=\"6\">Transforme su espacio de estudio o programa de bienestar corporativo con nuestra gama premium de <b data-path-to-node=\"6\" data-index-in-node=\"109\">Esterillas de yoga ecol\u00f3gicas con impresi\u00f3n personalizada<\/b>. Dise\u00f1adas para uso profesional y merchandising de alta gama, estas alfombrillas combinan sostenibilidad con un rendimiento superior. A diferencia de las alfombrillas de PVC est\u00e1ndar, nuestra colecci\u00f3n utiliza una base de caucho natural para una estabilidad inigualable y ofrece tres materiales de superficie distintos para adaptarse a sus necesidades espec\u00edficas de marca y funcionalidad.<\/p>\n<p data-path-to-node=\"7\">Ya sea que necesite una superficie que absorba el sudor para yoga caliente o una textura de alto agarre para posturas de precisi\u00f3n, nuestros tapetes personalizables ofrecen el lienzo perfecto para su marca.<\/p>\n<h2 data-path-to-node=\"8\">Opciones de materiales<\/h2>\n<ul data-path-to-node=\"9\">\n<li>\n<p data-path-to-node=\"9,0,0\"><b data-path-to-node=\"9,0,0\" data-index-in-node=\"0\">Opci\u00f3n A: Microfibra tipo gamuza:<\/b> Una superficie suave y aterciopelada que se vuelve m\u00e1s adherente con la sudoraci\u00f3n. Ideal para yoga caliente e impresiones fotogr\u00e1ficas detalladas a todo color.<\/p>\n<\/li>\n<li>\n<p data-path-to-node=\"9,1,0\"><b data-path-to-node=\"9,1,0\" data-index-in-node=\"0\">Opci\u00f3n B: Corcho natural 100%:<\/b> Antimicrobiano y ecol\u00f3gico. Ofrece un aspecto natural y org\u00e1nico con excelente agarre en seco.<\/p>\n<\/li>\n<li>\n<p data-path-to-node=\"9,2,0\"><b data-path-to-node=\"9,2,0\" data-index-in-node=\"0\">Opci\u00f3n C: Fibra de PU de coco:<\/b> La mejor opci\u00f3n de rendimiento. Una combinaci\u00f3n de PU y fibra de coco 10% ofrece una tracci\u00f3n superior y una textura \u00fanica.<\/p>\n<\/li>\n<\/ul>\n<h2 data-path-to-node=\"10\">Presupuesto<\/h2>\n<ul data-path-to-node=\"11\">\n<li>\n<p data-path-to-node=\"11,0,0\"><b data-path-to-node=\"11,0,0\" data-index-in-node=\"0\">Material base:<\/b> Caucho natural (Todos los modelos)<\/p>\n<\/li>\n<li>\n<p data-path-to-node=\"11,1,0\"><b data-path-to-node=\"11,1,0\" data-index-in-node=\"0\">Impresi\u00f3n:<\/b> CMYK a todo color (Nota: puede producirse una variaci\u00f3n de sombreado de color de \u00b115% debido a la absorci\u00f3n del material)<\/p>\n<\/li>\n<li>\n<p data-path-to-node=\"11,2,0\"><b data-path-to-node=\"11,2,0\" data-index-in-node=\"0\">Pedido m\u00ednimo:<\/b> 12 piezas (Pedir m\u00faltiplos de 6)<\/p>\n<\/li>\n<li>\n<p data-path-to-node=\"11,3,0\"><b data-path-to-node=\"11,3,0\" data-index-in-node=\"0\">Modelo 1 (Microfibra):<\/b> 183 x 68 cm | Grosor: 0,15 cm o 0,4 cm | Peso: ~1,5 kg \u2013 3,0 kg<\/p>\n<\/li>\n<li>\n<p data-path-to-node=\"11,4,0\"><b data-path-to-node=\"11,4,0\" data-index-in-node=\"0\">Modelo 2 (Corcho):<\/b> 183 x 61 cm | Grosor: 0,2 cm o 0,4 cm | Peso: ~1,4 kg \u2013 2,8 kg<\/p>\n<\/li>\n<li>\n<p data-path-to-node=\"11,5,0\"><b data-path-to-node=\"11,5,0\" data-index-in-node=\"0\">Modelo 3 (PU Coco):<\/b> 183 x 68 cm | Grosor: 0,2 cm o 0,45 cm | Peso: ~1,5 kg \u2013 3,0 kg | 100% Sin l\u00e1tex ni PVC<\/p>\n<\/li>\n<\/ul>\n<h2 data-path-to-node=\"12\">Casos de uso<\/h2>\n<ul data-path-to-node=\"13\">\n<li>\n<p data-path-to-node=\"13,0,0\"><b data-path-to-node=\"13,0,0\" data-index-in-node=\"0\">Estudios de yoga y gimnasios:<\/b> Equipo de marca para clases o venta al por menor a socios.<\/p>\n<\/li>\n<li>\n<p data-path-to-node=\"13,1,0\"><b data-path-to-node=\"13,1,0\" data-index-in-node=\"0\">Bienestar corporativo:<\/b> Regalos premium para empleados que promueven la salud y el equilibrio entre vida laboral y personal.<\/p>\n<\/li>\n<li>\n<p data-path-to-node=\"13,2,0\"><b data-path-to-node=\"13,2,0\" data-index-in-node=\"0\">Retiros y spas:<\/b> Mercanc\u00eda exclusiva para retiros de bienestar de lujo.<\/p>\n<\/li>\n<li>\n<p data-path-to-node=\"13,3,0\"><b data-path-to-node=\"13,3,0\" data-index-in-node=\"0\">Merchandising de influencers:<\/b> Productos personalizados de alto valor para influencers y entrenadores de fitness.<\/p>\n<\/li>\n<\/ul>","protected":false},"excerpt":{"rendered":"<ul>\n<li>\n<p data-path-to-node=\"5,0,0\"><b data-path-to-node=\"5,0,0\" data-index-in-node=\"0\">Materiales ecol\u00f3gicos de primera calidad:<\/b> Elija entre microfibra de gamuza suave, corcho antimicrobiano natural o mezclas de PU de coco de alto agarre, todas con una base antideslizante de caucho natural.<\/p>\n<\/li>\n<li>\n<p data-path-to-node=\"5,1,0\"><b data-path-to-node=\"5,1,0\" data-index-in-node=\"0\">Marca a todo color:<\/b> La impresi\u00f3n CMYK de borde a borde permite dise\u00f1os fotorrealistas, patrones personalizados o logotipos corporativos llamativos.<\/p>\n<\/li>\n<li>\n<p data-path-to-node=\"5,2,0\"><b data-path-to-node=\"5,2,0\" data-index-in-node=\"0\">Durabilidad comercial:<\/b> Construcci\u00f3n resistente dise\u00f1ada para gimnasios, estudios de yoga y obsequios corporativos de bienestar de primera calidad.<\/p>\n<\/li>\n<li>\n<p data-path-to-node=\"5,3,0\"><b data-path-to-node=\"5,3,0\" data-index-in-node=\"0\">Estabilidad antideslizante:<\/b> La base de caucho natural garantiza que el tapete se mantenga firmemente en su lugar durante entrenamientos intensos.<\/p>\n<\/li>\n<\/ul>","protected":false},"featured_media":6854,"comment_status":"closed","ping_status":"closed","template":"","meta":[],"product_brand":[],"product_cat":[118],"product_tag":[],"class_list":{"0":"post-6853","1":"product","2":"type-product","3":"status-publish","4":"has-post-thumbnail","6":"product_cat-sports-fitness","8":"first","9":"instock","10":"shipping-taxable","11":"purchasable","12":"product-type-simple"},"_links":{"self":[{"href":"https:\/\/displayproducts.eu\/es\/wp-json\/wp\/v2\/product\/6853","targetHints":{"allow":["GET"]}}],"collection":[{"href":"https:\/\/displayproducts.eu\/es\/wp-json\/wp\/v2\/product"}],"about":[{"href":"https:\/\/displayproducts.eu\/es\/wp-json\/wp\/v2\/types\/product"}],"replies":[{"embeddable":true,"href":"https:\/\/displayproducts.eu\/es\/wp-json\/wp\/v2\/comments?post=6853"}],"wp:featuredmedia":[{"embeddable":true,"href":"https:\/\/displayproducts.eu\/es\/wp-json\/wp\/v2\/media\/6854"}],"wp:attachment":[{"href":"https:\/\/displayproducts.eu\/es\/wp-json\/wp\/v2\/media?parent=6853"}],"wp:term":[{"taxonomy":"product_brand","embeddable":true,"href":"https:\/\/displayproducts.eu\/es\/wp-json\/wp\/v2\/product_brand?post=6853"},{"taxonomy":"product_cat","embeddable":true,"href":"https:\/\/displayproducts.eu\/es\/wp-json\/wp\/v2\/product_cat?post=6853"},{"taxonomy":"product_tag","embeddable":true,"href":"https:\/\/displayproducts.eu\/es\/wp-json\/wp\/v2\/product_tag?post=6853"}],"curies":[{"name":"wp","href":"https:\/\/api.w.org\/{rel}","templated":true}]}}