{"id":6851,"date":"2026-01-15T15:18:22","date_gmt":"2026-01-15T12:18:22","guid":{"rendered":"https:\/\/wristbandfactory.eu\/?post_type=product&#038;p=6851"},"modified":"2026-04-01T21:52:03","modified_gmt":"2026-04-01T18:52:03","slug":"custom-printed-cotton-tea-towels-250gsm-45x70cm","status":"publish","type":"product","link":"https:\/\/displayproducts.eu\/es\/p\/custom-printed-cotton-tea-towels-250gsm-45x70cm\/","title":{"rendered":"Pa\u00f1os de cocina de algod\u00f3n impresos (250gsm)"},"content":{"rendered":"<p data-path-to-node=\"8\">Eleve la presencia de su marca en el coraz\u00f3n del inicio o entorno de hospitalidad con nuestro <b data-path-to-node=\"8\" data-index-in-node=\"110\">Pa\u00f1os de cocina de algod\u00f3n con estampado personalizado<\/b>. A diferencia de los textiles promocionales est\u00e1ndar, estas toallas est\u00e1n confeccionadas con algod\u00f3n de 250 g\/m\u00b2 de alta calidad, lo que ofrece un tacto suave y de alta calidad que refleja la imagen de su empresa. Ya sea para usarlas en una cocina profesional concurrida o como un elegante regalo corporativo, combinan la utilidad diaria con una eficaz visibilidad de marca.<\/p>\n<p data-path-to-node=\"9\">Estos pa\u00f1os de cocina est\u00e1n dise\u00f1ados para clientes B2B que buscan productos que se usen, no que se desechen. Su n\u00edtida serigraf\u00eda permite logotipos llamativos y claros o patrones art\u00edsticos, lo que los convierte en art\u00edculos ideales para tiendas de museos, boutiques y regalos para eventos.<\/p>\n<h2 data-path-to-node=\"10\">Caracter\u00edsticas principales<\/h2>\n<ul data-path-to-node=\"11\">\n<li>\n<p data-path-to-node=\"11,0,0\"><b data-path-to-node=\"11,0,0\" data-index-in-node=\"0\">Tejido de alta densidad:<\/b> Con 250 g\/m\u00b2, este algod\u00f3n es m\u00e1s grueso y m\u00e1s duradero que las toallas promocionales est\u00e1ndar, lo que garantiza la longevidad.<\/p>\n<\/li>\n<li>\n<p data-path-to-node=\"11,1,0\"><b data-path-to-node=\"11,1,0\" data-index-in-node=\"0\">Serigraf\u00eda n\u00edtida:<\/b> Podemos imprimir su dise\u00f1o espec\u00edfico utilizando hasta 3 colores Pantone, garantizando as\u00ed la conservaci\u00f3n de su identidad de marca.<\/p>\n<\/li>\n<li>\n<p data-path-to-node=\"11,2,0\"><b data-path-to-node=\"11,2,0\" data-index-in-node=\"0\">Tama\u00f1o funcional:<\/b> El tama\u00f1o de 45 x 70 cm es el est\u00e1ndar de la industria para utensilios de cocina y ofrece una amplia superficie para secar y exhibir.<\/p>\n<\/li>\n<li>\n<p data-path-to-node=\"11,3,0\"><b data-path-to-node=\"11,3,0\" data-index-in-node=\"0\">Lavable en la lavadora:<\/b> Dise\u00f1ado para soportar lavados regulares manteniendo la integridad de la tela (se recomienda lavar a bajas temperaturas para preservar la vida de la impresi\u00f3n).<\/p>\n<\/li>\n<\/ul>\n<h2 data-path-to-node=\"12\">Presupuesto<\/h2>\n<ul data-path-to-node=\"13\">\n<li>\n<p data-path-to-node=\"13,0,0\"><b data-path-to-node=\"13,0,0\" data-index-in-node=\"0\">Material:<\/b> 100% Algod\u00f3n<\/p>\n<\/li>\n<li>\n<p data-path-to-node=\"13,1,0\"><b data-path-to-node=\"13,1,0\" data-index-in-node=\"0\">Peso:<\/b> 250 g\/m\u00b2 (gramos por metro cuadrado)<\/p>\n<\/li>\n<li>\n<p data-path-to-node=\"13,2,0\"><b data-path-to-node=\"13,2,0\" data-index-in-node=\"0\">Dimensiones:<\/b> 45 cm x 70 cm<\/p>\n<\/li>\n<li>\n<p data-path-to-node=\"13,3,0\"><b data-path-to-node=\"13,3,0\" data-index-in-node=\"0\">M\u00e9todo de impresi\u00f3n:<\/b> Serigraf\u00eda (hasta 3 colores)<\/p>\n<\/li>\n<li>\n<p data-path-to-node=\"13,4,0\"><b data-path-to-node=\"13,4,0\" data-index-in-node=\"0\">Bucle para colgar:<\/b> Integrado para mayor comodidad<\/p>\n<\/li>\n<li>\n<p data-path-to-node=\"13,5,0\"><b data-path-to-node=\"13,5,0\" data-index-in-node=\"0\">Variaci\u00f3n de producci\u00f3n:<\/b> Tenga en cuenta que nos reservamos el derecho de entregar y facturar +\/- 5% de la cantidad solicitada debido a la producci\u00f3n en lotes.<\/p>\n<\/li>\n<\/ul>\n<h2 data-path-to-node=\"14\">Casos de uso<\/h2>\n<ul data-path-to-node=\"15\">\n<li>\n<p data-path-to-node=\"15,0,0\"><b data-path-to-node=\"15,0,0\" data-index-in-node=\"0\">Marca de hospitalidad:<\/b> Accesorio de uniforme para camareros, personal de bar y cocineros de hoteles y restaurantes.<\/p>\n<\/li>\n<li>\n<p data-path-to-node=\"15,1,0\"><b data-path-to-node=\"15,1,0\" data-index-in-node=\"0\">Regalos corporativos:<\/b> Un complemento pr\u00e1ctico y ecol\u00f3gico para las cestas de regalo navide\u00f1as o los paquetes de relaciones p\u00fablicas con temas del inicio.<\/p>\n<\/li>\n<li>\n<p data-path-to-node=\"15,2,0\"><b data-path-to-node=\"15,2,0\" data-index-in-node=\"0\">Mercanc\u00eda al por menor:<\/b> Art\u00edculos de reventa de alto margen para artistas, tiendas de recuerdos y marcas de estilo de vida.<\/p>\n<\/li>\n<li>\n<p data-path-to-node=\"15,3,0\"><b data-path-to-node=\"15,3,0\" data-index-in-node=\"0\">Sorteos del evento:<\/b> Material de apoyo memorable para eventos de la industria de alimentos y bebidas.<\/p>\n<\/li>\n<\/ul>","protected":false},"excerpt":{"rendered":"<ul>\n<li>\n<p data-path-to-node=\"7,0,0\"><b data-path-to-node=\"7,0,0\" data-index-in-node=\"0\">Algod\u00f3n pesado de primera calidad:<\/b> Fabricado con tejido de algod\u00f3n duradero de 250 g\/m\u00b2 para una excelente absorci\u00f3n y una sensaci\u00f3n de alta calidad.<\/p>\n<\/li>\n<li>\n<p data-path-to-node=\"7,1,0\"><b data-path-to-node=\"7,1,0\" data-index-in-node=\"0\">Amplia zona para la marca:<\/b> Las generosas dimensiones de 45 x 70 cm proporcionan la m\u00e1xima visibilidad para su logotipo o dise\u00f1o personalizado.<\/p>\n<\/li>\n<li>\n<p data-path-to-node=\"7,2,0\"><b data-path-to-node=\"7,2,0\" data-index-in-node=\"0\">Personalizaci\u00f3n vers\u00e1til:<\/b> Admite serigraf\u00eda en hasta 3 colores distintos (incluido el blanco) para obtener dise\u00f1os n\u00edtidos y duraderos.<\/p>\n<\/li>\n<li>\n<p data-path-to-node=\"7,3,0\"><b data-path-to-node=\"7,3,0\" data-index-in-node=\"0\">Ideal para hosteler\u00eda y comercio minorista:<\/b> Perfecto para restaurantes, obsequios corporativos, colecciones de productos y promociones de decoraci\u00f3n del inicio.<\/p>\n<\/li>\n<\/ul>","protected":false},"featured_media":6852,"comment_status":"closed","ping_status":"closed","template":"","meta":[],"product_brand":[],"product_cat":[122],"product_tag":[],"class_list":{"0":"post-6851","1":"product","2":"type-product","3":"status-publish","4":"has-post-thumbnail","6":"product_cat-promotional-accessories","8":"first","9":"instock","10":"shipping-taxable","11":"purchasable","12":"product-type-simple"},"_links":{"self":[{"href":"https:\/\/displayproducts.eu\/es\/wp-json\/wp\/v2\/product\/6851","targetHints":{"allow":["GET"]}}],"collection":[{"href":"https:\/\/displayproducts.eu\/es\/wp-json\/wp\/v2\/product"}],"about":[{"href":"https:\/\/displayproducts.eu\/es\/wp-json\/wp\/v2\/types\/product"}],"replies":[{"embeddable":true,"href":"https:\/\/displayproducts.eu\/es\/wp-json\/wp\/v2\/comments?post=6851"}],"wp:featuredmedia":[{"embeddable":true,"href":"https:\/\/displayproducts.eu\/es\/wp-json\/wp\/v2\/media\/6852"}],"wp:attachment":[{"href":"https:\/\/displayproducts.eu\/es\/wp-json\/wp\/v2\/media?parent=6851"}],"wp:term":[{"taxonomy":"product_brand","embeddable":true,"href":"https:\/\/displayproducts.eu\/es\/wp-json\/wp\/v2\/product_brand?post=6851"},{"taxonomy":"product_cat","embeddable":true,"href":"https:\/\/displayproducts.eu\/es\/wp-json\/wp\/v2\/product_cat?post=6851"},{"taxonomy":"product_tag","embeddable":true,"href":"https:\/\/displayproducts.eu\/es\/wp-json\/wp\/v2\/product_tag?post=6851"}],"curies":[{"name":"wp","href":"https:\/\/api.w.org\/{rel}","templated":true}]}}