{"id":6849,"date":"2026-01-15T15:09:32","date_gmt":"2026-01-15T12:09:32","guid":{"rendered":"https:\/\/wristbandfactory.eu\/?post_type=product&#038;p=6849"},"modified":"2026-04-01T21:52:34","modified_gmt":"2026-04-01T18:52:34","slug":"custom-printed-bike-seat-covers-waterproof-reflective-eco-options","status":"publish","type":"product","link":"https:\/\/displayproducts.eu\/es\/p\/custom-printed-bike-seat-covers-waterproof-reflective-eco-options\/","title":{"rendered":"Fundas de sill\u00edn de bicicleta personalizadas"},"content":{"rendered":"<p data-path-to-node=\"8\">Proteja los asientos de sus bicicletas de la lluvia y la suciedad, a la vez que maximiza la visibilidad de su marca en entornos urbanos. <b data-path-to-node=\"8\" data-index-in-node=\"133\">Fundas de asiento de bicicleta con impresi\u00f3n personalizada<\/b> Son la herramienta de marketing de guerrilla definitiva, ofreciendo alta visibilidad en estacionamientos de bicicletas abarrotados y en centros urbanos.<\/p>\n<p data-path-to-node=\"9\">En lugar de limitarte a un solo estilo, ofrecemos una gama completa de materiales que se adapta a los objetivos de tu campa\u00f1a y a tu presupuesto. Ya sea que necesites una soluci\u00f3n sostenible con pl\u00e1stico reciclado o una cubierta reflectante de seguridad para quienes viajan en invierno, fabricamos seg\u00fan tus especificaciones exactas.<\/p>\n<h3 data-path-to-node=\"10\">Caracter\u00edsticas principales y opciones de materiales<\/h3>\n<ul data-path-to-node=\"11\">\n<li>\n<p data-path-to-node=\"11,0,0\"><b data-path-to-node=\"11,0,0\" data-index-in-node=\"0\">Promoci\u00f3n est\u00e1ndar (poli\u00e9ster 210D):<\/b> La opci\u00f3n m\u00e1s popular para distribuci\u00f3n masiva. Ligero, resistente al agua y econ\u00f3mico.<\/p>\n<\/li>\n<li>\n<p data-path-to-node=\"11,1,0\"><b data-path-to-node=\"11,1,0\" data-index-in-node=\"0\">Ecol\u00f3gico (RPET reciclado):<\/b> Hecho con botellas de pl\u00e1stico recicladas. Perfecto para campa\u00f1as ecol\u00f3gicas. Disponible con base blanca o con PMS personalizado.<\/p>\n<\/li>\n<li>\n<p data-path-to-node=\"11,2,0\"><b data-path-to-node=\"11,2,0\" data-index-in-node=\"0\">La seguridad es lo primero (reflectante):<\/b> Cuenta con paneles laterales de tela reflectante para garantizar la visibilidad nocturna de los ciclistas. Un regalo de seguridad funcional que quienes lo reciben valoran.<\/p>\n<\/li>\n<li>\n<p data-path-to-node=\"11,3,0\"><b data-path-to-node=\"11,3,0\" data-index-in-node=\"0\">M\u00e1xima durabilidad (laminado de PVC):<\/b> Tejido 210T con una capa de laminaci\u00f3n de PVC impermeable. La opci\u00f3n m\u00e1s resistente para condiciones clim\u00e1ticas extremas.<\/p>\n<\/li>\n<\/ul>\n<h3 data-path-to-node=\"12\">Personalizaci\u00f3n y marca<\/h3>\n<ul data-path-to-node=\"13\">\n<li>\n<p data-path-to-node=\"13,0,0\"><b data-path-to-node=\"13,0,0\" data-index-in-node=\"0\">Coincidencia de colores completa:<\/b> Podemos aproximar los colores de los materiales est\u00e1ndar a su tono Pantone (PMS) corporativo.<\/p>\n<\/li>\n<li>\n<p data-path-to-node=\"13,1,0\"><b data-path-to-node=\"13,1,0\" data-index-in-node=\"0\">Ubicaci\u00f3n del logotipo:<\/b> Gran \u00e1rea de impresi\u00f3n en la superficie superior, adem\u00e1s de opciones de impresi\u00f3n lateral (excluyendo modelos reflectantes) para una visibilidad de 360 grados.<\/p>\n<\/li>\n<li>\n<p data-path-to-node=\"13,2,0\"><b data-path-to-node=\"13,2,0\" data-index-in-node=\"0\">Estilos de archivo adjunto:<\/b> Elija entre una banda el\u00e1stica est\u00e1ndar en blanco y negro o actualice a un cord\u00f3n el\u00e1stico elegante \u201cinvisible\u201d para una apariencia m\u00e1s limpia.<\/p>\n<\/li>\n<\/ul>\n<h3 data-path-to-node=\"14\">Presupuesto<\/h3>\n<ul data-path-to-node=\"15\">\n<li>\n<p data-path-to-node=\"15,0,0\"><b data-path-to-node=\"15,0,0\" data-index-in-node=\"0\">Dimensiones:<\/b> Aprox. 24 x 26 cm (se adapta a la mayor\u00eda de los sillines est\u00e1ndar).<\/p>\n<\/li>\n<li>\n<p data-path-to-node=\"15,1,0\"><b data-path-to-node=\"15,1,0\" data-index-in-node=\"0\">Pesos del material:<\/b> Opciones 210D (est\u00e1ndar), 210T (versi\u00f3n PVC), RPET.<\/p>\n<\/li>\n<li>\n<p data-path-to-node=\"15,2,0\"><b data-path-to-node=\"15,2,0\" data-index-in-node=\"0\">Resistencia al agua:<\/b> Recubrimientos hidr\u00f3fugos sobre Poli\u00e9ster\/RPET; Impermeabilizaci\u00f3n laminada sobre modelos de PVC.<\/p>\n<\/li>\n<li>\n<p data-path-to-node=\"15,3,0\"><b data-path-to-node=\"15,3,0\" data-index-in-node=\"0\">Cantidad m\u00ednima de pedido:<\/b> 250 piezas<\/p>\n<\/li>\n<\/ul>","protected":false},"excerpt":{"rendered":"<ul>\n<li>\n<p data-path-to-node=\"7,0,0\"><b data-path-to-node=\"7,0,0\" data-index-in-node=\"0\">Visibilidad de alto impacto:<\/b> Convierta cada bicicleta en una valla publicitaria m\u00f3vil con impresi\u00f3n personalizada en toda la superficie.<\/p>\n<\/li>\n<li>\n<p data-path-to-node=\"7,1,0\"><b data-path-to-node=\"7,1,0\" data-index-in-node=\"0\">Elecci\u00f3n vers\u00e1til de materiales:<\/b> Disponible en poli\u00e9ster 210D est\u00e1ndar, RPET ecol\u00f3gico, reflectante de alta visibilidad o PVC de alta resistencia.<\/p>\n<\/li>\n<li>\n<p data-path-to-node=\"7,2,0\"><b data-path-to-node=\"7,2,0\" data-index-in-node=\"0\">Ajuste universal:<\/b> Tama\u00f1o est\u00e1ndar de 24 \u00d7 26 cm con banda el\u00e1stica que se adapta a la mayor\u00eda de los sillines de bicicletas urbanas y deportivas.<\/p>\n<\/li>\n<li>\n<p data-path-to-node=\"7,3,0\"><b data-path-to-node=\"7,3,0\" data-index-in-node=\"0\">Ideal para marketing de guerrilla:<\/b> Perfecto para campa\u00f1as universitarias, eventos urbanos, tiendas de bicicletas y promociones de conciencia ecol\u00f3gica.<\/p>\n<\/li>\n<\/ul>","protected":false},"featured_media":6850,"comment_status":"closed","ping_status":"closed","template":"","meta":[],"product_brand":[],"product_cat":[129,118],"product_tag":[],"class_list":{"0":"post-6849","1":"product","2":"type-product","3":"status-publish","4":"has-post-thumbnail","6":"product_cat-leisure-lifestyle","7":"product_cat-sports-fitness","9":"first","10":"instock","11":"shipping-taxable","12":"product-type-simple"},"_links":{"self":[{"href":"https:\/\/displayproducts.eu\/es\/wp-json\/wp\/v2\/product\/6849","targetHints":{"allow":["GET"]}}],"collection":[{"href":"https:\/\/displayproducts.eu\/es\/wp-json\/wp\/v2\/product"}],"about":[{"href":"https:\/\/displayproducts.eu\/es\/wp-json\/wp\/v2\/types\/product"}],"replies":[{"embeddable":true,"href":"https:\/\/displayproducts.eu\/es\/wp-json\/wp\/v2\/comments?post=6849"}],"wp:featuredmedia":[{"embeddable":true,"href":"https:\/\/displayproducts.eu\/es\/wp-json\/wp\/v2\/media\/6850"}],"wp:attachment":[{"href":"https:\/\/displayproducts.eu\/es\/wp-json\/wp\/v2\/media?parent=6849"}],"wp:term":[{"taxonomy":"product_brand","embeddable":true,"href":"https:\/\/displayproducts.eu\/es\/wp-json\/wp\/v2\/product_brand?post=6849"},{"taxonomy":"product_cat","embeddable":true,"href":"https:\/\/displayproducts.eu\/es\/wp-json\/wp\/v2\/product_cat?post=6849"},{"taxonomy":"product_tag","embeddable":true,"href":"https:\/\/displayproducts.eu\/es\/wp-json\/wp\/v2\/product_tag?post=6849"}],"curies":[{"name":"wp","href":"https:\/\/api.w.org\/{rel}","templated":true}]}}