{"id":6846,"date":"2026-01-15T13:19:07","date_gmt":"2026-01-15T10:19:07","guid":{"rendered":"https:\/\/wristbandfactory.eu\/?post_type=product&#038;p=6846"},"modified":"2026-04-01T21:52:34","modified_gmt":"2026-04-01T18:52:34","slug":"custom-printed-polyester-ski-bibs-race-vests","status":"publish","type":"product","link":"https:\/\/displayproducts.eu\/es\/p\/custom-printed-polyester-ski-bibs-race-vests\/","title":{"rendered":"Dorsales de esqu\u00ed y petos de competici\u00f3n personalizados"},"content":{"rendered":"<p data-path-to-node=\"9\">Realce la imagen profesional de su evento de deportes de invierno, marat\u00f3n o escuela de esqu\u00ed con nuestros petos de esqu\u00ed de poli\u00e9ster con estampado personalizado. Dise\u00f1ados espec\u00edficamente para uso activo, estos chalecos de competici\u00f3n sirven como el principal identificador para los competidores y ofrecen una visibilidad privilegiada para los patrocinadores.<\/p>\n<p data-path-to-node=\"10\">A diferencia de las pegatinas est\u00e1ndar o los n\u00fameros de papel, que pueden romperse o desprenderse con la humedad, nuestros petos de poli\u00e9ster est\u00e1n dise\u00f1ados para resistir la nieve, el viento y el movimiento. Su tama\u00f1o de 33 x 50 cm es universal y se adapta a adultos y ni\u00f1os, y se puede colocar f\u00e1cilmente sobre ropa de invierno abultada o ropa deportiva ligera.<\/p>\n<p data-path-to-node=\"11\"><b data-path-to-node=\"11\" data-index-in-node=\"0\">Caracter\u00edsticas principales<\/b><\/p>\n<ul data-path-to-node=\"12\">\n<li>\n<p data-path-to-node=\"12,0,0\"><b data-path-to-node=\"12,0,0\" data-index-in-node=\"0\">Numeraci\u00f3n secuencial:<\/b> Simplifique la organizaci\u00f3n de la carrera. Ofrecemos impresi\u00f3n de datos variables (VDP), lo que permite que cada dorsal tenga un n\u00famero de salida \u00fanico, el nombre del participante o un c\u00f3digo QR integrado directamente en el dise\u00f1o.<\/p>\n<\/li>\n<li>\n<p data-path-to-node=\"12,1,0\"><b data-path-to-node=\"12,1,0\" data-index-in-node=\"0\">Marca de alta visibilidad:<\/b> Mediante la impresi\u00f3n avanzada por sublimaci\u00f3n de tinta, sus logotipos y gr\u00e1ficos de patrocinadores se integran en la tela. Esto garantiza que los colores se mantengan vibrantes y no se agrieten ni se descascarillen, incluso en temperaturas g\u00e9lidas.<\/p>\n<\/li>\n<li>\n<p data-path-to-node=\"12,2,0\"><b data-path-to-node=\"12,2,0\" data-index-in-node=\"0\">Comodidad y movilidad:<\/b> El dise\u00f1o de lado abierto con bandas de conexi\u00f3n el\u00e1sticas garantiza un movimiento sin restricciones para esquiadores y corredores mientras mantiene el dorsal firmemente en su lugar.<\/p>\n<\/li>\n<li>\n<p data-path-to-node=\"12,3,0\"><b data-path-to-node=\"12,3,0\" data-index-in-node=\"0\">Reutilizable y lavable:<\/b> Fabricados con poli\u00e9ster 100%, estos chalecos se pueden recolectar, lavar y reutilizar para eventos de varios d\u00edas o temporadas recurrentes, lo que ofrece un excelente retorno de la inversi\u00f3n.<\/p>\n<\/li>\n<\/ul>\n<p data-path-to-node=\"13\"><b data-path-to-node=\"13\" data-index-in-node=\"0\">Presupuesto<\/b><\/p>\n<ul data-path-to-node=\"14\">\n<li>\n<p data-path-to-node=\"14,0,0\"><b data-path-to-node=\"14,0,0\" data-index-in-node=\"0\">Material:<\/b> 100% Poli\u00e9ster duradero<\/p>\n<\/li>\n<li>\n<p data-path-to-node=\"14,1,0\"><b data-path-to-node=\"14,1,0\" data-index-in-node=\"0\">Dimensiones:<\/b> 33 cm (ancho) x 50 cm (alto)<\/p>\n<\/li>\n<li>\n<p data-path-to-node=\"14,2,0\"><b data-path-to-node=\"14,2,0\" data-index-in-node=\"0\">Fijaci\u00f3n:<\/b> Correas laterales el\u00e1sticas para un ajuste flexible.<\/p>\n<\/li>\n<li>\n<p data-path-to-node=\"14,3,0\"><b data-path-to-node=\"14,3,0\" data-index-in-node=\"0\">M\u00e9todo de impresi\u00f3n:<\/b> Sublimaci\u00f3n de tinta a todo color o transferencia de calor<\/p>\n<\/li>\n<li>\n<p data-path-to-node=\"14,4,0\"><b data-path-to-node=\"14,4,0\" data-index-in-node=\"0\">Personalizaci\u00f3n:<\/b> Logotipos, fondos y n\u00fameros individuales (001-999+)<\/p>\n<\/li>\n<\/ul>\n<p data-path-to-node=\"15\"><b data-path-to-node=\"15\" data-index-in-node=\"0\">Casos de uso<\/b><\/p>\n<ul data-path-to-node=\"16\">\n<li>\n<p data-path-to-node=\"16,0,0\"><b data-path-to-node=\"16,0,0\" data-index-in-node=\"0\">Escuelas de esqu\u00ed y snowboard:<\/b> Identifique claramente a los instructores y estudiantes en las pistas.<\/p>\n<\/li>\n<li>\n<p data-path-to-node=\"16,1,0\"><b data-path-to-node=\"16,1,0\" data-index-in-node=\"0\">Carreras competitivas:<\/b> Imprescindible para biatlones, maratones y triatlones que requieren una numeraci\u00f3n diferenciada para cada competidor.<\/p>\n<\/li>\n<li>\n<p data-path-to-node=\"16,2,0\"><b data-path-to-node=\"16,2,0\" data-index-in-node=\"0\">Eventos corporativos:<\/b> Ejercicios de team building y jornadas deportivas de empresa.<\/p>\n<\/li>\n<li>\n<p data-path-to-node=\"16,3,0\"><b data-path-to-node=\"16,3,0\" data-index-in-node=\"0\">Personal del evento:<\/b> Identificaci\u00f3n de alta visibilidad para comisarios de pista, seguridad y equipos m\u00e9dicos.<\/p>\n<\/li>\n<\/ul>\n<p data-path-to-node=\"17\">","protected":false},"excerpt":{"rendered":"<ul data-path-to-node=\"8\">\n<li>\n<p data-path-to-node=\"8,0,0\"><b data-path-to-node=\"8,0,0\" data-index-in-node=\"0\">Ajuste universal:<\/b> Dimensiones de 33x50cm con correas laterales el\u00e1sticas, dise\u00f1adas para ajustarse c\u00f3modamente sobre chaquetas de esqu\u00ed o ropa deportiva.<\/p>\n<\/li>\n<li>\n<p data-path-to-node=\"8,1,0\"><b data-path-to-node=\"8,1,0\" data-index-in-node=\"0\">Impresi\u00f3n de datos variables:<\/b> Podemos imprimir n\u00fameros o nombres secuenciales \u00fanicos en cada dorsal junto con la marca de su evento.<\/p>\n<\/li>\n<li>\n<p data-path-to-node=\"8,2,0\"><b data-path-to-node=\"8,2,0\" data-index-in-node=\"0\">Poli\u00e9ster duradero:<\/b> Tejido ligero y resistente a la intemperie, ideal para deportes de invierno y competiciones al aire libre.<\/p>\n<\/li>\n<li>\n<p data-path-to-node=\"8,3,0\"><b data-path-to-node=\"8,3,0\" data-index-in-node=\"0\">Personalizaci\u00f3n completa:<\/b> Capacidad de impresi\u00f3n por sublimaci\u00f3n de borde a borde para logotipos corporativos vibrantes y duraderos.<\/p>\n<\/li>\n<\/ul>","protected":false},"featured_media":6847,"comment_status":"closed","ping_status":"closed","template":"","meta":[],"product_brand":[],"product_cat":[68,118],"product_tag":[],"class_list":{"0":"post-6846","1":"product","2":"type-product","3":"status-publish","4":"has-post-thumbnail","6":"product_cat-event-supplies","7":"product_cat-sports-fitness","9":"first","10":"instock","11":"shipping-taxable","12":"purchasable","13":"product-type-simple"},"_links":{"self":[{"href":"https:\/\/displayproducts.eu\/es\/wp-json\/wp\/v2\/product\/6846","targetHints":{"allow":["GET"]}}],"collection":[{"href":"https:\/\/displayproducts.eu\/es\/wp-json\/wp\/v2\/product"}],"about":[{"href":"https:\/\/displayproducts.eu\/es\/wp-json\/wp\/v2\/types\/product"}],"replies":[{"embeddable":true,"href":"https:\/\/displayproducts.eu\/es\/wp-json\/wp\/v2\/comments?post=6846"}],"wp:featuredmedia":[{"embeddable":true,"href":"https:\/\/displayproducts.eu\/es\/wp-json\/wp\/v2\/media\/6847"}],"wp:attachment":[{"href":"https:\/\/displayproducts.eu\/es\/wp-json\/wp\/v2\/media?parent=6846"}],"wp:term":[{"taxonomy":"product_brand","embeddable":true,"href":"https:\/\/displayproducts.eu\/es\/wp-json\/wp\/v2\/product_brand?post=6846"},{"taxonomy":"product_cat","embeddable":true,"href":"https:\/\/displayproducts.eu\/es\/wp-json\/wp\/v2\/product_cat?post=6846"},{"taxonomy":"product_tag","embeddable":true,"href":"https:\/\/displayproducts.eu\/es\/wp-json\/wp\/v2\/product_tag?post=6846"}],"curies":[{"name":"wp","href":"https:\/\/api.w.org\/{rel}","templated":true}]}}