{"id":6842,"date":"2026-01-13T11:51:23","date_gmt":"2026-01-13T08:51:23","guid":{"rendered":"https:\/\/wristbandfactory.eu\/?post_type=product&#038;p=6842"},"modified":"2026-04-01T21:52:03","modified_gmt":"2026-04-01T18:52:03","slug":"numbered-fabric-wristbands","status":"publish","type":"product","link":"https:\/\/displayproducts.eu\/es\/p\/numbered-fabric-wristbands\/","title":{"rendered":"Pulseras de tela numeradas"},"content":{"rendered":"<p data-path-to-node=\"10\">Controle la seguridad y la log\u00edstica de su evento con nuestras pulseras de tela personalizadas con numeraci\u00f3n secuencial. Mientras que las pulseras de marca est\u00e1ndar ofrecen identificaci\u00f3n visual, las pulseras numeradas aportan una utilidad crucial para los organizadores de eventos profesionales. Ya sea que gestione un festival, una conferencia corporativa o un recinto con acceso restringido, tener un identificador \u00fanico en cada pulsera agilizar\u00e1 sus operaciones.<\/p>\n<p data-path-to-node=\"11\">Estas pulseras son esenciales para eventos que requieren l\u00edmites estrictos de aforo o el registro de datos de invitados. La numeraci\u00f3n se puede imprimir directamente en la tela o grabar con l\u00e1ser en el cierre deslizante, lo que garantiza su legibilidad durante todo el evento. Esta caracter\u00edstica convierte un accesorio est\u00e1ndar en una herramienta pr\u00e1ctica para la gesti\u00f3n de multitudes y la conciliaci\u00f3n de datos.<\/p>\n<h2 data-path-to-node=\"12\">Caracter\u00edsticas principales<\/h2>\n<ul data-path-to-node=\"13\">\n<li>\n<p data-path-to-node=\"13,0,0\"><b data-path-to-node=\"13,0,0\" data-index-in-node=\"0\">Opciones de numeraci\u00f3n secuencial:<\/b> Elija entre n\u00fameros impresos en la superficie de la banda o grabado l\u00e1ser en el cierre de pl\u00e1stico\/metal.<\/p>\n<\/li>\n<li>\n<p data-path-to-node=\"13,1,0\"><b data-path-to-node=\"13,1,0\" data-index-in-node=\"0\">Marca de alta resoluci\u00f3n:<\/b> Disponible en estilos de sublimaci\u00f3n de tinta (acabado fotorrealista) y tejido (aspecto cl\u00e1sico de festival).<\/p>\n<\/li>\n<li>\n<p data-path-to-node=\"13,2,0\"><b data-path-to-node=\"13,2,0\" data-index-in-node=\"0\">Materiales duraderos:<\/b> Fabricado con poli\u00e9ster de alta calidad que es c\u00f3modo para usar durante varios d\u00edas y resistente al agua y al desgarro.<\/p>\n<\/li>\n<li>\n<p data-path-to-node=\"13,3,0\"><b data-path-to-node=\"13,3,0\" data-index-in-node=\"0\">Serie personalizada:<\/b> Podemos adaptar rangos de n\u00fameros espec\u00edficos (por ejemplo, 0001\u20131000) o c\u00f3digos alfanum\u00e9ricos para que coincidan con su sistema de emisi\u00f3n de tickets.<\/p>\n<\/li>\n<\/ul>\n<h2 data-path-to-node=\"14\">Presupuesto<\/h2>\n<ul data-path-to-node=\"15\">\n<li>\n<p data-path-to-node=\"15,0,0\"><b data-path-to-node=\"15,0,0\" data-index-in-node=\"0\">Material:<\/b> 100% Poli\u00e9ster (acabado satinado o tejido).<\/p>\n<\/li>\n<li>\n<p data-path-to-node=\"15,1,0\"><b data-path-to-node=\"15,1,0\" data-index-in-node=\"0\">Tama\u00f1o est\u00e1ndar:<\/b> 15 mm x 350 mm o 20 mm x 350 mm (talla \u00fanica).<\/p>\n<\/li>\n<li>\n<p data-path-to-node=\"15,2,0\"><b data-path-to-node=\"15,2,0\" data-index-in-node=\"0\">T\u00e9cnica de numeraci\u00f3n:<\/b> Inyecci\u00f3n de tinta o grabado l\u00e1ser.<\/p>\n<\/li>\n<li>\n<p data-path-to-node=\"15,3,0\"><b data-path-to-node=\"15,3,0\" data-index-in-node=\"0\">Opciones de bloqueo:<\/b> Cierre deslizante de pl\u00e1stico unidireccional (seguro) o cord\u00f3n reutilizable (promocional).<\/p>\n<\/li>\n<li>\n<p data-path-to-node=\"15,4,0\"><b data-path-to-node=\"15,4,0\" data-index-in-node=\"0\">Pedido m\u00ednimo:<\/b> 100 unidades.<\/p>\n<\/li>\n<\/ul>\n<h2 data-path-to-node=\"16\">Casos de uso<\/h2>\n<ul data-path-to-node=\"17\">\n<li>\n<p data-path-to-node=\"17,0,0\"><b data-path-to-node=\"17,0,0\" data-index-in-node=\"0\">Festivales y conciertos:<\/b> Realice un seguimiento de las cifras de asistencia diaria y haga coincidir las pulseras con la cantidad de entradas vendidas.<\/p>\n<\/li>\n<li>\n<p data-path-to-node=\"17,1,0\"><b data-path-to-node=\"17,1,0\" data-index-in-node=\"0\">Guardarropa y equipaje:<\/b> Utilice el n\u00famero de pulsera como etiqueta de reclamo segura para los art\u00edculos facturados.<\/p>\n<\/li>\n<li>\n<p data-path-to-node=\"17,2,0\"><b data-path-to-node=\"17,2,0\" data-index-in-node=\"0\">Sorteos y concursos:<\/b> Utilice la identificaci\u00f3n \u00fanica para sorteos aleatorios de premios directamente desde el escenario.<\/p>\n<\/li>\n<li>\n<p data-path-to-node=\"17,3,0\"><b data-path-to-node=\"17,3,0\" data-index-in-node=\"0\">Control de acceso VIP:<\/b> Verifique invitados espec\u00edficos con una lista maestra de invitados usando su n\u00famero \u00fanico.<\/p>\n<\/li>\n<\/ul>","protected":false},"excerpt":{"rendered":"<ul>\n<li>\n<p data-path-to-node=\"8,0,0\"><b data-path-to-node=\"8,0,0\" data-index-in-node=\"0\">Seguridad y seguimiento mejorados:<\/b> La numeraci\u00f3n secuencial \u00fanica permite un control preciso del n\u00famero de personas y una f\u00e1cil identificaci\u00f3n de los hu\u00e9spedes.<\/p>\n<\/li>\n<li>\n<p data-path-to-node=\"8,1,0\"><b data-path-to-node=\"8,1,0\" data-index-in-node=\"0\">Coincidencia de entradas:<\/b> Perfecto para vincular pulseras espec\u00edficas a n\u00fameros de boletos, art\u00edculos de guardarropa o entradas a rifas VIP.<\/p>\n<\/li>\n<li>\n<p data-path-to-node=\"8,2,0\"><b data-path-to-node=\"8,2,0\" data-index-in-node=\"0\">Personalizaci\u00f3n Premium:<\/b> Impresi\u00f3n por sublimaci\u00f3n a todo color o dise\u00f1os tejidos combinados con numeraci\u00f3n duradera y claramente visible.<\/p>\n<\/li>\n<li>\n<p data-path-to-node=\"8,3,0\"><b data-path-to-node=\"8,3,0\" data-index-in-node=\"0\">Bloqueo a prueba de manipulaciones:<\/b> Equipado con cerraduras deslizantes seguras para evitar la transferencia o reutilizaci\u00f3n no autorizada durante eventos de varios d\u00edas.<\/p>\n<\/li>\n<\/ul>","protected":false},"featured_media":6844,"comment_status":"closed","ping_status":"closed","template":"","meta":[],"product_brand":[],"product_cat":[47],"product_tag":[],"class_list":{"0":"post-6842","1":"product","2":"type-product","3":"status-publish","4":"has-post-thumbnail","6":"product_cat-fabric-wristbands","8":"first","9":"instock","10":"shipping-taxable","11":"purchasable","12":"product-type-simple"},"_links":{"self":[{"href":"https:\/\/displayproducts.eu\/es\/wp-json\/wp\/v2\/product\/6842","targetHints":{"allow":["GET"]}}],"collection":[{"href":"https:\/\/displayproducts.eu\/es\/wp-json\/wp\/v2\/product"}],"about":[{"href":"https:\/\/displayproducts.eu\/es\/wp-json\/wp\/v2\/types\/product"}],"replies":[{"embeddable":true,"href":"https:\/\/displayproducts.eu\/es\/wp-json\/wp\/v2\/comments?post=6842"}],"wp:featuredmedia":[{"embeddable":true,"href":"https:\/\/displayproducts.eu\/es\/wp-json\/wp\/v2\/media\/6844"}],"wp:attachment":[{"href":"https:\/\/displayproducts.eu\/es\/wp-json\/wp\/v2\/media?parent=6842"}],"wp:term":[{"taxonomy":"product_brand","embeddable":true,"href":"https:\/\/displayproducts.eu\/es\/wp-json\/wp\/v2\/product_brand?post=6842"},{"taxonomy":"product_cat","embeddable":true,"href":"https:\/\/displayproducts.eu\/es\/wp-json\/wp\/v2\/product_cat?post=6842"},{"taxonomy":"product_tag","embeddable":true,"href":"https:\/\/displayproducts.eu\/es\/wp-json\/wp\/v2\/product_tag?post=6842"}],"curies":[{"name":"wp","href":"https:\/\/api.w.org\/{rel}","templated":true}]}}