{"id":6841,"date":"2026-01-13T11:36:59","date_gmt":"2026-01-13T08:36:59","guid":{"rendered":"https:\/\/wristbandfactory.eu\/?post_type=product&#038;p=6841"},"modified":"2026-04-01T21:52:34","modified_gmt":"2026-04-01T18:52:34","slug":"custom-hard-pvc-tags-for-wristbands-qr-barcode-rfid-ready","status":"publish","type":"product","link":"https:\/\/displayproducts.eu\/es\/p\/custom-hard-pvc-tags-for-wristbands-qr-barcode-rfid-ready\/","title":{"rendered":"Placas de PVC r\u00edgido para pulseras de tela"},"content":{"rendered":"<p data-path-to-node=\"10\">Transforme las pulseras est\u00e1ndar para eventos en herramientas inteligentes de control de acceso con nuestras etiquetas personalizadas de PVC r\u00edgido. Estos deslizadores r\u00edgidos est\u00e1n dise\u00f1ados para enroscarse directamente en las pulseras de tela, proporcionando una superficie plana y duradera, optimizada espec\u00edficamente para datos escaneables. A diferencia de las superficies de tela blanda, donde los c\u00f3digos QR pueden distorsionarse, las etiquetas de PVC r\u00edgido garantizan la escaneabilidad 100% para pagos sin efectivo, venta de entradas e integraci\u00f3n en redes sociales.<\/p>\n<h3 data-path-to-node=\"11\">Caracter\u00edsticas principales<\/h3>\n<ul data-path-to-node=\"12\">\n<li>\n<p data-path-to-node=\"12,0,0\"><b data-path-to-node=\"12,0,0\" data-index-in-node=\"0\">Impresi\u00f3n de datos variables:<\/b> Podemos imprimir c\u00f3digos QR \u00fanicos, c\u00f3digos de barras o n\u00fameros de serie secuenciales en cada etiqueta, lo que permite el seguimiento de cada hu\u00e9sped y un control de acceso seguro.<\/p>\n<\/li>\n<li>\n<p data-path-to-node=\"12,1,0\"><b data-path-to-node=\"12,1,0\" data-index-in-node=\"0\">Construcci\u00f3n Premium:<\/b> Fabricadas con PVC duro de alta calidad, estas etiquetas resisten la flexi\u00f3n, el agua y la exposici\u00f3n a los rayos UV, lo que las hace superiores a las alternativas de papel laminado.<\/p>\n<\/li>\n<li>\n<p data-path-to-node=\"12,2,0\"><b data-path-to-node=\"12,2,0\" data-index-in-node=\"0\">Marca vibrante:<\/b> La superficie blanca suave act\u00faa como un lienzo perfecto para logotipos n\u00edtidos y a todo color y marcas de patrocinadores que se destacan sobre la correa de tela.<\/p>\n<\/li>\n<li>\n<p data-path-to-node=\"12,3,0\"><b data-path-to-node=\"12,3,0\" data-index-in-node=\"0\">Capacidad RFID\/NFC:<\/b> Disponible con chips RFID o NFC integrados a pedido para sistemas de entrada sin contacto y pago sin efectivo.<\/p>\n<\/li>\n<\/ul>\n<h3 data-path-to-node=\"13\">Presupuesto<\/h3>\n<ul data-path-to-node=\"14\">\n<li>\n<p data-path-to-node=\"14,0,0\"><b data-path-to-node=\"14,0,0\" data-index-in-node=\"0\">Material:<\/b> PVC r\u00edgido duro (cloruro de polivinilo)<\/p>\n<\/li>\n<li>\n<p data-path-to-node=\"14,1,0\"><b data-path-to-node=\"14,1,0\" data-index-in-node=\"0\">Dimensiones:<\/b> Tama\u00f1os est\u00e1ndar disponibles (por ejemplo, 26 x 33 mm, 30 x 40 mm) o formas personalizadas.<\/p>\n<\/li>\n<li>\n<p data-path-to-node=\"14,2,0\"><b data-path-to-node=\"14,2,0\" data-index-in-node=\"0\">Compatibilidad:<\/b> Ranuras dise\u00f1adas para pulseras tejidas o de sat\u00e9n de 15 mm o 20 mm de ancho.<\/p>\n<\/li>\n<li>\n<p data-path-to-node=\"14,3,0\"><b data-path-to-node=\"14,3,0\" data-index-in-node=\"0\">M\u00e9todo de impresi\u00f3n:<\/b> Impresi\u00f3n digital UV o impresi\u00f3n offset para calidad fotogr\u00e1fica.<\/p>\n<\/li>\n<li>\n<p data-path-to-node=\"14,4,0\"><b data-path-to-node=\"14,4,0\" data-index-in-node=\"0\">Finalizar:<\/b> Disponible laminaci\u00f3n brillante o mate.<\/p>\n<\/li>\n<\/ul>\n<h3 data-path-to-node=\"15\">Casos de uso B2B<\/h3>\n<ul data-path-to-node=\"16\">\n<li>\n<p data-path-to-node=\"16,0,0\"><b data-path-to-node=\"16,0,0\" data-index-in-node=\"0\">Festivales de m\u00fasica:<\/b> Utilice c\u00f3digos QR para recargas sin efectivo y escaneo de entradas.<\/p>\n<\/li>\n<li>\n<p data-path-to-node=\"16,1,0\"><b data-path-to-node=\"16,1,0\" data-index-in-node=\"0\">Acceso VIP:<\/b> Etiquetas duras distintivas para identificar a invitados especiales o personal detr\u00e1s del escenario.<\/p>\n<\/li>\n<li>\n<p data-path-to-node=\"16,2,0\"><b data-path-to-node=\"16,2,0\" data-index-in-node=\"0\">Gesti\u00f3n de guardarropa:<\/b> Etiquetas numeradas adheridas a las pulseras para la recuperaci\u00f3n segura de art\u00edculos.<\/p>\n<\/li>\n<li>\n<p data-path-to-node=\"16,3,0\"><b data-path-to-node=\"16,3,0\" data-index-in-node=\"0\">Resorts y hoteles:<\/b> Llaves de habitaci\u00f3n duraderas o fichas de intercambio de toallas adheridas a las mu\u00f1ecas de los hu\u00e9spedes.<\/p>\n<\/li>\n<\/ul>","protected":false},"excerpt":{"rendered":"<ul>\n<li>\n<p data-path-to-node=\"9,0,0\"><b data-path-to-node=\"9,0,0\" data-index-in-node=\"0\">Soluci\u00f3n de identificaci\u00f3n inteligente:<\/b> Perfecto para integrar c\u00f3digos QR, c\u00f3digos de barras y n\u00fameros UID en pulseras de tela.<\/p>\n<\/li>\n<li>\n<p data-path-to-node=\"9,1,0\"><b data-path-to-node=\"9,1,0\" data-index-in-node=\"0\">Material duradero:<\/b> Fabricado en PVC r\u00edgido y resistente al agua que soporta eventos de varios d\u00edas y condiciones adversas.<\/p>\n<\/li>\n<li>\n<p data-path-to-node=\"9,2,0\"><b data-path-to-node=\"9,2,0\" data-index-in-node=\"0\">Personalizaci\u00f3n completa:<\/b> La impresi\u00f3n UV o offset de alta resoluci\u00f3n permite realizar logotipos vibrantes y escanear datos complejos.<\/p>\n<\/li>\n<li>\n<p data-path-to-node=\"9,3,0\"><b data-path-to-node=\"9,3,0\" data-index-in-node=\"0\">Ajuste universal:<\/b> Dise\u00f1ado con ranuras dobles para adaptarse perfectamente a pulseras de tela est\u00e1ndar de 15 mm y 20 mm.<\/p>\n<\/li>\n<\/ul>","protected":false},"featured_media":6840,"comment_status":"closed","ping_status":"closed","template":"","meta":[],"product_brand":[],"product_cat":[66,124],"product_tag":[],"class_list":{"0":"post-6841","1":"product","2":"type-product","3":"status-publish","4":"has-post-thumbnail","6":"product_cat-wristbands","7":"product_cat-id-solutions","9":"first","10":"instock","11":"shipping-taxable","12":"product-type-simple"},"_links":{"self":[{"href":"https:\/\/displayproducts.eu\/es\/wp-json\/wp\/v2\/product\/6841","targetHints":{"allow":["GET"]}}],"collection":[{"href":"https:\/\/displayproducts.eu\/es\/wp-json\/wp\/v2\/product"}],"about":[{"href":"https:\/\/displayproducts.eu\/es\/wp-json\/wp\/v2\/types\/product"}],"replies":[{"embeddable":true,"href":"https:\/\/displayproducts.eu\/es\/wp-json\/wp\/v2\/comments?post=6841"}],"wp:featuredmedia":[{"embeddable":true,"href":"https:\/\/displayproducts.eu\/es\/wp-json\/wp\/v2\/media\/6840"}],"wp:attachment":[{"href":"https:\/\/displayproducts.eu\/es\/wp-json\/wp\/v2\/media?parent=6841"}],"wp:term":[{"taxonomy":"product_brand","embeddable":true,"href":"https:\/\/displayproducts.eu\/es\/wp-json\/wp\/v2\/product_brand?post=6841"},{"taxonomy":"product_cat","embeddable":true,"href":"https:\/\/displayproducts.eu\/es\/wp-json\/wp\/v2\/product_cat?post=6841"},{"taxonomy":"product_tag","embeddable":true,"href":"https:\/\/displayproducts.eu\/es\/wp-json\/wp\/v2\/product_tag?post=6841"}],"curies":[{"name":"wp","href":"https:\/\/api.w.org\/{rel}","templated":true}]}}