{"id":6838,"date":"2026-01-13T10:28:34","date_gmt":"2026-01-13T07:28:34","guid":{"rendered":"https:\/\/wristbandfactory.eu\/?post_type=product&#038;p=6838"},"modified":"2026-04-01T21:52:03","modified_gmt":"2026-04-01T18:52:03","slug":"custom-printed-velvet-gift-bags-premium-drawstring-pouches","status":"publish","type":"product","link":"https:\/\/displayproducts.eu\/es\/p\/custom-printed-velvet-gift-bags-premium-drawstring-pouches\/","title":{"rendered":"Bolsas de terciopelo personalizadas"},"content":{"rendered":"<p data-path-to-node=\"9\">Crea una experiencia de unboxing inolvidable con nuestro <b data-path-to-node=\"9\" data-index-in-node=\"78\">Bolsas de regalo de terciopelo con impresi\u00f3n personalizada<\/b>. Dise\u00f1adas para minoristas de lujo, marcas de joyer\u00eda y organizadores de eventos corporativos, estas bolsas blandas ofrecen una forma sofisticada de embalar art\u00edculos peque\u00f1os. A diferencia de los embalajes est\u00e1ndar de pl\u00e1stico o papel, el terciopelo transmite durabilidad, elegancia y gran valor.<\/p>\n<p data-path-to-node=\"10\">Ya sea que necesite una bolsa peque\u00f1a para anillos o una bolsa m\u00e1s grande para cosm\u00e9ticos y dispositivos tecnol\u00f3gicos, ofrecemos total flexibilidad en tama\u00f1o y fabricaci\u00f3n.<\/p>\n<h2 data-path-to-node=\"11\">Caracter\u00edsticas clave de la marca<\/h2>\n<p data-path-to-node=\"12\">Ofrecemos tres m\u00e9todos de marca distintos para combinar con el estilo de su logotipo:<\/p>\n<ul data-path-to-node=\"13\">\n<li>\n<p data-path-to-node=\"13,0,0\"><b data-path-to-node=\"13,0,0\" data-index-in-node=\"0\">Serigraf\u00eda:<\/b> Ideal para colores s\u00f3lidos y llamativos y una marca clara.<\/p>\n<\/li>\n<li>\n<p data-path-to-node=\"13,1,0\"><b data-path-to-node=\"13,1,0\" data-index-in-node=\"0\">Estampado en caliente (l\u00e1mina):<\/b> Perfecto para marcas de lujo. A\u00f1ade un acabado brillante dorado o plateado que captura la luz contra la textura aterciopelada oscura.<\/p>\n<\/li>\n<li>\n<p data-path-to-node=\"13,2,0\"><b data-path-to-node=\"13,2,0\" data-index-in-node=\"0\">Grabado en bajorrelieve\/relieve:<\/b> Cree un efecto 3D sutil y t\u00e1ctil donde el logotipo se presiona sobre la tela para lograr una apariencia sobria y de alta gama.<\/p>\n<\/li>\n<\/ul>\n<h2 data-path-to-node=\"14\">Presupuesto<\/h2>\n<ul data-path-to-node=\"15\">\n<li>\n<p data-path-to-node=\"15,0,0\"><b data-path-to-node=\"15,0,0\" data-index-in-node=\"0\">Material:<\/b> Tejido de terciopelo suave de primera calidad.<\/p>\n<\/li>\n<li>\n<p data-path-to-node=\"15,1,0\"><b data-path-to-node=\"15,1,0\" data-index-in-node=\"0\">Estilos de cierre:<\/b> Cord\u00f3n de un solo lado o cord\u00f3n de dos lados (tira de ambos extremos).<\/p>\n<\/li>\n<li>\n<p data-path-to-node=\"15,2,0\"><b data-path-to-node=\"15,2,0\" data-index-in-node=\"0\">Materiales de la cuerda:<\/b> Cinta de raso, cord\u00f3n de PP, cuerda de algod\u00f3n o tira de terciopelo a juego.<\/p>\n<\/li>\n<li>\n<p data-path-to-node=\"15,3,0\"><b data-path-to-node=\"15,3,0\" data-index-in-node=\"0\">Bandera:<\/b> Amplia gama de colores de terciopelo est\u00e1ndar (negro, azul marino, rojo, gris, verde, etc.).<\/p>\n<\/li>\n<li>\n<p data-path-to-node=\"15,4,0\"><b data-path-to-node=\"15,4,0\" data-index-in-node=\"0\">Tallas:<\/b> Totalmente personalizable (por ejemplo, 5x7 cm, 8x10 cm, 10x15 cm, 15x20 cm y m\u00e1s grandes).<\/p>\n<\/li>\n<li>\n<p data-path-to-node=\"15,5,0\"><b data-path-to-node=\"15,5,0\" data-index-in-node=\"0\">Pedido m\u00ednimo:<\/b> Cantidades al por mayor disponibles.<\/p>\n<\/li>\n<\/ul>\n<h2 data-path-to-node=\"16\">Casos de uso comunes<\/h2>\n<ul data-path-to-node=\"17\">\n<li>\n<p data-path-to-node=\"17,0,0\"><b data-path-to-node=\"17,0,0\" data-index-in-node=\"0\">Embalaje de joyer\u00eda:<\/b> Anillos, collares, pendientes y relojes.<\/p>\n<\/li>\n<li>\n<p data-path-to-node=\"17,1,0\"><b data-path-to-node=\"17,1,0\" data-index-in-node=\"0\">Regalos corporativos:<\/b> Embalaje premium para unidades USB, medallas o monedas.<\/p>\n<\/li>\n<li>\n<p data-path-to-node=\"17,2,0\"><b data-path-to-node=\"17,2,0\" data-index-in-node=\"0\">Recuerdos de eventos:<\/b> Bodas, galas y regalos promocionales.<\/p>\n<\/li>\n<li>\n<p data-path-to-node=\"17,3,0\"><b data-path-to-node=\"17,3,0\" data-index-in-node=\"0\">Productos cosm\u00e9ticos:<\/b> Bolsas de lujo para herramientas de belleza y perfumes.<\/p>\n<\/li>\n<\/ul>","protected":false},"excerpt":{"rendered":"<ul data-path-to-node=\"8\">\n<li>\n<p data-path-to-node=\"8,0,0\"><b data-path-to-node=\"8,0,0\" data-index-in-node=\"0\">Textura suave de primera calidad:<\/b> Tela de terciopelo de alta calidad que a\u00f1ade un toque de lujo a cualquier producto o regalo.<\/p>\n<\/li>\n<li>\n<p data-path-to-node=\"8,1,0\"><b data-path-to-node=\"8,1,0\" data-index-in-node=\"0\">Personalizaci\u00f3n vers\u00e1til:<\/b> Elija entre serigraf\u00eda, estampado met\u00e1lico en caliente (oro\/plata) o elegante relieve.<\/p>\n<\/li>\n<li>\n<p data-path-to-node=\"8,2,0\"><b data-path-to-node=\"8,2,0\" data-index-in-node=\"0\">Dise\u00f1o flexible:<\/b> Disponible con cierres de cord\u00f3n simple o doble en varios materiales de cinta o cord\u00f3n.<\/p>\n<\/li>\n<li>\n<p data-path-to-node=\"8,3,0\"><b data-path-to-node=\"8,3,0\" data-index-in-node=\"0\">Hecho a medida:<\/b> Tama\u00f1os personalizados disponibles para adaptarse perfectamente a joyas, cosm\u00e9ticos, accesorios tecnol\u00f3gicos o regalos de eventos.<\/p>\n<\/li>\n<\/ul>","protected":false},"featured_media":6839,"comment_status":"closed","ping_status":"closed","template":"","meta":[],"product_brand":[],"product_cat":[131],"product_tag":[],"class_list":{"0":"post-6838","1":"product","2":"type-product","3":"status-publish","4":"has-post-thumbnail","6":"product_cat-custom-bags-totes","8":"first","9":"instock","10":"shipping-taxable","11":"purchasable","12":"product-type-simple"},"_links":{"self":[{"href":"https:\/\/displayproducts.eu\/es\/wp-json\/wp\/v2\/product\/6838","targetHints":{"allow":["GET"]}}],"collection":[{"href":"https:\/\/displayproducts.eu\/es\/wp-json\/wp\/v2\/product"}],"about":[{"href":"https:\/\/displayproducts.eu\/es\/wp-json\/wp\/v2\/types\/product"}],"replies":[{"embeddable":true,"href":"https:\/\/displayproducts.eu\/es\/wp-json\/wp\/v2\/comments?post=6838"}],"wp:featuredmedia":[{"embeddable":true,"href":"https:\/\/displayproducts.eu\/es\/wp-json\/wp\/v2\/media\/6839"}],"wp:attachment":[{"href":"https:\/\/displayproducts.eu\/es\/wp-json\/wp\/v2\/media?parent=6838"}],"wp:term":[{"taxonomy":"product_brand","embeddable":true,"href":"https:\/\/displayproducts.eu\/es\/wp-json\/wp\/v2\/product_brand?post=6838"},{"taxonomy":"product_cat","embeddable":true,"href":"https:\/\/displayproducts.eu\/es\/wp-json\/wp\/v2\/product_cat?post=6838"},{"taxonomy":"product_tag","embeddable":true,"href":"https:\/\/displayproducts.eu\/es\/wp-json\/wp\/v2\/product_tag?post=6838"}],"curies":[{"name":"wp","href":"https:\/\/api.w.org\/{rel}","templated":true}]}}