{"id":6678,"date":"2026-01-09T22:38:59","date_gmt":"2026-01-09T19:38:59","guid":{"rendered":"https:\/\/wristbandfactory.eu\/?post_type=product&#038;p=6678"},"modified":"2026-04-01T21:52:34","modified_gmt":"2026-04-01T18:52:34","slug":"metal-opera-glasses-with-handle-bulk-theatre-binoculars-3x-4x","status":"publish","type":"product","link":"https:\/\/displayproducts.eu\/es\/p\/metal-opera-glasses-with-handle-bulk-theatre-binoculars-3x-4x\/","title":{"rendered":"Gemelos de teatro de metal con mango"},"content":{"rendered":"<p data-path-to-node=\"9\">Mejore la experiencia cultural de sus clientes o usuarios con nuestra <b data-path-to-node=\"9\" data-index-in-node=\"94\">Prism\u00e1ticos de \u00f3pera de metal de primera calidad<\/b>. Dise\u00f1ados para ofrecer sofisticaci\u00f3n y claridad, estos binoculares de teatro son el accesorio definitivo para \u00f3peras, teatros y salas de conciertos. A diferencia de las alternativas de pl\u00e1stico, estos binoculares cuentan con una resistente construcci\u00f3n totalmente met\u00e1lica con acabado dorado, lo que los convierte en un art\u00edculo de gran valor, ideal para la reventa o como regalo corporativo exclusivo.<\/p>\n<p data-path-to-node=\"10\">El asa plegable integrada a\u00f1ade un toque de encanto vintage a la vez que proporciona comodidad pr\u00e1ctica durante largas representaciones. Tanto si buscas un regalo para la tienda de un museo como un obsequio conmemorativo \u00fanico para una gala, estos prism\u00e1ticos ofrecen la combinaci\u00f3n perfecta de estilo y funcionalidad.<\/p>\n<h2 data-path-to-node=\"11\">Caracter\u00edsticas principales<\/h2>\n<ul data-path-to-node=\"12\">\n<li>\n<p data-path-to-node=\"12,0,0\"><b data-path-to-node=\"12,0,0\" data-index-in-node=\"0\">Dos variantes \u00f3pticas:<\/b> Elegir entre <b data-path-to-node=\"12,0,0\" data-index-in-node=\"37\">Aumento de 3x<\/b> (campo de visi\u00f3n m\u00e1s amplio, 122 m\/1000 m) para capturar todo el escenario, o <b data-path-to-node=\"12,0,0\" data-index-in-node=\"122\">Aumento de 4x<\/b> (105 m\/1000 m) para centrarse en las expresiones faciales y los detalles finos.<\/p>\n<\/li>\n<li>\n<p data-path-to-node=\"12,1,0\"><b data-path-to-node=\"12,1,0\" data-index-in-node=\"0\">Dise\u00f1o ergon\u00f3mico:<\/b> Cuenta con un prisma de enfoque central y un mango plegable\/telesc\u00f3pico (105\u2013165 mm) para un ajuste sin esfuerzo y un agarre c\u00f3modo.<\/p>\n<\/li>\n<li>\n<p data-path-to-node=\"12,2,0\"><b data-path-to-node=\"12,2,0\" data-index-in-node=\"0\">Construcci\u00f3n Premium:<\/b> Con un peso de 175 g y un formato compacto (100 \u00d7 54 mm), el resistente cuerpo de metal garantiza longevidad y una sensaci\u00f3n superior en la mano.<\/p>\n<\/li>\n<li>\n<p data-path-to-node=\"12,3,0\"><b data-path-to-node=\"12,3,0\" data-index-in-node=\"0\">Listo para la presentaci\u00f3n:<\/b> Cada unidad viene con un elegante estuche de almacenamiento, lo que simplifica el proceso de embalaje para obsequios o exhibici\u00f3n minorista.<\/p>\n<\/li>\n<\/ul>\n<h2 data-path-to-node=\"13\">Presupuesto<\/h2>\n<ul data-path-to-node=\"14\">\n<li>\n<p data-path-to-node=\"14,0,0\"><b data-path-to-node=\"14,0,0\" data-index-in-node=\"0\">Material:<\/b> Aleaci\u00f3n totalmente met\u00e1lica con acabado dorado.<\/p>\n<\/li>\n<li>\n<p data-path-to-node=\"14,1,0\"><b data-path-to-node=\"14,1,0\" data-index-in-node=\"0\">Manejar:<\/b> Telesc\u00f3pico\/Plegable (105 mm a 165 mm)<\/p>\n<\/li>\n<li>\n<p data-path-to-node=\"14,2,0\"><b data-path-to-node=\"14,2,0\" data-index-in-node=\"0\">Peso:<\/b> 175 gramos<\/p>\n<\/li>\n<li>\n<p data-path-to-node=\"14,3,0\"><b data-path-to-node=\"14,3,0\" data-index-in-node=\"0\">Dimensiones:<\/b> 100 \u00d7 54 mm<\/p>\n<\/li>\n<li>\n<p data-path-to-node=\"14,4,0\"><b data-path-to-node=\"14,4,0\" data-index-in-node=\"0\">Tipo de prisma:<\/b> Enfoque central<\/p>\n<\/li>\n<li>\n<p data-path-to-node=\"14,5,0\"><b data-path-to-node=\"14,5,0\" data-index-in-node=\"0\">Especificaciones del modelo 3x:<\/b><\/p>\n<ul data-path-to-node=\"14,5,1\">\n<li>\n<p data-path-to-node=\"14,5,1,0,0\">Pupila de salida: 8 mm<\/p>\n<\/li>\n<li>\n<p data-path-to-node=\"14,5,1,1,0\">Campo de visi\u00f3n: 122 m \/ 1000 m<\/p>\n<\/li>\n<li>\n<p data-path-to-node=\"14,5,1,2,0\">\u00cdndice de brillo: 69<\/p>\n<\/li>\n<\/ul>\n<\/li>\n<li>\n<p data-path-to-node=\"14,6,0\"><b data-path-to-node=\"14,6,0\" data-index-in-node=\"0\">Especificaciones del modelo 4x:<\/b><\/p>\n<ul data-path-to-node=\"14,6,1\">\n<li>\n<p data-path-to-node=\"14,6,1,0,0\">Pupila de salida: 6,5 mm<\/p>\n<\/li>\n<li>\n<p data-path-to-node=\"14,6,1,1,0\">Campo de visi\u00f3n: 105 m \/ 1000 m<\/p>\n<\/li>\n<li>\n<p data-path-to-node=\"14,6,1,2,0\">\u00cdndice de brillo: 39<\/p>\n<\/li>\n<\/ul>\n<\/li>\n<li>\n<p data-path-to-node=\"14,7,0\"><b data-path-to-node=\"14,7,0\" data-index-in-node=\"0\">El tiempo de entrega:<\/b> Aprox. 37 d\u00edas (hecho a pedido\/importaci\u00f3n)<\/p>\n<\/li>\n<\/ul>\n<h2 data-path-to-node=\"15\">Casos de uso<\/h2>\n<ul data-path-to-node=\"16\">\n<li>\n<p data-path-to-node=\"16,0,0\"><b data-path-to-node=\"16,0,0\" data-index-in-node=\"0\">Tiendas de teatro y \u00f3pera:<\/b> Un art\u00edculo comercial de alto margen para visitantes que desean mejorar su experiencia visual.<\/p>\n<\/li>\n<li>\n<p data-path-to-node=\"16,1,0\"><b data-path-to-node=\"16,1,0\" data-index-in-node=\"0\">Regalos corporativos:<\/b> Un regalo exquisito para los socios del sector de las artes y la cultura.<\/p>\n<\/li>\n<li>\n<p data-path-to-node=\"16,2,0\"><b data-path-to-node=\"16,2,0\" data-index-in-node=\"0\">Servicios para eventos VIP:<\/b> Proporcionar a los poseedores de entradas de primer nivel herramientas de visualizaci\u00f3n exclusivas o de marca.<\/p>\n<\/li>\n<\/ul>","protected":false},"excerpt":{"rendered":"<ul data-path-to-node=\"8\">\n<li>\n<p data-path-to-node=\"8,0,0\"><b data-path-to-node=\"8,0,0\" data-index-in-node=\"0\">Elegancia cl\u00e1sica:<\/b> Cuerpo completamente de metal con un lujoso acabado dorado y asa plegable para una visualizaci\u00f3n sofisticada.<\/p>\n<\/li>\n<li>\n<p data-path-to-node=\"8,1,0\"><b data-path-to-node=\"8,1,0\" data-index-in-node=\"0\">\u00d3ptica superior:<\/b> Disponible con aumento de 3x (visi\u00f3n amplia) o 4x (enfoque detallado) con alto \u00edndice de brillo.<\/p>\n<\/li>\n<li>\n<p data-path-to-node=\"8,2,0\"><b data-path-to-node=\"8,2,0\" data-index-in-node=\"0\">Listo para B2B:<\/b> Perfecto para tiendas de art\u00edculos de teatro, regalos para eventos VIP y premios corporativos de alto nivel.<\/p>\n<\/li>\n<li>\n<p data-path-to-node=\"8,3,0\"><b data-path-to-node=\"8,3,0\" data-index-in-node=\"0\">Conjunto completo:<\/b> Incluye un estuche de almacenamiento duradero para protecci\u00f3n y presentaci\u00f3n.<\/p>\n<\/li>\n<\/ul>","protected":false},"featured_media":6679,"comment_status":"closed","ping_status":"closed","template":"","meta":[],"product_brand":[],"product_cat":[121],"product_tag":[],"class_list":{"0":"post-6678","1":"product","2":"type-product","3":"status-publish","4":"has-post-thumbnail","6":"product_cat-promotional-merchandise","8":"first","9":"instock","10":"shipping-taxable","11":"purchasable","12":"product-type-simple"},"_links":{"self":[{"href":"https:\/\/displayproducts.eu\/es\/wp-json\/wp\/v2\/product\/6678","targetHints":{"allow":["GET"]}}],"collection":[{"href":"https:\/\/displayproducts.eu\/es\/wp-json\/wp\/v2\/product"}],"about":[{"href":"https:\/\/displayproducts.eu\/es\/wp-json\/wp\/v2\/types\/product"}],"replies":[{"embeddable":true,"href":"https:\/\/displayproducts.eu\/es\/wp-json\/wp\/v2\/comments?post=6678"}],"wp:featuredmedia":[{"embeddable":true,"href":"https:\/\/displayproducts.eu\/es\/wp-json\/wp\/v2\/media\/6679"}],"wp:attachment":[{"href":"https:\/\/displayproducts.eu\/es\/wp-json\/wp\/v2\/media?parent=6678"}],"wp:term":[{"taxonomy":"product_brand","embeddable":true,"href":"https:\/\/displayproducts.eu\/es\/wp-json\/wp\/v2\/product_brand?post=6678"},{"taxonomy":"product_cat","embeddable":true,"href":"https:\/\/displayproducts.eu\/es\/wp-json\/wp\/v2\/product_cat?post=6678"},{"taxonomy":"product_tag","embeddable":true,"href":"https:\/\/displayproducts.eu\/es\/wp-json\/wp\/v2\/product_tag?post=6678"}],"curies":[{"name":"wp","href":"https:\/\/api.w.org\/{rel}","templated":true}]}}