{"id":6671,"date":"2026-01-09T18:39:46","date_gmt":"2026-01-09T15:39:46","guid":{"rendered":"https:\/\/wristbandfactory.eu\/?post_type=product&#038;p=6671"},"modified":"2026-04-01T21:52:34","modified_gmt":"2026-04-01T18:52:34","slug":"custom-foil-holographic-event-wristbands","status":"publish","type":"product","link":"https:\/\/displayproducts.eu\/es\/p\/custom-foil-holographic-event-wristbands\/","title":{"rendered":"Pulseras de papel con stamping"},"content":{"rendered":"<p data-path-to-node=\"9\">Realce la imagen de marca de su evento con nuestras pulseras hologr\u00e1ficas y laminadas personalizadas. Fabricadas con papel sint\u00e9tico YUPO de alta calidad, estas pulseras ofrecen una alternativa premium al Tyvek est\u00e1ndar, con una superficie blanca lechosa que garantiza colores vibrantes y fieles al dise\u00f1o.<\/p>\n<p data-path-to-node=\"10\">Dise\u00f1adas para eventos, clubes y festivales de alto perfil, estas pulseras permiten lujosos detalles met\u00e1licos, como oro, plata y l\u00e1mina de vidrio, o acabados hologr\u00e1ficos completos. Su textura suave, combinada con la impresi\u00f3n offset CMYK de alta resoluci\u00f3n, las hace ideales para dise\u00f1os intrincados e identificaci\u00f3n VIP. A pesar de su elegante apariencia, son resistentes al agua, al sudor y a entornos activos.<\/p>\n<h2 data-path-to-node=\"11\">Caracter\u00edsticas principales<\/h2>\n<ul data-path-to-node=\"12\">\n<li>\n<p data-path-to-node=\"12,0,0\"><b data-path-to-node=\"12,0,0\" data-index-in-node=\"0\">Acabados de lujo:<\/b> Disponible con l\u00e1minas doradas estampadas en caliente, l\u00e1minas plateadas, l\u00e1minas de \u201cvidrio\u201d y superposiciones hologr\u00e1ficas para m\u00e1xima visibilidad.<\/p>\n<\/li>\n<li>\n<p data-path-to-node=\"12,1,0\"><b data-path-to-node=\"12,1,0\" data-index-in-node=\"0\">Excelencia material:<\/b> La pulpa sint\u00e9tica YUPO proporciona un acabado m\u00e1s suave que Tyvek, lo que permite obtener detalles de impresi\u00f3n m\u00e1s n\u00edtidos y colores m\u00e1s brillantes.<\/p>\n<\/li>\n<li>\n<p data-path-to-node=\"12,2,0\"><b data-path-to-node=\"12,2,0\" data-index-in-node=\"0\">Dise\u00f1o a prueba de manipulaciones:<\/b> El fuerte cierre adhesivo cuenta con tiras de seguridad troqueladas que se rompen si se intenta quitarlo, lo que garantiza que la banda no se pueda reutilizar.<\/p>\n<\/li>\n<li>\n<p data-path-to-node=\"12,3,0\"><b data-path-to-node=\"12,3,0\" data-index-in-node=\"0\">Datos inteligentes listos:<\/b> Totalmente compatible con la impresi\u00f3n de datos variables, incluida numeraci\u00f3n secuencial, c\u00f3digos de barras y c\u00f3digos QR para integraci\u00f3n digital.<\/p>\n<\/li>\n<\/ul>\n<h2 data-path-to-node=\"13\">Presupuesto<\/h2>\n<ul data-path-to-node=\"14\">\n<li>\n<p data-path-to-node=\"14,0,0\"><b data-path-to-node=\"14,0,0\" data-index-in-node=\"0\">Material:<\/b> YUPO (pulpa mixta\/papel sint\u00e9tico): resistente al agua y al desgarro.<\/p>\n<\/li>\n<li>\n<p data-path-to-node=\"14,1,0\"><b data-path-to-node=\"14,1,0\" data-index-in-node=\"0\">Dimensiones est\u00e1ndar:<\/b><\/p>\n<ul data-path-to-node=\"14,1,1\">\n<li>\n<p data-path-to-node=\"14,1,1,0,0\">20 mm x 250 mm<\/p>\n<\/li>\n<li>\n<p data-path-to-node=\"14,1,1,1,0\">25 mm x 250 mm<\/p>\n<\/li>\n<li>\n<p data-path-to-node=\"14,1,1,2,0\"><i data-path-to-node=\"14,1,1,2,0\" data-index-in-node=\"0\">Tama\u00f1os personalizados disponibles a pedido.<\/i><\/p>\n<\/li>\n<\/ul>\n<\/li>\n<li>\n<p data-path-to-node=\"14,2,0\"><b data-path-to-node=\"14,2,0\" data-index-in-node=\"0\">M\u00e9todo de impresi\u00f3n:<\/b> Impresi\u00f3n offset CMYK a todo color + estampaci\u00f3n en caliente.<\/p>\n<\/li>\n<li>\n<p data-path-to-node=\"14,3,0\"><b data-path-to-node=\"14,3,0\" data-index-in-node=\"0\">Opciones de papel de aluminio:<\/b> Oro, plata, l\u00e1mina de vidrio, holograma.<\/p>\n<\/li>\n<li>\n<p data-path-to-node=\"14,4,0\"><b data-path-to-node=\"14,4,0\" data-index-in-node=\"0\">Origen:<\/b> Corea del Sur (ANYWRISTBAND \/ Modelo TS25).<\/p>\n<\/li>\n<\/ul>\n<h2 data-path-to-node=\"15\">Casos de uso<\/h2>\n<ul data-path-to-node=\"16\">\n<li>\n<p data-path-to-node=\"16,0,0\"><b data-path-to-node=\"16,0,0\" data-index-in-node=\"0\">Control de acceso VIP:<\/b> Perfecto para distinguir a los invitados VIP en conciertos, festivales y discotecas debido al acabado met\u00e1lico reflectante.<\/p>\n<\/li>\n<li>\n<p data-path-to-node=\"16,1,0\"><b data-path-to-node=\"16,1,0\" data-index-in-node=\"0\">Eventos corporativos:<\/b> Branding de alta gama para galas y conferencias donde la presentaci\u00f3n visual es fundamental.<\/p>\n<\/li>\n<li>\n<p data-path-to-node=\"16,2,0\"><b data-path-to-node=\"16,2,0\" data-index-in-node=\"0\">Lugares seguros:<\/b> Ideal para parques de atracciones y \u00e1reas restringidas que requieren una identificaci\u00f3n confiable con integraci\u00f3n de c\u00f3digo de barras.<\/p>\n<\/li>\n<\/ul>\n<p data-path-to-node=\"17\">","protected":false},"excerpt":{"rendered":"<ul>\n<li>\n<p data-path-to-node=\"7,0,0\"><b data-path-to-node=\"7,0,0\" data-index-in-node=\"0\">Impacto visual premium:<\/b> Presenta impresionantes acentos met\u00e1licos (oro, plata, l\u00e1mina de vidrio) o efectos hologr\u00e1ficos sobre una superficie YUPO suave y de color blanco lechoso.<\/p>\n<\/li>\n<li>\n<p data-path-to-node=\"7,1,0\"><b data-path-to-node=\"7,1,0\" data-index-in-node=\"0\">Durabilidad superior:<\/b> Fabricado con papel sint\u00e9tico 100% resistente al desgarro, resistente al agua, que supera a las bandas de papel est\u00e1ndar.<\/p>\n<\/li>\n<li>\n<p data-path-to-node=\"7,2,0\"><b data-path-to-node=\"7,2,0\" data-index-in-node=\"0\">Alta seguridad:<\/b> Equipado con un cierre adhesivo a prueba de manipulaciones y cortes de seguridad formulados para evitar la transferencia.<\/p>\n<\/li>\n<li>\n<p data-path-to-node=\"7,3,0\"><b data-path-to-node=\"7,3,0\" data-index-in-node=\"0\">Personalizaci\u00f3n completa:<\/b> Admite impresi\u00f3n offset CMYK vibrante, c\u00f3digos de barras, c\u00f3digos QR y numeraci\u00f3n variable para control de acceso.<\/p>\n<\/li>\n<\/ul>","protected":false},"featured_media":6677,"comment_status":"closed","ping_status":"closed","template":"","meta":[],"product_brand":[],"product_cat":[41],"product_tag":[],"class_list":{"0":"post-6671","1":"product","2":"type-product","3":"status-publish","4":"has-post-thumbnail","6":"product_cat-tyvek","8":"first","9":"instock","10":"shipping-taxable","11":"product-type-simple"},"_links":{"self":[{"href":"https:\/\/displayproducts.eu\/es\/wp-json\/wp\/v2\/product\/6671","targetHints":{"allow":["GET"]}}],"collection":[{"href":"https:\/\/displayproducts.eu\/es\/wp-json\/wp\/v2\/product"}],"about":[{"href":"https:\/\/displayproducts.eu\/es\/wp-json\/wp\/v2\/types\/product"}],"replies":[{"embeddable":true,"href":"https:\/\/displayproducts.eu\/es\/wp-json\/wp\/v2\/comments?post=6671"}],"wp:featuredmedia":[{"embeddable":true,"href":"https:\/\/displayproducts.eu\/es\/wp-json\/wp\/v2\/media\/6677"}],"wp:attachment":[{"href":"https:\/\/displayproducts.eu\/es\/wp-json\/wp\/v2\/media?parent=6671"}],"wp:term":[{"taxonomy":"product_brand","embeddable":true,"href":"https:\/\/displayproducts.eu\/es\/wp-json\/wp\/v2\/product_brand?post=6671"},{"taxonomy":"product_cat","embeddable":true,"href":"https:\/\/displayproducts.eu\/es\/wp-json\/wp\/v2\/product_cat?post=6671"},{"taxonomy":"product_tag","embeddable":true,"href":"https:\/\/displayproducts.eu\/es\/wp-json\/wp\/v2\/product_tag?post=6671"}],"curies":[{"name":"wp","href":"https:\/\/api.w.org\/{rel}","templated":true}]}}