{"id":6618,"date":"2026-01-09T15:51:34","date_gmt":"2026-01-09T12:51:34","guid":{"rendered":"https:\/\/wristbandfactory.eu\/?post_type=product&#038;p=6618"},"modified":"2026-04-01T21:52:34","modified_gmt":"2026-04-01T18:52:34","slug":"custom-natural-cork-wristbands","status":"publish","type":"product","link":"https:\/\/displayproducts.eu\/es\/p\/custom-natural-cork-wristbands\/","title":{"rendered":"Pulseras de corcho natural"},"content":{"rendered":"<p data-path-to-node=\"10\">Haga una declaraci\u00f3n audaz sobre la sostenibilidad con nuestro <b data-path-to-node=\"10\" data-index-in-node=\"77\">Pulseras de corcho natural<\/b>. Extra\u00eddo de la corteza del alcornoque sin da\u00f1arlo, este material es uno de los recursos m\u00e1s ecol\u00f3gicos disponibles. Estas pulseras son la opci\u00f3n ideal para congresos ambientales, complejos tur\u00edsticos y festivales que buscan eliminar los residuos pl\u00e1sticos y ofrecer a sus invitados un accesorio de primera calidad.<\/p>\n<p data-path-to-node=\"11\">A diferencia de los materiales sint\u00e9ticos, cada pulsera de corcho presenta un patr\u00f3n veteado natural \u00fanico. El material es suave al tacto, ligero y sorprendentemente duradero, repeliendo el agua y el sudor de forma natural. Para un look ecol\u00f3gico excepcional, recomendamos <b data-path-to-node=\"11\" data-index-in-node=\"239\">Grabado l\u00e1ser<\/b> su logotipo, que crea un contraste oscuro y n\u00edtido contra el fondo de corcho dorado sin utilizar tintas qu\u00edmicas.<\/p>\n<h2 data-path-to-node=\"12\">Caracter\u00edsticas principales<\/h2>\n<ul data-path-to-node=\"13\">\n<li>\n<p data-path-to-node=\"13,0,0\"><b data-path-to-node=\"13,0,0\" data-index-in-node=\"0\">Recurso renovable:<\/b> El corcho se extrae de forma sostenible; el \u00e1rbol regenera su corteza, lo que hace que este sea un producto libre de culpa.<\/p>\n<\/li>\n<li>\n<p data-path-to-node=\"13,1,0\"><b data-path-to-node=\"13,1,0\" data-index-in-node=\"0\">Marca Premium:<\/b> Elija entre una n\u00edtida serigraf\u00eda negra o un sofisticado grabado l\u00e1ser para una sensaci\u00f3n t\u00e1ctil.<\/p>\n<\/li>\n<li>\n<p data-path-to-node=\"13,2,0\"><b data-path-to-node=\"13,2,0\" data-index-in-node=\"0\">Bloqueo seguro:<\/b> Disponible con un sostenible <b data-path-to-node=\"13,2,0\" data-index-in-node=\"45\">Control deslizante de madera<\/b> o cuentas de bamb\u00fa para completar el perfil sin pl\u00e1stico 100% (cerraduras de pl\u00e1stico est\u00e1ndar tambi\u00e9n disponibles).<\/p>\n<\/li>\n<li>\n<p data-path-to-node=\"13,3,0\"><b data-path-to-node=\"13,3,0\" data-index-in-node=\"0\">Hipoalerg\u00e9nico:<\/b> Ideal para hu\u00e9spedes con piel sensible, ya que el corcho resiste al polvo y las bacterias.<\/p>\n<\/li>\n<\/ul>\n<h2 data-path-to-node=\"14\">Presupuesto<\/h2>\n<ul data-path-to-node=\"15\">\n<li>\n<p data-path-to-node=\"15,0,0\"><b data-path-to-node=\"15,0,0\" data-index-in-node=\"0\">Material:<\/b> Capa de corcho natural (respaldo reforzado)<\/p>\n<\/li>\n<li>\n<p data-path-to-node=\"15,1,0\"><b data-path-to-node=\"15,1,0\" data-index-in-node=\"0\">M\u00e9todo de marca:<\/b> Grabado l\u00e1ser (recomendado) o serigraf\u00eda<\/p>\n<\/li>\n<li>\n<p data-path-to-node=\"15,2,0\"><b data-path-to-node=\"15,2,0\" data-index-in-node=\"0\">Tama\u00f1o:<\/b> 350 mm x 15 mm (ajustable)<\/p>\n<\/li>\n<li>\n<p data-path-to-node=\"15,3,0\"><b data-path-to-node=\"15,3,0\" data-index-in-node=\"0\">Impermeable:<\/b> S\u00ed (naturalmente resistente al agua)<\/p>\n<\/li>\n<li>\n<p data-path-to-node=\"15,4,0\"><b data-path-to-node=\"15,4,0\" data-index-in-node=\"0\">Opciones de bloqueo:<\/b> Cuentas de madera, deslizadores de bamb\u00fa o pl\u00e1stico reciclado<\/p>\n<\/li>\n<li>\n<p data-path-to-node=\"15,5,0\"><b data-path-to-node=\"15,5,0\" data-index-in-node=\"0\">Cantidad m\u00ednima:<\/b> 100 unidades<\/p>\n<\/li>\n<\/ul>\n<h2 data-path-to-node=\"16\">Casos de uso<\/h2>\n<ul data-path-to-node=\"17\">\n<li>\n<p data-path-to-node=\"17,0,0\"><b data-path-to-node=\"17,0,0\" data-index-in-node=\"0\">Conferencias de Sostenibilidad:<\/b> La credencial perfecta para eventos centrados en el clima y el medio ambiente.<\/p>\n<\/li>\n<li>\n<p data-path-to-node=\"17,1,0\"><b data-path-to-node=\"17,1,0\" data-index-in-node=\"0\">Eco-Resorts y Glamping:<\/b> Combina con la est\u00e9tica natural de los alojamientos de lujo al aire libre.<\/p>\n<\/li>\n<li>\n<p data-path-to-node=\"17,2,0\"><b data-path-to-node=\"17,2,0\" data-index-in-node=\"0\">Festivales del vino:<\/b> Una conexi\u00f3n tem\u00e1tica con los corchos de vino hace que esta sea una herramienta de marca divertida y relevante.<\/p>\n<\/li>\n<li>\n<p data-path-to-node=\"17,3,0\"><b data-path-to-node=\"17,3,0\" data-index-in-node=\"0\">Galas ben\u00e9ficas:<\/b> Un aspecto sofisticado y discreto para eventos de recaudaci\u00f3n de fondos de alto nivel.<\/p>\n<\/li>\n<\/ul>","protected":false},"excerpt":{"rendered":"<ul>\n<li>\n<p data-path-to-node=\"9,0,0\"><b data-path-to-node=\"9,0,0\" data-index-in-node=\"0\">100% Est\u00e9tica Natural:<\/b> Fabricado con material de corcho genuino, que ofrece una textura \u00fanica y org\u00e1nica similar a la madera.<\/p>\n<\/li>\n<li>\n<p data-path-to-node=\"9,1,0\"><b data-path-to-node=\"9,1,0\" data-index-in-node=\"0\">Opci\u00f3n ecol\u00f3gica:<\/b> Una alternativa renovable y biodegradable al pl\u00e1stico, perfecta para eventos \u201cverdes\u201d.<\/p>\n<\/li>\n<li>\n<p data-path-to-node=\"9,2,0\"><b data-path-to-node=\"9,2,0\" data-index-in-node=\"0\">Grabado l\u00e1ser:<\/b> La marca se graba directamente en el corcho para lograr un acabado permanente y de alta calidad (tambi\u00e9n est\u00e1 disponible la impresi\u00f3n de tinta).<\/p>\n<\/li>\n<li>\n<p data-path-to-node=\"9,3,0\"><b data-path-to-node=\"9,3,0\" data-index-in-node=\"0\">Naturalmente duradero:<\/b> El corcho es naturalmente resistente al agua, hipoalerg\u00e9nico y c\u00f3modo para el uso a largo plazo.<\/p>\n<\/li>\n<\/ul>","protected":false},"featured_media":6620,"comment_status":"closed","ping_status":"closed","template":"","meta":[],"product_brand":[],"product_cat":[133,47],"product_tag":[],"class_list":{"0":"post-6618","1":"product","2":"type-product","3":"status-publish","4":"has-post-thumbnail","6":"product_cat-eco-friendly-wristbands","7":"product_cat-fabric-wristbands","9":"first","10":"instock","11":"shipping-taxable","12":"purchasable","13":"product-type-simple"},"_links":{"self":[{"href":"https:\/\/displayproducts.eu\/es\/wp-json\/wp\/v2\/product\/6618","targetHints":{"allow":["GET"]}}],"collection":[{"href":"https:\/\/displayproducts.eu\/es\/wp-json\/wp\/v2\/product"}],"about":[{"href":"https:\/\/displayproducts.eu\/es\/wp-json\/wp\/v2\/types\/product"}],"replies":[{"embeddable":true,"href":"https:\/\/displayproducts.eu\/es\/wp-json\/wp\/v2\/comments?post=6618"}],"wp:featuredmedia":[{"embeddable":true,"href":"https:\/\/displayproducts.eu\/es\/wp-json\/wp\/v2\/media\/6620"}],"wp:attachment":[{"href":"https:\/\/displayproducts.eu\/es\/wp-json\/wp\/v2\/media?parent=6618"}],"wp:term":[{"taxonomy":"product_brand","embeddable":true,"href":"https:\/\/displayproducts.eu\/es\/wp-json\/wp\/v2\/product_brand?post=6618"},{"taxonomy":"product_cat","embeddable":true,"href":"https:\/\/displayproducts.eu\/es\/wp-json\/wp\/v2\/product_cat?post=6618"},{"taxonomy":"product_tag","embeddable":true,"href":"https:\/\/displayproducts.eu\/es\/wp-json\/wp\/v2\/product_tag?post=6618"}],"curies":[{"name":"wp","href":"https:\/\/api.w.org\/{rel}","templated":true}]}}