{"id":6615,"date":"2026-01-09T15:29:35","date_gmt":"2026-01-09T12:29:35","guid":{"rendered":"https:\/\/wristbandfactory.eu\/?post_type=product&#038;p=6615"},"modified":"2026-04-01T21:52:34","modified_gmt":"2026-04-01T18:52:34","slug":"custom-full-color-vinyl-wristbands","status":"publish","type":"product","link":"https:\/\/displayproducts.eu\/es\/p\/custom-full-color-vinyl-wristbands\/","title":{"rendered":"Pulseras de vinilo con impresi\u00f3n a todo color"},"content":{"rendered":"<p data-path-to-node=\"10\">Eleve la marca de su evento con nuestro <b data-path-to-node=\"10\" data-index-in-node=\"62\">Pulseras de vinilo con impresi\u00f3n a todo color<\/b>. Mientras que las pulseras est\u00e1ndar se limitan a sin impresi\u00f3n logotipos de un solo color, estas pulseras premium utilizan tecnolog\u00eda avanzada. <b data-path-to-node=\"10\" data-index-in-node=\"200\">Tecnolog\u00eda de impresi\u00f3n digital CMYK<\/b> para reproducir im\u00e1genes fotogr\u00e1ficas, transiciones de color suaves y gr\u00e1ficos muy detallados directamente en la superficie de la pulsera.<\/p>\n<p data-path-to-node=\"11\">Dise\u00f1ado para eventos, festivales y complejos tur\u00edsticos de alto perfil, el <b data-path-to-node=\"11\" data-index-in-node=\"62\">Cara ancha (forma de L)<\/b> Su estructura maximiza el \u00e1rea de impresi\u00f3n, lo que la convierte en la opci\u00f3n perfecta para exhibir logotipos de patrocinadores o dise\u00f1os complejos. A pesar de su acabado premium, estas pulseras mantienen las caracter\u00edsticas de seguridad l\u00edderes en la industria, incluyendo un cierre a presi\u00f3n a prueba de manipulaciones y una construcci\u00f3n trilaminada impermeable que resiste la nataci\u00f3n, las duchas y el uso prolongado.<\/p>\n<h2 data-path-to-node=\"12\">Caracter\u00edsticas principales<\/h2>\n<ul data-path-to-node=\"13\">\n<li>\n<p data-path-to-node=\"13,0,0\"><b data-path-to-node=\"13,0,0\" data-index-in-node=\"0\">Impresi\u00f3n con calidad fotogr\u00e1fica:<\/b> Reproduzca cualquier dise\u00f1o, incluidas fotograf\u00edas y degradados, con n\u00edtidos detalles de alta resoluci\u00f3n.<\/p>\n<\/li>\n<li>\n<p data-path-to-node=\"13,1,0\"><b data-path-to-node=\"13,1,0\" data-index-in-node=\"0\">Bloqueo a prueba de manipulaciones:<\/b> Para retirar la banda es necesario destruir el cierre de pl\u00e1stico permanente, lo que garantiza una seguridad absoluta.<\/p>\n<\/li>\n<li>\n<p data-path-to-node=\"13,2,0\"><b data-path-to-node=\"13,2,0\" data-index-in-node=\"0\">Resistente al agua y al desgarro:<\/b> Ideal para uso durante varios d\u00edas en entornos h\u00famedos como parques acu\u00e1ticos y balnearios.<\/p>\n<\/li>\n<li>\n<p data-path-to-node=\"13,3,0\"><b data-path-to-node=\"13,3,0\" data-index-in-node=\"0\">Datos variables listos:<\/b> Se puede imprimir con c\u00f3digos QR \u00fanicos, c\u00f3digos de barras o n\u00fameros de serie para un control de acceso integrado.<\/p>\n<\/li>\n<\/ul>\n<h2 data-path-to-node=\"14\">Presupuesto<\/h2>\n<ul data-path-to-node=\"15\">\n<li>\n<p data-path-to-node=\"15,0,0\"><b data-path-to-node=\"15,0,0\" data-index-in-node=\"0\">Material:<\/b> Vinilo trilaminado de 3 capas<\/p>\n<\/li>\n<li>\n<p data-path-to-node=\"15,1,0\"><b data-path-to-node=\"15,1,0\" data-index-in-node=\"0\">M\u00e9todo de impresi\u00f3n:<\/b> Impresi\u00f3n digital CMYK (a todo color)<\/p>\n<\/li>\n<li>\n<p data-path-to-node=\"15,2,0\"><b data-path-to-node=\"15,2,0\" data-index-in-node=\"0\">Modelo:<\/b> Cara ancha \/ Forma de L<\/p>\n<\/li>\n<li>\n<p data-path-to-node=\"15,3,0\"><b data-path-to-node=\"15,3,0\" data-index-in-node=\"0\">Cierre:<\/b> Broche de pl\u00e1stico de un solo uso<\/p>\n<\/li>\n<li>\n<p data-path-to-node=\"15,4,0\"><b data-path-to-node=\"15,4,0\" data-index-in-node=\"0\">Impermeable:<\/b> S\u00ed (100%)<\/p>\n<\/li>\n<li>\n<p data-path-to-node=\"15,5,0\"><b data-path-to-node=\"15,5,0\" data-index-in-node=\"0\">Tiempo de producci\u00f3n:<\/b> 5-10 d\u00edas h\u00e1biles<\/p>\n<\/li>\n<li>\n<p data-path-to-node=\"15,6,0\"><b data-path-to-node=\"15,6,0\" data-index-in-node=\"0\">Cantidad m\u00ednima:<\/b> 100 unidades<\/p>\n<\/li>\n<\/ul>\n<h2 data-path-to-node=\"16\">Casos de uso<\/h2>\n<ul data-path-to-node=\"17\">\n<li>\n<p data-path-to-node=\"17,0,0\"><b data-path-to-node=\"17,0,0\" data-index-in-node=\"0\">Festivales de m\u00fasica:<\/b> Los dise\u00f1os complejos y dif\u00edciles de copiar sirven como credenciales seguras para el ingreso durante varios d\u00edas.<\/p>\n<\/li>\n<li>\n<p data-path-to-node=\"17,1,0\"><b data-path-to-node=\"17,1,0\" data-index-in-node=\"0\">VIP y Backstage:<\/b> La apariencia premium a todo color distingue a los invitados VIP de la entrada general.<\/p>\n<\/li>\n<li>\n<p data-path-to-node=\"17,2,0\"><b data-path-to-node=\"17,2,0\" data-index-in-node=\"0\">Patrocinios:<\/b> La gran superficie permite una visualizaci\u00f3n clara y colorida de los logotipos de los patrocinadores.<\/p>\n<\/li>\n<li>\n<p data-path-to-node=\"17,3,0\"><b data-path-to-node=\"17,3,0\" data-index-in-node=\"0\">Resorts y hoteles:<\/b> Lo suficientemente resistente para la identificaci\u00f3n de invitados durante una semana con una est\u00e9tica de alta gama.<\/p>\n<\/li>\n<\/ul>","protected":false},"excerpt":{"rendered":"<ul>\n<li>\n<p data-path-to-node=\"9,0,0\"><b data-path-to-node=\"9,0,0\" data-index-in-node=\"0\">Colores ilimitados:<\/b> La impresi\u00f3n digital CMYK permite realizar fotograf\u00edas, degradados y dise\u00f1os complejos sin l\u00edmites de color.<\/p>\n<\/li>\n<li>\n<p data-path-to-node=\"9,1,0\"><b data-path-to-node=\"9,1,0\" data-index-in-node=\"0\">Espacio m\u00e1ximo de marca:<\/b> \u201cEl dise\u00f1o \u201dWide Face\u201d proporciona un lienzo grande para logotipos de patrocinio y gr\u00e1ficos de eventos.<\/p>\n<\/li>\n<li>\n<p data-path-to-node=\"9,2,0\"><b data-path-to-node=\"9,2,0\" data-index-in-node=\"0\">Alta seguridad:<\/b> El cierre a presi\u00f3n de pl\u00e1stico de un solo uso evita la transferencia y reutilizaci\u00f3n entre invitados.<\/p>\n<\/li>\n<li>\n<p data-path-to-node=\"9,3,0\"><b data-path-to-node=\"9,3,0\" data-index-in-node=\"0\">Durabilidad Premium:<\/b> La construcci\u00f3n de vinilo de 3 capas garantiza que la pulsera se mantenga intacta y vibrante durante m\u00e1s de 7 d\u00edas.<\/p>\n<\/li>\n<\/ul>","protected":false},"featured_media":6616,"comment_status":"closed","ping_status":"closed","template":"","meta":[],"product_brand":[],"product_cat":[51],"product_tag":[],"class_list":{"0":"post-6615","1":"product","2":"type-product","3":"status-publish","4":"has-post-thumbnail","6":"product_cat-vinyl","8":"first","9":"instock","10":"shipping-taxable","11":"purchasable","12":"product-type-simple"},"_links":{"self":[{"href":"https:\/\/displayproducts.eu\/es\/wp-json\/wp\/v2\/product\/6615","targetHints":{"allow":["GET"]}}],"collection":[{"href":"https:\/\/displayproducts.eu\/es\/wp-json\/wp\/v2\/product"}],"about":[{"href":"https:\/\/displayproducts.eu\/es\/wp-json\/wp\/v2\/types\/product"}],"replies":[{"embeddable":true,"href":"https:\/\/displayproducts.eu\/es\/wp-json\/wp\/v2\/comments?post=6615"}],"wp:featuredmedia":[{"embeddable":true,"href":"https:\/\/displayproducts.eu\/es\/wp-json\/wp\/v2\/media\/6616"}],"wp:attachment":[{"href":"https:\/\/displayproducts.eu\/es\/wp-json\/wp\/v2\/media?parent=6615"}],"wp:term":[{"taxonomy":"product_brand","embeddable":true,"href":"https:\/\/displayproducts.eu\/es\/wp-json\/wp\/v2\/product_brand?post=6615"},{"taxonomy":"product_cat","embeddable":true,"href":"https:\/\/displayproducts.eu\/es\/wp-json\/wp\/v2\/product_cat?post=6615"},{"taxonomy":"product_tag","embeddable":true,"href":"https:\/\/displayproducts.eu\/es\/wp-json\/wp\/v2\/product_tag?post=6615"}],"curies":[{"name":"wp","href":"https:\/\/api.w.org\/{rel}","templated":true}]}}