{"id":6609,"date":"2026-01-06T13:25:58","date_gmt":"2026-01-06T10:25:58","guid":{"rendered":"https:\/\/wristbandfactory.eu\/?post_type=product&#038;p=6609"},"modified":"2026-04-01T21:52:03","modified_gmt":"2026-04-01T18:52:03","slug":"custom-full-color-microfiber-suede-towels","status":"publish","type":"product","link":"https:\/\/displayproducts.eu\/es\/p\/custom-full-color-microfiber-suede-towels\/","title":{"rendered":"Toallas de microfibra personalizadas"},"content":{"rendered":"<p data-path-to-node=\"9\">Realza la presencia de tu marca en el gimnasio, la playa o eventos deportivos con nuestras toallas de microfibra de gamuza personalizadas de primera calidad. A diferencia de las toallas tradicionales, la microfibra con acabado de gamuza ofrece una superficie suave y sin rizos que permite una impresi\u00f3n a todo color incre\u00edblemente n\u00edtida y vibrante, haciendo que tu logotipo o dise\u00f1o destaque con una claridad fotogr\u00e1fica.<\/p>\n<h2 data-path-to-node=\"10\">Caracter\u00edsticas principales<\/h2>\n<ul data-path-to-node=\"11\">\n<li>\n<p data-path-to-node=\"11,0,0\"><b data-path-to-node=\"11,0,0\" data-index-in-node=\"0\">Sublimaci\u00f3n vibrante:<\/b> Utilizamos impresi\u00f3n por transferencia t\u00e9rmica avanzada para garantizar que sus colores se mantengan brillantes incluso despu\u00e9s de m\u00faltiples lavados.<\/p>\n<\/li>\n<li>\n<p data-path-to-node=\"11,1,0\"><b data-path-to-node=\"11,1,0\" data-index-in-node=\"0\">Acabado de gamuza:<\/b> La textura suave y cepillada se siente lujosa contra la piel y al mismo tiempo sigue siendo altamente funcional y resistente a la arena.<\/p>\n<\/li>\n<li>\n<p data-path-to-node=\"11,2,0\"><b data-path-to-node=\"11,2,0\" data-index-in-node=\"0\">Tintas ecol\u00f3gicas:<\/b> Nuestro proceso de impresi\u00f3n utiliza tintas seguras y duraderas adecuadas para el uso diario.<\/p>\n<\/li>\n<li>\n<p data-path-to-node=\"11,3,0\"><b data-path-to-node=\"11,3,0\" data-index-in-node=\"0\">Tallas vers\u00e1tiles:<\/b> Elija desde toallas de mano (50x70cm) hasta opciones grandes de tama\u00f1o playa (80x160cm).<\/p>\n<\/li>\n<\/ul>\n<h2 data-path-to-node=\"12\">Presupuesto<\/h2>\n<ul data-path-to-node=\"13\">\n<li>\n<p data-path-to-node=\"13,0,0\"><b data-path-to-node=\"13,0,0\" data-index-in-node=\"0\">Material:<\/b> 100% Gamuza de microfibra (mezcla de poli\u00e9ster y poliamida).<\/p>\n<\/li>\n<li>\n<p data-path-to-node=\"13,1,0\"><b data-path-to-node=\"13,1,0\" data-index-in-node=\"0\">Tama\u00f1os est\u00e1ndar:<\/b> 50x70cm, 50x100cm, 70x140cm, 80x160cm.<\/p>\n<\/li>\n<li>\n<p data-path-to-node=\"13,2,0\"><b data-path-to-node=\"13,2,0\" data-index-in-node=\"0\">Personalizaci\u00f3n:<\/b> Impresi\u00f3n digital de superficie completa (una cara o doble cara).<\/p>\n<\/li>\n<li>\n<p data-path-to-node=\"13,3,0\"><b data-path-to-node=\"13,3,0\" data-index-in-node=\"0\">Opciones a medida:<\/b> Tama\u00f1os y formas personalizados disponibles a pedido.<\/p>\n<\/li>\n<li>\n<p data-path-to-node=\"13,4,0\"><b data-path-to-node=\"13,4,0\" data-index-in-node=\"0\">Peso:<\/b> Ligero y plegable para f\u00e1cil transporte.<\/p>\n<\/li>\n<\/ul>\n<h2 data-path-to-node=\"14\">Casos de uso<\/h2>\n<ul data-path-to-node=\"15\">\n<li>\n<p data-path-to-node=\"15,0,0\"><b data-path-to-node=\"15,0,0\" data-index-in-node=\"0\">Identidad corporativa:<\/b> Regalos de alto nivel para empleados y socios.<\/p>\n<\/li>\n<li>\n<p data-path-to-node=\"15,1,0\"><b data-path-to-node=\"15,1,0\" data-index-in-node=\"0\">Deportes y fitness:<\/b> Equipamiento de marca para boxes de CrossFit, clubes de nataci\u00f3n y estudios de yoga.<\/p>\n<\/li>\n<li>\n<p data-path-to-node=\"15,2,0\"><b data-path-to-node=\"15,2,0\" data-index-in-node=\"0\">Merchandising de eventos:<\/b> Recuerdos memorables para festivales y competiciones al aire libre.<\/p>\n<\/li>\n<li>\n<p data-path-to-node=\"15,3,0\"><b data-path-to-node=\"15,3,0\" data-index-in-node=\"0\">Turismo y Hosteler\u00eda:<\/b> Toallas de playa personalizadas para hoteles, spas y complejos tur\u00edsticos.<\/p>\n<\/li>\n<\/ul>\n<p data-path-to-node=\"16\">","protected":false},"excerpt":{"rendered":"<p data-path-to-node=\"7\">Nuestras toallas de microfibra de gamuza personalizadas ofrecen una superficie premium y suave al tacto para una marca a todo color de alta resoluci\u00f3n. Perfectas para clubes deportivos, regalos corporativos y eventos.<\/p>\n<ul data-path-to-node=\"8\">\n<li>\n<p data-path-to-node=\"8,0,0\"><b data-path-to-node=\"8,0,0\" data-index-in-node=\"0\">Marca con calidad fotogr\u00e1fica:<\/b> Impresi\u00f3n por sublimaci\u00f3n a todo color de borde a borde.<\/p>\n<\/li>\n<li>\n<p data-path-to-node=\"8,1,0\"><b data-path-to-node=\"8,1,0\" data-index-in-node=\"0\">Tecnolog\u00eda de secado r\u00e1pido:<\/b> Material de gamuza de microfibra de alto rendimiento que se seca significativamente m\u00e1s r\u00e1pido que el algod\u00f3n.<\/p>\n<\/li>\n<li>\n<p data-path-to-node=\"8,2,0\"><b data-path-to-node=\"8,2,0\" data-index-in-node=\"0\">Totalmente personalizable:<\/b> Disponible en cuatro tama\u00f1os est\u00e1ndar o dimensiones personalizadas para adaptarse a las necesidades de su marca.<\/p>\n<\/li>\n<li>\n<p data-path-to-node=\"8,3,0\"><b data-path-to-node=\"8,3,0\" data-index-in-node=\"0\">Compacto y ligero:<\/b> Ideal para viajes, gimnasio o regalos promocionales.<\/p>\n<\/li>\n<\/ul>","protected":false},"featured_media":6610,"comment_status":"closed","ping_status":"closed","template":"","meta":[],"product_brand":[],"product_cat":[129,118],"product_tag":[],"class_list":{"0":"post-6609","1":"product","2":"type-product","3":"status-publish","4":"has-post-thumbnail","6":"product_cat-leisure-lifestyle","7":"product_cat-sports-fitness","9":"first","10":"instock","11":"shipping-taxable","12":"purchasable","13":"product-type-simple"},"_links":{"self":[{"href":"https:\/\/displayproducts.eu\/es\/wp-json\/wp\/v2\/product\/6609","targetHints":{"allow":["GET"]}}],"collection":[{"href":"https:\/\/displayproducts.eu\/es\/wp-json\/wp\/v2\/product"}],"about":[{"href":"https:\/\/displayproducts.eu\/es\/wp-json\/wp\/v2\/types\/product"}],"replies":[{"embeddable":true,"href":"https:\/\/displayproducts.eu\/es\/wp-json\/wp\/v2\/comments?post=6609"}],"wp:featuredmedia":[{"embeddable":true,"href":"https:\/\/displayproducts.eu\/es\/wp-json\/wp\/v2\/media\/6610"}],"wp:attachment":[{"href":"https:\/\/displayproducts.eu\/es\/wp-json\/wp\/v2\/media?parent=6609"}],"wp:term":[{"taxonomy":"product_brand","embeddable":true,"href":"https:\/\/displayproducts.eu\/es\/wp-json\/wp\/v2\/product_brand?post=6609"},{"taxonomy":"product_cat","embeddable":true,"href":"https:\/\/displayproducts.eu\/es\/wp-json\/wp\/v2\/product_cat?post=6609"},{"taxonomy":"product_tag","embeddable":true,"href":"https:\/\/displayproducts.eu\/es\/wp-json\/wp\/v2\/product_tag?post=6609"}],"curies":[{"name":"wp","href":"https:\/\/api.w.org\/{rel}","templated":true}]}}