{"id":6599,"date":"2026-01-06T00:43:04","date_gmt":"2026-01-05T21:43:04","guid":{"rendered":"https:\/\/wristbandfactory.eu\/?post_type=product&#038;p=6599"},"modified":"2026-04-01T21:52:34","modified_gmt":"2026-04-01T18:52:34","slug":"premium-fabric-wristbands-with-gold-thread","status":"publish","type":"product","link":"https:\/\/displayproducts.eu\/es\/p\/premium-fabric-wristbands-with-gold-thread\/","title":{"rendered":"Pulseras de tela con hilo dorado"},"content":{"rendered":"<p data-path-to-node=\"8\">Nuestras pulseras de tela premium con hilo dorado son la cumbre de la identificaci\u00f3n de eventos. Al combinar fibras de poli\u00e9ster tradicionales de alta calidad con hilo de lurex met\u00e1lico, creamos una pulsera que no solo identifica a un invitado, sino que realza la experiencia del evento. Estas pulseras est\u00e1n dise\u00f1adas para organizadores que no escatiman en seguridad ni estilo.<\/p>\n<h2 data-path-to-node=\"9\">Caracter\u00edsticas principales<\/h2>\n<ul data-path-to-node=\"10\">\n<li>\n<p data-path-to-node=\"10,0,0\"><b data-path-to-node=\"10,0,0\" data-index-in-node=\"0\">Tejido de lurex met\u00e1lico:<\/b> Hilo aut\u00e9ntico de color dorado tejido directamente en la tela para un acabado permanente y brillante.<\/p>\n<\/li>\n<li>\n<p data-path-to-node=\"10,1,0\"><b data-path-to-node=\"10,1,0\" data-index-in-node=\"0\">Cierres a prueba de manipulaciones:<\/b> Elija entre correderas de pl\u00e1stico unidireccionales, anillos de metal o cerraduras de bamb\u00fa ecol\u00f3gicas.<\/p>\n<\/li>\n<li>\n<p data-path-to-node=\"10,2,0\"><b data-path-to-node=\"10,2,0\" data-index-in-node=\"0\">Dise\u00f1o de ajuste c\u00f3modo:<\/b> Los bordes suaves garantizan que la pulsera se mantenga c\u00f3moda incluso durante eventos de varios d\u00edas de larga duraci\u00f3n.<\/p>\n<\/li>\n<li>\n<p data-path-to-node=\"10,3,0\"><b data-path-to-node=\"10,3,0\" data-index-in-node=\"0\">Resistente al agua y al desgarro:<\/b> Dise\u00f1ado para sobrevivir a la lluvia, el sudor y la actividad intensa sin perder el color ni la integridad estructural.<\/p>\n<\/li>\n<\/ul>\n<h2 data-path-to-node=\"11\">Presupuesto<\/h2>\n<ul data-path-to-node=\"12\">\n<li>\n<p data-path-to-node=\"12,0,0\"><b data-path-to-node=\"12,0,0\" data-index-in-node=\"0\">Material:<\/b> Poli\u00e9ster de alta calidad + Lurex dorado metalizado.<\/p>\n<\/li>\n<li>\n<p data-path-to-node=\"12,1,0\"><b data-path-to-node=\"12,1,0\" data-index-in-node=\"0\">Dimensiones:<\/b> Est\u00e1ndar 15 mm x 350 mm (anchos personalizados disponibles a pedido).<\/p>\n<\/li>\n<li>\n<p data-path-to-node=\"12,2,0\"><b data-path-to-node=\"12,2,0\" data-index-in-node=\"0\">Impresi\u00f3n:<\/b> Hasta 8 colores tejidos incluida la base met\u00e1lica.<\/p>\n<\/li>\n<li>\n<p data-path-to-node=\"12,3,0\"><b data-path-to-node=\"12,3,0\" data-index-in-node=\"0\">Opciones de bloqueo:<\/b> Cerradura deslizante de un solo uso (pl\u00e1stico\/metal) o cord\u00f3n reutilizable.<\/p>\n<\/li>\n<li>\n<p data-path-to-node=\"12,4,0\"><b data-path-to-node=\"12,4,0\" data-index-in-node=\"0\">Cantidad m\u00ednima de pedido:<\/b> 100 unidades.<\/p>\n<\/li>\n<\/ul>\n<h2 data-path-to-node=\"13\">Casos de uso<\/h2>\n<ul data-path-to-node=\"14\">\n<li>\n<p data-path-to-node=\"14,0,0\"><b data-path-to-node=\"14,0,0\" data-index-in-node=\"0\">Festivales de m\u00fasica:<\/b> Identificar \u00e1reas VIP, Backstage o de artistas con un marcador premium visible.<\/p>\n<\/li>\n<li>\n<p data-path-to-node=\"14,1,0\"><b data-path-to-node=\"14,1,0\" data-index-in-node=\"0\">Galas corporativas:<\/b> Una alternativa sofisticada a las pulseras est\u00e1ndar de pl\u00e1stico o papel para eventos de etiqueta.<\/p>\n<\/li>\n<li>\n<p data-path-to-node=\"14,2,0\"><b data-path-to-node=\"14,2,0\" data-index-in-node=\"0\">Hoteles y complejos tur\u00edsticos de lujo:<\/b> Distinguiendo con estilo a los hu\u00e9spedes \u201cTodo Incluido\u201d o \u201cClub Level\u201d.<\/p>\n<\/li>\n<li>\n<p data-path-to-node=\"14,3,0\"><b data-path-to-node=\"14,3,0\" data-index-in-node=\"0\">Eventos conmemorativos:<\/b> Celebraciones de aniversario donde la pulsera sirve como un recuerdo de gran valor.<\/p>\n<\/li>\n<\/ul>\n<p data-path-to-node=\"15\">","protected":false},"excerpt":{"rendered":"<ul>\n<li>\n<p data-path-to-node=\"7,0,0\"><b data-path-to-node=\"7,0,0\" data-index-in-node=\"0\">Est\u00e9tica VIP Premium:<\/b> El hilo dorado met\u00e1lico tejido proporciona un aspecto exclusivo y de alta gama que diferencia a los invitados VIP.<\/p>\n<\/li>\n<li>\n<p data-path-to-node=\"7,1,0\"><b data-path-to-node=\"7,1,0\" data-index-in-node=\"0\">M\u00e1xima seguridad:<\/b> Cuenta con un mecanismo de bloqueo no transferible para evitar el uso compartido y el acceso no autorizado.<\/p>\n<\/li>\n<li>\n<p data-path-to-node=\"7,2,0\"><b data-path-to-node=\"7,2,0\" data-index-in-node=\"0\">Marca duradera:<\/b> Fabricado con poli\u00e9ster de alta calidad que resiste festivales de varios d\u00edas y sirve como recuerdo.<\/p>\n<\/li>\n<li>\n<p data-path-to-node=\"7,3,0\"><b data-path-to-node=\"7,3,0\" data-index-in-node=\"0\">Personalizaci\u00f3n completa:<\/b> El tejido a todo color permite integrar logotipos intrincados con los acentos dorados brillantes.<\/p>\n<\/li>\n<\/ul>","protected":false},"featured_media":6603,"comment_status":"closed","ping_status":"closed","template":"","meta":[],"product_brand":[],"product_cat":[47],"product_tag":[],"class_list":{"0":"post-6599","1":"product","2":"type-product","3":"status-publish","4":"has-post-thumbnail","6":"product_cat-fabric-wristbands","8":"first","9":"instock","10":"shipping-taxable","11":"purchasable","12":"product-type-simple"},"_links":{"self":[{"href":"https:\/\/displayproducts.eu\/es\/wp-json\/wp\/v2\/product\/6599","targetHints":{"allow":["GET"]}}],"collection":[{"href":"https:\/\/displayproducts.eu\/es\/wp-json\/wp\/v2\/product"}],"about":[{"href":"https:\/\/displayproducts.eu\/es\/wp-json\/wp\/v2\/types\/product"}],"replies":[{"embeddable":true,"href":"https:\/\/displayproducts.eu\/es\/wp-json\/wp\/v2\/comments?post=6599"}],"wp:featuredmedia":[{"embeddable":true,"href":"https:\/\/displayproducts.eu\/es\/wp-json\/wp\/v2\/media\/6603"}],"wp:attachment":[{"href":"https:\/\/displayproducts.eu\/es\/wp-json\/wp\/v2\/media?parent=6599"}],"wp:term":[{"taxonomy":"product_brand","embeddable":true,"href":"https:\/\/displayproducts.eu\/es\/wp-json\/wp\/v2\/product_brand?post=6599"},{"taxonomy":"product_cat","embeddable":true,"href":"https:\/\/displayproducts.eu\/es\/wp-json\/wp\/v2\/product_cat?post=6599"},{"taxonomy":"product_tag","embeddable":true,"href":"https:\/\/displayproducts.eu\/es\/wp-json\/wp\/v2\/product_tag?post=6599"}],"curies":[{"name":"wp","href":"https:\/\/api.w.org\/{rel}","templated":true}]}}