{"id":6514,"date":"2026-01-03T00:15:17","date_gmt":"2026-01-02T21:15:17","guid":{"rendered":"https:\/\/wristbandfactory.eu\/?post_type=product&#038;p=6514"},"modified":"2026-04-01T21:52:34","modified_gmt":"2026-04-01T18:52:34","slug":"event-watch-led-wristband-with-custom-logo","status":"publish","type":"product","link":"https:\/\/displayproducts.eu\/es\/p\/event-watch-led-wristband-with-custom-logo\/","title":{"rendered":"Pulseras LED tipo reloj con logotipo"},"content":{"rendered":"<p data-path-to-node=\"10\">Realce la imagen de su marca corporativa con la pulsera LED &quot;Event Watch&quot;. Dise\u00f1ada con una carcasa prominente que imita un reloj moderno, este modelo est\u00e1 espec\u00edficamente dise\u00f1ado para maximizar la visibilidad de su marca. La superficie plana y de gran tama\u00f1o del m\u00f3dulo LED garantiza que incluso los logotipos m\u00e1s detallados se visualicen con claridad y sean el centro de atenci\u00f3n en todo el recinto. Fabricada con ABS de alto impacto y silicona de grado m\u00e9dico, esta pulsera de 30 g ofrece una sensaci\u00f3n de solidez y calidad superior que los invitados apreciar\u00e1n como un souvenir de alta tecnolog\u00eda.<\/p>\n<h2 data-path-to-node=\"11\">Caracter\u00edsticas principales<\/h2>\n<ul data-path-to-node=\"12\">\n<li>\n<p data-path-to-node=\"12,0,0\"><b data-path-to-node=\"12,0,0\" data-index-in-node=\"0\">Est\u00e9tica de estilo reloj premium:<\/b> El dise\u00f1o familiar del reloj lo convierte en la opci\u00f3n m\u00e1s profesional para galas de alto nivel y conferencias corporativas.<\/p>\n<\/li>\n<li>\n<p data-path-to-node=\"12,1,0\"><b data-path-to-node=\"12,1,0\" data-index-in-node=\"0\">Integraci\u00f3n de RF profesional:<\/b> Se sincroniza perfectamente con su mesa de iluminaci\u00f3n para pulsar y destellar al un\u00edsono perfecto con la programaci\u00f3n del escenario del evento.<\/p>\n<\/li>\n<li>\n<p data-path-to-node=\"12,2,0\"><b data-path-to-node=\"12,2,0\" data-index-in-node=\"0\">Durable y reutilizable:<\/b> Los materiales de alta calidad y el sistema de bater\u00eda reemplazable hacen que estas bandas sean adecuadas para uso durante varios d\u00edas o recorridos consecutivos.<\/p>\n<\/li>\n<li>\n<p data-path-to-node=\"12,3,0\"><b data-path-to-node=\"12,3,0\" data-index-in-node=\"0\">LED de alta intensidad:<\/b> Cuenta con una potente salida de luz capaz de mostrar 15 colores distintos para combinar perfectamente con la paleta espec\u00edfica de su marca.<\/p>\n<\/li>\n<\/ul>\n<h2 data-path-to-node=\"13\">Presupuesto<\/h2>\n<ul data-path-to-node=\"14\">\n<li>\n<p data-path-to-node=\"14,0,0\"><b data-path-to-node=\"14,0,0\" data-index-in-node=\"0\">Material:<\/b> Carcasa de ABS reforzada y correa de silicona de primera calidad<\/p>\n<\/li>\n<li>\n<p data-path-to-node=\"14,1,0\"><b data-path-to-node=\"14,1,0\" data-index-in-node=\"0\">Peso:<\/b> 30 gramos<\/p>\n<\/li>\n<li>\n<p data-path-to-node=\"14,2,0\"><b data-path-to-node=\"14,2,0\" data-index-in-node=\"0\">Tama\u00f1o de la unidad:<\/b> 6,7 x 7,5 cent\u00edmetros<\/p>\n<\/li>\n<li>\n<p data-path-to-node=\"14,3,0\"><b data-path-to-node=\"14,3,0\" data-index-in-node=\"0\">Comunicaci\u00f3n:<\/b> RF 433 MHz \/ Control remoto \/ DMX512<\/p>\n<\/li>\n<li>\n<p data-path-to-node=\"14,4,0\"><b data-path-to-node=\"14,4,0\" data-index-in-node=\"0\">Bater\u00eda:<\/b> 2x CR2032 (reemplazables)<\/p>\n<\/li>\n<li>\n<p data-path-to-node=\"14,5,0\"><b data-path-to-node=\"14,5,0\" data-index-in-node=\"0\">Tiempo de trabajo:<\/b> Hasta 12 horas<\/p>\n<\/li>\n<li>\n<p data-path-to-node=\"14,6,0\"><b data-path-to-node=\"14,6,0\" data-index-in-node=\"0\">Colores de LED:<\/b> 15 modos multicolor<\/p>\n<\/li>\n<\/ul>\n<h2 data-path-to-node=\"15\">Casos de uso<\/h2>\n<ul data-path-to-node=\"16\">\n<li>\n<p data-path-to-node=\"16,0,0\"><b data-path-to-node=\"16,0,0\" data-index-in-node=\"0\">Eventos de gala corporativos:<\/b> Un dispositivo port\u00e1til profesional que funciona como accesorio interactivo y como obsequio de marca de alto valor.<\/p>\n<\/li>\n<li>\n<p data-path-to-node=\"16,1,0\"><b data-path-to-node=\"16,1,0\" data-index-in-node=\"0\">Conferencias a gran escala:<\/b> Convirtiendo a toda la audiencia en un lienzo de luz sincronizado durante las presentaciones y revelaciones.<\/p>\n<\/li>\n<li>\n<p data-path-to-node=\"16,2,0\"><b data-path-to-node=\"16,2,0\" data-index-in-node=\"0\">Marca de patrocinador VIP:<\/b> Usando la cara de gran tama\u00f1o para mostrar a los patrocinadores del evento principal durante reuniones nocturnas exclusivas.<\/p>\n<\/li>\n<li>\n<p data-path-to-node=\"16,3,0\"><b data-path-to-node=\"16,3,0\" data-index-in-node=\"0\">Lanzamientos de productos:<\/b> Resaltar la identidad de marca entre miles de asistentes simult\u00e1neamente a trav\u00e9s del control de iluminaci\u00f3n central.<\/p>\n<\/li>\n<\/ul>\n<p data-path-to-node=\"17\">","protected":false},"excerpt":{"rendered":"<ul>\n<li>\n<p data-path-to-node=\"9,0,0\"><b data-path-to-node=\"9,0,0\" data-index-in-node=\"0\">Dise\u00f1o de reloj moderno:<\/b> Cuenta con una carcasa rectangular prominente sobre una c\u00f3moda correa de silicona, que imita el aspecto de un reloj inteligente profesional.<\/p>\n<\/li>\n<li>\n<p data-path-to-node=\"9,1,0\"><b data-path-to-node=\"9,1,0\" data-index-in-node=\"0\">Superficie de marca maximizada:<\/b> La \u201cesfera del reloj\u201d plana de gran tama\u00f1o proporciona el \u00e1rea de impresi\u00f3n m\u00e1s grande de nuestro cat\u00e1logo para logotipos personalizados de alto impacto.<\/p>\n<\/li>\n<li>\n<p data-path-to-node=\"9,2,0\"><b data-path-to-node=\"9,2,0\" data-index-in-node=\"0\">Poder de larga duraci\u00f3n:<\/b> Equipado con 2 bater\u00edas reemplazables CR2032, que brindan un espect\u00e1culo de luces confiable de 12 horas para eventos prolongados.<\/p>\n<\/li>\n<li>\n<p data-path-to-node=\"9,3,0\"><b data-path-to-node=\"9,3,0\" data-index-in-node=\"0\">Control sincronizado completo:<\/b> Responde instant\u00e1neamente a los controladores centrales RF y DMX512 para administrar 15 colores LED vibrantes simult\u00e1neamente.<\/p>\n<\/li>\n<\/ul>","protected":false},"featured_media":6515,"comment_status":"closed","ping_status":"closed","template":"","meta":[],"product_brand":[],"product_cat":[80],"product_tag":[],"class_list":{"0":"post-6514","1":"product","2":"type-product","3":"status-publish","4":"has-post-thumbnail","6":"product_cat-led-wristbands","8":"first","9":"instock","10":"shipping-taxable","11":"purchasable","12":"product-type-simple"},"_links":{"self":[{"href":"https:\/\/displayproducts.eu\/es\/wp-json\/wp\/v2\/product\/6514","targetHints":{"allow":["GET"]}}],"collection":[{"href":"https:\/\/displayproducts.eu\/es\/wp-json\/wp\/v2\/product"}],"about":[{"href":"https:\/\/displayproducts.eu\/es\/wp-json\/wp\/v2\/types\/product"}],"replies":[{"embeddable":true,"href":"https:\/\/displayproducts.eu\/es\/wp-json\/wp\/v2\/comments?post=6514"}],"wp:featuredmedia":[{"embeddable":true,"href":"https:\/\/displayproducts.eu\/es\/wp-json\/wp\/v2\/media\/6515"}],"wp:attachment":[{"href":"https:\/\/displayproducts.eu\/es\/wp-json\/wp\/v2\/media?parent=6514"}],"wp:term":[{"taxonomy":"product_brand","embeddable":true,"href":"https:\/\/displayproducts.eu\/es\/wp-json\/wp\/v2\/product_brand?post=6514"},{"taxonomy":"product_cat","embeddable":true,"href":"https:\/\/displayproducts.eu\/es\/wp-json\/wp\/v2\/product_cat?post=6514"},{"taxonomy":"product_tag","embeddable":true,"href":"https:\/\/displayproducts.eu\/es\/wp-json\/wp\/v2\/product_tag?post=6514"}],"curies":[{"name":"wp","href":"https:\/\/api.w.org\/{rel}","templated":true}]}}