{"id":6513,"date":"2026-01-02T23:41:25","date_gmt":"2026-01-02T20:41:25","guid":{"rendered":"https:\/\/wristbandfactory.eu\/?post_type=product&#038;p=6513"},"modified":"2026-04-01T21:52:34","modified_gmt":"2026-04-01T18:52:34","slug":"nylon-cord-remote-controlled-led-wristbands-with-custom-logo","status":"publish","type":"product","link":"https:\/\/displayproducts.eu\/es\/p\/nylon-cord-remote-controlled-led-wristbands-with-custom-logo\/","title":{"rendered":"Pulseras LED con cord\u00f3n de nailon y logotipo"},"content":{"rendered":"<p data-path-to-node=\"9\">Aumente el impacto visual de su evento con la pulsera LED &quot;Nylon Cord&quot;. Este modelo ofrece una est\u00e9tica festivalera \u00fanica e informal, a la vez que proporciona tecnolog\u00eda de iluminaci\u00f3n profesional con control remoto. El cord\u00f3n de nailon ajustable garantiza un ajuste seguro y c\u00f3modo para todos los asistentes, lo que la convierte en una opci\u00f3n popular para festivales al aire libre a gran escala, carreras nocturnas y eventos musicales donde se prefiere un dispositivo ligero a la silicona tradicional.<\/p>\n<h2 data-path-to-node=\"10\">Caracter\u00edsticas principales<\/h2>\n<ul data-path-to-node=\"11\">\n<li>\n<p data-path-to-node=\"11,0,0\"><b data-path-to-node=\"11,0,0\" data-index-in-node=\"0\">15 colores LED din\u00e1micos:<\/b> Cambie entre 15 modos multicolores vibrantes para combinar con el tema de su evento o las se\u00f1ales musicales en tiempo real.<\/p>\n<\/li>\n<li>\n<p data-path-to-node=\"11,1,0\"><b data-path-to-node=\"11,1,0\" data-index-in-node=\"0\">Fijaci\u00f3n segura:<\/b> El dise\u00f1o del cord\u00f3n de nailon anudado es duradero y f\u00e1cil de ajustar para los invitados, brindando una soluci\u00f3n \u00fanica para todos.<\/p>\n<\/li>\n<li>\n<p data-path-to-node=\"11,2,0\"><b data-path-to-node=\"11,2,0\" data-index-in-node=\"0\">Gesti\u00f3n eficiente de la energ\u00eda:<\/b> Al utilizar un sistema de leng\u00fceta de tiro en lugar de un interruptor manual, puedes distribuir las bandas con d\u00edas de anticipaci\u00f3n sin riesgo de que se agote la bater\u00eda.<\/p>\n<\/li>\n<li>\n<p data-path-to-node=\"11,3,0\"><b data-path-to-node=\"11,3,0\" data-index-in-node=\"0\">Marca B2B profesional:<\/b> La superficie plana de la carcasa del LED est\u00e1 optimizada para la impresi\u00f3n con tampograf\u00eda de alta calidad del logotipo de su empresa.<\/p>\n<\/li>\n<\/ul>\n<h2 data-path-to-node=\"12\">Presupuesto<\/h2>\n<ul data-path-to-node=\"13\">\n<li>\n<p data-path-to-node=\"13,0,0\"><b data-path-to-node=\"13,0,0\" data-index-in-node=\"0\">Material:<\/b> Carcasa de ABS con cord\u00f3n de nailon de alta resistencia.<\/p>\n<\/li>\n<li>\n<p data-path-to-node=\"13,1,0\"><b data-path-to-node=\"13,1,0\" data-index-in-node=\"0\">Peso:<\/b> 20 gramos.<\/p>\n<\/li>\n<li>\n<p data-path-to-node=\"13,2,0\"><b data-path-to-node=\"13,2,0\" data-index-in-node=\"0\">Tama\u00f1o de la unidad:<\/b> 6,7 x 7,5 cent\u00edmetros.<\/p>\n<\/li>\n<li>\n<p data-path-to-node=\"13,3,0\"><b data-path-to-node=\"13,3,0\" data-index-in-node=\"0\">Modos LED:<\/b> 15 opciones multicolor.<\/p>\n<\/li>\n<li>\n<p data-path-to-node=\"13,4,0\"><b data-path-to-node=\"13,4,0\" data-index-in-node=\"0\">Comunicaci\u00f3n:<\/b> RF 433MHz \/ Control remoto.<\/p>\n<\/li>\n<li>\n<p data-path-to-node=\"13,5,0\"><b data-path-to-node=\"13,5,0\" data-index-in-node=\"0\">Bater\u00eda:<\/b> 2x CR2032 (reemplazables).<\/p>\n<\/li>\n<li>\n<p data-path-to-node=\"13,6,0\"><b data-path-to-node=\"13,6,0\" data-index-in-node=\"0\">Tiempo de trabajo:<\/b> 12 horas.<\/p>\n<\/li>\n<\/ul>\n<h2 data-path-to-node=\"14\">Casos de uso<\/h2>\n<ul data-path-to-node=\"15\">\n<li>\n<p data-path-to-node=\"15,0,0\"><b data-path-to-node=\"15,0,0\" data-index-in-node=\"0\">Festivales de m\u00fasica:<\/b> Combina con la est\u00e9tica cl\u00e1sica de banda tejida pero agrega un espect\u00e1culo de luces sincronizadas de alta tecnolog\u00eda.<\/p>\n<\/li>\n<li>\n<p data-path-to-node=\"15,1,0\"><b data-path-to-node=\"15,1,0\" data-index-in-node=\"0\">Carreras nocturnas ben\u00e9ficas:<\/b> Un accesorio ultraligero que aumenta la visibilidad y la unidad entre los participantes.<\/p>\n<\/li>\n<li>\n<p data-path-to-node=\"15,2,0\"><b data-path-to-node=\"15,2,0\" data-index-in-node=\"0\">Fiestas en la playa y eventos de verano:<\/b> El cord\u00f3n de nailon transpirable es c\u00f3modo en climas c\u00e1lidos y entornos energ\u00e9ticos.<\/p>\n<\/li>\n<li>\n<p data-path-to-node=\"15,3,0\"><b data-path-to-node=\"15,3,0\" data-index-in-node=\"0\">Activaciones de patrocinadores:<\/b> Un dispositivo port\u00e1til de marca y rentable que crea un efecto sorpresa memorable para grandes multitudes.<\/p>\n<\/li>\n<\/ul>\n<p data-path-to-node=\"16\">","protected":false},"excerpt":{"rendered":"<ul>\n<li>\n<p data-path-to-node=\"8,0,0\"><b data-path-to-node=\"8,0,0\" data-index-in-node=\"0\">Comodidad ultraligera:<\/b> Dise\u00f1o minimalista con un cord\u00f3n de nailon suave y una carcasa ABS compacta, que pesa solo 20 g.<\/p>\n<\/li>\n<li>\n<p data-path-to-node=\"8,1,0\"><b data-path-to-node=\"8,1,0\" data-index-in-node=\"0\">Control remoto sincronizado:<\/b> Totalmente compatible con controladores centrales para gestionar 15 colores LED diferentes simult\u00e1neamente en todo el lugar.<\/p>\n<\/li>\n<li>\n<p data-path-to-node=\"8,2,0\"><b data-path-to-node=\"8,2,0\" data-index-in-node=\"0\">Mayor duraci\u00f3n de la bater\u00eda:<\/b> Equipado con 2 bater\u00edas reemplazables CR2032 que proporcionan 12 horas de rendimiento de espect\u00e1culo de luces activo.<\/p>\n<\/li>\n<li>\n<p data-path-to-node=\"8,3,0\"><b data-path-to-node=\"8,3,0\" data-index-in-node=\"0\">Protecci\u00f3n de leng\u00fceta de tiro:<\/b> La pesta\u00f1a de protecci\u00f3n de la bater\u00eda garantiza que las unidades permanezcan con energ\u00eda 100% hasta el momento exacto de su evento.<\/p>\n<\/li>\n<\/ul>","protected":false},"featured_media":5983,"comment_status":"closed","ping_status":"closed","template":"","meta":[],"product_brand":[],"product_cat":[80],"product_tag":[],"class_list":{"0":"post-6513","1":"product","2":"type-product","3":"status-publish","4":"has-post-thumbnail","6":"product_cat-led-wristbands","8":"first","9":"instock","10":"shipping-taxable","11":"product-type-simple"},"_links":{"self":[{"href":"https:\/\/displayproducts.eu\/es\/wp-json\/wp\/v2\/product\/6513","targetHints":{"allow":["GET"]}}],"collection":[{"href":"https:\/\/displayproducts.eu\/es\/wp-json\/wp\/v2\/product"}],"about":[{"href":"https:\/\/displayproducts.eu\/es\/wp-json\/wp\/v2\/types\/product"}],"replies":[{"embeddable":true,"href":"https:\/\/displayproducts.eu\/es\/wp-json\/wp\/v2\/comments?post=6513"}],"wp:featuredmedia":[{"embeddable":true,"href":"https:\/\/displayproducts.eu\/es\/wp-json\/wp\/v2\/media\/5983"}],"wp:attachment":[{"href":"https:\/\/displayproducts.eu\/es\/wp-json\/wp\/v2\/media?parent=6513"}],"wp:term":[{"taxonomy":"product_brand","embeddable":true,"href":"https:\/\/displayproducts.eu\/es\/wp-json\/wp\/v2\/product_brand?post=6513"},{"taxonomy":"product_cat","embeddable":true,"href":"https:\/\/displayproducts.eu\/es\/wp-json\/wp\/v2\/product_cat?post=6513"},{"taxonomy":"product_tag","embeddable":true,"href":"https:\/\/displayproducts.eu\/es\/wp-json\/wp\/v2\/product_tag?post=6513"}],"curies":[{"name":"wp","href":"https:\/\/api.w.org\/{rel}","templated":true}]}}