{"id":6512,"date":"2026-01-02T23:35:13","date_gmt":"2026-01-02T20:35:13","guid":{"rendered":"https:\/\/wristbandfactory.eu\/?post_type=product&#038;p=6512"},"modified":"2026-04-01T21:52:34","modified_gmt":"2026-04-01T18:52:34","slug":"curved-ergonomic-led-wristband-with-custom-logo","status":"publish","type":"product","link":"https:\/\/displayproducts.eu\/es\/p\/curved-ergonomic-led-wristband-with-custom-logo\/","title":{"rendered":"Pulseras LED ergon\u00f3micas con logotipo"},"content":{"rendered":"<p data-path-to-node=\"9\">Mejore la experiencia de su marca con la pulsera LED ergon\u00f3mica &quot;Curvada&quot;. Este modelo (Cat\u00e1logo LED 7) cuenta con una distintiva construcci\u00f3n de PVC r\u00edgido que ofrece una apariencia y tacto premium en comparaci\u00f3n con las alternativas de silicona est\u00e1ndar. El material transl\u00facido permite que la luz se disperse elegantemente por toda la pulsera, mientras que su exclusivo cierre entrelazado garantiza que se mantenga c\u00f3moda y en su lugar durante todo el evento. Es la opci\u00f3n preferida para \u00e1reas VIP corporativas y lanzamientos de productos de alto impacto donde la est\u00e9tica moderna es clave.<\/p>\n<h2 data-path-to-node=\"10\">Caracter\u00edsticas principales<\/h2>\n<ul data-path-to-node=\"11\">\n<li>\n<p data-path-to-node=\"11,0,0\"><b data-path-to-node=\"11,0,0\" data-index-in-node=\"0\">Potencia LED seleccionable:<\/b> Elija entre la versi\u00f3n de 2 LED para un ambiente sutil o la versi\u00f3n de 4 LED para un brillo m\u00e1ximo en lugares grandes.<\/p>\n<\/li>\n<li>\n<p data-path-to-node=\"11,1,0\"><b data-path-to-node=\"11,1,0\" data-index-in-node=\"0\">Material de PVC duradero:<\/b> Fabricado con una combinaci\u00f3n de ABS de alto impacto y PVC de calidad profesional para una mayor durabilidad.<\/p>\n<\/li>\n<li>\n<p data-path-to-node=\"11,2,0\"><b data-path-to-node=\"11,2,0\" data-index-in-node=\"0\">Integraci\u00f3n RF perfecta:<\/b> Se conecta a las consolas de iluminaci\u00f3n central para activar cambios de color en tiempo real y secuencias de destellos din\u00e1micos.<\/p>\n<\/li>\n<li>\n<p data-path-to-node=\"11,3,0\"><b data-path-to-node=\"11,3,0\" data-index-in-node=\"0\">Ajuste anat\u00f3mico:<\/b> La forma precurvada se ubica m\u00e1s abajo en la mu\u00f1eca, reduciendo el volumen y proporcionando un perfil elegante similar a un reloj.<\/p>\n<\/li>\n<\/ul>\n<h2 data-path-to-node=\"12\">Presupuesto<\/h2>\n<ul data-path-to-node=\"13\">\n<li>\n<p data-path-to-node=\"13,0,0\"><b data-path-to-node=\"13,0,0\" data-index-in-node=\"0\">Material:<\/b> Carcasa de ABS de alto impacto y correa de PVC de primera calidad.<\/p>\n<\/li>\n<li>\n<p data-path-to-node=\"13,1,0\"><b data-path-to-node=\"13,1,0\" data-index-in-node=\"0\">Tama\u00f1o de la unidad:<\/b> Di\u00e1metro 6,9 x 6,4 cm.<\/p>\n<\/li>\n<li>\n<p data-path-to-node=\"13,2,0\"><b data-path-to-node=\"13,2,0\" data-index-in-node=\"0\">Peso:<\/b> 30 gramos.<\/p>\n<\/li>\n<li>\n<p data-path-to-node=\"13,3,0\"><b data-path-to-node=\"13,3,0\" data-index-in-node=\"0\">Comunicaci\u00f3n:<\/b> RF 433MHz \/ Control remoto \/ DMX512.<\/p>\n<\/li>\n<li>\n<p data-path-to-node=\"13,4,0\"><b data-path-to-node=\"13,4,0\" data-index-in-node=\"0\">Bater\u00eda:<\/b> 2x CR2032 (reemplazables).<\/p>\n<\/li>\n<li>\n<p data-path-to-node=\"13,5,0\"><b data-path-to-node=\"13,5,0\" data-index-in-node=\"0\">Duraci\u00f3n de la bater\u00eda:<\/b> Aproximadamente 8 horas de espect\u00e1culo de luces activo.<\/p>\n<\/li>\n<li>\n<p data-path-to-node=\"13,6,0\"><b data-path-to-node=\"13,6,0\" data-index-in-node=\"0\">Modos LED:<\/b> M\u00e1s de 15 modos de sincronizaci\u00f3n multicolor.<\/p>\n<\/li>\n<\/ul>\n<h2 data-path-to-node=\"14\">Casos de uso<\/h2>\n<ul data-path-to-node=\"15\">\n<li>\n<p data-path-to-node=\"15,0,0\"><b data-path-to-node=\"15,0,0\" data-index-in-node=\"0\">Eventos de gala corporativos:<\/b> Ofreciendo un dispositivo port\u00e1til elegante y de alta tecnolog\u00eda que realza el ambiente formal.<\/p>\n<\/li>\n<li>\n<p data-path-to-node=\"15,1,0\"><b data-path-to-node=\"15,1,0\" data-index-in-node=\"0\">El producto revela:<\/b> Utilizando patrones de colores sincronizados para generar entusiasmo durante el lanzamiento de nuevos productos.<\/p>\n<\/li>\n<li>\n<p data-path-to-node=\"15,2,0\"><b data-path-to-node=\"15,2,0\" data-index-in-node=\"0\">Control de acceso VIP:<\/b> Diferenciando a los hu\u00e9spedes premium con un modelo LED r\u00edgido y de alta visibilidad.<\/p>\n<\/li>\n<li>\n<p data-path-to-node=\"15,3,0\"><b data-path-to-node=\"15,3,0\" data-index-in-node=\"0\">Fiestas tem\u00e1ticas:<\/b> Utilizando las capacidades multicolor para combinar con la paleta de colores espec\u00edfica de su evento.<\/p>\n<\/li>\n<\/ul>\n<p data-path-to-node=\"16\">","protected":false},"excerpt":{"rendered":"<ul>\n<li>\n<p data-path-to-node=\"8,0,0\"><b data-path-to-node=\"8,0,0\" data-index-in-node=\"0\">Dise\u00f1o anat\u00f3mico r\u00edgido:<\/b> La construcci\u00f3n de PVC contorneada sigue la forma natural de la mu\u00f1eca para una comodidad ergon\u00f3mica profesional durante los eventos.<\/p>\n<\/li>\n<li>\n<p data-path-to-node=\"8,1,0\"><b data-path-to-node=\"8,1,0\" data-index-in-node=\"0\">Cierre entrelazado seguro:<\/b> Cuenta con una exclusiva ranura entrelazada estilo rompecabezas para garantizar que la banda se mantenga segura incluso durante movimientos de alta energ\u00eda.<\/p>\n<\/li>\n<li>\n<p data-path-to-node=\"8,2,0\"><b data-path-to-node=\"8,2,0\" data-index-in-node=\"0\">Sincronizaci\u00f3n controlada remotamente:<\/b> Totalmente compatible con controladores profesionales RF y DMX512 para efectos de iluminaci\u00f3n sincronizados en todo el lugar.<\/p>\n<\/li>\n<li>\n<p data-path-to-node=\"8,3,0\"><b data-path-to-node=\"8,3,0\" data-index-in-node=\"0\">Marca de alta visibilidad:<\/b> La superficie r\u00edgida de PVC ofrece un \u00e1rea estable y prominente para la impresi\u00f3n de logotipos personalizados de alta precisi\u00f3n.<\/p>\n<\/li>\n<\/ul>","protected":false},"featured_media":6687,"comment_status":"closed","ping_status":"closed","template":"","meta":[],"product_brand":[],"product_cat":[80],"product_tag":[],"class_list":{"0":"post-6512","1":"product","2":"type-product","3":"status-publish","4":"has-post-thumbnail","6":"product_cat-led-wristbands","8":"first","9":"instock","10":"shipping-taxable","11":"product-type-simple"},"_links":{"self":[{"href":"https:\/\/displayproducts.eu\/es\/wp-json\/wp\/v2\/product\/6512","targetHints":{"allow":["GET"]}}],"collection":[{"href":"https:\/\/displayproducts.eu\/es\/wp-json\/wp\/v2\/product"}],"about":[{"href":"https:\/\/displayproducts.eu\/es\/wp-json\/wp\/v2\/types\/product"}],"replies":[{"embeddable":true,"href":"https:\/\/displayproducts.eu\/es\/wp-json\/wp\/v2\/comments?post=6512"}],"wp:featuredmedia":[{"embeddable":true,"href":"https:\/\/displayproducts.eu\/es\/wp-json\/wp\/v2\/media\/6687"}],"wp:attachment":[{"href":"https:\/\/displayproducts.eu\/es\/wp-json\/wp\/v2\/media?parent=6512"}],"wp:term":[{"taxonomy":"product_brand","embeddable":true,"href":"https:\/\/displayproducts.eu\/es\/wp-json\/wp\/v2\/product_brand?post=6512"},{"taxonomy":"product_cat","embeddable":true,"href":"https:\/\/displayproducts.eu\/es\/wp-json\/wp\/v2\/product_cat?post=6512"},{"taxonomy":"product_tag","embeddable":true,"href":"https:\/\/displayproducts.eu\/es\/wp-json\/wp\/v2\/product_tag?post=6512"}],"curies":[{"name":"wp","href":"https:\/\/api.w.org\/{rel}","templated":true}]}}