{"id":6511,"date":"2026-01-02T23:31:29","date_gmt":"2026-01-02T20:31:29","guid":{"rendered":"https:\/\/wristbandfactory.eu\/?post_type=product&#038;p=6511"},"modified":"2026-04-01T21:52:34","modified_gmt":"2026-04-01T18:52:34","slug":"lightweight-festival-led-wristband-with-custom-logo","status":"publish","type":"product","link":"https:\/\/displayproducts.eu\/es\/p\/lightweight-festival-led-wristband-with-custom-logo\/","title":{"rendered":"Pulseras LED ligeras para festivales con logotipo"},"content":{"rendered":"<p data-path-to-node=\"10\">Maximice la comodidad de los asistentes sin sacrificar el impacto visual con nuestra pulsera LED ligera para festivales. Este modelo est\u00e1 dise\u00f1ado espec\u00edficamente para eventos din\u00e1micos y de larga duraci\u00f3n donde el peso de un dispositivo port\u00e1til es un factor importante. A pesar de su dise\u00f1o delgado y ligero, incorpora la misma potente tecnolog\u00eda RF y DMX que nuestros modelos m\u00e1s grandes, lo que le permite convertir a una multitud en un escenario de luz sincronizada.<\/p>\n<h2 data-path-to-node=\"11\">Caracter\u00edsticas principales<\/h2>\n<ul data-path-to-node=\"12\">\n<li>\n<p data-path-to-node=\"12,0,0\"><b data-path-to-node=\"12,0,0\" data-index-in-node=\"0\">Ergonom\u00eda minimalista:<\/b> La carcasa ABS aerodin\u00e1mica y la correa fina de silicona hacen de esta la opci\u00f3n m\u00e1s c\u00f3moda para usar durante varios d\u00edas.<\/p>\n<\/li>\n<li>\n<p data-path-to-node=\"12,1,0\"><b data-path-to-node=\"12,1,0\" data-index-in-node=\"0\">Control centralizado RF\/DMX:<\/b> Se integra perfectamente con consolas de iluminaci\u00f3n profesionales para activar colores, destellos y transiciones en tiempo real.<\/p>\n<\/li>\n<li>\n<p data-path-to-node=\"12,2,0\"><b data-path-to-node=\"12,2,0\" data-index-in-node=\"0\">Salida LED vibrante:<\/b> Los LED de alta intensidad proporcionan un brillo brillante que permanece visible incluso en grandes entornos de festivales al aire libre.<\/p>\n<\/li>\n<li>\n<p data-path-to-node=\"12,3,0\"><b data-path-to-node=\"12,3,0\" data-index-in-node=\"0\">Impresi\u00f3n personalizada de alta calidad:<\/b> Superficie optimizada para una aplicaci\u00f3n de logotipos n\u00edtidos y duraderos de uno o varios colores.<\/p>\n<\/li>\n<\/ul>\n<h2 data-path-to-node=\"13\">Presupuesto<\/h2>\n<ul data-path-to-node=\"14\">\n<li>\n<p data-path-to-node=\"14,0,0\"><b data-path-to-node=\"14,0,0\" data-index-in-node=\"0\">Dise\u00f1o:<\/b> Buje ligero de perfil delgado.<\/p>\n<\/li>\n<li>\n<p data-path-to-node=\"14,1,0\"><b data-path-to-node=\"14,1,0\" data-index-in-node=\"0\">Peso:<\/b> 18 gramos.<\/p>\n<\/li>\n<li>\n<p data-path-to-node=\"14,2,0\"><b data-path-to-node=\"14,2,0\" data-index-in-node=\"0\">Material:<\/b> ABS de alto impacto y silicona premium.<\/p>\n<\/li>\n<li>\n<p data-path-to-node=\"14,3,0\"><b data-path-to-node=\"14,3,0\" data-index-in-node=\"0\">Comunicaci\u00f3n:<\/b> Radiofrecuencia 433MHz \/ DMX512.<\/p>\n<\/li>\n<li>\n<p data-path-to-node=\"14,4,0\"><b data-path-to-node=\"14,4,0\" data-index-in-node=\"0\">Bater\u00eda:<\/b> 2x CR2032 (reemplazables).<\/p>\n<\/li>\n<li>\n<p data-path-to-node=\"14,5,0\"><b data-path-to-node=\"14,5,0\" data-index-in-node=\"0\">Duraci\u00f3n de la bater\u00eda:<\/b> Aproximadamente 8-10 horas de uso activo.<\/p>\n<\/li>\n<li>\n<p data-path-to-node=\"14,6,0\"><b data-path-to-node=\"14,6,0\" data-index-in-node=\"0\">Personalizaci\u00f3n:<\/b> Tampograf\u00eda de precisi\u00f3n sobre el m\u00f3dulo LED.<\/p>\n<\/li>\n<\/ul>\n<h2 data-path-to-node=\"15\">Casos de uso<\/h2>\n<ul data-path-to-node=\"16\">\n<li>\n<p data-path-to-node=\"16,0,0\"><b data-path-to-node=\"16,0,0\" data-index-in-node=\"0\">Festivales de m\u00fasica de varios d\u00edas:<\/b> La soluci\u00f3n ideal cuando los asistentes necesitan llevar la banda c\u00f3modamente durante varios d\u00edas.<\/p>\n<\/li>\n<li>\n<p data-path-to-node=\"16,1,0\"><b data-path-to-node=\"16,1,0\" data-index-in-node=\"0\">Maratones y carreras nocturnas:<\/b> Proporciona un accesorio liviano y brillante que no obstaculiza el rendimiento deportivo.<\/p>\n<\/li>\n<li>\n<p data-path-to-node=\"16,2,0\"><b data-path-to-node=\"16,2,0\" data-index-in-node=\"0\">Conferencias a gran escala:<\/b> Mejorar la participaci\u00f3n de la audiencia durante largas sesiones magistrales y eventos de networking nocturnos.<\/p>\n<\/li>\n<li>\n<p data-path-to-node=\"16,3,0\"><b data-path-to-node=\"16,3,0\" data-index-in-node=\"0\">Eventos comunitarios:<\/b> Un obsequio rentable y popular que promueve la visibilidad de la marca a trav\u00e9s de la luz.<\/p>\n<\/li>\n<\/ul>\n<p data-path-to-node=\"17\">","protected":false},"excerpt":{"rendered":"<ul>\n<li>\n<p data-path-to-node=\"9,0,0\"><b data-path-to-node=\"9,0,0\" data-index-in-node=\"0\">Dise\u00f1o ultraligero:<\/b> Dise\u00f1ado para ofrecer la m\u00e1xima comodidad durante festivales de varios d\u00edas y eventos de larga duraci\u00f3n.<\/p>\n<\/li>\n<li>\n<p data-path-to-node=\"9,1,0\"><b data-path-to-node=\"9,1,0\" data-index-in-node=\"0\">Sincronizaci\u00f3n de espectro completo:<\/b> Totalmente compatible con controladores RF y DMX512 para espect\u00e1culos de luces sincronizados en todo el lugar.<\/p>\n<\/li>\n<li>\n<p data-path-to-node=\"9,2,0\"><b data-path-to-node=\"9,2,0\" data-index-in-node=\"0\">Correa de silicona duradera:<\/b> La silicona flexible y agradable para la piel garantiza un ajuste seguro para todos los asistentes.<\/p>\n<\/li>\n<li>\n<p data-path-to-node=\"9,3,0\"><b data-path-to-node=\"9,3,0\" data-index-in-node=\"0\">Marca B2B personalizada:<\/b> Tampograf\u00eda de precisi\u00f3n en carcasa LED compacta para logotipos corporativos de alta visibilidad.<\/p>\n<\/li>\n<\/ul>","protected":false},"featured_media":6688,"comment_status":"closed","ping_status":"closed","template":"","meta":[],"product_brand":[],"product_cat":[80],"product_tag":[],"class_list":{"0":"post-6511","1":"product","2":"type-product","3":"status-publish","4":"has-post-thumbnail","6":"product_cat-led-wristbands","8":"first","9":"instock","10":"shipping-taxable","11":"product-type-simple"},"_links":{"self":[{"href":"https:\/\/displayproducts.eu\/es\/wp-json\/wp\/v2\/product\/6511","targetHints":{"allow":["GET"]}}],"collection":[{"href":"https:\/\/displayproducts.eu\/es\/wp-json\/wp\/v2\/product"}],"about":[{"href":"https:\/\/displayproducts.eu\/es\/wp-json\/wp\/v2\/types\/product"}],"replies":[{"embeddable":true,"href":"https:\/\/displayproducts.eu\/es\/wp-json\/wp\/v2\/comments?post=6511"}],"wp:featuredmedia":[{"embeddable":true,"href":"https:\/\/displayproducts.eu\/es\/wp-json\/wp\/v2\/media\/6688"}],"wp:attachment":[{"href":"https:\/\/displayproducts.eu\/es\/wp-json\/wp\/v2\/media?parent=6511"}],"wp:term":[{"taxonomy":"product_brand","embeddable":true,"href":"https:\/\/displayproducts.eu\/es\/wp-json\/wp\/v2\/product_brand?post=6511"},{"taxonomy":"product_cat","embeddable":true,"href":"https:\/\/displayproducts.eu\/es\/wp-json\/wp\/v2\/product_cat?post=6511"},{"taxonomy":"product_tag","embeddable":true,"href":"https:\/\/displayproducts.eu\/es\/wp-json\/wp\/v2\/product_tag?post=6511"}],"curies":[{"name":"wp","href":"https:\/\/api.w.org\/{rel}","templated":true}]}}