{"id":6507,"date":"2026-01-02T23:24:17","date_gmt":"2026-01-02T20:24:17","guid":{"rendered":"https:\/\/wristbandfactory.eu\/?post_type=product&#038;p=6507"},"modified":"2026-04-01T21:52:34","modified_gmt":"2026-04-01T18:52:34","slug":"the-bright-stadium-led-wristband-with-custom-logo","status":"publish","type":"product","link":"https:\/\/displayproducts.eu\/es\/p\/the-bright-stadium-led-wristband-with-custom-logo\/","title":{"rendered":"Pulseras LED de alta potencia para estadios con logotipo"},"content":{"rendered":"<p>Transforme su evento en el estadio en un mar de luz fascinante con la pulsera LED &quot;The Bright&quot;. Este modelo est\u00e1 dise\u00f1ado espec\u00edficamente para producciones a gran escala donde las pulseras de pila de bot\u00f3n est\u00e1ndar no tienen la potencia lum\u00ednica necesaria. Al utilizar 11 LED individuales y una fuente de alimentaci\u00f3n AAA dedicada, &quot;The Bright&quot; garantiza que su marca y espect\u00e1culo de luces lleguen a los asientos m\u00e1s alejados con una intensidad y claridad inigualables. Es la herramienta definitiva para organizadores de eventos que no sacrifican el impacto visual.<\/p>\n<h2 data-path-to-node=\"11\">Caracter\u00edsticas principales<\/h2>\n<ul data-path-to-node=\"12\">\n<li>\n<p data-path-to-node=\"12,0,0\"><b data-path-to-node=\"12,0,0\" data-index-in-node=\"0\">Matriz de 11 LED:<\/b> Nuestra configuraci\u00f3n de iluminaci\u00f3n m\u00e1s potente, dise\u00f1ada espec\u00edficamente para obtener el m\u00e1ximo rendimiento en espacios grandes, tanto interiores como exteriores.<\/p>\n<\/li>\n<li>\n<p data-path-to-node=\"12,1,0\"><b data-path-to-node=\"12,1,0\" data-index-in-node=\"0\">Funciona con pilas AAA:<\/b> A diferencia de los modelos est\u00e1ndar, este utiliza bater\u00edas AAA reemplazables para un mantenimiento m\u00e1s sencillo y un rendimiento de alta intensidad significativamente m\u00e1s prolongado.<\/p>\n<\/li>\n<li>\n<p data-path-to-node=\"12,2,0\"><b data-path-to-node=\"12,2,0\" data-index-in-node=\"0\">Control RF y DMX:<\/b> Se integra perfectamente con las mesas de iluminaci\u00f3n profesionales para activar cambios de color, ondas y patrones en tiempo real.<\/p>\n<\/li>\n<li>\n<p data-path-to-node=\"12,3,0\"><b data-path-to-node=\"12,3,0\" data-index-in-node=\"0\">Construcci\u00f3n duradera:<\/b> Construido con pl\u00e1stico ABS de alto impacto y silicona c\u00f3moda para soportar la participaci\u00f3n en\u00e9rgica de la multitud.<\/p>\n<\/li>\n<\/ul>\n<h2 data-path-to-node=\"13\">Presupuesto<\/h2>\n<ul data-path-to-node=\"14\">\n<li>\n<p data-path-to-node=\"14,0,0\"><b data-path-to-node=\"14,0,0\" data-index-in-node=\"0\">N\u00famero de LED:<\/b> 11 LED de alta intensidad.<\/p>\n<\/li>\n<li>\n<p data-path-to-node=\"14,1,0\"><b data-path-to-node=\"14,1,0\" data-index-in-node=\"0\">Fuente de energ\u00eda:<\/b> 2 pilas AAA (reemplazables).<\/p>\n<\/li>\n<li>\n<p data-path-to-node=\"14,2,0\"><b data-path-to-node=\"14,2,0\" data-index-in-node=\"0\">Peso:<\/b> 31g (incluidas las pilas).<\/p>\n<\/li>\n<li>\n<p data-path-to-node=\"14,3,0\"><b data-path-to-node=\"14,3,0\" data-index-in-node=\"0\">Tiempo de ejecuci\u00f3n:<\/b> Hasta 12 horas de rendimiento activo.<\/p>\n<\/li>\n<li>\n<p data-path-to-node=\"14,4,0\"><b data-path-to-node=\"14,4,0\" data-index-in-node=\"0\">Comunicaci\u00f3n:<\/b> Radiofrecuencia 433MHz \/ DMX512.<\/p>\n<\/li>\n<li>\n<p data-path-to-node=\"14,5,0\"><b data-path-to-node=\"14,5,0\" data-index-in-node=\"0\">Material:<\/b> Carcasa ABS de alto impacto y correa de silicona.<\/p>\n<\/li>\n<li>\n<p data-path-to-node=\"14,6,0\"><b data-path-to-node=\"14,6,0\" data-index-in-node=\"0\">Personalizaci\u00f3n:<\/b> Tampograf\u00eda de alta precisi\u00f3n en la carcasa de la bater\u00eda\/LED.<\/p>\n<\/li>\n<\/ul>\n<h2 data-path-to-node=\"15\">Casos de uso<\/h2>\n<ul data-path-to-node=\"16\">\n<li>\n<p data-path-to-node=\"16,0,0\"><b data-path-to-node=\"16,0,0\" data-index-in-node=\"0\">Giras de conciertos en estadios:<\/b> Creando espect\u00e1culos de luces masivos y de alto brillo que se sincronizan perfectamente con la interpretaci\u00f3n musical.<\/p>\n<\/li>\n<li>\n<p data-path-to-node=\"16,1,0\"><b data-path-to-node=\"16,1,0\" data-index-in-node=\"0\">Grandes festivales al aire libre:<\/b> Garantizar la visibilidad de la marca y la participaci\u00f3n del p\u00fablico en los amplios terrenos del festival por la noche.<\/p>\n<\/li>\n<li>\n<p data-path-to-node=\"16,2,0\"><b data-path-to-node=\"16,2,0\" data-index-in-node=\"0\">Eventos deportivos:<\/b> Involucrar a los fan\u00e1ticos y resaltar los momentos clave del juego con exhibiciones de luces sincronizadas con los colores del equipo.<\/p>\n<\/li>\n<li>\n<p data-path-to-node=\"16,3,0\"><b data-path-to-node=\"16,3,0\" data-index-in-node=\"0\">Activaciones de patrocinadores:<\/b> Ofreciendo un dispositivo port\u00e1til de marca de primera calidad que los invitados valorar\u00e1n como un recuerdo de alta tecnolog\u00eda.<\/p>\n<\/li>\n<\/ul>","protected":false},"excerpt":{"rendered":"<ul>\n<li>\n<p data-path-to-node=\"9,0,0\"><b data-path-to-node=\"9,0,0\" data-index-in-node=\"0\">M\u00e1xima visibilidad:<\/b> Cuenta con 11 LED de alta intensidad para garantizar el espect\u00e1culo de luces m\u00e1s brillante en grandes estadios y arenas.<\/p>\n<\/li>\n<li>\n<p data-path-to-node=\"9,1,0\"><b data-path-to-node=\"9,1,0\" data-index-in-node=\"0\">Rendimiento extendido:<\/b> Funciona con 2 pilas AAA, lo que proporciona un tiempo de funcionamiento confiable de 12 horas para los eventos m\u00e1s largos.<\/p>\n<\/li>\n<li>\n<p data-path-to-node=\"9,2,0\"><b data-path-to-node=\"9,2,0\" data-index-in-node=\"0\">Sincronizaci\u00f3n profesional:<\/b> Totalmente compatible con controladores RF y DMX512 para efectos de iluminaci\u00f3n sincronizados en todo el lugar.<\/p>\n<\/li>\n<li>\n<p data-path-to-node=\"9,3,0\"><b data-path-to-node=\"9,3,0\" data-index-in-node=\"0\">Personalizaci\u00f3n B2B:<\/b> \u00c1rea de impresi\u00f3n grande y prominente en la carcasa de ABS para una marca de logotipo personalizada de alta visibilidad.<\/p>\n<\/li>\n<\/ul>","protected":false},"featured_media":6690,"comment_status":"closed","ping_status":"closed","template":"","meta":[],"product_brand":[],"product_cat":[80],"product_tag":[],"class_list":{"0":"post-6507","1":"product","2":"type-product","3":"status-publish","4":"has-post-thumbnail","6":"product_cat-led-wristbands","8":"first","9":"instock","10":"shipping-taxable","11":"product-type-simple"},"_links":{"self":[{"href":"https:\/\/displayproducts.eu\/es\/wp-json\/wp\/v2\/product\/6507","targetHints":{"allow":["GET"]}}],"collection":[{"href":"https:\/\/displayproducts.eu\/es\/wp-json\/wp\/v2\/product"}],"about":[{"href":"https:\/\/displayproducts.eu\/es\/wp-json\/wp\/v2\/types\/product"}],"replies":[{"embeddable":true,"href":"https:\/\/displayproducts.eu\/es\/wp-json\/wp\/v2\/comments?post=6507"}],"wp:featuredmedia":[{"embeddable":true,"href":"https:\/\/displayproducts.eu\/es\/wp-json\/wp\/v2\/media\/6690"}],"wp:attachment":[{"href":"https:\/\/displayproducts.eu\/es\/wp-json\/wp\/v2\/media?parent=6507"}],"wp:term":[{"taxonomy":"product_brand","embeddable":true,"href":"https:\/\/displayproducts.eu\/es\/wp-json\/wp\/v2\/product_brand?post=6507"},{"taxonomy":"product_cat","embeddable":true,"href":"https:\/\/displayproducts.eu\/es\/wp-json\/wp\/v2\/product_cat?post=6507"},{"taxonomy":"product_tag","embeddable":true,"href":"https:\/\/displayproducts.eu\/es\/wp-json\/wp\/v2\/product_tag?post=6507"}],"curies":[{"name":"wp","href":"https:\/\/api.w.org\/{rel}","templated":true}]}}