{"id":6248,"date":"2025-12-20T19:03:55","date_gmt":"2025-12-20T16:03:55","guid":{"rendered":"https:\/\/wristbandfactory.eu\/?post_type=product&#038;p=6248"},"modified":"2026-04-01T21:52:03","modified_gmt":"2026-04-01T18:52:03","slug":"custom-printed-nail-files-made-in-europe-full-color-uv-print","status":"publish","type":"product","link":"https:\/\/displayproducts.eu\/es\/p\/custom-printed-nail-files-made-in-europe-full-color-uv-print\/","title":{"rendered":"Limas de u\u00f1as personalizadas"},"content":{"rendered":"<p data-path-to-node=\"10\">Eleve su marca de belleza o selecci\u00f3n de regalos corporativos con nuestro <b data-path-to-node=\"10\" data-index-in-node=\"88\">Limas de u\u00f1as impresas personalizadas<\/b>, con orgullo <b data-path-to-node=\"10\" data-index-in-node=\"123\">Hecho en Europa<\/b>. A diferencia de los art\u00edculos promocionales gen\u00e9ricos, estas limas de u\u00f1as de alta calidad est\u00e1n dise\u00f1adas para una funcionalidad pr\u00e1ctica, lo que las convierte en un accesorio valioso para salones profesionales, spas y kits de viaje.<\/p>\n<p data-path-to-node=\"11\">Utilizamos tecnolog\u00eda de \u00faltima generaci\u00f3n <b data-path-to-node=\"11\" data-index-in-node=\"20\">Impresi\u00f3n digital UV<\/b> Para cubrir el archivo con su dise\u00f1o, logotipo o patr\u00f3n personalizado. Esta tecnolog\u00eda permite obtener detalles fotorrealistas y colores vibrantes con tintas seguras y no t\u00f3xicas que resisten el uso diario. Ya sea una cadena hotelera que busca art\u00edculos de primera calidad para sus habitaciones o una marca de belleza que busca productos, estos archivos ofrecen la combinaci\u00f3n perfecta de estilo y utilidad.<\/p>\n<h2 data-path-to-node=\"12\">Caracter\u00edsticas principales<\/h2>\n<ul data-path-to-node=\"13\">\n<li>\n<p data-path-to-node=\"13,0,0\"><b data-path-to-node=\"13,0,0\" data-index-in-node=\"0\">Personalizaci\u00f3n vibrante:<\/b> La impresi\u00f3n UV de superficie completa transforma una simple herramienta en un accesorio de moda. Perfecta para logotipos complejos o dise\u00f1os con patrones completos.<\/p>\n<\/li>\n<li>\n<p data-path-to-node=\"13,1,0\"><b data-path-to-node=\"13,1,0\" data-index-in-node=\"0\">Seguridad ante todo:<\/b> Utilizamos \u00fanicamente tintas de impresi\u00f3n seguras y no t\u00f3xicas, lo que las hace adecuadas para una amplia distribuci\u00f3n y un contacto frecuente con la piel.<\/p>\n<\/li>\n<li>\n<p data-path-to-node=\"13,2,0\"><b data-path-to-node=\"13,2,0\" data-index-in-node=\"0\">Construcci\u00f3n duradera:<\/b> Dise\u00f1ado para durar con papel abrasivo de alta calidad que da forma de manera efectiva a las u\u00f1as naturales y extendidas sin pelarlas.<\/p>\n<\/li>\n<li>\n<p data-path-to-node=\"13,3,0\"><b data-path-to-node=\"13,3,0\" data-index-in-node=\"0\">Impacto de marketing:<\/b> Un art\u00edculo altamente funcional que permanece en el bolso o el ba\u00f1o de su cliente, proporcionando exposici\u00f3n repetida de la marca.<\/p>\n<\/li>\n<\/ul>\n<h2 data-path-to-node=\"14\">Presupuesto<\/h2>\n<ul data-path-to-node=\"15\">\n<li>\n<p data-path-to-node=\"15,0,0\"><b data-path-to-node=\"15,0,0\" data-index-in-node=\"0\">Origen:<\/b> Hecho en Europa.<\/p>\n<\/li>\n<li>\n<p data-path-to-node=\"15,1,0\"><b data-path-to-node=\"15,1,0\" data-index-in-node=\"0\">M\u00e9todo de impresi\u00f3n:<\/b> Impresi\u00f3n digital UV a todo color.<\/p>\n<\/li>\n<li>\n<p data-path-to-node=\"15,2,0\"><b data-path-to-node=\"15,2,0\" data-index-in-node=\"0\">Material:<\/b> N\u00facleo de papel abrasivo de alta calidad.<\/p>\n<\/li>\n<li>\n<p data-path-to-node=\"15,3,0\"><b data-path-to-node=\"15,3,0\" data-index-in-node=\"0\">Tallas disponibles:<\/b><\/p>\n<ul data-path-to-node=\"15,3,1\">\n<li>\n<p data-path-to-node=\"15,3,1,0,0\"><b data-path-to-node=\"15,3,1,0,0\" data-index-in-node=\"0\">Profesional (18 cm \u00d7 1,85 cm):<\/b> El est\u00e1ndar para manicuras en salones y en casa. Superficie amplia para trazos suaves.<\/p>\n<\/li>\n<li>\n<p data-path-to-node=\"15,3,1,1,0\"><b data-path-to-node=\"15,3,1,1,0\" data-index-in-node=\"0\">Universal (12 cm \u00d7 1,6 cm):<\/b> Un equilibrio perfecto entre comodidad y portabilidad.<\/p>\n<\/li>\n<li>\n<p data-path-to-node=\"15,3,1,2,0\"><b data-path-to-node=\"15,3,1,2,0\" data-index-in-node=\"0\">Viaje (8,7 cm \u00d7 1,6 cm):<\/b> Tama\u00f1o compacto ideal para bolsos de cosm\u00e9ticos, kits de viaje y soluciones r\u00e1pidas para llevar.<\/p>\n<\/li>\n<\/ul>\n<\/li>\n<\/ul>\n<h2 data-path-to-node=\"16\">Casos de uso<\/h2>\n<ul data-path-to-node=\"17\">\n<li>\n<p data-path-to-node=\"17,0,0\"><b data-path-to-node=\"17,0,0\" data-index-in-node=\"0\">Salones de belleza y spas:<\/b> Herramientas de marca para t\u00e9cnicos o art\u00edculos minoristas para que los clientes se lleven a casa.<\/p>\n<\/li>\n<li>\n<p data-path-to-node=\"17,1,0\"><b data-path-to-node=\"17,1,0\" data-index-in-node=\"0\">Servicios del hotel:<\/b> Una adici\u00f3n bien pensada a los kits de tocador de ba\u00f1o en hoteles y complejos tur\u00edsticos de lujo.<\/p>\n<\/li>\n<li>\n<p data-path-to-node=\"17,2,0\"><b data-path-to-node=\"17,2,0\" data-index-in-node=\"0\">Regalos corporativos:<\/b> Un obsequio compacto, de bajo costo y al mismo tiempo de gran utilidad para conferencias de mujeres, eventos de moda o campa\u00f1as de bienestar.<\/p>\n<\/li>\n<\/ul>","protected":false},"excerpt":{"rendered":"<ul>\n<li>\n<p data-path-to-node=\"9,0,0\"><b data-path-to-node=\"9,0,0\" data-index-in-node=\"0\">Producci\u00f3n europea:<\/b> Fabricado con orgullo en Europa, lo que garantiza una artesan\u00eda, seguridad y durabilidad superiores en comparaci\u00f3n con las importaciones est\u00e1ndar.<\/p>\n<\/li>\n<li>\n<p data-path-to-node=\"9,1,0\"><b data-path-to-node=\"9,1,0\" data-index-in-node=\"0\">Marca a todo color:<\/b> Utiliza tecnolog\u00eda de impresi\u00f3n UV avanzada con tintas no t\u00f3xicas para crear logotipos y patrones vibrantes y resistentes a los ara\u00f1azos.<\/p>\n<\/li>\n<li>\n<p data-path-to-node=\"9,2,0\"><b data-path-to-node=\"9,2,0\" data-index-in-node=\"0\">Tres tama\u00f1os vers\u00e1tiles:<\/b> Disponible en tama\u00f1o Grande (Profesional), Mediano (Universal) y Peque\u00f1o (Viaje) para adaptarse a cualquier p\u00fablico objetivo.<\/p>\n<\/li>\n<li>\n<p data-path-to-node=\"9,3,0\"><b data-path-to-node=\"9,3,0\" data-index-in-node=\"0\">Calidad Profesional:<\/b> Adecuado tanto para u\u00f1as naturales como artificiales, ofreciendo un limado eficaz con materiales abrasivos de alta calidad.<\/p>\n<\/li>\n<\/ul>","protected":false},"featured_media":6249,"comment_status":"closed","ping_status":"closed","template":"","meta":[],"product_brand":[],"product_cat":[132],"product_tag":[],"class_list":{"0":"post-6248","1":"product","2":"type-product","3":"status-publish","4":"has-post-thumbnail","6":"product_cat-hotel-spa-amenities","8":"first","9":"instock","10":"shipping-taxable","11":"product-type-simple"},"_links":{"self":[{"href":"https:\/\/displayproducts.eu\/es\/wp-json\/wp\/v2\/product\/6248","targetHints":{"allow":["GET"]}}],"collection":[{"href":"https:\/\/displayproducts.eu\/es\/wp-json\/wp\/v2\/product"}],"about":[{"href":"https:\/\/displayproducts.eu\/es\/wp-json\/wp\/v2\/types\/product"}],"replies":[{"embeddable":true,"href":"https:\/\/displayproducts.eu\/es\/wp-json\/wp\/v2\/comments?post=6248"}],"wp:featuredmedia":[{"embeddable":true,"href":"https:\/\/displayproducts.eu\/es\/wp-json\/wp\/v2\/media\/6249"}],"wp:attachment":[{"href":"https:\/\/displayproducts.eu\/es\/wp-json\/wp\/v2\/media?parent=6248"}],"wp:term":[{"taxonomy":"product_brand","embeddable":true,"href":"https:\/\/displayproducts.eu\/es\/wp-json\/wp\/v2\/product_brand?post=6248"},{"taxonomy":"product_cat","embeddable":true,"href":"https:\/\/displayproducts.eu\/es\/wp-json\/wp\/v2\/product_cat?post=6248"},{"taxonomy":"product_tag","embeddable":true,"href":"https:\/\/displayproducts.eu\/es\/wp-json\/wp\/v2\/product_tag?post=6248"}],"curies":[{"name":"wp","href":"https:\/\/api.w.org\/{rel}","templated":true}]}}