{"id":6245,"date":"2025-12-20T18:56:31","date_gmt":"2025-12-20T15:56:31","guid":{"rendered":"https:\/\/wristbandfactory.eu\/?post_type=product&#038;p=6245"},"modified":"2026-04-01T21:52:03","modified_gmt":"2026-04-01T18:52:03","slug":"bio-based-reusable-coffee-cups","status":"publish","type":"product","link":"https:\/\/displayproducts.eu\/es\/p\/bio-based-reusable-coffee-cups\/","title":{"rendered":"Vasos reutilizables con logo (Bio)"},"content":{"rendered":"<p data-path-to-node=\"10\">Haga una declaraci\u00f3n sostenible con nuestra <b data-path-to-node=\"10\" data-index-in-node=\"63\">Vasos de caf\u00e9 reutilizables de base biol\u00f3gica personalizados<\/b>. Dise\u00f1ado como la alternativa ecol\u00f3gica perfecta a los vasos de cart\u00f3n de un solo uso, este recipiente de 200 ml combina ingenier\u00eda alemana con materiales renovables. Es un art\u00edculo promocional ideal para oficinas, cafeter\u00edas y eventos corporativos con conciencia ambiental.<\/p>\n<p data-path-to-node=\"11\">La taza est\u00e1 hecha de acero inoxidable de alta calidad. <b data-path-to-node=\"11\" data-index-in-node=\"37\">pl\u00e1sticos de origen biol\u00f3gico derivados de fuentes renovables<\/b>, garantizando una menor huella de carbono sin comprometer la durabilidad. Su pr\u00e1ctico dise\u00f1o incluye una tapa segura que mantiene las bebidas calientes por m\u00e1s tiempo y evita derrames durante el trayecto.<\/p>\n<h2 data-path-to-node=\"12\">Caracter\u00edsticas principales<\/h2>\n<ul data-path-to-node=\"13\">\n<li>\n<p data-path-to-node=\"13,0,0\"><b data-path-to-node=\"13,0,0\" data-index-in-node=\"0\">Composici\u00f3n renovable:<\/b> Fabricado con pol\u00edmeros de origen biol\u00f3gico, ofrece una alternativa responsable a los pl\u00e1sticos basados en combustibles f\u00f3siles.<\/p>\n<\/li>\n<li>\n<p data-path-to-node=\"13,1,0\"><b data-path-to-node=\"13,1,0\" data-index-in-node=\"0\">Oficina amigable:<\/b> Dise\u00f1ado para ensolicitar presupuestor perfectamente debajo de las boquillas de las m\u00e1quinas de caf\u00e9 est\u00e1ndar, lo que lo convierte en el accesorio ideal para \u201cel escritorio y la reuni\u00f3n\u201d.<\/p>\n<\/li>\n<li>\n<p data-path-to-node=\"13,2,0\"><b data-path-to-node=\"13,2,0\" data-index-in-node=\"0\">Higiene y seguridad:<\/b> Completamente libre de BPA y apto para uso alimentario. El material es robusto y totalmente reciclable al final de su vida \u00fatil.<\/p>\n<\/li>\n<li>\n<p data-path-to-node=\"13,3,0\"><b data-path-to-node=\"13,3,0\" data-index-in-node=\"0\">Marca vers\u00e1til:<\/b> Personal\u00edcelo con serigraf\u00eda, tampograf\u00eda o grabado l\u00e1ser premium para exhibir su logotipo de forma permanente.<\/p>\n<\/li>\n<\/ul>\n<h2 data-path-to-node=\"14\">Presupuesto<\/h2>\n<ul data-path-to-node=\"15\">\n<li>\n<p data-path-to-node=\"15,0,0\"><b data-path-to-node=\"15,0,0\" data-index-in-node=\"0\">Capacidad:<\/b> 200 ml.<\/p>\n<\/li>\n<li>\n<p data-path-to-node=\"15,1,0\"><b data-path-to-node=\"15,1,0\" data-index-in-node=\"0\">Material:<\/b> Pl\u00e1stico de origen biol\u00f3gico (fuentes renovables).<\/p>\n<\/li>\n<li>\n<p data-path-to-node=\"15,2,0\"><b data-path-to-node=\"15,2,0\" data-index-in-node=\"0\">Origen:<\/b> Hecho en Alemania.<\/p>\n<\/li>\n<li>\n<p data-path-to-node=\"15,3,0\"><b data-path-to-node=\"15,3,0\" data-index-in-node=\"0\">Propiedades:<\/b> Sin BPA, 100% reciclable, apto para lavavajillas.<\/p>\n<\/li>\n<li>\n<p data-path-to-node=\"15,4,0\"><b data-path-to-node=\"15,4,0\" data-index-in-node=\"0\">Tapa:<\/b> Incluido (de base biol\u00f3gica, retenci\u00f3n de calor).<\/p>\n<\/li>\n<li>\n<p data-path-to-node=\"15,5,0\"><b data-path-to-node=\"15,5,0\" data-index-in-node=\"0\">Opciones de marca:<\/b> Serigraf\u00eda, Tampograf\u00eda, Grabado L\u00e1ser.<\/p>\n<\/li>\n<\/ul>\n<h2 data-path-to-node=\"16\">Casos de uso<\/h2>\n<ul data-path-to-node=\"17\">\n<li>\n<p data-path-to-node=\"17,0,0\"><b data-path-to-node=\"17,0,0\" data-index-in-node=\"0\">Sostenibilidad de la oficina:<\/b> Reemplace los vasos desechables en la cocina de la oficina para reducir desperdicios y costos.<\/p>\n<\/li>\n<li>\n<p data-path-to-node=\"17,1,0\"><b data-path-to-node=\"17,1,0\" data-index-in-node=\"0\">Regalos corporativos:<\/b> Un regalo pr\u00e1ctico y de alta calidad para empleados y clientes que se alinea con los objetivos de RSE.<\/p>\n<\/li>\n<li>\n<p data-path-to-node=\"17,2,0\"><b data-path-to-node=\"17,2,0\" data-index-in-node=\"0\">Cafeter\u00edas y eventos:<\/b> Soluci\u00f3n de servicio duradera para conferencias y cantinas que requieren vasos apilables y lavables.<\/p>\n<\/li>\n<\/ul>","protected":false},"excerpt":{"rendered":"<ul>\n<li>\n<p data-path-to-node=\"9,0,0\"><b data-path-to-node=\"9,0,0\" data-index-in-node=\"0\">Eco-Innovaci\u00f3n:<\/b> Fabricado en Alemania a partir de materiales de origen biol\u00f3gico renovables, lo que favorece un estilo de vida m\u00e1s ecol\u00f3gico.<\/p>\n<\/li>\n<li>\n<p data-path-to-node=\"9,1,0\"><b data-path-to-node=\"9,1,0\" data-index-in-node=\"0\">Tama\u00f1o perfecto para llevar:<\/b> La capacidad de 200 ml se adapta a la mayor\u00eda de las m\u00e1quinas de caf\u00e9 est\u00e1ndar; ideal para uso en la oficina y el inicio.<\/p>\n<\/li>\n<li>\n<p data-path-to-node=\"9,2,0\"><b data-path-to-node=\"9,2,0\" data-index-in-node=\"0\">Dise\u00f1o inteligente:<\/b> Cuenta con una tapa biol\u00f3gica que retiene el calor y reduce las fugas y una forma apilable para un f\u00e1cil almacenamiento.<\/p>\n<\/li>\n<li>\n<p data-path-to-node=\"9,3,0\"><b data-path-to-node=\"9,3,0\" data-index-in-node=\"0\">Seguro y duradero:<\/b> Libre de BPA, 100% reciclable y apto para lavavajillas (se recomienda lavar a mano para los logotipos impresos).<\/p>\n<\/li>\n<\/ul>","protected":false},"featured_media":6246,"comment_status":"closed","ping_status":"closed","template":"","meta":[],"product_brand":[],"product_cat":[111],"product_tag":[],"class_list":{"0":"post-6245","1":"product","2":"type-product","3":"status-publish","4":"has-post-thumbnail","6":"product_cat-reusable-event-cups","8":"first","9":"instock","10":"shipping-taxable","11":"purchasable","12":"product-type-simple"},"_links":{"self":[{"href":"https:\/\/displayproducts.eu\/es\/wp-json\/wp\/v2\/product\/6245","targetHints":{"allow":["GET"]}}],"collection":[{"href":"https:\/\/displayproducts.eu\/es\/wp-json\/wp\/v2\/product"}],"about":[{"href":"https:\/\/displayproducts.eu\/es\/wp-json\/wp\/v2\/types\/product"}],"replies":[{"embeddable":true,"href":"https:\/\/displayproducts.eu\/es\/wp-json\/wp\/v2\/comments?post=6245"}],"wp:featuredmedia":[{"embeddable":true,"href":"https:\/\/displayproducts.eu\/es\/wp-json\/wp\/v2\/media\/6246"}],"wp:attachment":[{"href":"https:\/\/displayproducts.eu\/es\/wp-json\/wp\/v2\/media?parent=6245"}],"wp:term":[{"taxonomy":"product_brand","embeddable":true,"href":"https:\/\/displayproducts.eu\/es\/wp-json\/wp\/v2\/product_brand?post=6245"},{"taxonomy":"product_cat","embeddable":true,"href":"https:\/\/displayproducts.eu\/es\/wp-json\/wp\/v2\/product_cat?post=6245"},{"taxonomy":"product_tag","embeddable":true,"href":"https:\/\/displayproducts.eu\/es\/wp-json\/wp\/v2\/product_tag?post=6245"}],"curies":[{"name":"wp","href":"https:\/\/api.w.org\/{rel}","templated":true}]}}