{"id":6242,"date":"2025-12-20T18:48:57","date_gmt":"2025-12-20T15:48:57","guid":{"rendered":"https:\/\/wristbandfactory.eu\/?post_type=product&#038;p=6242"},"modified":"2026-04-01T21:52:34","modified_gmt":"2026-04-01T18:52:34","slug":"custom-made-hooded-wearable-blankets-bespoke-design","status":"publish","type":"product","link":"https:\/\/displayproducts.eu\/es\/p\/custom-made-hooded-wearable-blankets-bespoke-design\/","title":{"rendered":"Mantas con capucha a medida (Dise\u00f1o propio)"},"content":{"rendered":"<p data-path-to-node=\"10\">Cree un obsequio corporativo o un producto minorista verdaderamente \u00fanico con nuestro <b data-path-to-node=\"10\" data-index-in-node=\"89\">Mantas con capucha hechas a medida<\/b>. Este servicio le permite ir m\u00e1s all\u00e1 de las limitaciones de los art\u00edculos est\u00e1ndar en stock. Ofrecemos un servicio completo. <b data-path-to-node=\"10\" data-index-in-node=\"226\">\u201cSoluci\u00f3n de fabricaci\u00f3n \u201dCorte y costura\u201d<\/b>, lo que le brinda control total sobre la apariencia, la sensaci\u00f3n y las caracter\u00edsticas del producto final.<\/p>\n<p data-path-to-node=\"11\">Ya sea que busque una sudadera con capucha gigante para una campa\u00f1a de invierno, un poncho ligero para festivales de verano o una lujosa manta con forro de sherpa para regalos VIP, la confeccionamos seg\u00fan sus especificaciones. Su dise\u00f1o se imprime en los rollos de tela antes de cortarlos, lo que garantiza una costura perfecta. <b data-path-to-node=\"11\" data-index-in-node=\"274\">Experiencia de marca de 360 grados<\/b> sin m\u00e1rgenes sin imprimir.<\/p>\n<h2 data-path-to-node=\"12\">Caracter\u00edsticas principales<\/h2>\n<ul data-path-to-node=\"13\">\n<li>\n<p data-path-to-node=\"13,0,0\"><b data-path-to-node=\"13,0,0\" data-index-in-node=\"0\">Libertad de dise\u00f1o ilimitada:<\/b> Nuestra impresi\u00f3n por sublimaci\u00f3n de tinta de superficie completa significa que su dise\u00f1o cubre cada cent\u00edmetro de la tela. Ideal para patrones complejos, mascotas de marca o dise\u00f1os fotogr\u00e1ficos.<\/p>\n<\/li>\n<li>\n<p data-path-to-node=\"13,1,0\"><b data-path-to-node=\"13,1,0\" data-index-in-node=\"0\">Selecci\u00f3n de materiales:<\/b><\/p>\n<ul data-path-to-node=\"13,1,1\">\n<li>\n<p data-path-to-node=\"13,1,1,0,0\"><i data-path-to-node=\"13,1,1,0,0\" data-index-in-node=\"0\">Capa exterior:<\/i> Franela suave y polar (perfecta para imprimir) o terciopelo.<\/p>\n<\/li>\n<li>\n<p data-path-to-node=\"13,1,1,1,0\"><i data-path-to-node=\"13,1,1,1,0\" data-index-in-node=\"0\">Forro interior:<\/i> Sherpa blanca gruesa (calidez cl\u00e1sica), sherpa gris o micropolar (m\u00e1s liviano).<\/p>\n<\/li>\n<li>\n<p data-path-to-node=\"13,1,1,2,0\"><i data-path-to-node=\"13,1,1,2,0\" data-index-in-node=\"0\">Opci\u00f3n ecol\u00f3gica:<\/i> Disponible en poli\u00e9ster reciclado certificado 100% GRS a pedido.<\/p>\n<\/li>\n<\/ul>\n<\/li>\n<li>\n<p data-path-to-node=\"13,2,0\"><b data-path-to-node=\"13,2,0\" data-index-in-node=\"0\">Tama\u00f1o personalizado:<\/b> Podemos fabricar en dimensiones para ni\u00f1os, adultos est\u00e1ndar y adultos de gran tama\u00f1o (gigante).<\/p>\n<\/li>\n<li>\n<p data-path-to-node=\"13,3,0\"><b data-path-to-node=\"13,3,0\" data-index-in-node=\"0\">Marca privada lista:<\/b> Podemos coser sus propias etiquetas de marca para el cuello, etiquetas de cuidado e incluso personalizar los tiradores de las cremalleras o los botones.<\/p>\n<\/li>\n<\/ul>\n<h2 data-path-to-node=\"14\">Presupuesto<\/h2>\n<ul data-path-to-node=\"15\">\n<li>\n<p data-path-to-node=\"15,0,0\"><b data-path-to-node=\"15,0,0\" data-index-in-node=\"0\">Tipo de producci\u00f3n:<\/b> Hecho a pedido (OEM\/ODM).<\/p>\n<\/li>\n<li>\n<p data-path-to-node=\"15,1,0\"><b data-path-to-node=\"15,1,0\" data-index-in-node=\"0\">Peso est\u00e1ndar de la tela:<\/b> Franela de 200 g\/m\u00b2 + Sherpa de 230 g\/m\u00b2 (personalizable).<\/p>\n<\/li>\n<li>\n<p data-path-to-node=\"15,2,0\"><b data-path-to-node=\"15,2,0\" data-index-in-node=\"0\">M\u00e9todo de impresi\u00f3n:<\/b> Sublimaci\u00f3n de tinta a todo color (CMYK).<\/p>\n<\/li>\n<li>\n<p data-path-to-node=\"15,3,0\"><b data-path-to-node=\"15,3,0\" data-index-in-node=\"0\">Tama\u00f1o est\u00e1ndar:<\/b> 100 x 80 cm (estilo sudadera con capucha ponible) \u2013 <i data-path-to-node=\"15,3,0\" data-index-in-node=\"53\">Tama\u00f1os personalizados disponibles.<\/i><\/p>\n<\/li>\n<li>\n<p data-path-to-node=\"15,4,0\"><b data-path-to-node=\"15,4,0\" data-index-in-node=\"0\">Caracter\u00edsticas:<\/b> Capucha, bolsillo canguro, pu\u00f1os el\u00e1sticos.<\/p>\n<\/li>\n<li>\n<p data-path-to-node=\"15,5,0\"><b data-path-to-node=\"15,5,0\" data-index-in-node=\"0\">Embalaje:<\/b> Envasado al vac\u00edo para un entrega eficiente o solicitar presupuestos de regalo personalizadas.<\/p>\n<\/li>\n<\/ul>","protected":false},"excerpt":{"rendered":"<ul>\n<li>\n<p data-path-to-node=\"9,0,0\"><b data-path-to-node=\"9,0,0\" data-index-in-node=\"0\">100% Totalmente personalizable:<\/b> A diferencia de los art\u00edculos en stock, este producto se fabrica desde cero, lo que permite la impresi\u00f3n de borde a borde y la combinaci\u00f3n personalizada de Pantone.<\/p>\n<\/li>\n<li>\n<p data-path-to-node=\"9,1,0\"><b data-path-to-node=\"9,1,0\" data-index-in-node=\"0\">Opciones de materiales de primera calidad:<\/b> Elija entre un suave forro Sherpa, un suave micropolar o combinaciones de poli\u00e9ster reciclado GRS ecol\u00f3gico.<\/p>\n<\/li>\n<li>\n<p data-path-to-node=\"9,2,0\"><b data-path-to-node=\"9,2,0\" data-index-in-node=\"0\">Marca en toda la prenda:<\/b> Utilice toda la superficie de la manta (delante, detr\u00e1s, capucha y mangas) para lograr una impresi\u00f3n por sublimaci\u00f3n vibrante y fotorrealista.<\/p>\n<\/li>\n<li>\n<p data-path-to-node=\"9,3,0\"><b data-path-to-node=\"9,3,0\" data-index-in-node=\"0\">Funciones personalizadas:<\/b> Personalice detalles como la forma del bolsillo, los colores de los pu\u00f1os y agregue etiquetas privadas o parches bordados.<\/p>\n<\/li>\n<\/ul>","protected":false},"featured_media":6244,"comment_status":"closed","ping_status":"closed","template":"","meta":[],"product_brand":[],"product_cat":[129],"product_tag":[],"class_list":{"0":"post-6242","1":"product","2":"type-product","3":"status-publish","4":"has-post-thumbnail","6":"product_cat-leisure-lifestyle","8":"first","9":"instock","10":"shipping-taxable","11":"product-type-simple"},"_links":{"self":[{"href":"https:\/\/displayproducts.eu\/es\/wp-json\/wp\/v2\/product\/6242","targetHints":{"allow":["GET"]}}],"collection":[{"href":"https:\/\/displayproducts.eu\/es\/wp-json\/wp\/v2\/product"}],"about":[{"href":"https:\/\/displayproducts.eu\/es\/wp-json\/wp\/v2\/types\/product"}],"replies":[{"embeddable":true,"href":"https:\/\/displayproducts.eu\/es\/wp-json\/wp\/v2\/comments?post=6242"}],"wp:featuredmedia":[{"embeddable":true,"href":"https:\/\/displayproducts.eu\/es\/wp-json\/wp\/v2\/media\/6244"}],"wp:attachment":[{"href":"https:\/\/displayproducts.eu\/es\/wp-json\/wp\/v2\/media?parent=6242"}],"wp:term":[{"taxonomy":"product_brand","embeddable":true,"href":"https:\/\/displayproducts.eu\/es\/wp-json\/wp\/v2\/product_brand?post=6242"},{"taxonomy":"product_cat","embeddable":true,"href":"https:\/\/displayproducts.eu\/es\/wp-json\/wp\/v2\/product_cat?post=6242"},{"taxonomy":"product_tag","embeddable":true,"href":"https:\/\/displayproducts.eu\/es\/wp-json\/wp\/v2\/product_tag?post=6242"}],"curies":[{"name":"wp","href":"https:\/\/api.w.org\/{rel}","templated":true}]}}