{"id":6239,"date":"2025-12-20T18:40:33","date_gmt":"2025-12-20T15:40:33","guid":{"rendered":"https:\/\/wristbandfactory.eu\/?post_type=product&#038;p=6239"},"modified":"2026-04-01T21:52:34","modified_gmt":"2026-04-01T18:52:34","slug":"custom-laser-engraved-portable-ashtrays-zinc-alloy-with-carabiner","status":"publish","type":"product","link":"https:\/\/displayproducts.eu\/es\/p\/custom-laser-engraved-portable-ashtrays-zinc-alloy-with-carabiner\/","title":{"rendered":"Ceniceros de bolsillo personalizados"},"content":{"rendered":"<p data-path-to-node=\"10\">Combine estilo, funcionalidad y responsabilidad ambiental con nuestra <b data-path-to-node=\"10\" data-index-in-node=\"97\">Ceniceros port\u00e1tiles personalizados grabados con l\u00e1ser<\/b>. Dise\u00f1ado para el profesional moderno, este accesorio ofrece una forma discreta y elegante de guardar la ceniza y las colillas mientras viaja. Ya sea para un ejecutivo, un aficionado a las actividades al aire libre o un obsequio corporativo, este cenicero de aleaci\u00f3n de zinc es una declaraci\u00f3n de calidad.<\/p>\n<p data-path-to-node=\"11\">El elegante <b data-path-to-node=\"11\" data-index-in-node=\"10\">Construcci\u00f3n de aleaci\u00f3n de zinc<\/b> No solo ofrece una est\u00e9tica plateada moderna y brillante, sino que tambi\u00e9n garantiza su durabilidad. Es resistente a la oxidaci\u00f3n y al desgaste, manteniendo su aspecto pulido con el tiempo. Su dise\u00f1o rectangular compacto cuenta con un mecanismo de cierre seguro que retiene los olores y las cenizas, lo que lo hace ideal para llevar en el bolsillo o el bolso.<\/p>\n<h2 data-path-to-node=\"12\">Caracter\u00edsticas principales<\/h2>\n<ul data-path-to-node=\"13\">\n<li>\n<p data-path-to-node=\"13,0,0\"><b data-path-to-node=\"13,0,0\" data-index-in-node=\"0\">Construido para durar:<\/b> La aleaci\u00f3n de zinc es significativamente m\u00e1s duradera que las alternativas de pl\u00e1stico o aluminio, lo que le otorga al producto un peso satisfactorio y una sensaci\u00f3n de calidad superior.<\/p>\n<\/li>\n<li>\n<p data-path-to-node=\"13,1,0\"><b data-path-to-node=\"13,1,0\" data-index-in-node=\"0\">Precisi\u00f3n del l\u00e1ser:<\/b> Utilizamos grabado l\u00e1ser para grabar su logotipo en la superficie met\u00e1lica. Esta t\u00e9cnica crea una marca n\u00edtida y permanente que no se borra como la tinta impresa.<\/p>\n<\/li>\n<li>\n<p data-path-to-node=\"13,2,0\"><b data-path-to-node=\"13,2,0\" data-index-in-node=\"0\">Conveniencia port\u00e1til:<\/b> Equipado con un mosquet\u00f3n (gancho), que permite a los usuarios sujetarlo a trabillas de cintur\u00f3n, mochilas o llaveros para un f\u00e1cil acceso.<\/p>\n<\/li>\n<li>\n<p data-path-to-node=\"13,3,0\"><b data-path-to-node=\"13,3,0\" data-index-in-node=\"0\">Higiene y seguridad:<\/b> La tapa herm\u00e9tica evita que la ceniza se derrame y contiene los olores, manteniendo limpios los bolsillos y los bolsos.<\/p>\n<\/li>\n<\/ul>\n<h2 data-path-to-node=\"14\">Presupuesto<\/h2>\n<ul data-path-to-node=\"15\">\n<li>\n<p data-path-to-node=\"15,0,0\"><b data-path-to-node=\"15,0,0\" data-index-in-node=\"0\">Material:<\/b> Aleaci\u00f3n de zinc de alta calidad.<\/p>\n<\/li>\n<li>\n<p data-path-to-node=\"15,1,0\"><b data-path-to-node=\"15,1,0\" data-index-in-node=\"0\">Finalizar:<\/b> Plata brillante \/ Pulido.<\/p>\n<\/li>\n<li>\n<p data-path-to-node=\"15,2,0\"><b data-path-to-node=\"15,2,0\" data-index-in-node=\"0\">Dimensiones:<\/b> 85 \u00d7 32 \u00d7 17 mm.<\/p>\n<\/li>\n<li>\n<p data-path-to-node=\"15,3,0\"><b data-path-to-node=\"15,3,0\" data-index-in-node=\"0\">M\u00e9todo de marca:<\/b> Grabado L\u00e1ser (Una cara).<\/p>\n<\/li>\n<li>\n<p data-path-to-node=\"15,4,0\"><b data-path-to-node=\"15,4,0\" data-index-in-node=\"0\">Embalaje:<\/b> Entregado en una bolsa protectora, listo para regalar.<\/p>\n<\/li>\n<li>\n<p data-path-to-node=\"15,5,0\"><b data-path-to-node=\"15,5,0\" data-index-in-node=\"0\">Caracter\u00edsticas:<\/b> Mosquet\u00f3n integrado.<\/p>\n<\/li>\n<\/ul>\n<h2 data-path-to-node=\"16\">Casos de uso<\/h2>\n<ul data-path-to-node=\"17\">\n<li>\n<p data-path-to-node=\"17,0,0\"><b data-path-to-node=\"17,0,0\" data-index-in-node=\"0\">Regalos corporativos:<\/b> Un regalo sofisticado para clientes y socios que aprecian los accesorios pr\u00e1cticos y de alta gama.<\/p>\n<\/li>\n<li>\n<p data-path-to-node=\"17,1,0\"><b data-path-to-node=\"17,1,0\" data-index-in-node=\"0\">Eventos al aire libre:<\/b> Esencial para festivales, torneos de golf y lugares al aire libre para mantener el terreno libre de basura.<\/p>\n<\/li>\n<li>\n<p data-path-to-node=\"17,2,0\"><b data-path-to-node=\"17,2,0\" data-index-in-node=\"0\">Hospitalidad:<\/b> Ofrecer ceniceros port\u00e1tiles de marca a los hu\u00e9spedes del hotel o a los clientes del restaurante en las zonas de fumadores.<\/p>\n<\/li>\n<\/ul>\n<p data-path-to-node=\"18\">","protected":false},"excerpt":{"rendered":"<ul>\n<li>\n<p data-path-to-node=\"9,0,0\"><b data-path-to-node=\"9,0,0\" data-index-in-node=\"0\">Material de primera calidad:<\/b> Fabricado en aleaci\u00f3n de zinc de alta calidad con un acabado plateado brillante, que ofrece resistencia al \u00f3xido y al desgaste.<\/p>\n<\/li>\n<li>\n<p data-path-to-node=\"9,1,0\"><b data-path-to-node=\"9,1,0\" data-index-in-node=\"0\">Compacto y port\u00e1til:<\/b> Con unas medidas de 85 \u00d7 32 \u00d7 17 mm, cabe f\u00e1cilmente en bolsillos o bolsos, o se engancha al equipo mediante el mosquet\u00f3n.<\/p>\n<\/li>\n<li>\n<p data-path-to-node=\"9,2,0\"><b data-path-to-node=\"9,2,0\" data-index-in-node=\"0\">Marca sofisticada:<\/b> Su logotipo est\u00e1 grabado con l\u00e1ser en el lateral para lograr una apariencia permanente, sutil y profesional.<\/p>\n<\/li>\n<li>\n<p data-path-to-node=\"9,3,0\"><b data-path-to-node=\"9,3,0\" data-index-in-node=\"0\">Soluci\u00f3n ecol\u00f3gica:<\/b> Fomenta la eliminaci\u00f3n responsable de los residuos de cigarrillos, perfecto para eventos al aire libre e iniciativas ecol\u00f3gicas.<\/p>\n<\/li>\n<\/ul>","protected":false},"featured_media":6240,"comment_status":"closed","ping_status":"closed","template":"","meta":[],"product_brand":[],"product_cat":[68,121],"product_tag":[],"class_list":{"0":"post-6239","1":"product","2":"type-product","3":"status-publish","4":"has-post-thumbnail","6":"product_cat-event-supplies","7":"product_cat-promotional-merchandise","9":"first","10":"instock","11":"shipping-taxable","12":"purchasable","13":"product-type-simple"},"_links":{"self":[{"href":"https:\/\/displayproducts.eu\/es\/wp-json\/wp\/v2\/product\/6239","targetHints":{"allow":["GET"]}}],"collection":[{"href":"https:\/\/displayproducts.eu\/es\/wp-json\/wp\/v2\/product"}],"about":[{"href":"https:\/\/displayproducts.eu\/es\/wp-json\/wp\/v2\/types\/product"}],"replies":[{"embeddable":true,"href":"https:\/\/displayproducts.eu\/es\/wp-json\/wp\/v2\/comments?post=6239"}],"wp:featuredmedia":[{"embeddable":true,"href":"https:\/\/displayproducts.eu\/es\/wp-json\/wp\/v2\/media\/6240"}],"wp:attachment":[{"href":"https:\/\/displayproducts.eu\/es\/wp-json\/wp\/v2\/media?parent=6239"}],"wp:term":[{"taxonomy":"product_brand","embeddable":true,"href":"https:\/\/displayproducts.eu\/es\/wp-json\/wp\/v2\/product_brand?post=6239"},{"taxonomy":"product_cat","embeddable":true,"href":"https:\/\/displayproducts.eu\/es\/wp-json\/wp\/v2\/product_cat?post=6239"},{"taxonomy":"product_tag","embeddable":true,"href":"https:\/\/displayproducts.eu\/es\/wp-json\/wp\/v2\/product_tag?post=6239"}],"curies":[{"name":"wp","href":"https:\/\/api.w.org\/{rel}","templated":true}]}}