{"id":6237,"date":"2025-12-20T18:34:37","date_gmt":"2025-12-20T15:34:37","guid":{"rendered":"https:\/\/wristbandfactory.eu\/?post_type=product&#038;p=6237"},"modified":"2026-04-01T21:52:03","modified_gmt":"2026-04-01T18:52:03","slug":"velvet-presentation-boxes-for-badges-jewelry-custom-printable","status":"publish","type":"product","link":"https:\/\/displayproducts.eu\/es\/p\/velvet-presentation-boxes-for-badges-jewelry-custom-printable\/","title":{"rendered":"Solicitar presupuestos de terciopelo para pines y joyas"},"content":{"rendered":"<p data-path-to-node=\"10\">Transforme un simple art\u00edculo promocional en un preciado recuerdo con nuestro <b data-path-to-node=\"10\" data-index-in-node=\"96\">Solicitar presupuestos de presentaci\u00f3n de terciopelo<\/b>. Dise\u00f1adas para minoristas, joyer\u00edas y organizadores de eventos corporativos, estas solicitar presupuestos brindan la m\u00e1xima protecci\u00f3n y presentaci\u00f3n para insignias, prendedores de solapa y peque\u00f1os accesorios.<\/p>\n<p data-path-to-node=\"11\">A diferencia de los embalajes est\u00e1ndar de pl\u00e1stico o papel, la rica textura del terciopelo transmite lujo y prestigio de inmediato. Ya sea para presentar un premio al servicio, vender gemelos de alta gama o distribuir pins conmemorativos, nuestra gama de tama\u00f1os y colores garantiza la combinaci\u00f3n perfecta para su art\u00edculo.<\/p>\n<h2 data-path-to-node=\"12\">Caracter\u00edsticas principales<\/h2>\n<ul data-path-to-node=\"13\">\n<li>\n<p data-path-to-node=\"13,0,0\"><b data-path-to-node=\"13,0,0\" data-index-in-node=\"0\">Est\u00e9tica de lujo:<\/b> El cl\u00e1sico exterior de terciopelo (disponible en rojo, azul, verde, negro y burdeos) reemplaza el embalaje desechable con un estuche reutilizable y digno de exhibici\u00f3n.<\/p>\n<\/li>\n<li>\n<p data-path-to-node=\"13,1,0\"><b data-path-to-node=\"13,1,0\" data-index-in-node=\"0\">Protecci\u00f3n personalizada:<\/b> Cada tipo de solicitar presupuesto cuenta con un inserto dise\u00f1ado para art\u00edculos espec\u00edficos, desde <b data-path-to-node=\"13,1,0\" data-index-in-node=\"87\">almohadillas para perforaciones<\/b> Para pendientes y alfileres <b data-path-to-node=\"13,1,0\" data-index-in-node=\"131\">ganchos dorados<\/b> Para colgar medallas.<\/p>\n<\/li>\n<li>\n<p data-path-to-node=\"13,2,0\"><b data-path-to-node=\"13,2,0\" data-index-in-node=\"0\">Listo para venta minorista y eventos:<\/b> Ideal para comercializar en exhibiciones de joyer\u00eda o para entregar premios formales en ceremonias.<\/p>\n<\/li>\n<li>\n<p data-path-to-node=\"13,3,0\"><b data-path-to-node=\"13,3,0\" data-index-in-node=\"0\">Personalizaci\u00f3n:<\/b> Podemos aplicar impresi\u00f3n personalizada a la tapa de modelos seleccionados, convirtiendo el embalaje en una herramienta de marketing de marca.<\/p>\n<\/li>\n<\/ul>\n<h2 data-path-to-node=\"14\">Presupuesto<\/h2>\n<table data-path-to-node=\"15\">\n<thead>\n<tr>\n<td><strong>Tipo de modelo<\/strong><\/td>\n<td><strong>Dimensiones<\/strong><\/td>\n<td><strong>Colores disponibles<\/strong><\/td>\n<td><strong>Revestimiento interior<\/strong><\/td>\n<\/tr>\n<\/thead>\n<tbody>\n<tr>\n<td><span data-path-to-node=\"15,1,0,0\"><b data-path-to-node=\"15,1,0,0\" data-index-in-node=\"0\">Solicitar presupuesto de credenciales est\u00e1ndar<\/b><\/span><\/td>\n<td><span data-path-to-node=\"15,1,1,0\">54 \u00d7 57 \u00d7 34 mm<\/span><\/td>\n<td><span data-path-to-node=\"15,1,2,0\">Rojo, azul marino, verde, negro<\/span><\/td>\n<td><span data-path-to-node=\"15,1,3,0\">Almohadilla de terciopelo + gancho dorado<\/span><\/td>\n<\/tr>\n<tr>\n<td><span data-path-to-node=\"15,2,0,0\"><b data-path-to-node=\"15,2,0,0\" data-index-in-node=\"0\">Solicitar presupuesto peque\u00f1a para insignias<\/b><\/span><\/td>\n<td><span data-path-to-node=\"15,2,1,0\">45 \u00d7 51 \u00d7 24 mm<\/span><\/td>\n<td><span data-path-to-node=\"15,2,2,0\">Rojo, azul marino<\/span><\/td>\n<td><span data-path-to-node=\"15,2,3,0\">Almohadilla de cart\u00f3n para perforaciones<\/span><\/td>\n<\/tr>\n<tr>\n<td><span data-path-to-node=\"15,3,0,0\"><b data-path-to-node=\"15,3,0,0\" data-index-in-node=\"0\">Solicitar presupuesto de insignias mediana<\/b><\/span><\/td>\n<td><span data-path-to-node=\"15,3,1,0\">60 \u00d7 75 \u00d7 31 mm<\/span><\/td>\n<td><span data-path-to-node=\"15,3,2,0\">Rojo, verde, azul marino, burdeos<\/span><\/td>\n<td><span data-path-to-node=\"15,3,3,0\">Almohadilla de terciopelo para perforaciones<\/span><\/td>\n<\/tr>\n<tr>\n<td><span data-path-to-node=\"15,4,0,0\"><b data-path-to-node=\"15,4,0,0\" data-index-in-node=\"0\">Joyero redondo<\/b><\/span><\/td>\n<td><span data-path-to-node=\"15,4,1,0\">57 \u00d7 51 \u00d7 39 mm<\/span><\/td>\n<td><span data-path-to-node=\"15,4,2,0\">Rojo, azul marino, verde, negro<\/span><\/td>\n<td><span data-path-to-node=\"15,4,3,0\">Almohadilla de terciopelo con abertura<\/span><\/td>\n<\/tr>\n<tr>\n<td><span data-path-to-node=\"15,5,0,0\"><b data-path-to-node=\"15,5,0,0\" data-index-in-node=\"0\">Solicitar presupuesto para pinzas de corbata<\/b><\/span><\/td>\n<td><span data-path-to-node=\"15,5,1,0\">89 \u00d7 41 \u00d7 29 mm<\/span><\/td>\n<td><span data-path-to-node=\"15,5,2,0\">Rojo, verde, azul marino<\/span><\/td>\n<td><span data-path-to-node=\"15,5,3,0\">Almohadilla de terciopelo con abertura<\/span><\/td>\n<\/tr>\n<tr>\n<td><span data-path-to-node=\"15,6,0,0\"><b data-path-to-node=\"15,6,0,0\" data-index-in-node=\"0\">Solicitar presupuesto con tapa transparente<\/b><\/span><\/td>\n<td><span data-path-to-node=\"15,6,1,0\">74 \u00d7 50 \u00d7 38 mm<\/span><\/td>\n<td><span data-path-to-node=\"15,6,2,0\">Rojo<\/span><\/td>\n<td><span data-path-to-node=\"15,6,3,0\">Almohadilla de terciopelo con abertura<\/span><\/td>\n<\/tr>\n<\/tbody>\n<\/table>\n<h2 data-path-to-node=\"16\">Casos de uso<\/h2>\n<ul data-path-to-node=\"17\">\n<li>\n<p data-path-to-node=\"17,0,0\"><b data-path-to-node=\"17,0,0\" data-index-in-node=\"0\">Premios corporativos:<\/b> El est\u00e1ndar para presentar pines o insignias de m\u00e9rito de \u201cA\u00f1os de servicio\u201d a los empleados.<\/p>\n<\/li>\n<li>\n<p data-path-to-node=\"17,1,0\"><b data-path-to-node=\"17,1,0\" data-index-in-node=\"0\">Joyer\u00eda al por menor:<\/b> Mejora la experiencia de desempaquetado de anillos, aretes y pinzas para corbata.<\/p>\n<\/li>\n<li>\n<p data-path-to-node=\"17,2,0\"><b data-path-to-node=\"17,2,0\" data-index-in-node=\"0\">Militares y Gobierno:<\/b> Estuches de presentaci\u00f3n formal para insignias y medallas oficiales.<\/p>\n<\/li>\n<\/ul>","protected":false},"excerpt":{"rendered":"<ul>\n<li>\n<p data-path-to-node=\"9,0,0\"><b data-path-to-node=\"9,0,0\" data-index-in-node=\"0\">Acabado de terciopelo de primera calidad:<\/b> Exterior suave al tacto que eleva el valor percibido de cualquier premio, prendedor o pieza de joyer\u00eda.<\/p>\n<\/li>\n<li>\n<p data-path-to-node=\"9,1,0\"><b data-path-to-node=\"9,1,0\" data-index-in-node=\"0\">Inserciones seguras:<\/b> Cuenta con revestimientos especializados que incluyen almohadillas de perforaci\u00f3n para alfileres y ganchos dorados para medallas.<\/p>\n<\/li>\n<li>\n<p data-path-to-node=\"9,2,0\"><b data-path-to-node=\"9,2,0\" data-index-in-node=\"0\">Gama vers\u00e1til:<\/b> Modelos espec\u00edficos disponibles para prendedores de solapa, pinzas de corbata, gemelos y anillos.<\/p>\n<\/li>\n<li>\n<p data-path-to-node=\"9,3,0\"><b data-path-to-node=\"9,3,0\" data-index-in-node=\"0\">Marca personalizada:<\/b> Algunos modelos ofrecen la opci\u00f3n de imprimir su logotipo directamente en la tapa para una identidad corporativa completa.<\/p>\n<\/li>\n<\/ul>","protected":false},"featured_media":6238,"comment_status":"closed","ping_status":"closed","template":"","meta":[],"product_brand":[],"product_cat":[79,121],"product_tag":[],"class_list":{"0":"post-6237","1":"product","2":"type-product","3":"status-publish","4":"has-post-thumbnail","6":"product_cat-awards","7":"product_cat-promotional-merchandise","9":"first","10":"instock","11":"shipping-taxable","12":"purchasable","13":"product-type-simple"},"_links":{"self":[{"href":"https:\/\/displayproducts.eu\/es\/wp-json\/wp\/v2\/product\/6237","targetHints":{"allow":["GET"]}}],"collection":[{"href":"https:\/\/displayproducts.eu\/es\/wp-json\/wp\/v2\/product"}],"about":[{"href":"https:\/\/displayproducts.eu\/es\/wp-json\/wp\/v2\/types\/product"}],"replies":[{"embeddable":true,"href":"https:\/\/displayproducts.eu\/es\/wp-json\/wp\/v2\/comments?post=6237"}],"wp:featuredmedia":[{"embeddable":true,"href":"https:\/\/displayproducts.eu\/es\/wp-json\/wp\/v2\/media\/6238"}],"wp:attachment":[{"href":"https:\/\/displayproducts.eu\/es\/wp-json\/wp\/v2\/media?parent=6237"}],"wp:term":[{"taxonomy":"product_brand","embeddable":true,"href":"https:\/\/displayproducts.eu\/es\/wp-json\/wp\/v2\/product_brand?post=6237"},{"taxonomy":"product_cat","embeddable":true,"href":"https:\/\/displayproducts.eu\/es\/wp-json\/wp\/v2\/product_cat?post=6237"},{"taxonomy":"product_tag","embeddable":true,"href":"https:\/\/displayproducts.eu\/es\/wp-json\/wp\/v2\/product_tag?post=6237"}],"curies":[{"name":"wp","href":"https:\/\/api.w.org\/{rel}","templated":true}]}}