{"id":6234,"date":"2025-12-20T18:28:29","date_gmt":"2025-12-20T15:28:29","guid":{"rendered":"https:\/\/wristbandfactory.eu\/?post_type=product&#038;p=6234"},"modified":"2026-04-01T21:52:34","modified_gmt":"2026-04-01T18:52:34","slug":"custom-3d-printed-cookie-cutters-gingerbread-molds-logo-shape","status":"publish","type":"product","link":"https:\/\/displayproducts.eu\/es\/p\/custom-3d-printed-cookie-cutters-gingerbread-molds-logo-shape\/","title":{"rendered":"Cortadores de galletas personalizados (Impresi\u00f3n 3D)"},"content":{"rendered":"<p data-path-to-node=\"10\">Lleve el sabor de su marca a la cocina de cada cliente con nuestro <b data-path-to-node=\"10\" data-index-in-node=\"88\">Cortadores de galletas personalizados impresos en 3D<\/b>. Ya sea para galletas de jengibre, galletas de mantequilla o galletas de az\u00facar navide\u00f1as, estos moldes personalizados convierten una sesi\u00f3n de horneado en una experiencia de marca. A diferencia de los cortadores de metal est\u00e1ndar, nuestra tecnolog\u00eda de impresi\u00f3n 3D nos permite crear <b data-path-to-node=\"10\" data-index-in-node=\"332\">cualquier forma imaginable<\/b>\u2014desde el logotipo exacto de su empresa hasta la silueta de un producto espec\u00edfico.<\/p>\n<p data-path-to-node=\"11\">Fabricados con tecnolog\u00eda de impresi\u00f3n 3D de alta definici\u00f3n, estos cortadores son robustos y precisos. Prestamos especial atenci\u00f3n al filo, asegur\u00e1ndonos de que est\u00e9 lo suficientemente afilado para cortar la masa limpiamente, manteniendo un agarre seguro y c\u00f3modo en el borde superior. Disponibles en colores festivos como rojo, verde y azul para combinar con el esp\u00edritu navide\u00f1o o su identidad corporativa.<\/p>\n<h2 data-path-to-node=\"12\">Caracter\u00edsticas principales<\/h2>\n<ul data-path-to-node=\"13\">\n<li>\n<p data-path-to-node=\"13,0,0\"><b data-path-to-node=\"13,0,0\" data-index-in-node=\"0\">Dise\u00f1o fiel a la marca:<\/b> Aqu\u00ed no hay formas est\u00e1ndar. Cada cortador est\u00e1 dise\u00f1ado espec\u00edficamente para que combine con tu logotipo o el tema de tu campa\u00f1a.<\/p>\n<\/li>\n<li>\n<p data-path-to-node=\"13,1,0\"><b data-path-to-node=\"13,1,0\" data-index-in-node=\"0\">Material de base biol\u00f3gica:<\/b> Hecho de <b data-path-to-node=\"13,1,0\" data-index-in-node=\"30\">PLA apto para alimentos<\/b> (\u00c1cido Polil\u00e1ctico), un biopl\u00e1stico derivado del almid\u00f3n de ma\u00edz o de la ca\u00f1a de az\u00facar, lo que lo convierte en una opci\u00f3n responsable con el medio ambiente.<\/p>\n<\/li>\n<li>\n<p data-path-to-node=\"13,2,0\"><b data-path-to-node=\"13,2,0\" data-index-in-node=\"0\">Geometr\u00eda optimizada:<\/b> Cuenta con un borde reforzado para mayor durabilidad y un borde de corte c\u00f3nico para facilitar la liberaci\u00f3n de la masa.<\/p>\n<\/li>\n<li>\n<p data-path-to-node=\"13,3,0\"><b data-path-to-node=\"13,3,0\" data-index-in-node=\"0\">Colores vibrantes:<\/b> Disponible en una gama de colores para hacer que la herramienta sea visualmente atractiva como regalo.<\/p>\n<\/li>\n<\/ul>\n<h2 data-path-to-node=\"14\">Presupuesto<\/h2>\n<ul data-path-to-node=\"15\">\n<li>\n<p data-path-to-node=\"15,0,0\"><b data-path-to-node=\"15,0,0\" data-index-in-node=\"0\">Material:<\/b> Pl\u00e1stico PLA apto para uso alimentario (biodegradable).<\/p>\n<\/li>\n<li>\n<p data-path-to-node=\"15,1,0\"><b data-path-to-node=\"15,1,0\" data-index-in-node=\"0\">M\u00e9todo de producci\u00f3n:<\/b> Impresi\u00f3n 3D FDM de alta resoluci\u00f3n (70\u2013200 micrones).<\/p>\n<\/li>\n<li>\n<p data-path-to-node=\"15,2,0\"><b data-path-to-node=\"15,2,0\" data-index-in-node=\"0\">Profundidad est\u00e1ndar:<\/b> 1,27 cm (0,5 pulgadas): ideal para masa enrollada est\u00e1ndar. <i data-path-to-node=\"15,2,0\" data-index-in-node=\"72\">Profundidades personalizadas disponibles.<\/i><\/p>\n<\/li>\n<li>\n<p data-path-to-node=\"15,3,0\"><b data-path-to-node=\"15,3,0\" data-index-in-node=\"0\">Tama\u00f1o:<\/b> Personalizado (Escalado al dise\u00f1o). <i data-path-to-node=\"15,3,0\" data-index-in-node=\"33\">Las fotograf\u00edas de referencia utilizan una cuadr\u00edcula de 2,54 cm.<\/i><\/p>\n<\/li>\n<li>\n<p data-path-to-node=\"15,4,0\"><b data-path-to-node=\"15,4,0\" data-index-in-node=\"0\">Instrucciones de cuidado:<\/b> <b data-path-to-node=\"15,4,0\" data-index-in-node=\"19\">Lavar a mano \u00fanicamente<\/b> Con agua tibia. No apto para lavavajillas (la temperatura alta puede deformar el PLA). Evite la exposici\u00f3n prolongada a la luz solar directa.<\/p>\n<\/li>\n<\/ul>\n<h2 data-path-to-node=\"16\">Casos de uso<\/h2>\n<ul data-path-to-node=\"17\">\n<li>\n<p data-path-to-node=\"17,0,0\"><b data-path-to-node=\"17,0,0\" data-index-in-node=\"0\">Regalos navide\u00f1os corporativos:<\/b> Incluya un cortador de galletas de marca en las cestas de regalo navide\u00f1as para socios y empleados.<\/p>\n<\/li>\n<li>\n<p data-path-to-node=\"17,1,0\"><b data-path-to-node=\"17,1,0\" data-index-in-node=\"0\">Catering para eventos:<\/b> Sirva galletas con la forma de su nuevo producto en fiestas de lanzamiento o ferias comerciales.<\/p>\n<\/li>\n<li>\n<p data-path-to-node=\"17,2,0\"><b data-path-to-node=\"17,2,0\" data-index-in-node=\"0\">Comercializaci\u00f3n:<\/b> Un art\u00edculo \u00fanico y de bajo costo para escuelas de cocina, panader\u00edas o marcas familiares para vender o regalar.<\/p>\n<\/li>\n<\/ul>","protected":false},"excerpt":{"rendered":"<ul>\n<li>\n<p data-path-to-node=\"9,0,0\"><b data-path-to-node=\"9,0,0\" data-index-in-node=\"0\">Modelado de formas personalizadas:<\/b> Transformamos su logotipo o mascota 2D en un cortador de galletas 3D totalmente funcional.<\/p>\n<\/li>\n<li>\n<p data-path-to-node=\"9,1,0\"><b data-path-to-node=\"9,1,0\" data-index-in-node=\"0\">Seguro para los alimentos y ecol\u00f3gico:<\/b> Fabricado en pl\u00e1stico PLA, un material biodegradable derivado de recursos renovables.<\/p>\n<\/li>\n<li>\n<p data-path-to-node=\"9,2,0\"><b data-path-to-node=\"9,2,0\" data-index-in-node=\"0\">Corte de precisi\u00f3n:<\/b> La impresi\u00f3n 3D de alta resoluci\u00f3n (70\u2013200 micrones) crea bordes afilados para cortes limpios, incluso con dise\u00f1os intrincados.<\/p>\n<\/li>\n<li>\n<p data-path-to-node=\"9,3,0\"><b data-path-to-node=\"9,3,0\" data-index-in-node=\"0\">Marca de temporada:<\/b> El mejor obsequio corporativo interactivo que lleva su marca a la mesa de la cena navide\u00f1a.<\/p>\n<\/li>\n<\/ul>","protected":false},"featured_media":6235,"comment_status":"closed","ping_status":"closed","template":"","meta":[],"product_brand":[],"product_cat":[122],"product_tag":[],"class_list":{"0":"post-6234","1":"product","2":"type-product","3":"status-publish","4":"has-post-thumbnail","6":"product_cat-promotional-accessories","8":"first","9":"instock","10":"shipping-taxable","11":"purchasable","12":"product-type-simple"},"_links":{"self":[{"href":"https:\/\/displayproducts.eu\/es\/wp-json\/wp\/v2\/product\/6234","targetHints":{"allow":["GET"]}}],"collection":[{"href":"https:\/\/displayproducts.eu\/es\/wp-json\/wp\/v2\/product"}],"about":[{"href":"https:\/\/displayproducts.eu\/es\/wp-json\/wp\/v2\/types\/product"}],"replies":[{"embeddable":true,"href":"https:\/\/displayproducts.eu\/es\/wp-json\/wp\/v2\/comments?post=6234"}],"wp:featuredmedia":[{"embeddable":true,"href":"https:\/\/displayproducts.eu\/es\/wp-json\/wp\/v2\/media\/6235"}],"wp:attachment":[{"href":"https:\/\/displayproducts.eu\/es\/wp-json\/wp\/v2\/media?parent=6234"}],"wp:term":[{"taxonomy":"product_brand","embeddable":true,"href":"https:\/\/displayproducts.eu\/es\/wp-json\/wp\/v2\/product_brand?post=6234"},{"taxonomy":"product_cat","embeddable":true,"href":"https:\/\/displayproducts.eu\/es\/wp-json\/wp\/v2\/product_cat?post=6234"},{"taxonomy":"product_tag","embeddable":true,"href":"https:\/\/displayproducts.eu\/es\/wp-json\/wp\/v2\/product_tag?post=6234"}],"curies":[{"name":"wp","href":"https:\/\/api.w.org\/{rel}","templated":true}]}}