{"id":6232,"date":"2025-12-20T18:21:12","date_gmt":"2025-12-20T15:21:12","guid":{"rendered":"https:\/\/wristbandfactory.eu\/?post_type=product&#038;p=6232"},"modified":"2026-04-01T21:52:03","modified_gmt":"2026-04-01T18:52:03","slug":"custom-printed-beer-coasters-drink-mats-absorbent-pulpboard","status":"publish","type":"product","link":"https:\/\/displayproducts.eu\/es\/p\/custom-printed-beer-coasters-drink-mats-absorbent-pulpboard\/","title":{"rendered":"Posavasos personalizados"},"content":{"rendered":"<p data-path-to-node=\"10\">Convierte cada mesa en una valla publicitaria con nuestro <b data-path-to-node=\"10\" data-index-in-node=\"68\">Posavasos de cerveza con impresi\u00f3n personalizada<\/b>. M\u00e1s que una herramienta pr\u00e1ctica para proteger los muebles de derrames y condensaci\u00f3n, estos posavasos son un potente medio de marketing de alta frecuencia. Ya sea que gestione una cervecer\u00eda, un bar o organice un gran evento corporativo, los posavasos personalizados ponen su marca literalmente en manos de su p\u00fablico.<\/p>\n<p data-path-to-node=\"11\">Te animamos a que <b data-path-to-node=\"11\" data-index-in-node=\"20\">usa tu imaginaci\u00f3n<\/b>. Como estos posavasos est\u00e1n impresos a todo color, no se limitan a un simple logotipo. Utilice la impresi\u00f3n a doble cara para organizar concursos, compartir recetas de c\u00f3cteles o mostrar c\u00f3digos QR que impulsen la interacci\u00f3n digital.<\/p>\n<h2 data-path-to-node=\"12\">Caracter\u00edsticas principales<\/h2>\n<ul data-path-to-node=\"13\">\n<li>\n<p data-path-to-node=\"13,0,0\"><b data-path-to-node=\"13,0,0\" data-index-in-node=\"0\">Absorbencia superior:<\/b> Fabricado con cart\u00f3n especial para posavasos (cart\u00f3n pulpa) dise\u00f1ado para retener la humedad sin desintegrarse, manteniendo las superficies secas.<\/p>\n<\/li>\n<li>\n<p data-path-to-node=\"13,1,0\"><b data-path-to-node=\"13,1,0\" data-index-in-node=\"0\">Marca de doble cara:<\/b> Maximice su mensaje imprimiendo diferentes dise\u00f1os en el frente y el dorso: ideal para promociones cruzadas o mensajes \u201csorpresa\u201d.<\/p>\n<\/li>\n<li>\n<p data-path-to-node=\"13,2,0\"><b data-path-to-node=\"13,2,0\" data-index-in-node=\"0\">Variedad de formas:<\/b> Disponible en cl\u00e1sico <b data-path-to-node=\"13,2,0\" data-index-in-node=\"36\">Redondo<\/b> o <b data-path-to-node=\"13,2,0\" data-index-in-node=\"45\">Cuadrado<\/b> Formatos con esquinas redondeadas para adaptarse a su est\u00e9tica.<\/p>\n<\/li>\n<li>\n<p data-path-to-node=\"13,3,0\"><b data-path-to-node=\"13,3,0\" data-index-in-node=\"0\">Impresi\u00f3n con calidad fotogr\u00e1fica:<\/b> Nuestro proceso de impresi\u00f3n offset garantiza colores vibrantes y detalles n\u00edtidos, haciendo que su dise\u00f1o resalte.<\/p>\n<\/li>\n<\/ul>\n<h2 data-path-to-node=\"14\">Presupuesto<\/h2>\n<ul data-path-to-node=\"15\">\n<li>\n<p data-path-to-node=\"15,0,0\"><b data-path-to-node=\"15,0,0\" data-index-in-node=\"0\">Material:<\/b> Cart\u00f3n absorbente de alta densidad (cart\u00f3n para posavasos).<\/p>\n<\/li>\n<li>\n<p data-path-to-node=\"15,1,0\"><b data-path-to-node=\"15,1,0\" data-index-in-node=\"0\">Formas est\u00e1ndar:<\/b><\/p>\n<ul data-path-to-node=\"15,1,1\">\n<li>\n<p data-path-to-node=\"15,1,1,0,0\">Redonda (\u00d8 107 mm o \u00d8 93 mm).<\/p>\n<\/li>\n<li>\n<p data-path-to-node=\"15,1,1,1,0\">Cuadrado (93 \u00d7 93 mm o 107 \u00d7 107 mm) con esquinas redondeadas.<\/p>\n<\/li>\n<\/ul>\n<\/li>\n<li>\n<p data-path-to-node=\"15,2,0\"><b data-path-to-node=\"15,2,0\" data-index-in-node=\"0\">Opciones de espesor:<\/b> Est\u00e1ndar 1,2 mm, Premium 1,6 mm o Heavy Duty 2,0 mm.<\/p>\n<\/li>\n<li>\n<p data-path-to-node=\"15,3,0\"><b data-path-to-node=\"15,3,0\" data-index-in-node=\"0\">Impresi\u00f3n:<\/b> Offset a todo color (CMYK) en ambas caras.<\/p>\n<\/li>\n<\/ul>\n<h2 data-path-to-node=\"16\">Casos de uso<\/h2>\n<ul data-path-to-node=\"17\">\n<li>\n<p data-path-to-node=\"17,0,0\"><b data-path-to-node=\"17,0,0\" data-index-in-node=\"0\">Cervecer\u00edas y bares:<\/b> Imprescindible para servir cerveza de barril reforzando al mismo tiempo la identidad de marca.<\/p>\n<\/li>\n<li>\n<p data-path-to-node=\"17,1,0\"><b data-path-to-node=\"17,1,0\" data-index-in-node=\"0\">Bodas y fiestas:<\/b> Los posavasos personalizados a\u00f1aden un toque \u00fanico a la mesa y sirven como recuerdos.<\/p>\n<\/li>\n<li>\n<p data-path-to-node=\"17,2,0\"><b data-path-to-node=\"17,2,0\" data-index-in-node=\"0\">Marketing de guerrilla:<\/b> Distribuyalos en lugares asociados para promocionar el lanzamiento de una aplicaci\u00f3n, un festival o un servicio de taxi.<\/p>\n<\/li>\n<\/ul>","protected":false},"excerpt":{"rendered":"<ul>\n<li>\n<p data-path-to-node=\"9,0,0\"><b data-path-to-node=\"9,0,0\" data-index-in-node=\"0\">Altamente absorbente:<\/b> Fabricado con cart\u00f3n pulpa de primera calidad que absorbe eficazmente la condensaci\u00f3n, protegiendo mesas y muebles.<\/p>\n<\/li>\n<li>\n<p data-path-to-node=\"9,1,0\"><b data-path-to-node=\"9,1,0\" data-index-in-node=\"0\">Exposici\u00f3n m\u00e1xima:<\/b> Colocado directamente frente al cliente, garantizando que su marca sea vista en cada sorbo.<\/p>\n<\/li>\n<li>\n<p data-path-to-node=\"9,2,0\"><b data-path-to-node=\"9,2,0\" data-index-in-node=\"0\">Marketing creativo:<\/b> Perfecto para c\u00f3digos QR, juegos de trivia o series coleccionables para atraer a los clientes de forma interactiva.<\/p>\n<\/li>\n<li>\n<p data-path-to-node=\"9,3,0\"><b data-path-to-node=\"9,3,0\" data-index-in-node=\"0\">Rentable:<\/b> Una herramienta de promoci\u00f3n asequible y de gran volumen que ofrece un alto retorno de la inversi\u00f3n.<\/p>\n<\/li>\n<\/ul>","protected":false},"featured_media":6233,"comment_status":"closed","ping_status":"closed","template":"","meta":[],"product_brand":[],"product_cat":[119],"product_tag":[],"class_list":{"0":"post-6232","1":"product","2":"type-product","3":"status-publish","4":"has-post-thumbnail","6":"product_cat-drinkware-accessories","8":"first","9":"instock","10":"shipping-taxable","11":"purchasable","12":"product-type-simple"},"_links":{"self":[{"href":"https:\/\/displayproducts.eu\/es\/wp-json\/wp\/v2\/product\/6232","targetHints":{"allow":["GET"]}}],"collection":[{"href":"https:\/\/displayproducts.eu\/es\/wp-json\/wp\/v2\/product"}],"about":[{"href":"https:\/\/displayproducts.eu\/es\/wp-json\/wp\/v2\/types\/product"}],"replies":[{"embeddable":true,"href":"https:\/\/displayproducts.eu\/es\/wp-json\/wp\/v2\/comments?post=6232"}],"wp:featuredmedia":[{"embeddable":true,"href":"https:\/\/displayproducts.eu\/es\/wp-json\/wp\/v2\/media\/6233"}],"wp:attachment":[{"href":"https:\/\/displayproducts.eu\/es\/wp-json\/wp\/v2\/media?parent=6232"}],"wp:term":[{"taxonomy":"product_brand","embeddable":true,"href":"https:\/\/displayproducts.eu\/es\/wp-json\/wp\/v2\/product_brand?post=6232"},{"taxonomy":"product_cat","embeddable":true,"href":"https:\/\/displayproducts.eu\/es\/wp-json\/wp\/v2\/product_cat?post=6232"},{"taxonomy":"product_tag","embeddable":true,"href":"https:\/\/displayproducts.eu\/es\/wp-json\/wp\/v2\/product_tag?post=6232"}],"curies":[{"name":"wp","href":"https:\/\/api.w.org\/{rel}","templated":true}]}}