{"id":6230,"date":"2025-12-20T18:14:23","date_gmt":"2025-12-20T15:14:23","guid":{"rendered":"https:\/\/wristbandfactory.eu\/?post_type=product&#038;p=6230"},"modified":"2026-04-01T21:52:34","modified_gmt":"2026-04-01T18:52:34","slug":"custom-printed-door-hangers-do-not-disturb-signs-pvc-pp-cardboard","status":"publish","type":"product","link":"https:\/\/displayproducts.eu\/es\/p\/custom-printed-door-hangers-do-not-disturb-signs-pvc-pp-cardboard\/","title":{"rendered":"Colgadores de puerta personalizados"},"content":{"rendered":"<p data-path-to-node=\"10\">Optimice la comunicaci\u00f3n y mejore la marca con nuestro <b data-path-to-node=\"10\" data-index-in-node=\"80\">Colgadores de puerta impresos personalizados<\/b>. Ya sea que necesite letreros funcionales de &quot;No molestar&quot; para una cadena hotelera o herramientas de marketing atractivas para una campa\u00f1a publicitaria de guerrilla, nuestros colgadores de puerta est\u00e1n dise\u00f1ados para transmitir su mensaje de forma clara y profesional.<\/p>\n<p data-path-to-node=\"11\">Ofrecemos una gama de materiales que se adaptan a sus necesidades espec\u00edficas de durabilidad. Nuestras <b data-path-to-node=\"11\" data-index-in-node=\"74\">PVC y polipropileno (PP)<\/b> Las opciones son resistentes al desgarro y al agua, lo que las hace ideales para el uso diario repetido en entornos de hosteler\u00eda. Para promociones a corto plazo o campa\u00f1as de correo directo, nuestra alta calidad <b data-path-to-node=\"11\" data-index-in-node=\"283\">Cartulina<\/b> Las opciones ofrecen una apariencia premium a un precio rentable.<\/p>\n<h2 data-path-to-node=\"12\">Caracter\u00edsticas principales<\/h2>\n<ul data-path-to-node=\"13\">\n<li>\n<p data-path-to-node=\"13,0,0\"><b data-path-to-node=\"13,0,0\" data-index-in-node=\"0\">Flexibilidad del material:<\/b><\/p>\n<ul data-path-to-node=\"13,0,1\">\n<li>\n<p data-path-to-node=\"13,0,1,0,0\"><b data-path-to-node=\"13,0,1,0,0\" data-index-in-node=\"0\">PVC\/PP:<\/b> Impermeable, r\u00edgido y f\u00e1cil de limpiar. Perfecto para uso prolongado en interiores y exteriores.<\/p>\n<\/li>\n<li>\n<p data-path-to-node=\"13,0,1,1,0\"><b data-path-to-node=\"13,0,1,1,0\" data-index-in-node=\"0\">Cartulina:<\/b> Sostenible y ligero. Ideal para eventos puntuales o distribuci\u00f3n masiva.<\/p>\n<\/li>\n<\/ul>\n<\/li>\n<li>\n<p data-path-to-node=\"13,1,0\"><b data-path-to-node=\"13,1,0\" data-index-in-node=\"0\">Excelencia visual:<\/b> Utilizamos alta definici\u00f3n <b data-path-to-node=\"13,1,0\" data-index-in-node=\"42\">Compensar<\/b> o <b data-path-to-node=\"13,1,0\" data-index-in-node=\"52\">Serigraf\u00eda<\/b> para garantizar que su logotipo y texto sean n\u00edtidos, coloridos y resistentes a la decoloraci\u00f3n.<\/p>\n<\/li>\n<li>\n<p data-path-to-node=\"13,2,0\"><b data-path-to-node=\"13,2,0\" data-index-in-node=\"0\">Formas personalizadas:<\/b> Si bien ofrecemos formas rectangulares est\u00e1ndar con un gancho, tambi\u00e9n podemos troquelar las perchas en formas personalizadas para que coincidan con su marca.<\/p>\n<\/li>\n<li>\n<p data-path-to-node=\"13,3,0\"><b data-path-to-node=\"13,3,0\" data-index-in-node=\"0\">Mensajer\u00eda dual:<\/b> Utilice ambos lados de la etiqueta para transmitir m\u00e1s informaci\u00f3n u ofrecer doble funcionalidad.<\/p>\n<\/li>\n<\/ul>\n<h2 data-path-to-node=\"14\">Presupuesto<\/h2>\n<ul data-path-to-node=\"15\">\n<li>\n<p data-path-to-node=\"15,0,0\"><b data-path-to-node=\"15,0,0\" data-index-in-node=\"0\">Materiales:<\/b> PVC r\u00edgido, PP (polipropileno) flexible o cart\u00f3n recubierto.<\/p>\n<\/li>\n<li>\n<p data-path-to-node=\"15,1,0\"><b data-path-to-node=\"15,1,0\" data-index-in-node=\"0\">T\u00e9cnica de impresi\u00f3n:<\/b> Impresi\u00f3n offset a todo color (CMYK) o serigraf\u00eda (colores directos).<\/p>\n<\/li>\n<li>\n<p data-path-to-node=\"15,2,0\"><b data-path-to-node=\"15,2,0\" data-index-in-node=\"0\">Cobertura de impresi\u00f3n:<\/b> De una sola cara o de doble cara.<\/p>\n<\/li>\n<li>\n<p data-path-to-node=\"15,3,0\"><b data-path-to-node=\"15,3,0\" data-index-in-node=\"0\">Espesor:<\/b> Personalizable seg\u00fan la elecci\u00f3n del material (por ejemplo, cart\u00f3n de 300 g, PVC de 500 micrones).<\/p>\n<\/li>\n<li>\n<p data-path-to-node=\"15,4,0\"><b data-path-to-node=\"15,4,0\" data-index-in-node=\"0\">Adjunto:<\/b> Gancho troquelado est\u00e1ndar para manijas de puertas.<\/p>\n<\/li>\n<\/ul>\n<h2 data-path-to-node=\"16\">Casos de uso<\/h2>\n<ul data-path-to-node=\"17\">\n<li>\n<p data-path-to-node=\"17,0,0\"><b data-path-to-node=\"17,0,0\" data-index-in-node=\"0\">Industria hotelera:<\/b> Esencial para hoteles, complejos tur\u00edsticos y cruceros (\u201cNo molestar\u201d, \u201cMen\u00fa de desayuno\u201d, \u201cServicio de habitaciones\u201d).<\/p>\n<\/li>\n<li>\n<p data-path-to-node=\"17,1,0\"><b data-path-to-node=\"17,1,0\" data-index-in-node=\"0\">Oficinas corporativas:<\/b> \u00datil para salas de reuniones (\u201cReuni\u00f3n en curso\u201d) o horarios de limpieza.<\/p>\n<\/li>\n<li>\n<p data-path-to-node=\"17,2,0\"><b data-path-to-node=\"17,2,0\" data-index-in-node=\"0\">Bienes ra\u00edces y marketing:<\/b> \u201cAvisos de \u201dReci\u00e9n vendido\u201c o \u201dCasa abierta\u201d dejados en las manijas de las puertas del vecindario.<\/p>\n<\/li>\n<\/ul>\n<p data-path-to-node=\"18\">","protected":false},"excerpt":{"rendered":"<ul>\n<li>\n<p data-path-to-node=\"9,0,0\"><b data-path-to-node=\"9,0,0\" data-index-in-node=\"0\">Elecci\u00f3n vers\u00e1til de materiales:<\/b> Elija PVC o polipropileno (PP) robustos para una reutilizaci\u00f3n duradera en hoteles, o cart\u00f3n rentable para campa\u00f1as de marketing.<\/p>\n<\/li>\n<li>\n<p data-path-to-node=\"9,1,0\"><b data-path-to-node=\"9,1,0\" data-index-in-node=\"0\">Impresi\u00f3n de alto impacto:<\/b> Disponible con impresi\u00f3n offset o serigraf\u00eda a todo color vibrante para garantizar que su mensaje sea visible desde la distancia.<\/p>\n<\/li>\n<li>\n<p data-path-to-node=\"9,2,0\"><b data-path-to-node=\"9,2,0\" data-index-in-node=\"0\">Comunicaci\u00f3n de doble cara:<\/b> Maximice la utilidad imprimiendo mensajes diferentes en cada lado (por ejemplo, \u201cNo molestar\u201d \/ \u201cPor favor, limpie la habitaci\u00f3n\u201d).<\/p>\n<\/li>\n<li>\n<p data-path-to-node=\"9,3,0\"><b data-path-to-node=\"9,3,0\" data-index-in-node=\"0\">Ajuste universal:<\/b> Dise\u00f1ado para adaptarse a manijas de puertas est\u00e1ndar en hoteles, centros de conferencias y oficinas corporativas.<\/p>\n<\/li>\n<\/ul>","protected":false},"featured_media":6280,"comment_status":"closed","ping_status":"closed","template":"","meta":[],"product_brand":[],"product_cat":[132],"product_tag":[],"class_list":{"0":"post-6230","1":"product","2":"type-product","3":"status-publish","4":"has-post-thumbnail","6":"product_cat-hotel-spa-amenities","8":"first","9":"instock","10":"shipping-taxable","11":"product-type-simple"},"_links":{"self":[{"href":"https:\/\/displayproducts.eu\/es\/wp-json\/wp\/v2\/product\/6230","targetHints":{"allow":["GET"]}}],"collection":[{"href":"https:\/\/displayproducts.eu\/es\/wp-json\/wp\/v2\/product"}],"about":[{"href":"https:\/\/displayproducts.eu\/es\/wp-json\/wp\/v2\/types\/product"}],"replies":[{"embeddable":true,"href":"https:\/\/displayproducts.eu\/es\/wp-json\/wp\/v2\/comments?post=6230"}],"wp:featuredmedia":[{"embeddable":true,"href":"https:\/\/displayproducts.eu\/es\/wp-json\/wp\/v2\/media\/6280"}],"wp:attachment":[{"href":"https:\/\/displayproducts.eu\/es\/wp-json\/wp\/v2\/media?parent=6230"}],"wp:term":[{"taxonomy":"product_brand","embeddable":true,"href":"https:\/\/displayproducts.eu\/es\/wp-json\/wp\/v2\/product_brand?post=6230"},{"taxonomy":"product_cat","embeddable":true,"href":"https:\/\/displayproducts.eu\/es\/wp-json\/wp\/v2\/product_cat?post=6230"},{"taxonomy":"product_tag","embeddable":true,"href":"https:\/\/displayproducts.eu\/es\/wp-json\/wp\/v2\/product_tag?post=6230"}],"curies":[{"name":"wp","href":"https:\/\/api.w.org\/{rel}","templated":true}]}}