{"id":6228,"date":"2025-12-20T18:09:00","date_gmt":"2025-12-20T15:09:00","guid":{"rendered":"https:\/\/wristbandfactory.eu\/?post_type=product&#038;p=6228"},"modified":"2026-04-01T21:52:34","modified_gmt":"2026-04-01T18:52:34","slug":"custom-printed-rulers-3d-lenticular-rulers-pvc-pp-pet","status":"publish","type":"product","link":"https:\/\/displayproducts.eu\/es\/p\/custom-printed-rulers-3d-lenticular-rulers-pvc-pp-pet\/","title":{"rendered":"Reglas personalizadas con logo"},"content":{"rendered":"<p data-path-to-node=\"10\">Asegure un lugar permanente en el escritorio de su cliente con nuestro <b data-path-to-node=\"10\" data-index-in-node=\"80\">Reglas impresas personalizadas<\/b>. A diferencia de los folletos desechables, una regla de marca es una herramienta pr\u00e1ctica que ofrece valor a largo plazo y visibilidad diaria en oficinas, escuelas y entornos industriales.<\/p>\n<p data-path-to-node=\"11\">Ofrecemos una amplia gama de materiales que se adaptan a los objetivos de su campa\u00f1a. Elija nuestro <b data-path-to-node=\"11\" data-index-in-node=\"75\">PVC est\u00e1ndar<\/b> Para un look cl\u00e1sico, <b data-path-to-node=\"11\" data-index-in-node=\"108\">Polipropileno (PP) ecol\u00f3gico<\/b> para una marca sostenible, o nuestra tecnolog\u00eda de vanguardia <b data-path-to-node=\"11\" data-index-in-node=\"186\">Reglas lenticulares 3D<\/b> Para un m\u00e1ximo impacto. La tecnolog\u00eda lenticular crea atractivos efectos visuales como animaci\u00f3n, profundidad o inversi\u00f3n de imagen, lo que la hace ideal para campa\u00f1as de la industria farmac\u00e9utica y alimentaria.<\/p>\n<h2 data-path-to-node=\"12\">Caracter\u00edsticas principales<\/h2>\n<ul data-path-to-node=\"13\">\n<li>\n<p data-path-to-node=\"13,0,0\"><b data-path-to-node=\"13,0,0\" data-index-in-node=\"0\">Marca de alta definici\u00f3n:<\/b> Ya sea que elija la impresi\u00f3n digital para im\u00e1genes complejas o la serigraf\u00eda para colores s\u00f3lidos, garantizamos resultados n\u00edtidos y vibrantes.<\/p>\n<\/li>\n<li>\n<p data-path-to-node=\"13,1,0\"><b data-path-to-node=\"13,1,0\" data-index-in-node=\"0\">Dimensiones personalizadas:<\/b> No solo ofrecemos tama\u00f1os est\u00e1ndar; podemos producir reglas que van desde versiones compactas de 15 cm hasta formatos grandes de 68 cm.<\/p>\n<\/li>\n<li>\n<p data-path-to-node=\"13,2,0\"><b data-path-to-node=\"13,2,0\" data-index-in-node=\"0\">Opciones ecol\u00f3gicas:<\/b> Para campa\u00f1as verdes, ofrecemos materiales de polipropileno (PP) biodegradables y reciclables.<\/p>\n<\/li>\n<li>\n<p data-path-to-node=\"13,3,0\"><b data-path-to-node=\"13,3,0\" data-index-in-node=\"0\">Efectos 3D avanzados:<\/b> La impresi\u00f3n lenticular permite efectos de \u201cFlip\u201d (cambio de im\u00e1genes), \u201cMovimiento\u201d (movimiento similar a un video) o \u201cProfundidad 3D\u201d, convirtiendo una simple regla en una experiencia interactiva.<\/p>\n<\/li>\n<\/ul>\n<h2 data-path-to-node=\"14\">Presupuesto<\/h2>\n<table data-path-to-node=\"15\">\n<thead>\n<tr>\n<td><strong>Caracter\u00edstica<\/strong><\/td>\n<td><strong>Reglas de PVC<\/strong><\/td>\n<td><strong>Reglas de PP (polipropileno)<\/strong><\/td>\n<td><strong>Reglas lenticulares 3D<\/strong><\/td>\n<\/tr>\n<\/thead>\n<tbody>\n<tr>\n<td><span data-path-to-node=\"15,1,0,0\"><b data-path-to-node=\"15,1,0,0\" data-index-in-node=\"0\">Material<\/b><\/span><\/td>\n<td><span data-path-to-node=\"15,1,1,0\">PVC blanco semirr\u00edgido<\/span><\/td>\n<td><span data-path-to-node=\"15,1,2,0\">PP ecol\u00f3gico flexible<\/span><\/td>\n<td><span data-path-to-node=\"15,1,3,0\">PET lenticular<\/span><\/td>\n<\/tr>\n<tr>\n<td><span data-path-to-node=\"15,2,0,0\"><b data-path-to-node=\"15,2,0,0\" data-index-in-node=\"0\">Espesor<\/b><\/span><\/td>\n<td><span data-path-to-node=\"15,2,1,0\">300, 500 o 700 micrones<\/span><\/td>\n<td><span data-path-to-node=\"15,2,2,0\">500 u 800 micras<\/span><\/td>\n<td><span data-path-to-node=\"15,2,3,0\">500 micras<\/span><\/td>\n<\/tr>\n<tr>\n<td><span data-path-to-node=\"15,3,0,0\"><b data-path-to-node=\"15,3,0,0\" data-index-in-node=\"0\">M\u00e9todo de impresi\u00f3n<\/b><\/span><\/td>\n<td><span data-path-to-node=\"15,3,1,0\">Impresi\u00f3n digital o serigraf\u00eda<\/span><\/td>\n<td><span data-path-to-node=\"15,3,2,0\">Impresi\u00f3n digital o serigraf\u00eda<\/span><\/td>\n<td><span data-path-to-node=\"15,3,3,0\">Desplazamiento\/Pantalla (efectos 3D)<\/span><\/td>\n<\/tr>\n<tr>\n<td><span data-path-to-node=\"15,4,0,0\"><b data-path-to-node=\"15,4,0,0\" data-index-in-node=\"0\">Lados<\/b><\/span><\/td>\n<td><span data-path-to-node=\"15,4,1,0\">1 o 2 caras<\/span><\/td>\n<td><span data-path-to-node=\"15,4,2,0\">1 o 2 caras<\/span><\/td>\n<td><span data-path-to-node=\"15,4,3,0\">Delantero (3D) + Trasero (Est\u00e1tico)<\/span><\/td>\n<\/tr>\n<tr>\n<td><span data-path-to-node=\"15,5,0,0\"><b data-path-to-node=\"15,5,0,0\" data-index-in-node=\"0\">Rango de longitud<\/b><\/span><\/td>\n<td><span data-path-to-node=\"15,5,1,0\">15 cm \u2013 68 cm<\/span><\/td>\n<td><span data-path-to-node=\"15,5,2,0\">15 cm \u2013 68 cm<\/span><\/td>\n<td><span data-path-to-node=\"15,5,3,0\">Tama\u00f1os est\u00e1ndar<\/span><\/td>\n<\/tr>\n<\/tbody>\n<\/table>\n<h2 data-path-to-node=\"16\">Casos de uso<\/h2>\n<ul data-path-to-node=\"17\">\n<li>\n<p data-path-to-node=\"17,0,0\"><b data-path-to-node=\"17,0,0\" data-index-in-node=\"0\">Campa\u00f1as educativas:<\/b> Material imprescindible para escuelas, universidades y centros de formaci\u00f3n.<\/p>\n<\/li>\n<li>\n<p data-path-to-node=\"17,1,0\"><b data-path-to-node=\"17,1,0\" data-index-in-node=\"0\">Marketing farmac\u00e9utico:<\/b> Utilice efectos lenticulares 3D para mostrar resultados de \u201cAntes y despu\u00e9s\u201d o animaciones del mecanismo de acci\u00f3n.<\/p>\n<\/li>\n<li>\n<p data-path-to-node=\"17,2,0\"><b data-path-to-node=\"17,2,0\" data-index-in-node=\"0\">Construcci\u00f3n e ingenier\u00eda:<\/b> Una herramienta necesaria para arquitectos e ingenieros que tambi\u00e9n funciona como una tarjeta de presentaci\u00f3n premium.<\/p>\n<\/li>\n<\/ul>","protected":false},"excerpt":{"rendered":"<ul>\n<li>\n<p data-path-to-node=\"9,0,0\"><b data-path-to-node=\"9,0,0\" data-index-in-node=\"0\">Opciones de materiales vers\u00e1tiles:<\/b> Elija entre PVC semirr\u00edgido, polipropileno (PP) ecol\u00f3gico o PET lenticular especializado.<\/p>\n<\/li>\n<li>\n<p data-path-to-node=\"9,1,0\"><b data-path-to-node=\"9,1,0\" data-index-in-node=\"0\">Efectos visuales 3D:<\/b> Nuestras reglas lenticulares PET ofrecen impresionantes efectos de movimiento, zoom y transformaci\u00f3n para captar la atenci\u00f3n.<\/p>\n<\/li>\n<li>\n<p data-path-to-node=\"9,2,0\"><b data-path-to-node=\"9,2,0\" data-index-in-node=\"0\">Personalizaci\u00f3n completa:<\/b> Disponible con impresi\u00f3n digital o serigraf\u00eda de alta definici\u00f3n en toda la superficie (1 o 2 caras).<\/p>\n<\/li>\n<li>\n<p data-path-to-node=\"9,3,0\"><b data-path-to-node=\"9,3,0\" data-index-in-node=\"0\">Visibilidad de marca pr\u00e1ctica:<\/b> Una herramienta de escritorio funcional que garantiza que su marca permanezca frente al cliente diariamente.<\/p>\n<\/li>\n<\/ul>","protected":false},"featured_media":6229,"comment_status":"closed","ping_status":"closed","template":"","meta":[],"product_brand":[],"product_cat":[122],"product_tag":[],"class_list":{"0":"post-6228","1":"product","2":"type-product","3":"status-publish","4":"has-post-thumbnail","6":"product_cat-promotional-accessories","8":"first","9":"instock","10":"shipping-taxable","11":"product-type-simple"},"_links":{"self":[{"href":"https:\/\/displayproducts.eu\/es\/wp-json\/wp\/v2\/product\/6228","targetHints":{"allow":["GET"]}}],"collection":[{"href":"https:\/\/displayproducts.eu\/es\/wp-json\/wp\/v2\/product"}],"about":[{"href":"https:\/\/displayproducts.eu\/es\/wp-json\/wp\/v2\/types\/product"}],"replies":[{"embeddable":true,"href":"https:\/\/displayproducts.eu\/es\/wp-json\/wp\/v2\/comments?post=6228"}],"wp:featuredmedia":[{"embeddable":true,"href":"https:\/\/displayproducts.eu\/es\/wp-json\/wp\/v2\/media\/6229"}],"wp:attachment":[{"href":"https:\/\/displayproducts.eu\/es\/wp-json\/wp\/v2\/media?parent=6228"}],"wp:term":[{"taxonomy":"product_brand","embeddable":true,"href":"https:\/\/displayproducts.eu\/es\/wp-json\/wp\/v2\/product_brand?post=6228"},{"taxonomy":"product_cat","embeddable":true,"href":"https:\/\/displayproducts.eu\/es\/wp-json\/wp\/v2\/product_cat?post=6228"},{"taxonomy":"product_tag","embeddable":true,"href":"https:\/\/displayproducts.eu\/es\/wp-json\/wp\/v2\/product_tag?post=6228"}],"curies":[{"name":"wp","href":"https:\/\/api.w.org\/{rel}","templated":true}]}}