{"id":6226,"date":"2025-12-20T18:04:19","date_gmt":"2025-12-20T15:04:19","guid":{"rendered":"https:\/\/wristbandfactory.eu\/?post_type=product&#038;p=6226"},"modified":"2026-04-01T21:52:03","modified_gmt":"2026-04-01T18:52:03","slug":"custom-fsc-certified-pencils-with-eraser-360-full-color-print","status":"publish","type":"product","link":"https:\/\/displayproducts.eu\/es\/p\/custom-fsc-certified-pencils-with-eraser-360-full-color-print\/","title":{"rendered":"L\u00e1pices personalizados (Certificado FSC\u00ae)"},"content":{"rendered":"<p data-path-to-node=\"10\">Muestre su compromiso con el medio ambiente sin comprometer el dise\u00f1o con nuestro <b data-path-to-node=\"10\" data-index-in-node=\"109\">L\u00e1pices personalizados con certificaci\u00f3n FSC\u00ae<\/b>. Estos no son solo instrumentos de escritura; son una declaraci\u00f3n de valores de marca sostenibles. Al elegir madera con certificaci\u00f3n FSC\u00ae, apoya la gesti\u00f3n forestal responsable en todo el mundo.<\/p>\n<p data-path-to-node=\"11\">Lo que distingue a este l\u00e1piz es la <b data-path-to-node=\"11\" data-index-in-node=\"35\">Personalizaci\u00f3n a todo color de 360\u00b0<\/b>. No solo imprimimos un peque\u00f1o logotipo en el lateral; envolvemos todo el cuerpo del l\u00e1piz con su dise\u00f1o \u00fanico. Ya sea un patr\u00f3n complejo, una imagen fotogr\u00e1fica o los colores de su empresa, el resultado es una herramienta promocional impecable y llamativa.<\/p>\n<h2 data-path-to-node=\"12\">Caracter\u00edsticas principales<\/h2>\n<ul data-path-to-node=\"13\">\n<li>\n<p data-path-to-node=\"13,0,0\"><b data-path-to-node=\"13,0,0\" data-index-in-node=\"0\">Opci\u00f3n ecol\u00f3gica:<\/b> Fabricado con madera natural procedente de fuentes sostenibles certificadas, lo que lo convierte en un art\u00edculo promocional libre de culpa.<\/p>\n<\/li>\n<li>\n<p data-path-to-node=\"13,1,0\"><b data-path-to-node=\"13,1,0\" data-index-in-node=\"0\">Dise\u00f1o sin l\u00edmites:<\/b> La t\u00e9cnica de impresi\u00f3n de 360\u00b0 permite una marca de borde a borde en CMYK, perfecta para gr\u00e1ficos intrincados y mensajes llamativos.<\/p>\n<\/li>\n<li>\n<p data-path-to-node=\"13,2,0\"><b data-path-to-node=\"13,2,0\" data-index-in-node=\"0\">Funcional y elegante:<\/b> Equipado con un pr\u00e1ctico borrador sujeto en su lugar por un elegante <b data-path-to-node=\"13,2,0\" data-index-in-node=\"80\">casquillo met\u00e1lico<\/b>, combinando utilidad con un aspecto refinado.<\/p>\n<\/li>\n<li>\n<p data-path-to-node=\"13,3,0\"><b data-path-to-node=\"13,3,0\" data-index-in-node=\"0\">Alta utilidad:<\/b> Los l\u00e1pices son uno de los art\u00edculos promocionales m\u00e1s retenidos, lo que garantiza que su marca permanezca en la mano de su cliente durante meses.<\/p>\n<\/li>\n<\/ul>\n<h2 data-path-to-node=\"14\">Presupuesto<\/h2>\n<ul data-path-to-node=\"15\">\n<li>\n<p data-path-to-node=\"15,0,0\"><b data-path-to-node=\"15,0,0\" data-index-in-node=\"0\">Material:<\/b> Madera natural (certificada FSC\u00ae).<\/p>\n<\/li>\n<li>\n<p data-path-to-node=\"15,1,0\"><b data-path-to-node=\"15,1,0\" data-index-in-node=\"0\">M\u00e9todo de impresi\u00f3n:<\/b> Envoltura digital a todo color de 360\u00b0.<\/p>\n<\/li>\n<li>\n<p data-path-to-node=\"15,2,0\"><b data-path-to-node=\"15,2,0\" data-index-in-node=\"0\">Componentes:<\/b> Mina de grafito, goma de borrar, casquillo met\u00e1lico.<\/p>\n<\/li>\n<li>\n<p data-path-to-node=\"15,3,0\"><b data-path-to-node=\"15,3,0\" data-index-in-node=\"0\">Forma:<\/b> Est\u00e1ndar Redondo o Hexagonal (seg\u00fan stock).<\/p>\n<\/li>\n<li>\n<p data-path-to-node=\"15,4,0\"><b data-path-to-node=\"15,4,0\" data-index-in-node=\"0\">Certificaciones:<\/b> FSC\u00ae (Consejo de Administraci\u00f3n Forestal).<\/p>\n<\/li>\n<\/ul>\n<h2 data-path-to-node=\"16\">Casos de uso<\/h2>\n<ul data-path-to-node=\"17\">\n<li>\n<p data-path-to-node=\"17,0,0\"><b data-path-to-node=\"17,0,0\" data-index-in-node=\"0\">Eventos educativos:<\/b> Perfecto para escuelas, universidades y centros de formaci\u00f3n.<\/p>\n<\/li>\n<li>\n<p data-path-to-node=\"17,1,0\"><b data-path-to-node=\"17,1,0\" data-index-in-node=\"0\">Ferias comerciales:<\/b> Un obsequio liviano y ecol\u00f3gico que los asistentes realmente utilizan.<\/p>\n<\/li>\n<li>\n<p data-path-to-node=\"17,2,0\"><b data-path-to-node=\"17,2,0\" data-index-in-node=\"0\">Material de oficina:<\/b> Personalice su propia papeler\u00eda de oficina para reforzar la identidad corporativa internamente y en las reuniones con clientes.<\/p>\n<\/li>\n<\/ul>","protected":false},"excerpt":{"rendered":"<ul>\n<li>\n<p data-path-to-node=\"9,0,0\"><b data-path-to-node=\"9,0,0\" data-index-in-node=\"0\">Certificado como sostenible:<\/b> Fabricado con madera natural 100% procedente de bosques gestionados de forma responsable (certificado FSC\u00ae).<\/p>\n<\/li>\n<li>\n<p data-path-to-node=\"9,1,0\"><b data-path-to-node=\"9,1,0\" data-index-in-node=\"0\">Marca completa de 360\u00b0:<\/b> A diferencia de la tampograf\u00eda est\u00e1ndar, su dise\u00f1o cubre todo el barril con una impresi\u00f3n digital vibrante a todo color.<\/p>\n<\/li>\n<li>\n<p data-path-to-node=\"9,2,0\"><b data-path-to-node=\"9,2,0\" data-index-in-node=\"0\">Acabado Premium:<\/b> Cuenta con un borrador de alta calidad asegurado con una virola de metal duradera (detalle).<\/p>\n<\/li>\n<li>\n<p data-path-to-node=\"9,3,0\"><b data-path-to-node=\"9,3,0\" data-index-in-node=\"0\">Promoci\u00f3n vers\u00e1til:<\/b> El obsequio ideal, de bajo costo y alta visibilidad para ferias comerciales, escuelas y oficinas.<\/p>\n<\/li>\n<\/ul>","protected":false},"featured_media":6227,"comment_status":"closed","ping_status":"closed","template":"","meta":[],"product_brand":[],"product_cat":[122],"product_tag":[],"class_list":{"0":"post-6226","1":"product","2":"type-product","3":"status-publish","4":"has-post-thumbnail","6":"product_cat-promotional-accessories","8":"first","9":"instock","10":"shipping-taxable","11":"product-type-simple"},"_links":{"self":[{"href":"https:\/\/displayproducts.eu\/es\/wp-json\/wp\/v2\/product\/6226","targetHints":{"allow":["GET"]}}],"collection":[{"href":"https:\/\/displayproducts.eu\/es\/wp-json\/wp\/v2\/product"}],"about":[{"href":"https:\/\/displayproducts.eu\/es\/wp-json\/wp\/v2\/types\/product"}],"replies":[{"embeddable":true,"href":"https:\/\/displayproducts.eu\/es\/wp-json\/wp\/v2\/comments?post=6226"}],"wp:featuredmedia":[{"embeddable":true,"href":"https:\/\/displayproducts.eu\/es\/wp-json\/wp\/v2\/media\/6227"}],"wp:attachment":[{"href":"https:\/\/displayproducts.eu\/es\/wp-json\/wp\/v2\/media?parent=6226"}],"wp:term":[{"taxonomy":"product_brand","embeddable":true,"href":"https:\/\/displayproducts.eu\/es\/wp-json\/wp\/v2\/product_brand?post=6226"},{"taxonomy":"product_cat","embeddable":true,"href":"https:\/\/displayproducts.eu\/es\/wp-json\/wp\/v2\/product_cat?post=6226"},{"taxonomy":"product_tag","embeddable":true,"href":"https:\/\/displayproducts.eu\/es\/wp-json\/wp\/v2\/product_tag?post=6226"}],"curies":[{"name":"wp","href":"https:\/\/api.w.org\/{rel}","templated":true}]}}