{"id":6224,"date":"2025-12-20T18:00:02","date_gmt":"2025-12-20T15:00:02","guid":{"rendered":"https:\/\/wristbandfactory.eu\/?post_type=product&#038;p=6224"},"modified":"2026-04-01T21:52:34","modified_gmt":"2026-04-01T18:52:34","slug":"custom-foldable-glasses-cases-pu-leather-metal-core","status":"publish","type":"product","link":"https:\/\/displayproducts.eu\/es\/p\/custom-foldable-glasses-cases-pu-leather-metal-core\/","title":{"rendered":"Estuches de gafas plegables personalizados"},"content":{"rendered":"<p data-path-to-node=\"10\">Actualice sus accesorios de marca con nuestros <b data-path-to-node=\"10\" data-index-in-node=\"67\">Estuches de gafas plegables personalizados<\/b>. Dise\u00f1ado para la comodidad moderna, este estuche resuelve el problema del almacenamiento voluminoso de gafas. Al usarlas, el estuche se pliega completamente y cabe f\u00e1cilmente en el bolsillo de una chaqueta o un bolso delgado.<\/p>\n<p data-path-to-node=\"11\">Ideal para \u00f3pticas, campa\u00f1as de verano y regalos de viaje corporativos, este estuche combina durabilidad con una est\u00e9tica de alta gama. El n\u00facleo est\u00e1 hecho de placas met\u00e1licas ligeras para una estructura robusta, recubierto de suave cuero sint\u00e9tico para un tacto premium y forrado con tela suave para proteger las lentes de ara\u00f1azos.<\/p>\n<h2 data-path-to-node=\"12\">Caracter\u00edsticas principales<\/h2>\n<ul data-path-to-node=\"13\">\n<li>\n<p data-path-to-node=\"13,0,0\"><b data-path-to-node=\"13,0,0\" data-index-in-node=\"0\">\u00c1rea m\u00e1xima de marca:<\/b> A diferencia de los casos est\u00e1ndar limitados a un peque\u00f1o logotipo, este modelo permite <b data-path-to-node=\"13,0,0\" data-index-in-node=\"92\">Impresi\u00f3n digital CMYK de superficie completa<\/b> en todo el exterior.<\/p>\n<\/li>\n<li>\n<p data-path-to-node=\"13,1,0\"><b data-path-to-node=\"13,1,0\" data-index-in-node=\"0\">Detalle interior de lujo:<\/b> A\u00f1ade un toque de elegancia con un acabado Plata u Oro. <b data-path-to-node=\"13,1,0\" data-index-in-node=\"70\">logotipo estampado en caliente<\/b> (5 \u00d7 2 cm) en el forro interior.<\/p>\n<\/li>\n<li>\n<p data-path-to-node=\"13,2,0\"><b data-path-to-node=\"13,2,0\" data-index-in-node=\"0\">Ajuste universal:<\/b> Una vez abierto, la forma triangular se adapta a la mayor\u00eda de gafas de lectura y gafas de sol est\u00e1ndar.<\/p>\n<\/li>\n<li>\n<p data-path-to-node=\"13,3,0\"><b data-path-to-node=\"13,3,0\" data-index-in-node=\"0\">Resistencia estructural:<\/b> La construcci\u00f3n de la placa de metal garantiza que, a pesar de ser plegable, el estuche sea r\u00edgido y protector cuando se expande.<\/p>\n<\/li>\n<\/ul>\n<h2 data-path-to-node=\"14\">Presupuesto<\/h2>\n<ul data-path-to-node=\"15\">\n<li>\n<p data-path-to-node=\"15,0,0\"><b data-path-to-node=\"15,0,0\" data-index-in-node=\"0\">Material:<\/b> N\u00facleo de metal ligero, exterior de cuero PU, forro de tela suave.<\/p>\n<\/li>\n<li>\n<p data-path-to-node=\"15,1,0\"><b data-path-to-node=\"15,1,0\" data-index-in-node=\"0\">Dimensiones (cerrado):<\/b> 16 \u00d7 6,5 \u00d7 1,0 cm.<\/p>\n<\/li>\n<li>\n<p data-path-to-node=\"15,2,0\"><b data-path-to-node=\"15,2,0\" data-index-in-node=\"0\">Dimensiones (abierto):<\/b> 16 \u00d7 6,5 \u00d7 6,5 cm.<\/p>\n<\/li>\n<li>\n<p data-path-to-node=\"15,3,0\"><b data-path-to-node=\"15,3,0\" data-index-in-node=\"0\">Tipo de cierre:<\/b> Banda magn\u00e9tica oculta.<\/p>\n<\/li>\n<li>\n<p data-path-to-node=\"15,4,0\"><b data-path-to-node=\"15,4,0\" data-index-in-node=\"0\">Opciones de marca:<\/b><\/p>\n<ul data-path-to-node=\"15,4,1\">\n<li>\n<p data-path-to-node=\"15,4,1,0,0\">Exterior: Impresi\u00f3n a todo color (CMYK).<\/p>\n<\/li>\n<li>\n<p data-path-to-node=\"15,4,1,1,0\">Interior: Estampado en caliente (l\u00e1mina dorada o plateada).<\/p>\n<\/li>\n<\/ul>\n<\/li>\n<li>\n<p data-path-to-node=\"15,5,0\"><b data-path-to-node=\"15,5,0\" data-index-in-node=\"0\">Embalaje:<\/b> Bolsa de polietileno individual (est\u00e1ndar).<\/p>\n<ul data-path-to-node=\"15,5,1\">\n<li>\n<p data-path-to-node=\"15,5,1,0,0\"><i data-path-to-node=\"15,5,1,0,0\" data-index-in-node=\"0\">Opcional:<\/i> Tarjeta insertable de cart\u00f3n impresa personalizada (15 \u00d7 6 cm).<\/p>\n<\/li>\n<\/ul>\n<\/li>\n<\/ul>\n<h2 data-path-to-node=\"16\">Casos de uso<\/h2>\n<ul data-path-to-node=\"17\">\n<li>\n<p data-path-to-node=\"17,0,0\"><b data-path-to-node=\"17,0,0\" data-index-in-node=\"0\">Minoristas de \u00f3ptica:<\/b> Un obsequio de gran valor con la compra de gafas graduadas.<\/p>\n<\/li>\n<li>\n<p data-path-to-node=\"17,1,0\"><b data-path-to-node=\"17,1,0\" data-index-in-node=\"0\">Viajes y turismo:<\/b> Perfecto para agencias de viajes o aerol\u00edneas como accesorio de viaje que ahorra espacio.<\/p>\n<\/li>\n<li>\n<p data-path-to-node=\"17,2,0\"><b data-path-to-node=\"17,2,0\" data-index-in-node=\"0\">Promociones de verano:<\/b> El compa\u00f1ero ideal para campa\u00f1as de gafas de sol de marca.<\/p>\n<\/li>\n<\/ul>","protected":false},"excerpt":{"rendered":"<ul>\n<li>\n<p data-path-to-node=\"9,0,0\"><b data-path-to-node=\"9,0,0\" data-index-in-node=\"0\">Dise\u00f1o plegable inteligente:<\/b> Se pliega hasta quedar completamente plano hasta alcanzar un grosor de tan solo 1,0 cm cuando no est\u00e1 en uso, lo que ahorra valioso espacio en el bolsillo o en el bolso.<\/p>\n<\/li>\n<li>\n<p data-path-to-node=\"9,1,0\"><b data-path-to-node=\"9,1,0\" data-index-in-node=\"0\">Personalizaci\u00f3n completa:<\/b> Toda la superficie exterior de PU se puede imprimir a todo color, mientras que el interior presenta un logotipo de lujo estampado en caliente.<\/p>\n<\/li>\n<li>\n<p data-path-to-node=\"9,2,0\"><b data-path-to-node=\"9,2,0\" data-index-in-node=\"0\">Materiales de primera calidad:<\/b> Construido con fuertes placas de metal ligero, cubierto en cuero PU y forrado con tela suave para evitar rayones.<\/p>\n<\/li>\n<li>\n<p data-path-to-node=\"9,3,0\"><b data-path-to-node=\"9,3,0\" data-index-in-node=\"0\">Cierre magn\u00e9tico:<\/b> La tapa magn\u00e9tica segura y f\u00e1cil de usar mantiene las gafas seguras.<\/p>\n<\/li>\n<\/ul>","protected":false},"featured_media":6225,"comment_status":"closed","ping_status":"closed","template":"","meta":[],"product_brand":[],"product_cat":[121],"product_tag":[],"class_list":{"0":"post-6224","1":"product","2":"type-product","3":"status-publish","4":"has-post-thumbnail","6":"product_cat-promotional-merchandise","8":"first","9":"instock","10":"shipping-taxable","11":"product-type-simple"},"_links":{"self":[{"href":"https:\/\/displayproducts.eu\/es\/wp-json\/wp\/v2\/product\/6224","targetHints":{"allow":["GET"]}}],"collection":[{"href":"https:\/\/displayproducts.eu\/es\/wp-json\/wp\/v2\/product"}],"about":[{"href":"https:\/\/displayproducts.eu\/es\/wp-json\/wp\/v2\/types\/product"}],"replies":[{"embeddable":true,"href":"https:\/\/displayproducts.eu\/es\/wp-json\/wp\/v2\/comments?post=6224"}],"wp:featuredmedia":[{"embeddable":true,"href":"https:\/\/displayproducts.eu\/es\/wp-json\/wp\/v2\/media\/6225"}],"wp:attachment":[{"href":"https:\/\/displayproducts.eu\/es\/wp-json\/wp\/v2\/media?parent=6224"}],"wp:term":[{"taxonomy":"product_brand","embeddable":true,"href":"https:\/\/displayproducts.eu\/es\/wp-json\/wp\/v2\/product_brand?post=6224"},{"taxonomy":"product_cat","embeddable":true,"href":"https:\/\/displayproducts.eu\/es\/wp-json\/wp\/v2\/product_cat?post=6224"},{"taxonomy":"product_tag","embeddable":true,"href":"https:\/\/displayproducts.eu\/es\/wp-json\/wp\/v2\/product_tag?post=6224"}],"curies":[{"name":"wp","href":"https:\/\/api.w.org\/{rel}","templated":true}]}}