{"id":6222,"date":"2025-12-20T17:56:31","date_gmt":"2025-12-20T14:56:31","guid":{"rendered":"https:\/\/wristbandfactory.eu\/?post_type=product&#038;p=6222"},"modified":"2026-04-01T21:52:03","modified_gmt":"2026-04-01T18:52:03","slug":"custom-3d-snow-globes-with-bespoke-interior-logo","status":"publish","type":"product","link":"https:\/\/displayproducts.eu\/es\/p\/custom-3d-snow-globes-with-bespoke-interior-logo\/","title":{"rendered":"Bolas de nieve personalizadas (Dise\u00f1o 3D)"},"content":{"rendered":"<p data-path-to-node=\"10\">Captura la magia de las fiestas o congela un momento en el tiempo con nuestro <b data-path-to-node=\"10\" data-index-in-node=\"95\">Bolas de nieve 3D personalizadas<\/b>. A diferencia de los art\u00edculos promocionales est\u00e1ndar, estos globos cuentan con una escultura 3D totalmente personalizada en su interior, ya sea una r\u00e9plica en miniatura de su producto, la mascota de su empresa o una escena arquitect\u00f3nica espec\u00edfica.<\/p>\n<p data-path-to-node=\"11\">Fabricados con resina de poli\u00e9ster duradera y sin disolventes, estos globos son objetos de colecci\u00f3n de alta calidad. La purpurina flotante a\u00f1ade un efecto fascinante que resalta su marca. Con opciones tanto para la escultura interior como para la base exterior, este es el regalo premium definitivo para socios corporativos y campa\u00f1as de temporada.<\/p>\n<h2 data-path-to-node=\"12\">Caracter\u00edsticas principales<\/h2>\n<ul data-path-to-node=\"13\">\n<li>\n<p data-path-to-node=\"13,0,0\"><b data-path-to-node=\"13,0,0\" data-index-in-node=\"0\">Modelado 3D totalmente personalizado:<\/b> El interior no es un inserto plano sino una figura de resina fundida creada espec\u00edficamente para su proyecto.<\/p>\n<\/li>\n<li>\n<p data-path-to-node=\"13,1,0\"><b data-path-to-node=\"13,1,0\" data-index-in-node=\"0\">Acabado art\u00edstico:<\/b> Los elementos 3D pueden dejarse en un elegante blanco s\u00f3lido o pintarse meticulosamente a mano para combinar con los colores de su marca.<\/p>\n<\/li>\n<li>\n<p data-path-to-node=\"13,2,0\"><b data-path-to-node=\"13,2,0\" data-index-in-node=\"0\">Base de marca:<\/b> La base (disponible en blanco o negro) presenta <b data-path-to-node=\"13,2,0\" data-index-in-node=\"62\">impresi\u00f3n en relieve<\/b>, agregando una textura 3D a su logotipo o texto en el exterior.<\/p>\n<\/li>\n<li>\n<p data-path-to-node=\"13,3,0\"><b data-path-to-node=\"13,3,0\" data-index-in-node=\"0\">Embalaje listo para la venta minorista:<\/b> No necesita embalaje adicional. Cada globo viene en una solicitar presupuesto de cart\u00f3n impresa a todo color con acolchado seguro, lista para su distribuci\u00f3n.<\/p>\n<\/li>\n<\/ul>\n<h2 data-path-to-node=\"14\">Presupuesto<\/h2>\n<ul data-path-to-node=\"15\">\n<li>\n<p data-path-to-node=\"15,0,0\"><b data-path-to-node=\"15,0,0\" data-index-in-node=\"0\">Material del globo:<\/b> Figuras de vidrio\/pl\u00e1stico transparente con resina de poli\u00e9ster (sin disolventes).<\/p>\n<\/li>\n<li>\n<p data-path-to-node=\"15,1,0\"><b data-path-to-node=\"15,1,0\" data-index-in-node=\"0\">Material base:<\/b> Compuesto duradero.<\/p>\n<\/li>\n<li>\n<p data-path-to-node=\"15,2,0\"><b data-path-to-node=\"15,2,0\" data-index-in-node=\"0\">Relleno:<\/b> L\u00edquido con purpurina\/lentejuelas brillantes.<\/p>\n<\/li>\n<li>\n<p data-path-to-node=\"15,3,0\"><b data-path-to-node=\"15,3,0\" data-index-in-node=\"0\">Tallas disponibles:<\/b><\/p>\n<ul data-path-to-node=\"15,3,1\">\n<li>\n<p data-path-to-node=\"15,3,1,0,0\"><b data-path-to-node=\"15,3,1,0,0\" data-index-in-node=\"0\">Globo de \u00d8 8 cm:<\/b> Base 7,5 \u00d7 7,5 \u00d7 2,5 cm | Solicitar presupuesto 11 \u00d7 13 \u00d7 11 cm.<\/p>\n<\/li>\n<li>\n<p data-path-to-node=\"15,3,1,1,0\"><b data-path-to-node=\"15,3,1,1,0\" data-index-in-node=\"0\">Globo de \u00d8 10 cm:<\/b> Base 9 \u00d7 9 \u00d7 3 cm | Solicitar presupuesto 13,7 \u00d7 15,7 \u00d7 13,7 cm.<\/p>\n<\/li>\n<\/ul>\n<\/li>\n<li>\n<p data-path-to-node=\"15,4,0\"><b data-path-to-node=\"15,4,0\" data-index-in-node=\"0\">Personalizaci\u00f3n:<\/b> Interior moldeado en 3D + Impresi\u00f3n en relieve de base + Solicitar presupuesto personalizada.<\/p>\n<\/li>\n<\/ul>\n<h2 data-path-to-node=\"16\">Casos de uso<\/h2>\n<ul data-path-to-node=\"17\">\n<li>\n<p data-path-to-node=\"17,0,0\"><b data-path-to-node=\"17,0,0\" data-index-in-node=\"0\">Regalos de Navidad:<\/b> El regalo navide\u00f1o por excelencia para clientes y empleados.<\/p>\n<\/li>\n<li>\n<p data-path-to-node=\"17,1,0\"><b data-path-to-node=\"17,1,0\" data-index-in-node=\"0\">Turismo y souvenirs:<\/b> Escenas personalizadas de lugares emblem\u00e1ticos para museos, hoteles y ayuntamientos.<\/p>\n<\/li>\n<li>\n<p data-path-to-node=\"17,2,0\"><b data-path-to-node=\"17,2,0\" data-index-in-node=\"0\">Lanzamientos de productos:<\/b> Crea una versi\u00f3n en miniatura de un nuevo autom\u00f3vil, edificio o producto flotando en la \u201cnieve\u201d.\u201d<\/p>\n<\/li>\n<\/ul>","protected":false},"excerpt":{"rendered":"<ul>\n<li>\n<p data-path-to-node=\"9,0,0\"><b data-path-to-node=\"9,0,0\" data-index-in-node=\"0\">Interior 3D a medida:<\/b> Modelamos su logotipo, producto o mascota en una escultura 3D detallada dentro del globo.<\/p>\n<\/li>\n<li>\n<p data-path-to-node=\"9,1,0\"><b data-path-to-node=\"9,1,0\" data-index-in-node=\"0\">Pintado a mano o monocrom\u00e1tico:<\/b> Elija entre una escultura cl\u00e1sica completamente blanca o detalles vibrantes pintados a mano.<\/p>\n<\/li>\n<li>\n<p data-path-to-node=\"9,2,0\"><b data-path-to-node=\"9,2,0\" data-index-in-node=\"0\">Base Premium:<\/b> Base robusta disponible en blanco o negro, personalizable con impresi\u00f3n en relieve t\u00e1ctil.<\/p>\n<\/li>\n<li>\n<p data-path-to-node=\"9,3,0\"><b data-path-to-node=\"9,3,0\" data-index-in-node=\"0\">Soluci\u00f3n completa de regalo:<\/b> Se entrega en una solicitar presupuesto a todo color impresa a medida con inserciones protectoras de poliestireno.<\/p>\n<\/li>\n<\/ul>","protected":false},"featured_media":6223,"comment_status":"closed","ping_status":"closed","template":"","meta":[],"product_brand":[],"product_cat":[121],"product_tag":[],"class_list":{"0":"post-6222","1":"product","2":"type-product","3":"status-publish","4":"has-post-thumbnail","6":"product_cat-promotional-merchandise","8":"first","9":"instock","10":"shipping-taxable","11":"product-type-simple"},"_links":{"self":[{"href":"https:\/\/displayproducts.eu\/es\/wp-json\/wp\/v2\/product\/6222","targetHints":{"allow":["GET"]}}],"collection":[{"href":"https:\/\/displayproducts.eu\/es\/wp-json\/wp\/v2\/product"}],"about":[{"href":"https:\/\/displayproducts.eu\/es\/wp-json\/wp\/v2\/types\/product"}],"replies":[{"embeddable":true,"href":"https:\/\/displayproducts.eu\/es\/wp-json\/wp\/v2\/comments?post=6222"}],"wp:featuredmedia":[{"embeddable":true,"href":"https:\/\/displayproducts.eu\/es\/wp-json\/wp\/v2\/media\/6223"}],"wp:attachment":[{"href":"https:\/\/displayproducts.eu\/es\/wp-json\/wp\/v2\/media?parent=6222"}],"wp:term":[{"taxonomy":"product_brand","embeddable":true,"href":"https:\/\/displayproducts.eu\/es\/wp-json\/wp\/v2\/product_brand?post=6222"},{"taxonomy":"product_cat","embeddable":true,"href":"https:\/\/displayproducts.eu\/es\/wp-json\/wp\/v2\/product_cat?post=6222"},{"taxonomy":"product_tag","embeddable":true,"href":"https:\/\/displayproducts.eu\/es\/wp-json\/wp\/v2\/product_tag?post=6222"}],"curies":[{"name":"wp","href":"https:\/\/api.w.org\/{rel}","templated":true}]}}