{"id":6212,"date":"2025-12-20T17:41:19","date_gmt":"2025-12-20T14:41:19","guid":{"rendered":"https:\/\/wristbandfactory.eu\/?post_type=product&#038;p=6212"},"modified":"2026-04-01T21:52:03","modified_gmt":"2026-04-01T18:52:03","slug":"custom-metal-lapel-pins-with-3d-domed-logo-epoxy","status":"publish","type":"product","link":"https:\/\/displayproducts.eu\/es\/p\/custom-metal-lapel-pins-with-3d-domed-logo-epoxy\/","title":{"rendered":"Pines met\u00e1licos con gota de resina"},"content":{"rendered":"<p data-path-to-node=\"10\">Crea una impresi\u00f3n duradera con nuestro <b data-path-to-node=\"10\" data-index-in-node=\"62\">Pines de solapa de metal personalizados con pegatinas abovedadas en 3D<\/b>. Estos pines ofrecen el equilibrio perfecto entre el peso premium de una base met\u00e1lica y la versatilidad moderna de la impresi\u00f3n digital. Son la soluci\u00f3n ideal para marcas con logotipos complejos, degradados o elementos fotogr\u00e1ficos que los pines de esmalte est\u00e1ndar no pueden reproducir.<\/p>\n<p data-path-to-node=\"11\">Cada pin consta de una base met\u00e1lica personalizada, rematada con una impresi\u00f3n adhesiva de alta resoluci\u00f3n. Esta se encapsula en una resina de poliuretano transparente y duradera (doming), creando un sofisticado efecto de lente 3D que realza los colores y protege el dise\u00f1o del desgaste y la decoloraci\u00f3n.<\/p>\n<h2 data-path-to-node=\"12\">Caracter\u00edsticas principales<\/h2>\n<ul data-path-to-node=\"13\">\n<li>\n<p data-path-to-node=\"13,0,0\"><b data-path-to-node=\"13,0,0\" data-index-in-node=\"0\">Potencial de dise\u00f1o ilimitado:<\/b> A diferencia de los pines troquelados, nuestro proceso de doming admite la impresi\u00f3n CMYK a todo color, lo que significa que no hay restricciones en degradados o detalles finos.<\/p>\n<\/li>\n<li>\n<p data-path-to-node=\"13,1,0\"><b data-path-to-node=\"13,1,0\" data-index-in-node=\"0\">Acabado protector:<\/b> La c\u00fapula de resina hace que el pin sea resistente a rayones, estable a los rayos UV y lo suficientemente duradero para el uso diario.<\/p>\n<\/li>\n<li>\n<p data-path-to-node=\"13,2,0\"><b data-path-to-node=\"13,2,0\" data-index-in-node=\"0\">Presentaci\u00f3n profesional:<\/b> La combinaci\u00f3n de metal pulido y resina brillante crea un valor percibido alto, adecuado para vestimenta corporativa.<\/p>\n<\/li>\n<li>\n<p data-path-to-node=\"13,3,0\"><b data-path-to-node=\"13,3,0\" data-index-in-node=\"0\">Fijaci\u00f3n segura:<\/b> Viene de serie con un embrague de mariposa f\u00e1cil de usar para evitar la rotaci\u00f3n y la p\u00e9rdida accidental.<\/p>\n<\/li>\n<\/ul>\n<h2 data-path-to-node=\"14\">Presupuesto<\/h2>\n<ul data-path-to-node=\"15\">\n<li>\n<p data-path-to-node=\"15,0,0\"><b data-path-to-node=\"15,0,0\" data-index-in-node=\"0\">Material:<\/b> Base de aleaci\u00f3n de metal + c\u00fapula de resina de poliuretano.<\/p>\n<\/li>\n<li>\n<p data-path-to-node=\"15,1,0\"><b data-path-to-node=\"15,1,0\" data-index-in-node=\"0\">Impresi\u00f3n:<\/b> Impresi\u00f3n digital a todo color (CMYK).<\/p>\n<\/li>\n<li>\n<p data-path-to-node=\"15,2,0\"><b data-path-to-node=\"15,2,0\" data-index-in-node=\"0\">Forma:<\/b> Totalmente personalizable (cortado a medida).<\/p>\n<\/li>\n<li>\n<p data-path-to-node=\"15,3,0\"><b data-path-to-node=\"15,3,0\" data-index-in-node=\"0\">Accesorio est\u00e1ndar:<\/b> Clutch Mariposa (Pin Mariposa).<\/p>\n<\/li>\n<li>\n<p data-path-to-node=\"15,4,0\"><b data-path-to-node=\"15,4,0\" data-index-in-node=\"0\">Adjunto opcional:<\/b> Im\u00e1n de neodimio (seguro para la ropa, no perforante).<\/p>\n<\/li>\n<li>\n<p data-path-to-node=\"15,5,0\"><b data-path-to-node=\"15,5,0\" data-index-in-node=\"0\">Opciones de embalaje:<\/b><\/p>\n<ul data-path-to-node=\"15,5,1\">\n<li>\n<p data-path-to-node=\"15,5,1,0,0\">A granel (est\u00e1ndar).<\/p>\n<\/li>\n<li>\n<p data-path-to-node=\"15,5,1,1,0\">Bolsa de pl\u00e1stico individual con cart\u00f3n impreso en el soporte.<\/p>\n<\/li>\n<li>\n<p data-path-to-node=\"15,5,1,2,0\">Solicitar presupuesto de joyer\u00eda premium (para premios\/regalos).<\/p>\n<\/li>\n<\/ul>\n<\/li>\n<\/ul>\n<h2 data-path-to-node=\"16\">Casos de uso<\/h2>\n<ul data-path-to-node=\"17\">\n<li>\n<p data-path-to-node=\"17,0,0\"><b data-path-to-node=\"17,0,0\" data-index-in-node=\"0\">Identidad corporativa:<\/b> Parte del uniforme diario de cajeros bancarios, personal de hoteles y tripulaci\u00f3n de aerol\u00edneas.<\/p>\n<\/li>\n<li>\n<p data-path-to-node=\"17,1,0\"><b data-path-to-node=\"17,1,0\" data-index-in-node=\"0\">Campa\u00f1as promocionales:<\/b> Obsequios de alta calidad para lanzamientos de productos y ferias comerciales.<\/p>\n<\/li>\n<li>\n<p data-path-to-node=\"17,2,0\"><b data-path-to-node=\"17,2,0\" data-index-in-node=\"0\">Reconocimientos y premios:<\/b> Pines o insignias de logros por a\u00f1os de servicio para empleados y voluntarios.<\/p>\n<\/li>\n<\/ul>","protected":false},"excerpt":{"rendered":"<ul>\n<li>\n<p data-path-to-node=\"9,0,0\"><b data-path-to-node=\"9,0,0\" data-index-in-node=\"0\">Forma personalizada:<\/b> La base de metal est\u00e1 dise\u00f1ada para adaptarse al contorno espec\u00edfico de su logotipo o dise\u00f1o.<\/p>\n<\/li>\n<li>\n<p data-path-to-node=\"9,1,0\"><b data-path-to-node=\"9,1,0\" data-index-in-node=\"0\">Impresi\u00f3n con calidad fotogr\u00e1fica:<\/b> La impresi\u00f3n digital CMYK permite realizar degradados, fotograf\u00edas y detalles complejos que son imposibles de lograr con pines esmaltados.<\/p>\n<\/li>\n<li>\n<p data-path-to-node=\"9,2,0\"><b data-path-to-node=\"9,2,0\" data-index-in-node=\"0\">C\u00fapula de resina 3D:<\/b> Un revestimiento de epoxi transparente a\u00f1ade un efecto de \u201cburbuja\u201d de primera calidad y protege contra rayones.<\/p>\n<\/li>\n<li>\n<p data-path-to-node=\"9,3,0\"><b data-path-to-node=\"9,3,0\" data-index-in-node=\"0\">Accesorios vers\u00e1tiles:<\/b> Disponible con un bolso de mariposa est\u00e1ndar o con un respaldo magn\u00e9tico apto para ropa.<\/p>\n<\/li>\n<\/ul>","protected":false},"featured_media":6216,"comment_status":"closed","ping_status":"closed","template":"","meta":[],"product_brand":[],"product_cat":[121],"product_tag":[],"class_list":{"0":"post-6212","1":"product","2":"type-product","3":"status-publish","4":"has-post-thumbnail","6":"product_cat-promotional-merchandise","8":"first","9":"instock","10":"shipping-taxable","11":"product-type-simple"},"_links":{"self":[{"href":"https:\/\/displayproducts.eu\/es\/wp-json\/wp\/v2\/product\/6212","targetHints":{"allow":["GET"]}}],"collection":[{"href":"https:\/\/displayproducts.eu\/es\/wp-json\/wp\/v2\/product"}],"about":[{"href":"https:\/\/displayproducts.eu\/es\/wp-json\/wp\/v2\/types\/product"}],"replies":[{"embeddable":true,"href":"https:\/\/displayproducts.eu\/es\/wp-json\/wp\/v2\/comments?post=6212"}],"wp:featuredmedia":[{"embeddable":true,"href":"https:\/\/displayproducts.eu\/es\/wp-json\/wp\/v2\/media\/6216"}],"wp:attachment":[{"href":"https:\/\/displayproducts.eu\/es\/wp-json\/wp\/v2\/media?parent=6212"}],"wp:term":[{"taxonomy":"product_brand","embeddable":true,"href":"https:\/\/displayproducts.eu\/es\/wp-json\/wp\/v2\/product_brand?post=6212"},{"taxonomy":"product_cat","embeddable":true,"href":"https:\/\/displayproducts.eu\/es\/wp-json\/wp\/v2\/product_cat?post=6212"},{"taxonomy":"product_tag","embeddable":true,"href":"https:\/\/displayproducts.eu\/es\/wp-json\/wp\/v2\/product_tag?post=6212"}],"curies":[{"name":"wp","href":"https:\/\/api.w.org\/{rel}","templated":true}]}}