{"id":6207,"date":"2025-12-20T17:34:30","date_gmt":"2025-12-20T14:34:30","guid":{"rendered":"https:\/\/wristbandfactory.eu\/?post_type=product&#038;p=6207"},"modified":"2026-04-01T21:52:03","modified_gmt":"2026-04-01T18:52:03","slug":"custom-faux-leather-keychains-with-3d-domed-logo","status":"publish","type":"product","link":"https:\/\/displayproducts.eu\/es\/p\/custom-faux-leather-keychains-with-3d-domed-logo\/","title":{"rendered":"Llaveros de polipiel con gota de resina"},"content":{"rendered":"<p data-path-to-node=\"10\">Eleve su marca con nuestro <b data-path-to-node=\"10\" data-index-in-node=\"53\">Llaveros de piel sint\u00e9tica personalizados<\/b>, Con un acabado abovedado 3D de primera calidad, estos llaveros ofrecen la elegante apariencia del cuero combinada con la moderna tecnolog\u00eda de impresi\u00f3n digital, lo que los convierte en la opci\u00f3n ideal para empresas que buscan un regalo promocional sofisticado sin el alto costo del grabado en cuero genuino.<\/p>\n<p data-path-to-node=\"11\">La pieza central de este llavero es el <b data-path-to-node=\"11\" data-index-in-node=\"40\">Pegatina 3D abovedada<\/b> (tambi\u00e9n conocida como etiqueta de resina). Imprimimos su logotipo en vibrantes colores CMYK y lo cubrimos con una capa transparente de resina de poliuretano. Esto no solo a\u00f1ade un efecto 3D a su dise\u00f1o, sino que tambi\u00e9n proporciona una protecci\u00f3n duradera contra rayones y decoloraci\u00f3n UV.<\/p>\n<h2 data-path-to-node=\"12\">Caracter\u00edsticas principales<\/h2>\n<ul data-path-to-node=\"13\">\n<li>\n<p data-path-to-node=\"13,0,0\"><b data-path-to-node=\"13,0,0\" data-index-in-node=\"0\">Una o dos caras:<\/b> Elija nuestra opci\u00f3n de una sola cara para una apariencia elegante y simple, o maximice la exposici\u00f3n con el modelo de doble cara que presenta un logotipo tanto en la parte delantera como en la trasera.<\/p>\n<\/li>\n<li>\n<p data-path-to-node=\"13,1,0\"><b data-path-to-node=\"13,1,0\" data-index-in-node=\"0\">Precisi\u00f3n a todo color:<\/b> A diferencia del relieve, nuestro proceso de impresi\u00f3n digital captura perfectamente los degradados y los colores complejos del logotipo.<\/p>\n<\/li>\n<li>\n<p data-path-to-node=\"13,2,0\"><b data-path-to-node=\"13,2,0\" data-index-in-node=\"0\">Experiencia t\u00e1ctil:<\/b> La combinaci\u00f3n de cuero sint\u00e9tico suave y la c\u00fapula de resina lisa y elevada crea una sensaci\u00f3n de alta calidad en la mano.<\/p>\n<\/li>\n<li>\n<p data-path-to-node=\"13,3,0\"><b data-path-to-node=\"13,3,0\" data-index-in-node=\"0\">De larga duraci\u00f3n:<\/b> El revestimiento de resina garantiza que el mensaje de su marca permanezca claro e intacto, incluso con el uso diario en un llavero.<\/p>\n<\/li>\n<\/ul>\n<h2 data-path-to-node=\"14\">Presupuesto<\/h2>\n<ul data-path-to-node=\"15\">\n<li>\n<p data-path-to-node=\"15,0,0\"><b data-path-to-node=\"15,0,0\" data-index-in-node=\"0\">Material:<\/b> Cuerpo de piel sint\u00e9tica (PU) con etiqueta de resina de poliuretano<\/p>\n<\/li>\n<li>\n<p data-path-to-node=\"15,1,0\"><b data-path-to-node=\"15,1,0\" data-index-in-node=\"0\">M\u00e9todo de impresi\u00f3n:<\/b> Impresi\u00f3n digital CMYK bajo c\u00fapula de resina<\/p>\n<\/li>\n<li>\n<p data-path-to-node=\"15,2,0\"><b data-path-to-node=\"15,2,0\" data-index-in-node=\"0\">Dimensiones del modelo de doble cara:<\/b><\/p>\n<ul data-path-to-node=\"15,2,1\">\n<li>\n<p data-path-to-node=\"15,2,1,0,0\">Tama\u00f1o de la pegatina: 19 \u00d7 21 mm<\/p>\n<\/li>\n<\/ul>\n<\/li>\n<li>\n<p data-path-to-node=\"15,3,0\"><b data-path-to-node=\"15,3,0\" data-index-in-node=\"0\">Formas est\u00e1ndar del modelo de un solo lado:<\/b><\/p>\n<ul data-path-to-node=\"15,3,1\">\n<li>\n<p data-path-to-node=\"15,3,1,0,0\">Redondo (di\u00e1metro): 20 mm, 27 mm<\/p>\n<\/li>\n<li>\n<p data-path-to-node=\"15,3,1,1,0\">Cuadrado\/Rectangular: 27 \u00d7 27 mm, 16 \u00d7 45 mm<\/p>\n<\/li>\n<\/ul>\n<\/li>\n<\/ul>\n<h2 data-path-to-node=\"16\">Casos de uso<\/h2>\n<ul data-path-to-node=\"17\">\n<li>\n<p data-path-to-node=\"17,0,0\"><b data-path-to-node=\"17,0,0\" data-index-in-node=\"0\">Industria automotriz:<\/b> Obsequios ideales para concesionarios de autom\u00f3viles, lavaderos de veh\u00edculos y agencias de alquiler.<\/p>\n<\/li>\n<li>\n<p data-path-to-node=\"17,1,0\"><b data-path-to-node=\"17,1,0\" data-index-in-node=\"0\">Bienes ra\u00edces:<\/b> Un regalo cl\u00e1sico y duradero para los nuevos propietarios al entregar las llaves.<\/p>\n<\/li>\n<li>\n<p data-path-to-node=\"17,2,0\"><b data-path-to-node=\"17,2,0\" data-index-in-node=\"0\">Marca corporativa:<\/b> Mercanc\u00eda profesional para compa\u00f1\u00edas de seguros, bancos y empresas de material de oficina.<\/p>\n<\/li>\n<\/ul>\n<p data-path-to-node=\"18\">","protected":false},"excerpt":{"rendered":"<ul data-path-to-node=\"9\">\n<li>\n<p data-path-to-node=\"9,0,0\"><b data-path-to-node=\"9,0,0\" data-index-in-node=\"0\">Aspecto premium:<\/b> El cuero sint\u00e9tico de alta calidad combinado con una etiqueta de resina 3D brillante crea una apariencia sofisticada.<\/p>\n<\/li>\n<li>\n<p data-path-to-node=\"9,1,0\"><b data-path-to-node=\"9,1,0\" data-index-in-node=\"0\">Marca vibrante:<\/b> La impresi\u00f3n digital CMYK permite obtener logotipos a todo color, protegidos por una c\u00fapula de resina resistente a los ara\u00f1azos.<\/p>\n<\/li>\n<li>\n<p data-path-to-node=\"9,2,0\"><b data-path-to-node=\"9,2,0\" data-index-in-node=\"0\">Opciones vers\u00e1tiles:<\/b> Elija entre personalizaci\u00f3n de una o dos caras para adaptarse a sus necesidades de marketing.<\/p>\n<\/li>\n<li>\n<p data-path-to-node=\"9,3,0\"><b data-path-to-node=\"9,3,0\" data-index-in-node=\"0\">Acabado duradero:<\/b> La capa de resina epoxi protege el logotipo del desgaste, la decoloraci\u00f3n y el da\u00f1o del agua.<\/p>\n<\/li>\n<\/ul>","protected":false},"featured_media":6209,"comment_status":"closed","ping_status":"closed","template":"","meta":[],"product_brand":[],"product_cat":[94],"product_tag":[],"class_list":{"0":"post-6207","1":"product","2":"type-product","3":"status-publish","4":"has-post-thumbnail","6":"product_cat-keychains","8":"first","9":"instock","10":"shipping-taxable","11":"product-type-simple"},"_links":{"self":[{"href":"https:\/\/displayproducts.eu\/es\/wp-json\/wp\/v2\/product\/6207","targetHints":{"allow":["GET"]}}],"collection":[{"href":"https:\/\/displayproducts.eu\/es\/wp-json\/wp\/v2\/product"}],"about":[{"href":"https:\/\/displayproducts.eu\/es\/wp-json\/wp\/v2\/types\/product"}],"replies":[{"embeddable":true,"href":"https:\/\/displayproducts.eu\/es\/wp-json\/wp\/v2\/comments?post=6207"}],"wp:featuredmedia":[{"embeddable":true,"href":"https:\/\/displayproducts.eu\/es\/wp-json\/wp\/v2\/media\/6209"}],"wp:attachment":[{"href":"https:\/\/displayproducts.eu\/es\/wp-json\/wp\/v2\/media?parent=6207"}],"wp:term":[{"taxonomy":"product_brand","embeddable":true,"href":"https:\/\/displayproducts.eu\/es\/wp-json\/wp\/v2\/product_brand?post=6207"},{"taxonomy":"product_cat","embeddable":true,"href":"https:\/\/displayproducts.eu\/es\/wp-json\/wp\/v2\/product_cat?post=6207"},{"taxonomy":"product_tag","embeddable":true,"href":"https:\/\/displayproducts.eu\/es\/wp-json\/wp\/v2\/product_tag?post=6207"}],"curies":[{"name":"wp","href":"https:\/\/api.w.org\/{rel}","templated":true}]}}