{"id":6204,"date":"2025-12-20T17:26:54","date_gmt":"2025-12-20T14:26:54","guid":{"rendered":"https:\/\/wristbandfactory.eu\/?post_type=product&#038;p=6204"},"modified":"2026-04-01T21:52:34","modified_gmt":"2026-04-01T18:52:34","slug":"custom-printed-decorative-pillows-microfiber","status":"publish","type":"product","link":"https:\/\/displayproducts.eu\/es\/p\/custom-printed-decorative-pillows-microfiber\/","title":{"rendered":"Cojines personalizados con logo"},"content":{"rendered":"<p data-path-to-node=\"10\">Transforma cualquier espacio en una oportunidad de marca con nuestro <b data-path-to-node=\"10\" data-index-in-node=\"82\">Cojines decorativos con impresi\u00f3n personalizada<\/b>. Ya sea para los amantes de los viajes, para mejorar la comodidad en eventos al aire libre o para a\u00f1adir un toque de marca a vest\u00edbulos de hoteles y restaurantes, estas almohadas garantizan que su mensaje se vea y se sienta.<\/p>\n<p data-path-to-node=\"11\">Fabricados con microfibra suave de alta calidad, estos cojines ofrecen una sensaci\u00f3n de lujo que los clientes aprecian. Su superficie lisa es perfecta para <b data-path-to-node=\"11\" data-index-in-node=\"142\">impresi\u00f3n por sublimaci\u00f3n fotorrealista<\/b>, lo que permite dise\u00f1os intrincados, fotograf\u00edas de productos y logotipos v\u00edvidos que abarcan toda la almohada.<\/p>\n<h2 data-path-to-node=\"12\">Caracter\u00edsticas principales<\/h2>\n<ul data-path-to-node=\"13\">\n<li>\n<p data-path-to-node=\"13,0,0\"><b data-path-to-node=\"13,0,0\" data-index-in-node=\"0\">M\u00e1xima visibilidad de marca:<\/b> A diferencia de los art\u00edculos peque\u00f1os, las almohadas ofrecen un amplio espacio. Utilizar ambos lados permite un marketing creativo; por ejemplo, una imagen de estilo de vida en el anverso y el logotipo de su empresa en el reverso.<\/p>\n<\/li>\n<li>\n<p data-path-to-node=\"13,1,0\"><b data-path-to-node=\"13,1,0\" data-index-in-node=\"0\">Comodidad superior:<\/b> La tela de microfibra de 200 g\/m\u00b2 es suave al tacto, lo que la convierte en un art\u00edculo funcional que los destinatarios realmente querr\u00e1n utilizar en sus inicioes u oficinas.<\/p>\n<\/li>\n<li>\n<p data-path-to-node=\"13,2,0\"><b data-path-to-node=\"13,2,0\" data-index-in-node=\"0\">Duradero y v\u00edvido:<\/b> La construcci\u00f3n de poli\u00e9ster 100% garantiza que la almohada mantenga su forma y la impresi\u00f3n permanezca vibrante incluso despu\u00e9s de su uso.<\/p>\n<\/li>\n<li>\n<p data-path-to-node=\"13,3,0\"><b data-path-to-node=\"13,3,0\" data-index-in-node=\"0\">Listo para el evento:<\/b> Una excelente manera de marcar \u00e1reas de sal\u00f3n en ferias comerciales, festivales o rincones VIP en bares y clubes.<\/p>\n<\/li>\n<\/ul>\n<h2 data-path-to-node=\"14\">Presupuesto<\/h2>\n<ul data-path-to-node=\"15\">\n<li>\n<p data-path-to-node=\"15,0,0\"><b data-path-to-node=\"15,0,0\" data-index-in-node=\"0\">Material:<\/b> Microfibra de poli\u00e9ster 100%<\/p>\n<\/li>\n<li>\n<p data-path-to-node=\"15,1,0\"><b data-path-to-node=\"15,1,0\" data-index-in-node=\"0\">Peso de la tela:<\/b> 200 g\/m\u00b2<\/p>\n<\/li>\n<li>\n<p data-path-to-node=\"15,2,0\"><b data-path-to-node=\"15,2,0\" data-index-in-node=\"0\">T\u00e9cnica de impresi\u00f3n:<\/b> Sublimaci\u00f3n a todo color (fotorrealista)<\/p>\n<\/li>\n<li>\n<p data-path-to-node=\"15,3,0\"><b data-path-to-node=\"15,3,0\" data-index-in-node=\"0\">Tallas disponibles:<\/b><\/p>\n<ul data-path-to-node=\"15,3,1\">\n<li>\n<p data-path-to-node=\"15,3,1,0,0\"><b data-path-to-node=\"15,3,1,0,0\" data-index-in-node=\"0\">30 \u00d7 30 cent\u00edmetros<\/b><\/p>\n<\/li>\n<li>\n<p data-path-to-node=\"15,3,1,1,0\"><b data-path-to-node=\"15,3,1,1,0\" data-index-in-node=\"0\">40 \u00d7 40 cent\u00edmetros<\/b><\/p>\n<\/li>\n<\/ul>\n<\/li>\n<\/ul>\n<h2 data-path-to-node=\"16\">Casos de uso<\/h2>\n<ul>\n<li>\n<p data-path-to-node=\"6,0,0\"><b data-path-to-node=\"6,0,0\" data-index-in-node=\"0\">Eventos y promociones:<\/b> Perfecto para marcar \u00e1reas de asientos al aire libre, salas VIP en festivales y zonas de descanso en ferias comerciales.<\/p>\n<\/li>\n<li>\n<p data-path-to-node=\"6,1,0\"><b data-path-to-node=\"6,1,0\" data-index-in-node=\"0\">Hospitalidad y decoraci\u00f3n:<\/b> A\u00f1ade un toque personalizado a los vest\u00edbulos de hoteles, salas de espera de spa, restaurantes y bares.<\/p>\n<\/li>\n<li>\n<p data-path-to-node=\"6,2,0\"><b data-path-to-node=\"6,2,0\" data-index-in-node=\"0\">Regalos corporativos:<\/b> Un obsequio suave y de primera calidad para socios y empleados que se adapta perfectamente a un entorno de oficina en casa.<\/p>\n<\/li>\n<\/ul>","protected":false},"excerpt":{"rendered":"<ul>\n<li>\n<p data-path-to-node=\"9,0,0\"><b data-path-to-node=\"9,0,0\" data-index-in-node=\"0\">Marca fotorrealista:<\/b> Impresi\u00f3n de superficie completa de alta definici\u00f3n para logotipos n\u00edtidos e im\u00e1genes vibrantes.<\/p>\n<\/li>\n<li>\n<p data-path-to-node=\"9,1,0\"><b data-path-to-node=\"9,1,0\" data-index-in-node=\"0\">Material de primera calidad:<\/b> Fabricado en microfibra de poli\u00e9ster 100% (200 g\/m\u00b2) con una textura suave y lujosa.<\/p>\n<\/li>\n<li>\n<p data-path-to-node=\"9,2,0\"><b data-path-to-node=\"9,2,0\" data-index-in-node=\"0\">Dise\u00f1o de doble cara:<\/b> Imprima una imagen del producto en un lado y su logotipo en el otro para lograr el m\u00e1ximo impacto.<\/p>\n<\/li>\n<li>\n<p data-path-to-node=\"9,3,0\"><b data-path-to-node=\"9,3,0\" data-index-in-node=\"0\">Uso vers\u00e1til:<\/b> Ideal para campa\u00f1as de viajes, hoteles, restaurantes y asientos para eventos al aire libre.<\/p>\n<\/li>\n<\/ul>","protected":false},"featured_media":6206,"comment_status":"closed","ping_status":"closed","template":"","meta":[],"product_brand":[],"product_cat":[129,68],"product_tag":[],"class_list":{"0":"post-6204","1":"product","2":"type-product","3":"status-publish","4":"has-post-thumbnail","6":"product_cat-leisure-lifestyle","7":"product_cat-event-supplies","9":"first","10":"instock","11":"shipping-taxable","12":"product-type-simple"},"_links":{"self":[{"href":"https:\/\/displayproducts.eu\/es\/wp-json\/wp\/v2\/product\/6204","targetHints":{"allow":["GET"]}}],"collection":[{"href":"https:\/\/displayproducts.eu\/es\/wp-json\/wp\/v2\/product"}],"about":[{"href":"https:\/\/displayproducts.eu\/es\/wp-json\/wp\/v2\/types\/product"}],"replies":[{"embeddable":true,"href":"https:\/\/displayproducts.eu\/es\/wp-json\/wp\/v2\/comments?post=6204"}],"wp:featuredmedia":[{"embeddable":true,"href":"https:\/\/displayproducts.eu\/es\/wp-json\/wp\/v2\/media\/6206"}],"wp:attachment":[{"href":"https:\/\/displayproducts.eu\/es\/wp-json\/wp\/v2\/media?parent=6204"}],"wp:term":[{"taxonomy":"product_brand","embeddable":true,"href":"https:\/\/displayproducts.eu\/es\/wp-json\/wp\/v2\/product_brand?post=6204"},{"taxonomy":"product_cat","embeddable":true,"href":"https:\/\/displayproducts.eu\/es\/wp-json\/wp\/v2\/product_cat?post=6204"},{"taxonomy":"product_tag","embeddable":true,"href":"https:\/\/displayproducts.eu\/es\/wp-json\/wp\/v2\/product_tag?post=6204"}],"curies":[{"name":"wp","href":"https:\/\/api.w.org\/{rel}","templated":true}]}}