{"id":6201,"date":"2025-12-20T17:18:10","date_gmt":"2025-12-20T14:18:10","guid":{"rendered":"https:\/\/wristbandfactory.eu\/?post_type=product&#038;p=6201"},"modified":"2026-04-01T21:52:03","modified_gmt":"2026-04-01T18:52:03","slug":"custom-fan-scarves-sports-supporters-scarves-knitted-or-printed","status":"publish","type":"product","link":"https:\/\/displayproducts.eu\/es\/p\/custom-fan-scarves-sports-supporters-scarves-knitted-or-printed\/","title":{"rendered":"Bufandas de animaci\u00f3n personalizadas"},"content":{"rendered":"<p data-path-to-node=\"10\">Fortalezca la unidad del equipo y maximice la visibilidad de la marca con nuestro <b data-path-to-node=\"10\" data-index-in-node=\"86\">Bufandas personalizadas para fan\u00e1ticos<\/b>. Ya sea para un club de f\u00fatbol profesional, un equipo deportivo local o un evento promocional corporativo, estas bufandas son el accesorio perfecto para animar. Ofrecemos opciones de fabricaci\u00f3n vers\u00e1tiles que se adaptan a sus necesidades de dise\u00f1o, desde la calidez tradicional hasta gr\u00e1ficos de alta definici\u00f3n.<\/p>\n<p data-path-to-node=\"11\">Nuestra gama incluye tres modelos especializados para garantizar que su logotipo luzca lo mejor posible, ya sea tejido directamente en la tela o impreso con precisi\u00f3n fotorrealista.<\/p>\n<h2 data-path-to-node=\"12\">Caracter\u00edsticas principales<\/h2>\n<ul data-path-to-node=\"13\">\n<li>\n<p data-path-to-node=\"13,0,0\"><b data-path-to-node=\"13,0,0\" data-index-in-node=\"0\">Bufanda cl\u00e1sica de punto:<\/b> La opci\u00f3n tradicional. Dise\u00f1o de doble cara que permite colocar diferentes logotipos en cada lado. Fabricada en acr\u00edlico suave 100% para mayor calidez y durabilidad.<\/p>\n<\/li>\n<li>\n<p data-path-to-node=\"13,1,0\"><b data-path-to-node=\"13,1,0\" data-index-in-node=\"0\">Bufanda con imagen \u00fanica (impresa):<\/b> Dise\u00f1ado para gr\u00e1ficos complejos. Utiliza un efecto de imagen especular en una sola cara para lograr impresiones n\u00edtidas y detalladas que el tejido no puede igualar.<\/p>\n<\/li>\n<li>\n<p data-path-to-node=\"13,2,0\"><b data-path-to-node=\"13,2,0\" data-index-in-node=\"0\">Bufanda de punto con emblema:<\/b> Una opci\u00f3n exclusiva y premium. Combina la cl\u00e1sica base de punto con un emblema detallado para una apariencia de alta gama.<\/p>\n<\/li>\n<\/ul>\n<h2 data-path-to-node=\"14\">Presupuesto<\/h2>\n<table data-path-to-node=\"15\">\n<thead>\n<tr>\n<td><strong>Tipo de modelo<\/strong><\/td>\n<td><strong>Dimensiones<\/strong><\/td>\n<td><strong>Composici\u00f3n del material<\/strong><\/td>\n<td><strong>Caracter\u00edstica clave<\/strong><\/td>\n<\/tr>\n<\/thead>\n<tbody>\n<tr>\n<td><span data-path-to-node=\"15,1,0,0\"><b data-path-to-node=\"15,1,0,0\" data-index-in-node=\"0\">Bufanda de punto<\/b><\/span><\/td>\n<td><span data-path-to-node=\"15,1,1,0\">18 \u00d7 140 cent\u00edmetros<\/span><\/td>\n<td><span data-path-to-node=\"15,1,2,0\">100% Acr\u00edlico<\/span><\/td>\n<td><span data-path-to-node=\"15,1,3,0\">Doble cara, calidez cl\u00e1sica<\/span><\/td>\n<\/tr>\n<tr>\n<td><span data-path-to-node=\"15,2,0,0\"><b data-path-to-node=\"15,2,0,0\" data-index-in-node=\"0\">Bufanda de imagen<\/b><\/span><\/td>\n<td><span data-path-to-node=\"15,2,1,0\">20 \u00d7 130 cent\u00edmetros<\/span><\/td>\n<td><span data-path-to-node=\"15,2,2,0\">80% Acr\u00edlico, 20% Poli\u00e9ster<\/span><\/td>\n<td><span data-path-to-node=\"15,2,3,0\">Impresi\u00f3n de alto detalle, efecto espejo<\/span><\/td>\n<\/tr>\n<tr>\n<td><span data-path-to-node=\"15,3,0,0\"><b data-path-to-node=\"15,3,0,0\" data-index-in-node=\"0\">Bufanda con emblema<\/b><\/span><\/td>\n<td><span data-path-to-node=\"15,3,1,0\">19 \u00d7 130 cent\u00edmetros<\/span><\/td>\n<td><span data-path-to-node=\"15,3,2,0\">100% Acr\u00edlico<\/span><\/td>\n<td><span data-path-to-node=\"15,3,3,0\">Parche bordado premium<\/span><\/td>\n<\/tr>\n<\/tbody>\n<\/table>\n<h2 data-path-to-node=\"16\">Casos de uso<\/h2>\n<ul data-path-to-node=\"17\">\n<li>\n<p data-path-to-node=\"17,0,0\"><b data-path-to-node=\"17,0,0\" data-index-in-node=\"0\">Merchandising deportivo:<\/b> Generador de ingresos esencial para las tiendas de aficionados a los clubes de f\u00fatbol, hockey y baloncesto.<\/p>\n<\/li>\n<li>\n<p data-path-to-node=\"17,1,0\"><b data-path-to-node=\"17,1,0\" data-index-in-node=\"0\">Patrocinio del evento:<\/b> Marca de alta visibilidad para multitudes en estadios y eventos deportivos a gran escala.<\/p>\n<\/li>\n<li>\n<p data-path-to-node=\"17,2,0\"><b data-path-to-node=\"17,2,0\" data-index-in-node=\"0\">Regalos corporativos:<\/b> Regalos c\u00e1lidos y pr\u00e1cticos para eventos invernales o actividades de formaci\u00f3n de equipos al aire libre.<\/p>\n<\/li>\n<\/ul>","protected":false},"excerpt":{"rendered":"<ul>\n<li>\n<p data-path-to-node=\"9,0,0\"><b data-path-to-node=\"9,0,0\" data-index-in-node=\"0\">Tres estilos distintos:<\/b> Elija entre los modelos de punto cl\u00e1sico (Jacquard), imagen impresa en alta definici\u00f3n o emblema exclusivo.<\/p>\n<\/li>\n<li>\n<p data-path-to-node=\"9,1,0\"><b data-path-to-node=\"9,1,0\" data-index-in-node=\"0\">Materiales de alta calidad:<\/b> Fabricado con acr\u00edlico c\u00e1lido 100% o una mezcla detallada de poliacr\u00edlico para impresiones m\u00e1s n\u00edtidas.<\/p>\n<\/li>\n<li>\n<p data-path-to-node=\"9,2,0\"><b data-path-to-node=\"9,2,0\" data-index-in-node=\"0\">Marca de doble cara:<\/b> Los modelos tejidos permiten diferentes dise\u00f1os personalizados en la parte delantera y trasera.<\/p>\n<\/li>\n<li>\n<p data-path-to-node=\"9,3,0\"><b data-path-to-node=\"9,3,0\" data-index-in-node=\"0\">Mercanc\u00eda de fan definitiva:<\/b> El accesorio est\u00e1ndar para clubes de f\u00fatbol, equipos deportivos y eventos promocionales.<\/p>\n<\/li>\n<\/ul>","protected":false},"featured_media":6202,"comment_status":"closed","ping_status":"closed","template":"","meta":[],"product_brand":[],"product_cat":[123],"product_tag":[],"class_list":{"0":"post-6201","1":"product","2":"type-product","3":"status-publish","4":"has-post-thumbnail","6":"product_cat-fan-cheering-items","8":"first","9":"instock","10":"shipping-taxable","11":"product-type-simple"},"_links":{"self":[{"href":"https:\/\/displayproducts.eu\/es\/wp-json\/wp\/v2\/product\/6201","targetHints":{"allow":["GET"]}}],"collection":[{"href":"https:\/\/displayproducts.eu\/es\/wp-json\/wp\/v2\/product"}],"about":[{"href":"https:\/\/displayproducts.eu\/es\/wp-json\/wp\/v2\/types\/product"}],"replies":[{"embeddable":true,"href":"https:\/\/displayproducts.eu\/es\/wp-json\/wp\/v2\/comments?post=6201"}],"wp:featuredmedia":[{"embeddable":true,"href":"https:\/\/displayproducts.eu\/es\/wp-json\/wp\/v2\/media\/6202"}],"wp:attachment":[{"href":"https:\/\/displayproducts.eu\/es\/wp-json\/wp\/v2\/media?parent=6201"}],"wp:term":[{"taxonomy":"product_brand","embeddable":true,"href":"https:\/\/displayproducts.eu\/es\/wp-json\/wp\/v2\/product_brand?post=6201"},{"taxonomy":"product_cat","embeddable":true,"href":"https:\/\/displayproducts.eu\/es\/wp-json\/wp\/v2\/product_cat?post=6201"},{"taxonomy":"product_tag","embeddable":true,"href":"https:\/\/displayproducts.eu\/es\/wp-json\/wp\/v2\/product_tag?post=6201"}],"curies":[{"name":"wp","href":"https:\/\/api.w.org\/{rel}","templated":true}]}}