{"id":6196,"date":"2025-12-20T17:11:39","date_gmt":"2025-12-20T14:11:39","guid":{"rendered":"https:\/\/wristbandfactory.eu\/?post_type=product&#038;p=6196"},"modified":"2026-04-01T21:52:03","modified_gmt":"2026-04-01T18:52:03","slug":"custom-printed-beeswax-food-wraps-bags-gots-certified-cotton","status":"publish","type":"product","link":"https:\/\/displayproducts.eu\/es\/p\/custom-printed-beeswax-food-wraps-bags-gots-certified-cotton\/","title":{"rendered":"Envoltorios de cera de abeja personalizados"},"content":{"rendered":"<p data-path-to-node=\"12\">Eleve su responsabilidad social corporativa con nuestra <b data-path-to-node=\"12\" data-index-in-node=\"79\">Envoltorios de alimentos de cera de abejas impresos a medida<\/b>. Como alternativa sostenible a los pl\u00e1sticos de un solo uso, estos envoltorios ofrecen una forma innovadora y ecol\u00f3gica de mantener los alimentos frescos. Perfectos para marcas con conciencia ecol\u00f3gica, estos envoltorios convierten los art\u00edculos esenciales de cocina en potentes elementos promocionales.<\/p>\n<p data-path-to-node=\"13\">Fabricados con materiales naturales 100% de alta calidad, nuestros envoltorios utilizan el calor de sus manos para amoldarse a frutas, verduras, s\u00e1ndwiches o tazones, creando un sello transpirable que mantiene los alimentos frescos por m\u00e1s tiempo.<\/p>\n<h2 data-path-to-node=\"14\">Caracter\u00edsticas principales<\/h2>\n<ul data-path-to-node=\"15\">\n<li>\n<p data-path-to-node=\"15,0,0\"><b data-path-to-node=\"15,0,0\" data-index-in-node=\"0\">Soluci\u00f3n cero residuos:<\/b> Totalmente biodegradable y compostable, reemplazando el envoltorio pl\u00e1stico y el papel de aluminio desechables.<\/p>\n<\/li>\n<li>\n<p data-path-to-node=\"15,1,0\"><b data-path-to-node=\"15,1,0\" data-index-in-node=\"0\">Calidad certificada:<\/b> Utilizamos \u00fanicamente algod\u00f3n imprimible con certificaci\u00f3n GOTS, lo que garantiza que la tela es org\u00e1nica y de origen \u00e9tico.<\/p>\n<\/li>\n<li>\n<p data-path-to-node=\"15,2,0\"><b data-path-to-node=\"15,2,0\" data-index-in-node=\"0\">Preservaci\u00f3n natural:<\/b> La mezcla \u00fanica de cera de abejas, aceite de jojoba y resina de pino proporciona propiedades antibacterianas naturales.<\/p>\n<\/li>\n<li>\n<p data-path-to-node=\"15,3,0\"><b data-path-to-node=\"15,3,0\" data-index-in-node=\"0\">Marca vers\u00e1til:<\/b> Su logotipo o patr\u00f3n personalizado se puede imprimir directamente en la tela, ofreciendo visibilidad diaria de la marca en inicioes y oficinas.<\/p>\n<\/li>\n<li>\n<p data-path-to-node=\"15,4,0\"><b data-path-to-node=\"15,4,0\" data-index-in-node=\"0\">De larga duraci\u00f3n:<\/b> Con un cuidado sencillo (lavado con agua tibia), estos envoltorios est\u00e1n dise\u00f1ados para un uso repetido y ofrecen un alto retorno de la inversi\u00f3n para los presupuestos promocionales.<\/p>\n<\/li>\n<\/ul>\n<h2 data-path-to-node=\"16\">Presupuesto<\/h2>\n<ul data-path-to-node=\"17\">\n<li>\n<p data-path-to-node=\"17,0,0\"><b data-path-to-node=\"17,0,0\" data-index-in-node=\"0\">Composici\u00f3n del material:<\/b> Algod\u00f3n GOTS, cera de abejas (grado alimenticio), aceite de jojoba, resina de pino.<\/p>\n<\/li>\n<li>\n<p data-path-to-node=\"17,1,0\"><b data-path-to-node=\"17,1,0\" data-index-in-node=\"0\">Tama\u00f1os de hoja est\u00e1ndar:<\/b><\/p>\n<ul data-path-to-node=\"17,1,1\">\n<li>\n<p data-path-to-node=\"17,1,1,0,0\"><b data-path-to-node=\"17,1,1,0,0\" data-index-in-node=\"0\">Peque\u00f1o (18\u00d718 cm):<\/b> Para snacks, cortar frutas o tapar frascos peque\u00f1os.<\/p>\n<\/li>\n<li>\n<p data-path-to-node=\"17,1,1,1,0\"><b data-path-to-node=\"17,1,1,1,0\" data-index-in-node=\"0\">Mediano (25\u00d725 cm):<\/b> Ideal para quesos, s\u00e1ndwiches o tazones medianos.<\/p>\n<\/li>\n<li>\n<p data-path-to-node=\"17,1,1,2,0\"><b data-path-to-node=\"17,1,1,2,0\" data-index-in-node=\"0\">Grande (36\u00d736 cm):<\/b> Cubre tazones grandes, pan o melones.<\/p>\n<\/li>\n<\/ul>\n<\/li>\n<li>\n<p data-path-to-node=\"17,2,0\"><b data-path-to-node=\"17,2,0\" data-index-in-node=\"0\">Tama\u00f1os de bolsas:<\/b><\/p>\n<ul data-path-to-node=\"17,2,1\">\n<li>\n<p data-path-to-node=\"17,2,1,0,0\"><b data-path-to-node=\"17,2,1,0,0\" data-index-in-node=\"0\">Bolsa Mediana (16\u00d723 cm):<\/b> Perfecto para snacks y s\u00e1ndwiches para llevar.<\/p>\n<\/li>\n<li>\n<p data-path-to-node=\"17,2,1,1,0\"><b data-path-to-node=\"17,2,1,1,0\" data-index-in-node=\"0\">Bolsa grande (23\u00d732 cm):<\/b> Adecuado para productos de panader\u00eda, verduras frescas o productos de mayor tama\u00f1o.<\/p>\n<\/li>\n<\/ul>\n<\/li>\n<li>\n<p data-path-to-node=\"17,3,0\"><b data-path-to-node=\"17,3,0\" data-index-in-node=\"0\">Personalizaci\u00f3n:<\/b> Posibilidad de impresi\u00f3n en toda la superficie o colocaci\u00f3n de logotipo.<\/p>\n<\/li>\n<\/ul>\n<h2 data-path-to-node=\"18\">Casos de uso<\/h2>\n<ul data-path-to-node=\"19\">\n<li>\n<p data-path-to-node=\"19,0,0\"><b data-path-to-node=\"19,0,0\" data-index-in-node=\"0\">Regalos corporativos:<\/b> Un obsequio considerado y sostenible para empleados y clientes que se alinea con iniciativas ecol\u00f3gicas.<\/p>\n<\/li>\n<li>\n<p data-path-to-node=\"19,1,0\"><b data-path-to-node=\"19,1,0\" data-index-in-node=\"0\">Mercanc\u00eda del evento:<\/b> Obsequios de alto valor para festivales gastron\u00f3micos, conferencias sobre sostenibilidad y ferias comerciales.<\/p>\n<\/li>\n<li>\n<p data-path-to-node=\"19,2,0\"><b data-path-to-node=\"19,2,0\" data-index-in-node=\"0\">Venta minorista y reventa:<\/b> Perfecto para tiendas de alimentos org\u00e1nicos, tiendas de residuos cero y tiendas de regalos de museos.<\/p>\n<\/li>\n<\/ul>","protected":false},"excerpt":{"rendered":"<ul>\n<li>\n<p data-path-to-node=\"11,0,0\"><b data-path-to-node=\"11,0,0\" data-index-in-node=\"0\">100% Materiales naturales:<\/b> Elaborado con algod\u00f3n certificado GOTS, cera de abejas pura, aceite de jojoba y resina de pino.<\/p>\n<\/li>\n<li>\n<p data-path-to-node=\"11,1,0\"><b data-path-to-node=\"11,1,0\" data-index-in-node=\"0\">Imagen de marca ecol\u00f3gica:<\/b> Una alternativa sostenible y biodegradable al film pl\u00e1stico y al papel de aluminio.<\/p>\n<\/li>\n<li>\n<p data-path-to-node=\"11,2,0\"><b data-path-to-node=\"11,2,0\" data-index-in-node=\"0\">Personalizable:<\/b> Disponible en varios tama\u00f1os de hojas y formatos de bolsas con opciones de impresi\u00f3n de logotipo a todo color.<\/p>\n<\/li>\n<li>\n<p data-path-to-node=\"11,3,0\"><b data-path-to-node=\"11,3,0\" data-index-in-node=\"0\">Reutilizable y lavable:<\/b> Dise\u00f1o duradero que se adapta al calor de la mano y perdura para uso repetido.<\/p>\n<\/li>\n<\/ul>","protected":false},"featured_media":6198,"comment_status":"closed","ping_status":"closed","template":"","meta":[],"product_brand":[],"product_cat":[121],"product_tag":[],"class_list":{"0":"post-6196","1":"product","2":"type-product","3":"status-publish","4":"has-post-thumbnail","6":"product_cat-promotional-merchandise","8":"first","9":"instock","10":"shipping-taxable","11":"purchasable","12":"product-type-simple"},"_links":{"self":[{"href":"https:\/\/displayproducts.eu\/es\/wp-json\/wp\/v2\/product\/6196","targetHints":{"allow":["GET"]}}],"collection":[{"href":"https:\/\/displayproducts.eu\/es\/wp-json\/wp\/v2\/product"}],"about":[{"href":"https:\/\/displayproducts.eu\/es\/wp-json\/wp\/v2\/types\/product"}],"replies":[{"embeddable":true,"href":"https:\/\/displayproducts.eu\/es\/wp-json\/wp\/v2\/comments?post=6196"}],"wp:featuredmedia":[{"embeddable":true,"href":"https:\/\/displayproducts.eu\/es\/wp-json\/wp\/v2\/media\/6198"}],"wp:attachment":[{"href":"https:\/\/displayproducts.eu\/es\/wp-json\/wp\/v2\/media?parent=6196"}],"wp:term":[{"taxonomy":"product_brand","embeddable":true,"href":"https:\/\/displayproducts.eu\/es\/wp-json\/wp\/v2\/product_brand?post=6196"},{"taxonomy":"product_cat","embeddable":true,"href":"https:\/\/displayproducts.eu\/es\/wp-json\/wp\/v2\/product_cat?post=6196"},{"taxonomy":"product_tag","embeddable":true,"href":"https:\/\/displayproducts.eu\/es\/wp-json\/wp\/v2\/product_tag?post=6196"}],"curies":[{"name":"wp","href":"https:\/\/api.w.org\/{rel}","templated":true}]}}