{"id":6193,"date":"2025-12-20T16:56:00","date_gmt":"2025-12-20T13:56:00","guid":{"rendered":"https:\/\/wristbandfactory.eu\/?post_type=product&#038;p=6193"},"modified":"2026-04-01T21:52:34","modified_gmt":"2026-04-01T18:52:34","slug":"plantable-id-cards-with-linden-seeds-personalized","status":"publish","type":"product","link":"https:\/\/displayproducts.eu\/es\/p\/plantable-id-cards-with-linden-seeds-personalized\/","title":{"rendered":"Acreditaciones plantables"},"content":{"rendered":"<p data-path-to-node=\"12\">Transforme la acreditaci\u00f3n de su evento en una declaraci\u00f3n ecol\u00f3gica con nuestra <b data-path-to-node=\"12\" data-index-in-node=\"92\">Tarjetas de identificaci\u00f3n plantables con semillas de tilo<\/b>. A diferencia de las insignias est\u00e1ndar de pl\u00e1stico o papel, estas innovadoras tarjetas presentan un toque ecol\u00f3gico \u00fanico: un peque\u00f1o contenedor de MDF biodegradable adherido al frente, que contiene un tilo real (<i data-path-to-node=\"12\" data-index-in-node=\"310\">Tilia<\/i>) semillas.<\/p>\n<p data-path-to-node=\"13\">Fabricadas con papel impregnado de alta calidad, estas tarjetas est\u00e1n dise\u00f1adas para resistir el desgaste de conferencias o festivales de varios d\u00edas, a la vez que son totalmente biodegradables. Despu\u00e9s del evento, los asistentes pueden plantar la tarjeta completa en un jard\u00edn o parque, donde las semillas germinar\u00e1n y se convertir\u00e1n en \u00e1rboles, dejando un legado ecol\u00f3gico positivo y duradero mucho despu\u00e9s de la finalizaci\u00f3n del evento.<\/p>\n<h2 data-path-to-node=\"14\">Caracter\u00edsticas principales<\/h2>\n<ul data-path-to-node=\"15\">\n<li>\n<p data-path-to-node=\"15,0,0\"><b data-path-to-node=\"15,0,0\" data-index-in-node=\"0\">Impresi\u00f3n de datos variables (VDP):<\/b> Podemos imprimir los nombres de cada asistente, c\u00f3digos QR o n\u00fameros de asiento directamente en cada tarjeta, lo que hace que cada credencial sea \u00fanica y est\u00e9 lista para su distribuci\u00f3n.<\/p>\n<\/li>\n<li>\n<p data-path-to-node=\"15,1,0\"><b data-path-to-node=\"15,1,0\" data-index-in-node=\"0\">Contenedor de semillas innovador:<\/b> Las semillas se almacenan en una c\u00e1psula decorativa de MDF en el frente de la tarjeta, lo que crea un tema de conversaci\u00f3n visual inmediato sobre la sostenibilidad.<\/p>\n<\/li>\n<li>\n<p data-path-to-node=\"15,2,0\"><b data-path-to-node=\"15,2,0\" data-index-in-node=\"0\">Marca a todo color:<\/b> La impresi\u00f3n CMYK de alta resoluci\u00f3n est\u00e1 disponible tanto en el frente (4+0) como en el reverso (4+4) para mostrar la marca de su evento de manera v\u00edvida.<\/p>\n<\/li>\n<li>\n<p data-path-to-node=\"15,3,0\"><b data-path-to-node=\"15,3,0\" data-index-in-node=\"0\">Valor educativo:<\/b> En el reverso se encuentran impresas instrucciones claras de plantaci\u00f3n que gu\u00edan al usuario sobre c\u00f3mo convertir su tarjeta de identificaci\u00f3n en un \u00e1rbol.<\/p>\n<\/li>\n<\/ul>\n<h2 data-path-to-node=\"16\">Presupuesto<\/h2>\n<ul data-path-to-node=\"17\">\n<li>\n<p data-path-to-node=\"17,0,0\"><b data-path-to-node=\"17,0,0\" data-index-in-node=\"0\">Dimensiones:<\/b> 60 mm x 90 mm.<\/p>\n<\/li>\n<li>\n<p data-path-to-node=\"17,1,0\"><b data-path-to-node=\"17,1,0\" data-index-in-node=\"0\">Material:<\/b> Papel Impregnado (Biodegradable) + Contenedor de Semillas MDF.<\/p>\n<\/li>\n<li>\n<p data-path-to-node=\"17,2,0\"><b data-path-to-node=\"17,2,0\" data-index-in-node=\"0\">Tipo de semilla:<\/b> Tilo (<i data-path-to-node=\"17,2,0\" data-index-in-node=\"24\">Tilia<\/i>).<\/p>\n<\/li>\n<li>\n<p data-path-to-node=\"17,3,0\"><b data-path-to-node=\"17,3,0\" data-index-in-node=\"0\">Orientaci\u00f3n:<\/b> Opciones verticales u horizontales disponibles.<\/p>\n<\/li>\n<li>\n<p data-path-to-node=\"17,4,0\"><b data-path-to-node=\"17,4,0\" data-index-in-node=\"0\">Impresi\u00f3n:<\/b> CMYK digital (capacidad de datos variables).<\/p>\n<\/li>\n<li>\n<p data-path-to-node=\"17,5,0\"><b data-path-to-node=\"17,5,0\" data-index-in-node=\"0\">Tiempo de producci\u00f3n:<\/b> Aprox. 2 semanas despu\u00e9s de la aprobaci\u00f3n.<\/p>\n<\/li>\n<li>\n<p data-path-to-node=\"17,6,0\"><b data-path-to-node=\"17,6,0\" data-index-in-node=\"0\">Cantidad m\u00ednima de pedido:<\/b> 100 unidades.<\/p>\n<\/li>\n<\/ul>\n<h2 data-path-to-node=\"18\">Casos de uso<\/h2>\n<ul data-path-to-node=\"19\">\n<li>\n<p data-path-to-node=\"19,0,0\"><b data-path-to-node=\"19,0,0\" data-index-in-node=\"0\">Conferencias Sostenibles:<\/b> La insignia \u201cverde\u201d definitiva para cumbres medioambientales y foros sobre el clima.<\/p>\n<\/li>\n<li>\n<p data-path-to-node=\"19,1,0\"><b data-path-to-node=\"19,1,0\" data-index-in-node=\"0\">Eventos corporativos de RSE:<\/b> Demuestre el compromiso de su empresa con el medio ambiente con insignias que contribuyen a la naturaleza.<\/p>\n<\/li>\n<li>\n<p data-path-to-node=\"19,2,0\"><b data-path-to-node=\"19,2,0\" data-index-in-node=\"0\">Festivales de la naturaleza:<\/b> Perfecto para eventos al aire libre donde los residuos pl\u00e1sticos se minimizan estrictamente.<\/p>\n<\/li>\n<li>\n<p data-path-to-node=\"19,3,0\"><b data-path-to-node=\"19,3,0\" data-index-in-node=\"0\">Invitaciones VIP:<\/b> Tambi\u00e9n se pueden utilizar como invitaciones plantables de alta gama para galas exclusivas.<\/p>\n<\/li>\n<\/ul>","protected":false},"excerpt":{"rendered":"<ul data-path-to-node=\"11\">\n<li>\n<p data-path-to-node=\"11,0,0\"><b data-path-to-node=\"11,0,0\" data-index-in-node=\"0\">Caracter\u00edstica ecol\u00f3gica:<\/b> Tarjeta de papel impregnada con un recipiente de MDF visible que contiene semillas de tilo real.<\/p>\n<\/li>\n<li>\n<p data-path-to-node=\"11,1,0\"><b data-path-to-node=\"11,1,0\" data-index-in-node=\"0\">Personalizaci\u00f3n:<\/b> Admite impresi\u00f3n de datos variables (VDP): imprima nombres de asistentes individuales, c\u00f3digos o t\u00edtulos en cada tarjeta.<\/p>\n<\/li>\n<li>\n<p data-path-to-node=\"11,2,0\"><b data-path-to-node=\"11,2,0\" data-index-in-node=\"0\">Dise\u00f1o:<\/b> Impresi\u00f3n CMYK a todo color (una o dos caras) con instrucciones de plantaci\u00f3n en la parte posterior.<\/p>\n<\/li>\n<li>\n<p data-path-to-node=\"11,3,0\"><b data-path-to-node=\"11,3,0\" data-index-in-node=\"0\">Formato:<\/b> Tama\u00f1o est\u00e1ndar de 60 x 90 mm, disponible en orientaci\u00f3n vertical u horizontal.<\/p>\n<\/li>\n<\/ul>","protected":false},"featured_media":6293,"comment_status":"closed","ping_status":"closed","template":"","meta":[],"product_brand":[],"product_cat":[90,91],"product_tag":[],"class_list":{"0":"post-6193","1":"product","2":"type-product","3":"status-publish","4":"has-post-thumbnail","6":"product_cat-laminated-cards","7":"product_cat-badge-holders","9":"first","10":"instock","11":"shipping-taxable","12":"purchasable","13":"product-type-simple"},"_links":{"self":[{"href":"https:\/\/displayproducts.eu\/es\/wp-json\/wp\/v2\/product\/6193","targetHints":{"allow":["GET"]}}],"collection":[{"href":"https:\/\/displayproducts.eu\/es\/wp-json\/wp\/v2\/product"}],"about":[{"href":"https:\/\/displayproducts.eu\/es\/wp-json\/wp\/v2\/types\/product"}],"replies":[{"embeddable":true,"href":"https:\/\/displayproducts.eu\/es\/wp-json\/wp\/v2\/comments?post=6193"}],"wp:featuredmedia":[{"embeddable":true,"href":"https:\/\/displayproducts.eu\/es\/wp-json\/wp\/v2\/media\/6293"}],"wp:attachment":[{"href":"https:\/\/displayproducts.eu\/es\/wp-json\/wp\/v2\/media?parent=6193"}],"wp:term":[{"taxonomy":"product_brand","embeddable":true,"href":"https:\/\/displayproducts.eu\/es\/wp-json\/wp\/v2\/product_brand?post=6193"},{"taxonomy":"product_cat","embeddable":true,"href":"https:\/\/displayproducts.eu\/es\/wp-json\/wp\/v2\/product_cat?post=6193"},{"taxonomy":"product_tag","embeddable":true,"href":"https:\/\/displayproducts.eu\/es\/wp-json\/wp\/v2\/product_tag?post=6193"}],"curies":[{"name":"wp","href":"https:\/\/api.w.org\/{rel}","templated":true}]}}