{"id":6191,"date":"2025-12-20T16:49:13","date_gmt":"2025-12-20T13:49:13","guid":{"rendered":"https:\/\/wristbandfactory.eu\/?post_type=product&#038;p=6191"},"modified":"2026-04-01T21:52:34","modified_gmt":"2026-04-01T18:52:34","slug":"custom-wooden-id-cards-event-badges-eco-plywood","status":"publish","type":"product","link":"https:\/\/displayproducts.eu\/es\/p\/custom-wooden-id-cards-event-badges-eco-plywood\/","title":{"rendered":"Acreditaciones de madera"},"content":{"rendered":"<p data-path-to-node=\"12\">Destaca con nuestro <b data-path-to-node=\"12\" data-index-in-node=\"44\">Tarjetas de identificaci\u00f3n de madera personalizadas<\/b>, Una alternativa sofisticada y sostenible a las tradicionales credenciales de PVC. Fabricadas con madera contrachapada de 3 mm de alta calidad, estas tarjetas ofrecen una est\u00e9tica natural y profesional que se adapta perfectamente a los valores de la marca con conciencia ecol\u00f3gica.<\/p>\n<p data-path-to-node=\"13\">Ideales para conferencias, eventos VIP e identificaci\u00f3n corporativa, cada tarjeta presenta una veta de madera distintiva, lo que las hace \u00fanicas. Son ligeras pero resistentes para eventos de varios d\u00edas.<\/p>\n<p data-path-to-node=\"14\"><b data-path-to-node=\"14\" data-index-in-node=\"0\">Impresi\u00f3n y acabado:<\/b> Ofrecemos impresi\u00f3n vibrante a todo color para mostrar su logotipo, los nombres de los asistentes o c\u00f3digos QR.<\/p>\n<ul data-path-to-node=\"15\">\n<li>\n<p data-path-to-node=\"15,0,0\"><b data-path-to-node=\"15,0,0\" data-index-in-node=\"0\">Acabado est\u00e1ndar:<\/b> Las tarjetas vienen barnizadas por una cara como est\u00e1ndar para proteger la superficie y la impresi\u00f3n.<\/p>\n<\/li>\n<li>\n<p data-path-to-node=\"15,1,0\"><b data-path-to-node=\"15,1,0\" data-index-in-node=\"0\">Opci\u00f3n de doble cara:<\/b> Para la impresi\u00f3n a doble cara, recomendamos encarecidamente agregar barniz al segundo lado para evitar la decoloraci\u00f3n y el desgaste (disponible como actualizaci\u00f3n).<\/p>\n<\/li>\n<\/ul>\n<h2 data-path-to-node=\"16\">Caracter\u00edsticas principales<\/h2>\n<ul data-path-to-node=\"17\">\n<li>\n<p data-path-to-node=\"17,0,0\"><b data-path-to-node=\"17,0,0\" data-index-in-node=\"0\">Est\u00e9tica natural:<\/b> La c\u00e1lida textura de la madera proporciona un aspecto y una sensaci\u00f3n de primera calidad que el pl\u00e1stico no puede igualar.<\/p>\n<\/li>\n<li>\n<p data-path-to-node=\"17,1,0\"><b data-path-to-node=\"17,1,0\" data-index-in-node=\"0\">Personalizaci\u00f3n completa:<\/b> Admite impresi\u00f3n digital a todo color en una o ambas caras.<\/p>\n<\/li>\n<li>\n<p data-path-to-node=\"17,2,0\"><b data-path-to-node=\"17,2,0\" data-index-in-node=\"0\">Durabilidad:<\/b> Tratado con una laca protectora para resistir la humedad y el desgaste diario.<\/p>\n<\/li>\n<li>\n<p data-path-to-node=\"17,3,0\"><b data-path-to-node=\"17,3,0\" data-index-in-node=\"0\">Ajuste universal:<\/b> Incluye un orificio pretaladrado (tama\u00f1o est\u00e1ndar) para sujetarlo f\u00e1cilmente a cualquier cord\u00f3n o clip.<\/p>\n<\/li>\n<li>\n<p data-path-to-node=\"17,4,0\"><b data-path-to-node=\"17,4,0\" data-index-in-node=\"0\">Elecci\u00f3n sostenible:<\/b> Fabricado con fuentes de madera renovables, reduciendo la huella pl\u00e1stica de su evento.<\/p>\n<\/li>\n<\/ul>\n<h2 data-path-to-node=\"18\">Presupuesto<\/h2>\n<ul data-path-to-node=\"19\">\n<li>\n<p data-path-to-node=\"19,0,0\"><b data-path-to-node=\"19,0,0\" data-index-in-node=\"0\">Dimensiones:<\/b> 100 mm x 50 mm x 3 mm.<\/p>\n<\/li>\n<li>\n<p data-path-to-node=\"19,1,0\"><b data-path-to-node=\"19,1,0\" data-index-in-node=\"0\">Material:<\/b> Madera contrachapada natural.<\/p>\n<\/li>\n<li>\n<p data-path-to-node=\"19,2,0\"><b data-path-to-node=\"19,2,0\" data-index-in-node=\"0\">Peso:<\/b> Ultraligero para un uso c\u00f3modo.<\/p>\n<\/li>\n<li>\n<p data-path-to-node=\"19,3,0\"><b data-path-to-node=\"19,3,0\" data-index-in-node=\"0\">Perforadora:<\/b> Agujero superior centrado (generalmente redondo u oblongo, el est\u00e1ndar).<\/p>\n<\/li>\n<li>\n<p data-path-to-node=\"19,4,0\"><b data-path-to-node=\"19,4,0\" data-index-in-node=\"0\">Cantidad m\u00ednima de pedido:<\/b> 100 unidades.<\/p>\n<\/li>\n<\/ul>\n<h2 data-path-to-node=\"20\">Casos de uso<\/h2>\n<ul data-path-to-node=\"21\">\n<li>\n<p data-path-to-node=\"21,0,0\"><b data-path-to-node=\"21,0,0\" data-index-in-node=\"0\">Conferencias Verdes:<\/b> El accesorio definitivo para las cumbres centradas en la sostenibilidad.<\/p>\n<\/li>\n<li>\n<p data-path-to-node=\"21,1,0\"><b data-path-to-node=\"21,1,0\" data-index-in-node=\"0\">Pases VIP:<\/b> Pases exclusivos para backstage o invitados especiales con una sensaci\u00f3n de alto valor.<\/p>\n<\/li>\n<li>\n<p data-path-to-node=\"21,2,0\"><b data-path-to-node=\"21,2,0\" data-index-in-node=\"0\">Identificaci\u00f3n del personal:<\/b> Identificaci\u00f3n diaria duradera y elegante para empresas ecol\u00f3gicas.<\/p>\n<\/li>\n<li>\n<p data-path-to-node=\"21,3,0\"><b data-path-to-node=\"21,3,0\" data-index-in-node=\"0\">Regalos corporativos:<\/b> Se pueden utilizar como etiquetas de equipaje o como fichas de recuerdo.<\/p>\n<\/li>\n<\/ul>","protected":false},"excerpt":{"rendered":"<ul>\n<li>\n<p data-path-to-node=\"11,0,0\"><b data-path-to-node=\"11,0,0\" data-index-in-node=\"0\">Material:<\/b> Contrachapado de alta calidad de 3 mm (acabado natural).<\/p>\n<\/li>\n<li>\n<p data-path-to-node=\"11,1,0\"><b data-path-to-node=\"11,1,0\" data-index-in-node=\"0\">Dimensiones:<\/b> 10 cm x 5 cm (Ligero y duradero).<\/p>\n<\/li>\n<li>\n<p data-path-to-node=\"11,2,0\"><b data-path-to-node=\"11,2,0\" data-index-in-node=\"0\">Protecci\u00f3n:<\/b> Barnizado est\u00e1ndar en una cara para mayor durabilidad (doble cara opcional).<\/p>\n<\/li>\n<li>\n<p data-path-to-node=\"11,3,0\"><b data-path-to-node=\"11,3,0\" data-index-in-node=\"0\">Adjunto:<\/b> Orificio pretaladrado compatible con todos los cintas de cuello est\u00e1ndar.<\/p>\n<\/li>\n<li>\n<p data-path-to-node=\"11,4,0\"><b data-path-to-node=\"11,4,0\" data-index-in-node=\"0\">Ecol\u00f3gico:<\/b> Una alternativa biodegradable y sin pl\u00e1stico para eventos ecol\u00f3gicos.<\/p>\n<\/li>\n<\/ul>","protected":false},"featured_media":6192,"comment_status":"closed","ping_status":"closed","template":"","meta":[],"product_brand":[],"product_cat":[91],"product_tag":[],"class_list":{"0":"post-6191","1":"product","2":"type-product","3":"status-publish","4":"has-post-thumbnail","6":"product_cat-badge-holders","8":"first","9":"instock","10":"shipping-taxable","11":"purchasable","12":"product-type-simple"},"_links":{"self":[{"href":"https:\/\/displayproducts.eu\/es\/wp-json\/wp\/v2\/product\/6191","targetHints":{"allow":["GET"]}}],"collection":[{"href":"https:\/\/displayproducts.eu\/es\/wp-json\/wp\/v2\/product"}],"about":[{"href":"https:\/\/displayproducts.eu\/es\/wp-json\/wp\/v2\/types\/product"}],"replies":[{"embeddable":true,"href":"https:\/\/displayproducts.eu\/es\/wp-json\/wp\/v2\/comments?post=6191"}],"wp:featuredmedia":[{"embeddable":true,"href":"https:\/\/displayproducts.eu\/es\/wp-json\/wp\/v2\/media\/6192"}],"wp:attachment":[{"href":"https:\/\/displayproducts.eu\/es\/wp-json\/wp\/v2\/media?parent=6191"}],"wp:term":[{"taxonomy":"product_brand","embeddable":true,"href":"https:\/\/displayproducts.eu\/es\/wp-json\/wp\/v2\/product_brand?post=6191"},{"taxonomy":"product_cat","embeddable":true,"href":"https:\/\/displayproducts.eu\/es\/wp-json\/wp\/v2\/product_cat?post=6191"},{"taxonomy":"product_tag","embeddable":true,"href":"https:\/\/displayproducts.eu\/es\/wp-json\/wp\/v2\/product_tag?post=6191"}],"curies":[{"name":"wp","href":"https:\/\/api.w.org\/{rel}","templated":true}]}}