{"id":6189,"date":"2025-12-20T16:39:31","date_gmt":"2025-12-20T13:39:31","guid":{"rendered":"https:\/\/wristbandfactory.eu\/?post_type=product&#038;p=6189"},"modified":"2026-04-01T21:52:03","modified_gmt":"2026-04-01T18:52:03","slug":"custom-antibacterial-hand-surface-spray-20ml","status":"publish","type":"product","link":"https:\/\/displayproducts.eu\/es\/p\/custom-antibacterial-hand-surface-spray-20ml\/","title":{"rendered":"Spray antibacteriano para manos y superficies"},"content":{"rendered":"<p data-path-to-node=\"12\">Mantenga a su equipo y clientes seguros con nuestra protecci\u00f3n premium <b data-path-to-node=\"12\" data-index-in-node=\"66\">Spray antibacteriano personalizado para manos y superficies<\/b>. A diferencia de los desinfectantes agresivos que solo contienen alcohol, esta f\u00f3rmula avanzada a base de agua est\u00e1 dise\u00f1ada para proteger la piel sin resecarla. Tiene un doble prop\u00f3sito: una desinfecci\u00f3n eficaz de manos y una limpieza segura de art\u00edculos personales de uso frecuente, como tel\u00e9fonos inteligentes, teclados y tabletas.<\/p>\n<p data-path-to-node=\"13\">Su dise\u00f1o compacto de 20 ml lo convierte en el art\u00edculo promocional perfecto para llevar a diario. Ya sea en el bolsillo, el bolso o el escritorio, ofrece protecci\u00f3n duradera con hasta 225 pulverizaciones por unidad. Al promocionar este producto de higiene esencial, su empresa se asocia con el cuidado, el bienestar y la practicidad.<\/p>\n<h2 data-path-to-node=\"14\">Caracter\u00edsticas principales<\/h2>\n<ul data-path-to-node=\"15\">\n<li>\n<p data-path-to-node=\"15,0,0\"><b data-path-to-node=\"15,0,0\" data-index-in-node=\"0\">Protecci\u00f3n amigable con la piel:<\/b> Enriquecido con <b data-path-to-node=\"15,0,0\" data-index-in-node=\"40\">Aloe vera<\/b> y <b data-path-to-node=\"15,0,0\" data-index-in-node=\"54\">Vitamina B5<\/b>, Manteniendo las manos suaves e hidratadas incluso con un uso frecuente.<\/p>\n<\/li>\n<li>\n<p data-path-to-node=\"15,1,0\"><b data-path-to-node=\"15,1,0\" data-index-in-node=\"0\">Limpieza tecnol\u00f3gicamente segura:<\/b> La f\u00f3rmula antiest\u00e1tica es segura para los dispositivos electr\u00f3nicos y elimina eficazmente las huellas dactilares y las bacterias de las pantallas sin da\u00f1arlas.<\/p>\n<\/li>\n<li>\n<p data-path-to-node=\"15,2,0\"><b data-path-to-node=\"15,2,0\" data-index-in-node=\"0\">Alta eficiencia:<\/b> Elimina el 99,99% de bacterias gracias a ingredientes activos como el \u00e1cido l\u00e1ctico y el DDAC (cloruro de didecildimetilamonio).<\/p>\n<\/li>\n<li>\n<p data-path-to-node=\"15,3,0\"><b data-path-to-node=\"15,3,0\" data-index-in-node=\"0\">Sensaci\u00f3n no pegajosa:<\/b> Se absorbe r\u00e1pidamente y no deja residuos pegajosos, a diferencia de las alternativas a base de gel.<\/p>\n<\/li>\n<li>\n<p data-path-to-node=\"15,4,0\"><b data-path-to-node=\"15,4,0\" data-index-in-node=\"0\">Eco-consciente:<\/b> La f\u00f3rmula a base de agua con biopol\u00edmeros reduce las emisiones qu\u00edmicas vol\u00e1tiles en comparaci\u00f3n con los aerosoles con alto contenido de alcohol.<\/p>\n<\/li>\n<\/ul>\n<h2 data-path-to-node=\"16\">Presupuesto<\/h2>\n<ul data-path-to-node=\"17\">\n<li>\n<p data-path-to-node=\"17,0,0\"><b data-path-to-node=\"17,0,0\" data-index-in-node=\"0\">Volumen:<\/b> 20 ml (aprox. 225 pulverizaciones).<\/p>\n<\/li>\n<li>\n<p data-path-to-node=\"17,1,0\"><b data-path-to-node=\"17,1,0\" data-index-in-node=\"0\">Ingredientes activos:<\/b> \u00c1cido l\u00e1ctico, cloruro de didecildimetilamonio (DDAC).<\/p>\n<\/li>\n<li>\n<p data-path-to-node=\"17,2,0\"><b data-path-to-node=\"17,2,0\" data-index-in-node=\"0\">Aditivos para el cuidado:<\/b> Aloe Vera, Vitamina B5, Biopol\u00edmeros.<\/p>\n<\/li>\n<li>\n<p data-path-to-node=\"17,3,0\"><b data-path-to-node=\"17,3,0\" data-index-in-node=\"0\">Base:<\/b> Agua purificada (a base de agua).<\/p>\n<\/li>\n<li>\n<p data-path-to-node=\"17,4,0\"><b data-path-to-node=\"17,4,0\" data-index-in-node=\"0\">Solicitud:<\/b> Manos, superficies duras, electr\u00f3nica (pantallas).<\/p>\n<\/li>\n<li>\n<p data-path-to-node=\"17,5,0\"><b data-path-to-node=\"17,5,0\" data-index-in-node=\"0\">Personalizaci\u00f3n:<\/b> Etiqueta digital a todo color o tampograf\u00eda sobre la carcasa.<\/p>\n<\/li>\n<li>\n<p data-path-to-node=\"17,6,0\"><b data-path-to-node=\"17,6,0\" data-index-in-node=\"0\">Cantidad m\u00ednima de pedido:<\/b> 100 unidades.<\/p>\n<\/li>\n<\/ul>\n<h2 data-path-to-node=\"18\">Casos de uso<\/h2>\n<ul data-path-to-node=\"19\">\n<li>\n<p data-path-to-node=\"19,0,0\"><b data-path-to-node=\"19,0,0\" data-index-in-node=\"0\">Kits de bienvenida corporativos:<\/b> Una adici\u00f3n considerada a los paquetes de incorporaci\u00f3n de empleados para la higiene de la oficina.<\/p>\n<\/li>\n<li>\n<p data-path-to-node=\"19,1,0\"><b data-path-to-node=\"19,1,0\" data-index-in-node=\"0\">Conferencias tecnol\u00f3gicas:<\/b> El obsequio perfecto para eventos de TI, que destaca la funci\u00f3n \u201climpiador de pantalla\u201d.<\/p>\n<\/li>\n<li>\n<p data-path-to-node=\"19,2,0\"><b data-path-to-node=\"19,2,0\" data-index-in-node=\"0\">Viajes y hospitalidad:<\/b> Un obsequio \u00fatil que las agencias de viajes u hoteles pueden regalar a sus hu\u00e9spedes.<\/p>\n<\/li>\n<li>\n<p data-path-to-node=\"19,3,0\"><b data-path-to-node=\"19,3,0\" data-index-in-node=\"0\">Campa\u00f1as de bienestar:<\/b> Promueve la salud y la seguridad durante las temporadas de gripe.<\/p>\n<\/li>\n<\/ul>","protected":false},"excerpt":{"rendered":"<ul>\n<li>\n<p data-path-to-node=\"11,0,0\"><b data-path-to-node=\"11,0,0\" data-index-in-node=\"0\">F\u00f3rmula:<\/b> A base de agua, enriquecido con Vitamina B5, Aloe Vera y Biopol\u00edmeros.<\/p>\n<\/li>\n<li>\n<p data-path-to-node=\"11,1,0\"><b data-path-to-node=\"11,1,0\" data-index-in-node=\"0\">Doble acci\u00f3n:<\/b> Elimina el 99,99% de bacterias en las manos y limpia superficies (tel\u00e9fonos, pantallas).<\/p>\n<\/li>\n<li>\n<p data-path-to-node=\"11,2,0\"><b data-path-to-node=\"11,2,0\" data-index-in-node=\"0\">Solicitar presupuesto fuerte electr\u00f3nica:<\/b> Las propiedades antiest\u00e1ticas lo hacen ideal para limpiar pantallas t\u00e1ctiles.<\/p>\n<\/li>\n<li>\n<p data-path-to-node=\"11,3,0\"><b data-path-to-node=\"11,3,0\" data-index-in-node=\"0\">Eficiencia:<\/b> La botella de bolsillo de 20 ml proporciona aproximadamente 225 pulverizaciones.<\/p>\n<\/li>\n<\/ul>","protected":false},"featured_media":6190,"comment_status":"closed","ping_status":"closed","template":"","meta":[],"product_brand":[],"product_cat":[68,121],"product_tag":[],"class_list":{"0":"post-6189","1":"product","2":"type-product","3":"status-publish","4":"has-post-thumbnail","6":"product_cat-event-supplies","7":"product_cat-promotional-merchandise","9":"first","10":"instock","11":"shipping-taxable","12":"purchasable","13":"product-type-simple"},"_links":{"self":[{"href":"https:\/\/displayproducts.eu\/es\/wp-json\/wp\/v2\/product\/6189","targetHints":{"allow":["GET"]}}],"collection":[{"href":"https:\/\/displayproducts.eu\/es\/wp-json\/wp\/v2\/product"}],"about":[{"href":"https:\/\/displayproducts.eu\/es\/wp-json\/wp\/v2\/types\/product"}],"replies":[{"embeddable":true,"href":"https:\/\/displayproducts.eu\/es\/wp-json\/wp\/v2\/comments?post=6189"}],"wp:featuredmedia":[{"embeddable":true,"href":"https:\/\/displayproducts.eu\/es\/wp-json\/wp\/v2\/media\/6190"}],"wp:attachment":[{"href":"https:\/\/displayproducts.eu\/es\/wp-json\/wp\/v2\/media?parent=6189"}],"wp:term":[{"taxonomy":"product_brand","embeddable":true,"href":"https:\/\/displayproducts.eu\/es\/wp-json\/wp\/v2\/product_brand?post=6189"},{"taxonomy":"product_cat","embeddable":true,"href":"https:\/\/displayproducts.eu\/es\/wp-json\/wp\/v2\/product_cat?post=6189"},{"taxonomy":"product_tag","embeddable":true,"href":"https:\/\/displayproducts.eu\/es\/wp-json\/wp\/v2\/product_tag?post=6189"}],"curies":[{"name":"wp","href":"https:\/\/api.w.org\/{rel}","templated":true}]}}