{"id":6179,"date":"2025-12-20T16:26:50","date_gmt":"2025-12-20T13:26:50","guid":{"rendered":"https:\/\/wristbandfactory.eu\/?post_type=product&#038;p=6179"},"modified":"2026-04-01T21:52:03","modified_gmt":"2026-04-01T18:52:03","slug":"custom-branded-plant-growing-kits-green-gifts","status":"publish","type":"product","link":"https:\/\/displayproducts.eu\/es\/p\/custom-branded-plant-growing-kits-green-gifts\/","title":{"rendered":"Kits de cultivo personalizados"},"content":{"rendered":"<p data-path-to-node=\"12\">Lleve la naturaleza a la oficina o al inicio con nuestra vers\u00e1til gama de <b data-path-to-node=\"12\" data-index-in-node=\"90\">Kits de cultivo de plantas con marca personalizada<\/b>. Estos &quot;Regalos Verdes&quot; son el producto promocional perfecto para empresas que buscan promover la sostenibilidad, el bienestar y el crecimiento. Ya sea para campa\u00f1as del D\u00eda de la Tierra, regalos de agradecimiento a empleados o regalos para eventos con conciencia ecol\u00f3gica, una planta viva deja una huella imborrable.<\/p>\n<p data-path-to-node=\"13\">Ofrecemos una amplia variedad de formatos que se adaptan a cualquier presupuesto y estilo. Desde sets de cer\u00e1mica premium que lucen de maravilla en el alf\u00e9izar de una ventana hasta kits compactos de Bio-PET para distribuci\u00f3n masiva, cada set viene listo para cultivar, con tierra y semillas incluidas.<\/p>\n<h2 data-path-to-node=\"14\">Configuraciones disponibles<\/h2>\n<p data-path-to-node=\"15\">Puedes mezclar y combinar o seleccionar estilos espec\u00edficos de nuestra colecci\u00f3n:<\/p>\n<ul data-path-to-node=\"16\">\n<li>\n<p data-path-to-node=\"16,0,0\"><b data-path-to-node=\"16,0,0\" data-index-in-node=\"0\">Juegos de ollas de cer\u00e1mica:<\/b> Disponible en un juego est\u00e1ndar de 3 o en un impresionante juego XXL. Dise\u00f1o premium, ideal para regalos ejecutivos.<\/p>\n<\/li>\n<li>\n<p data-path-to-node=\"16,1,0\"><b data-path-to-node=\"16,1,0\" data-index-in-node=\"0\">Kits EcoCup y Bio-PET:<\/b> Contenedores ligeros y sostenibles fabricados con materiales reciclados o biopl\u00e1sticos. Perfectos para entregas postales y eventos.<\/p>\n<\/li>\n<li>\n<p data-path-to-node=\"16,2,0\"><b data-path-to-node=\"16,2,0\" data-index-in-node=\"0\">Mezcla de semillas anti-smog:<\/b> Mezclas especiales de semillas dise\u00f1adas para purificar el aire, envasadas en contenedores ecol\u00f3gicos.<\/p>\n<\/li>\n<li>\n<p data-path-to-node=\"16,3,0\"><b data-path-to-node=\"16,3,0\" data-index-in-node=\"0\">Ramos de viales:<\/b> Un concepto \u00fanico de \u201cFlor en un frasco\u201d (individual o en paquete de 3): una interpretaci\u00f3n minimalista y moderna de los regalos florales.<\/p>\n<\/li>\n<li>\n<p data-path-to-node=\"16,4,0\"><b data-path-to-node=\"16,4,0\" data-index-in-node=\"0\">Kits mini y duales:<\/b> Kits individuales compactos o solicitar presupuestos \u201cdos en uno\u201d para variedad.<\/p>\n<\/li>\n<\/ul>\n<h2 data-path-to-node=\"17\">Caracter\u00edsticas principales<\/h2>\n<ul data-path-to-node=\"18\">\n<li>\n<p data-path-to-node=\"18,0,0\"><b data-path-to-node=\"18,0,0\" data-index-in-node=\"0\">Listo para crecer:<\/b> Todos los kits incluyen tabletas de tierra comprimida y semillas de alta calidad (hierbas, flores o \u00e1rboles).<\/p>\n<\/li>\n<li>\n<p data-path-to-node=\"18,1,0\"><b data-path-to-node=\"18,1,0\" data-index-in-node=\"0\">\u00c1rea de Marca:<\/b> Gran superficie en macetas, tazas o envases para su logotipo y mensaje.<\/p>\n<\/li>\n<li>\n<p data-path-to-node=\"18,2,0\"><b data-path-to-node=\"18,2,0\" data-index-in-node=\"0\">Mensaje sostenible:<\/b> Asocia tu marca con el cuidado del medio ambiente y el crecimiento positivo.<\/p>\n<\/li>\n<li>\n<p data-path-to-node=\"18,3,0\"><b data-path-to-node=\"18,3,0\" data-index-in-node=\"0\">Exposici\u00f3n duradera:<\/b> A diferencia de un volante, una planta permanece en un escritorio durante meses o a\u00f1os, manteniendo su marca visible.<\/p>\n<\/li>\n<\/ul>\n<h2 data-path-to-node=\"19\">Presupuesto<\/h2>\n<ul data-path-to-node=\"20\">\n<li>\n<p data-path-to-node=\"20,0,0\"><b data-path-to-node=\"20,0,0\" data-index-in-node=\"0\">Opciones de materiales:<\/b> Cer\u00e1mica, Pl\u00e1stico Bio-PET, Papel\/Cart\u00f3n Reciclado, Vidrio (Viales).<\/p>\n<\/li>\n<li>\n<p data-path-to-node=\"20,1,0\"><b data-path-to-node=\"20,1,0\" data-index-in-node=\"0\">Opciones de semillas:<\/b> Albahaca, menta, perejil, girasol, nomeolvides, mezcla anti-smog y mucho m\u00e1s.<\/p>\n<\/li>\n<li>\n<p data-path-to-node=\"20,2,0\"><b data-path-to-node=\"20,2,0\" data-index-in-node=\"0\">Impresi\u00f3n:<\/b> Tampograf\u00eda (sobre superficies duras) o etiqueta\/funda digital (sobre embalaje).<\/p>\n<\/li>\n<li>\n<p data-path-to-node=\"20,3,0\"><b data-path-to-node=\"20,3,0\" data-index-in-node=\"0\">Cantidad m\u00ednima de pedido:<\/b> 50 unidades (var\u00eda seg\u00fan el modelo espec\u00edfico).<\/p>\n<\/li>\n<\/ul>","protected":false},"excerpt":{"rendered":"<ul data-path-to-node=\"11\">\n<li>\n<p data-path-to-node=\"11,0,0\"><b data-path-to-node=\"11,0,0\" data-index-in-node=\"0\">Variedad:<\/b> Disponible en formatos de cer\u00e1mica (juego de 3\/XXL), Bio-PET, EcoCup o vial de vidrio.<\/p>\n<\/li>\n<li>\n<p data-path-to-node=\"11,1,0\"><b data-path-to-node=\"11,1,0\" data-index-in-node=\"0\">Kit completo:<\/b> Incluye todo lo necesario para cultivar: maceta\/recipiente, pellets de tierra y semillas.<\/p>\n<\/li>\n<li>\n<p data-path-to-node=\"11,2,0\"><b data-path-to-node=\"11,2,0\" data-index-in-node=\"0\">Ecol\u00f3gico:<\/b> Materiales sostenibles como pl\u00e1stico reciclado, cer\u00e1mica y mezclas de plantas anti-smog.<\/p>\n<\/li>\n<li>\n<p data-path-to-node=\"11,3,0\"><b data-path-to-node=\"11,3,0\" data-index-in-node=\"0\">Personalizaci\u00f3n:<\/b> Tampograf\u00eda o etiquetado a todo color sobre el envase o embalaje.<\/p>\n<\/li>\n<\/ul>","protected":false},"featured_media":6295,"comment_status":"closed","ping_status":"closed","template":"","meta":[],"product_brand":[],"product_cat":[121],"product_tag":[],"class_list":{"0":"post-6179","1":"product","2":"type-product","3":"status-publish","4":"has-post-thumbnail","6":"product_cat-promotional-merchandise","8":"first","9":"instock","10":"shipping-taxable","11":"purchasable","12":"product-type-simple"},"_links":{"self":[{"href":"https:\/\/displayproducts.eu\/es\/wp-json\/wp\/v2\/product\/6179","targetHints":{"allow":["GET"]}}],"collection":[{"href":"https:\/\/displayproducts.eu\/es\/wp-json\/wp\/v2\/product"}],"about":[{"href":"https:\/\/displayproducts.eu\/es\/wp-json\/wp\/v2\/types\/product"}],"replies":[{"embeddable":true,"href":"https:\/\/displayproducts.eu\/es\/wp-json\/wp\/v2\/comments?post=6179"}],"wp:featuredmedia":[{"embeddable":true,"href":"https:\/\/displayproducts.eu\/es\/wp-json\/wp\/v2\/media\/6295"}],"wp:attachment":[{"href":"https:\/\/displayproducts.eu\/es\/wp-json\/wp\/v2\/media?parent=6179"}],"wp:term":[{"taxonomy":"product_brand","embeddable":true,"href":"https:\/\/displayproducts.eu\/es\/wp-json\/wp\/v2\/product_brand?post=6179"},{"taxonomy":"product_cat","embeddable":true,"href":"https:\/\/displayproducts.eu\/es\/wp-json\/wp\/v2\/product_cat?post=6179"},{"taxonomy":"product_tag","embeddable":true,"href":"https:\/\/displayproducts.eu\/es\/wp-json\/wp\/v2\/product_tag?post=6179"}],"curies":[{"name":"wp","href":"https:\/\/api.w.org\/{rel}","templated":true}]}}