{"id":6171,"date":"2025-12-19T22:38:05","date_gmt":"2025-12-19T19:38:05","guid":{"rendered":"https:\/\/wristbandfactory.eu\/?post_type=product&#038;p=6171"},"modified":"2026-04-01T21:52:34","modified_gmt":"2026-04-01T18:52:34","slug":"custom-handheld-led-mini-fans-battery-operated","status":"publish","type":"product","link":"https:\/\/displayproducts.eu\/es\/p\/custom-handheld-led-mini-fans-battery-operated\/","title":{"rendered":"Mini ventiladores de mano LED"},"content":{"rendered":"<div style=\"width: 480px;\" class=\"wp-video\"><video class=\"wp-video-shortcode\" id=\"video-6171-1\" width=\"480\" height=\"834\" preload=\"metadata\" controls=\"controls\"><source type=\"video\/mp4\" src=\"https:\/\/displayproducts.eu\/wp-content\/uploads\/2025\/12\/wedding-fan.mp4?_=1\" \/><a href=\"https:\/\/displayproducts.eu\/wp-content\/uploads\/2025\/12\/wedding-fan.mp4\">https:\/\/displayproducts.eu\/wp-content\/uploads\/2025\/12\/wedding-fan.mp4<\/a><\/video><\/div>\n<p data-path-to-node=\"10\">Transforma cualquier pista de baile o evento nocturno en un espect\u00e1culo brillante con nuestros ventiladores LED de mano personalizados. No son solo accesorios refrescantes, sino accesorios visuales de gran impacto que los invitados adoran usar para fotos y redes sociales. Especialmente populares para fiestas posteriores a bodas y festivales de m\u00fasica, estos ventiladores combinan la elegancia tradicional de un ventilador plegable con la moderna tecnolog\u00eda LED.<\/p>\n<p data-path-to-node=\"11\">Disponibles en varios colores de tela (incluido el cl\u00e1sico blanco para bodas) y colores LED, se pueden personalizar para que combinen a la perfecci\u00f3n con la tem\u00e1tica de su evento. Ya sea para una gran fiesta rave o una recepci\u00f3n de boda \u00edntima, estos ventiladores garantizan que su marca o mensaje brille en la oscuridad.<\/p>\n<h2 data-path-to-node=\"12\">Caracter\u00edsticas principales<\/h2>\n<ul data-path-to-node=\"13\">\n<li>\n<p data-path-to-node=\"13,0,0\"><b data-path-to-node=\"13,0,0\" data-index-in-node=\"0\">Creador de atm\u00f3sfera:<\/b> Crea un efecto \u201cwow\u201d instant\u00e1neo cuando se apagan las luces.<\/p>\n<\/li>\n<li>\n<p data-path-to-node=\"13,1,0\"><b data-path-to-node=\"13,1,0\" data-index-in-node=\"0\">Amplia zona para la marca:<\/b> La superficie de la tela ofrece un amplio espacio para imprimir logotipos, hashtags o fechas de boda.<\/p>\n<\/li>\n<li>\n<p data-path-to-node=\"13,2,0\"><b data-path-to-node=\"13,2,0\" data-index-in-node=\"0\">F\u00e1cil de usar:<\/b> Operaci\u00f3n simple con un solo bot\u00f3n para cambiar entre modos de parpadeo.<\/p>\n<\/li>\n<li>\n<p data-path-to-node=\"13,3,0\"><b data-path-to-node=\"13,3,0\" data-index-in-node=\"0\">Construcci\u00f3n duradera:<\/b> Fabricado con varillas de pl\u00e1stico resistentes y tela que difunde la luz para soportar un uso energ\u00e9tico.<\/p>\n<\/li>\n<\/ul>\n<h2 data-path-to-node=\"14\">Presupuesto<\/h2>\n<ul data-path-to-node=\"15\">\n<li>\n<p data-path-to-node=\"15,0,0\"><b data-path-to-node=\"15,0,0\" data-index-in-node=\"0\">Material:<\/b> Costillas de pl\u00e1stico + Tejido de nailon\/poli\u00e9ster difusor de luz.<\/p>\n<\/li>\n<li>\n<p data-path-to-node=\"15,1,0\"><b data-path-to-node=\"15,1,0\" data-index-in-node=\"0\">Tama\u00f1o:<\/b> Aprox. 27 cm (plegado) \/ 48-50 cm (ancho abierto).<\/p>\n<\/li>\n<li>\n<p data-path-to-node=\"15,2,0\"><b data-path-to-node=\"15,2,0\" data-index-in-node=\"0\">Colores de LED:<\/b> Blanco, Azul, Rojo, Verde, Rosa, RGB (Multicolor).<\/p>\n<\/li>\n<li>\n<p data-path-to-node=\"15,3,0\"><b data-path-to-node=\"15,3,0\" data-index-in-node=\"0\">Bater\u00edas:<\/b> Incluido y reemplazable (generalmente CR2032 o similar).<\/p>\n<\/li>\n<li>\n<p data-path-to-node=\"15,4,0\"><b data-path-to-node=\"15,4,0\" data-index-in-node=\"0\">M\u00e9todo de impresi\u00f3n:<\/b> Serigraf\u00eda sobre tela o asa.<\/p>\n<\/li>\n<\/ul>\n<h2 data-path-to-node=\"16\">Casos de uso<\/h2>\n<ul data-path-to-node=\"17\">\n<li>\n<p data-path-to-node=\"17,0,0\"><b data-path-to-node=\"17,0,0\" data-index-in-node=\"0\">Bodas:<\/b> El mejor regalo de fiesta para la pista de baile nocturna (especialmente para los fan\u00e1ticos blancos).<\/p>\n<\/li>\n<li>\n<p data-path-to-node=\"17,1,0\"><b data-path-to-node=\"17,1,0\" data-index-in-node=\"0\">Festivales de m\u00fasica y raves:<\/b> Art\u00edculo de merchandising de alta demanda entre los asistentes.<\/p>\n<\/li>\n<li>\n<p data-path-to-node=\"17,2,0\"><b data-path-to-node=\"17,2,0\" data-index-in-node=\"0\">Discotecas:<\/b> Accesorios de marca para mesas VIP o noches tem\u00e1ticas.<\/p>\n<\/li>\n<li>\n<p data-path-to-node=\"17,3,0\"><b data-path-to-node=\"17,3,0\" data-index-in-node=\"0\">Fiestas corporativas:<\/b> Regalos divertidos para romper el hielo que iluminan el lugar.<\/p>\n<\/li>\n<\/ul>","protected":false},"excerpt":{"rendered":"<ul>\n<li>\n<p data-path-to-node=\"9,0,0\"><b data-path-to-node=\"9,0,0\" data-index-in-node=\"0\">Doble funci\u00f3n:<\/b> Mantiene a los invitados frescos mientras crea un impresionante espect\u00e1culo de luces.<\/p>\n<\/li>\n<li>\n<p data-path-to-node=\"9,1,0\"><b data-path-to-node=\"9,1,0\" data-index-in-node=\"0\">Personalizable:<\/b> Imprima su logotipo o la fecha del evento en la tela o el mango.<\/p>\n<\/li>\n<li>\n<p data-path-to-node=\"9,2,0\"><b data-path-to-node=\"9,2,0\" data-index-in-node=\"0\">Modos de iluminaci\u00f3n:<\/b> Configuraciones m\u00faltiples (flash r\u00e1pido, flash lento, encendido fijo).<\/p>\n<\/li>\n<li>\n<p data-path-to-node=\"9,3,0\"><b data-path-to-node=\"9,3,0\" data-index-in-node=\"0\">Funciona con pilas:<\/b> Bater\u00edas reemplazables y de larga duraci\u00f3n incluidas.<\/p>\n<\/li>\n<\/ul>","protected":false},"featured_media":6172,"comment_status":"closed","ping_status":"closed","template":"","meta":[],"product_brand":[],"product_cat":[76,123],"product_tag":[],"class_list":{"0":"post-6171","1":"product","2":"type-product","3":"status-publish","4":"has-post-thumbnail","6":"product_cat-glow-led-products","7":"product_cat-fan-cheering-items","9":"first","10":"instock","11":"shipping-taxable","12":"purchasable","13":"product-type-simple"},"_links":{"self":[{"href":"https:\/\/displayproducts.eu\/es\/wp-json\/wp\/v2\/product\/6171","targetHints":{"allow":["GET"]}}],"collection":[{"href":"https:\/\/displayproducts.eu\/es\/wp-json\/wp\/v2\/product"}],"about":[{"href":"https:\/\/displayproducts.eu\/es\/wp-json\/wp\/v2\/types\/product"}],"replies":[{"embeddable":true,"href":"https:\/\/displayproducts.eu\/es\/wp-json\/wp\/v2\/comments?post=6171"}],"wp:featuredmedia":[{"embeddable":true,"href":"https:\/\/displayproducts.eu\/es\/wp-json\/wp\/v2\/media\/6172"}],"wp:attachment":[{"href":"https:\/\/displayproducts.eu\/es\/wp-json\/wp\/v2\/media?parent=6171"}],"wp:term":[{"taxonomy":"product_brand","embeddable":true,"href":"https:\/\/displayproducts.eu\/es\/wp-json\/wp\/v2\/product_brand?post=6171"},{"taxonomy":"product_cat","embeddable":true,"href":"https:\/\/displayproducts.eu\/es\/wp-json\/wp\/v2\/product_cat?post=6171"},{"taxonomy":"product_tag","embeddable":true,"href":"https:\/\/displayproducts.eu\/es\/wp-json\/wp\/v2\/product_tag?post=6171"}],"curies":[{"name":"wp","href":"https:\/\/api.w.org\/{rel}","templated":true}]}}